{"id":63191,"date":"2026-03-04T16:07:25","date_gmt":"2026-03-04T16:07:25","guid":{"rendered":"https:\/\/www.istegroup.com\/?post_type=product&#038;p=63191"},"modified":"2026-03-06T15:01:38","modified_gmt":"2026-03-06T15:01:38","slug":"simulations-de-monte-carlo-en-surete-de-fonctionnement","status":"publish","type":"product","link":"https:\/\/www.istegroup.com\/en\/produit\/simulations-de-monte-carlo-en-surete-de-fonctionnement\/","title":{"rendered":"Simulations de Monte-Carlo en s\u00fbret\u00e9 de fonctionnement"},"content":{"rendered":"<p>Garantir la s\u00fbret\u00e9 de fonctionnement d\u2019un syst\u00e8me rel\u00e8ve d\u2019un d\u00e9fi technique et m\u00e9thodologique, associant fiabilit\u00e9, maintenabilit\u00e9, disponibilit\u00e9 et analyse des risques. Pourtant, les indicateurs classiques, comme le MTBF, sont souvent mal interpr\u00e9t\u00e9s ou appliqu\u00e9s hors de leur contexte, notamment en l\u2019absence de maintenance.<\/p>\n<p>Face \u00e0 des \u00e9quations d\u00e9pourvues de solutions analytiques, les simulations de Monte Carlo offrent une alternative puissante, mais encore sous-utilis\u00e9e.<\/p>\n<p>Cet ouvrage propose une synth\u00e8se accessible des concepts et des outils, afin de combler les lacunes persistantes et d\u2019\u00e9clairer les pratiques. Une r\u00e9f\u00e9rence pour les ing\u00e9nieurs et chercheurs en qu\u00eate d\u2019approches rigoureuses.<\/p>\n","protected":false},"excerpt":{"rendered":"<p>Garantir la s\u00fbret\u00e9 de fonctionnement d\u2019un syst\u00e8me rel\u00e8ve d\u2019un d\u00e9fi technique et m\u00e9thodologique, associant fiabilit\u00e9, maintenabilit\u00e9, disponibilit\u00e9 et analyse des risques. Pourtant, les indicateurs classiques, comme le MTBF, sont souvent mal interpr\u00e9t\u00e9s ou appliqu\u00e9s hors de leur contexte, notamment en l\u2019absence de maintenance. Face \u00e0 des \u00e9quations d\u00e9pourvues de solutions analytiques, les simulations de Monte [&hellip;]<\/p>\n","protected":false},"featured_media":63207,"template":"","meta":{"_acf_changed":false,"_links_to":"","_links_to_target":""},"product_brand":[],"product_cat":[3262],"product_tag":[],"class_list":{"0":"post-63191","1":"product","2":"type-product","3":"status-publish","4":"has-post-thumbnail","6":"product_cat-non-classe","8":"first","9":"instock","10":"shipping-taxable","11":"purchasable","12":"product-type-variable"},"acf":[],"yoast_head":"<!-- This site is optimized with the Yoast SEO plugin v27.2 - https:\/\/yoast.com\/product\/yoast-seo-wordpress\/ -->\n<title>Simulations de Monte-Carlo en s\u00fbret\u00e9 de fonctionnement - ISTE Group<\/title>\n<meta name=\"description\" content=\"Cet ouvrage propose une synth\u00e8se accessible des concepts et des outils, afin de combler les lacunes persistantes et d\u2019\u00e9clairer les pratiques. Une r\u00e9f\u00e9rence pour les ing\u00e9nieurs et chercheurs en qu\u00eate d\u2019approches rigoureuses.\" \/>\n<meta name=\"robots\" content=\"index, follow, max-snippet:-1, max-image-preview:large, max-video-preview:-1\" \/>\n<link rel=\"canonical\" href=\"https:\/\/www.istegroup.com\/produit\/simulations-de-monte-carlo-en-surete-de-fonctionnement\/\" \/>\n<meta property=\"og:locale\" content=\"en_US\" \/>\n<meta property=\"og:type\" content=\"article\" \/>\n<meta property=\"og:title\" content=\"Simulations de Monte-Carlo en s\u00fbret\u00e9 de fonctionnement - ISTE Group\" \/>\n<meta property=\"og:description\" content=\"Cet ouvrage propose une synth\u00e8se accessible des concepts et des outils, afin de combler les lacunes persistantes et d\u2019\u00e9clairer les pratiques. Une r\u00e9f\u00e9rence pour les ing\u00e9nieurs et chercheurs en qu\u00eate d\u2019approches rigoureuses.\" \/>\n<meta property=\"og:url\" content=\"https:\/\/www.istegroup.com\/produit\/simulations-de-monte-carlo-en-surete-de-fonctionnement\/\" \/>\n<meta property=\"og:site_name\" content=\"ISTE Group\" \/>\n<meta property=\"article:modified_time\" content=\"2026-03-06T15:01:38+00:00\" \/>\n<meta property=\"og:image\" content=\"https:\/\/www.istegroup.com\/wp-content\/uploads\/2026\/03\/Simulations-de-Monte-Carlo-en-surete-de-fonctionnement_front.png\" \/>\n\t<meta property=\"og:image:width\" content=\"589\" \/>\n\t<meta property=\"og:image:height\" content=\"889\" \/>\n\t<meta property=\"og:image:type\" content=\"image\/png\" \/>\n<meta name=\"twitter:card\" content=\"summary_large_image\" \/>\n<meta name=\"twitter:label1\" content=\"Est. reading time\" \/>\n\t<meta name=\"twitter:data1\" content=\"1 minute\" \/>\n<script type=\"application\/ld+json\" class=\"yoast-schema-graph\">{\"@context\":\"https:\/\/schema.org\",\"@graph\":[{\"@type\":\"WebPage\",\"@id\":\"https:\/\/www.istegroup.com\/produit\/simulations-de-monte-carlo-en-surete-de-fonctionnement\/\",\"url\":\"https:\/\/www.istegroup.com\/produit\/simulations-de-monte-carlo-en-surete-de-fonctionnement\/\",\"name\":\"Simulations de Monte-Carlo en s\u00fbret\u00e9 de fonctionnement - ISTE Group\",\"isPartOf\":{\"@id\":\"https:\/\/www.istegroup.com\/#website\"},\"primaryImageOfPage\":{\"@id\":\"https:\/\/www.istegroup.com\/produit\/simulations-de-monte-carlo-en-surete-de-fonctionnement\/#primaryimage\"},\"image\":{\"@id\":\"https:\/\/www.istegroup.com\/produit\/simulations-de-monte-carlo-en-surete-de-fonctionnement\/#primaryimage\"},\"thumbnailUrl\":\"https:\/\/www.istegroup.com\/wp-content\/uploads\/2026\/03\/Simulations-de-Monte-Carlo-en-surete-de-fonctionnement_front.png\",\"datePublished\":\"2026-03-04T16:07:25+00:00\",\"dateModified\":\"2026-03-06T15:01:38+00:00\",\"description\":\"Cet ouvrage propose une synth\u00e8se accessible des concepts et des outils, afin de combler les lacunes persistantes et d\u2019\u00e9clairer les pratiques. Une r\u00e9f\u00e9rence pour les ing\u00e9nieurs et chercheurs en qu\u00eate d\u2019approches rigoureuses.\",\"breadcrumb\":{\"@id\":\"https:\/\/www.istegroup.com\/produit\/simulations-de-monte-carlo-en-surete-de-fonctionnement\/#breadcrumb\"},\"inLanguage\":\"en-US\",\"potentialAction\":[{\"@type\":\"ReadAction\",\"target\":[\"https:\/\/www.istegroup.com\/produit\/simulations-de-monte-carlo-en-surete-de-fonctionnement\/\"]}]},{\"@type\":\"ImageObject\",\"inLanguage\":\"en-US\",\"@id\":\"https:\/\/www.istegroup.com\/produit\/simulations-de-monte-carlo-en-surete-de-fonctionnement\/#primaryimage\",\"url\":\"https:\/\/www.istegroup.com\/wp-content\/uploads\/2026\/03\/Simulations-de-Monte-Carlo-en-surete-de-fonctionnement_front.png\",\"contentUrl\":\"https:\/\/www.istegroup.com\/wp-content\/uploads\/2026\/03\/Simulations-de-Monte-Carlo-en-surete-de-fonctionnement_front.png\",\"width\":589,\"height\":889},{\"@type\":\"BreadcrumbList\",\"@id\":\"https:\/\/www.istegroup.com\/produit\/simulations-de-monte-carlo-en-surete-de-fonctionnement\/#breadcrumb\",\"itemListElement\":[{\"@type\":\"ListItem\",\"position\":1,\"name\":\"Home\",\"item\":\"https:\/\/www.istegroup.com\/\"},{\"@type\":\"ListItem\",\"position\":2,\"name\":\"Shop\",\"item\":\"https:\/\/www.istegroup.com\/fr\/nouveautes\/\"},{\"@type\":\"ListItem\",\"position\":3,\"name\":\"Simulations de Monte-Carlo en s\u00fbret\u00e9 de fonctionnement\"}]},{\"@type\":\"WebSite\",\"@id\":\"https:\/\/www.istegroup.com\/#website\",\"url\":\"https:\/\/www.istegroup.com\/\",\"name\":\"ISTE Group\",\"description\":\"Publishing Knowledge\",\"potentialAction\":[{\"@type\":\"SearchAction\",\"target\":{\"@type\":\"EntryPoint\",\"urlTemplate\":\"https:\/\/www.istegroup.com\/?s={search_term_string}\"},\"query-input\":{\"@type\":\"PropertyValueSpecification\",\"valueRequired\":true,\"valueName\":\"search_term_string\"}}],\"inLanguage\":\"en-US\"}]}<\/script>\n<!-- \/ Yoast SEO plugin. -->","yoast_head_json":{"title":"Simulations de Monte-Carlo en s\u00fbret\u00e9 de fonctionnement - ISTE Group","description":"Cet ouvrage propose une synth\u00e8se accessible des concepts et des outils, afin de combler les lacunes persistantes et d\u2019\u00e9clairer les pratiques. Une r\u00e9f\u00e9rence pour les ing\u00e9nieurs et chercheurs en qu\u00eate d\u2019approches rigoureuses.","robots":{"index":"index","follow":"follow","max-snippet":"max-snippet:-1","max-image-preview":"max-image-preview:large","max-video-preview":"max-video-preview:-1"},"canonical":"https:\/\/www.istegroup.com\/produit\/simulations-de-monte-carlo-en-surete-de-fonctionnement\/","og_locale":"en_US","og_type":"article","og_title":"Simulations de Monte-Carlo en s\u00fbret\u00e9 de fonctionnement - ISTE Group","og_description":"Cet ouvrage propose une synth\u00e8se accessible des concepts et des outils, afin de combler les lacunes persistantes et d\u2019\u00e9clairer les pratiques. Une r\u00e9f\u00e9rence pour les ing\u00e9nieurs et chercheurs en qu\u00eate d\u2019approches rigoureuses.","og_url":"https:\/\/www.istegroup.com\/produit\/simulations-de-monte-carlo-en-surete-de-fonctionnement\/","og_site_name":"ISTE Group","article_modified_time":"2026-03-06T15:01:38+00:00","og_image":[{"width":589,"height":889,"url":"https:\/\/www.istegroup.com\/wp-content\/uploads\/2026\/03\/Simulations-de-Monte-Carlo-en-surete-de-fonctionnement_front.png","type":"image\/png"}],"twitter_card":"summary_large_image","twitter_misc":{"Est. reading time":"1 minute"},"schema":{"@context":"https:\/\/schema.org","@graph":[{"@type":"WebPage","@id":"https:\/\/www.istegroup.com\/produit\/simulations-de-monte-carlo-en-surete-de-fonctionnement\/","url":"https:\/\/www.istegroup.com\/produit\/simulations-de-monte-carlo-en-surete-de-fonctionnement\/","name":"Simulations de Monte-Carlo en s\u00fbret\u00e9 de fonctionnement - ISTE Group","isPartOf":{"@id":"https:\/\/www.istegroup.com\/#website"},"primaryImageOfPage":{"@id":"https:\/\/www.istegroup.com\/produit\/simulations-de-monte-carlo-en-surete-de-fonctionnement\/#primaryimage"},"image":{"@id":"https:\/\/www.istegroup.com\/produit\/simulations-de-monte-carlo-en-surete-de-fonctionnement\/#primaryimage"},"thumbnailUrl":"https:\/\/www.istegroup.com\/wp-content\/uploads\/2026\/03\/Simulations-de-Monte-Carlo-en-surete-de-fonctionnement_front.png","datePublished":"2026-03-04T16:07:25+00:00","dateModified":"2026-03-06T15:01:38+00:00","description":"Cet ouvrage propose une synth\u00e8se accessible des concepts et des outils, afin de combler les lacunes persistantes et d\u2019\u00e9clairer les pratiques. Une r\u00e9f\u00e9rence pour les ing\u00e9nieurs et chercheurs en qu\u00eate d\u2019approches rigoureuses.","breadcrumb":{"@id":"https:\/\/www.istegroup.com\/produit\/simulations-de-monte-carlo-en-surete-de-fonctionnement\/#breadcrumb"},"inLanguage":"en-US","potentialAction":[{"@type":"ReadAction","target":["https:\/\/www.istegroup.com\/produit\/simulations-de-monte-carlo-en-surete-de-fonctionnement\/"]}]},{"@type":"ImageObject","inLanguage":"en-US","@id":"https:\/\/www.istegroup.com\/produit\/simulations-de-monte-carlo-en-surete-de-fonctionnement\/#primaryimage","url":"https:\/\/www.istegroup.com\/wp-content\/uploads\/2026\/03\/Simulations-de-Monte-Carlo-en-surete-de-fonctionnement_front.png","contentUrl":"https:\/\/www.istegroup.com\/wp-content\/uploads\/2026\/03\/Simulations-de-Monte-Carlo-en-surete-de-fonctionnement_front.png","width":589,"height":889},{"@type":"BreadcrumbList","@id":"https:\/\/www.istegroup.com\/produit\/simulations-de-monte-carlo-en-surete-de-fonctionnement\/#breadcrumb","itemListElement":[{"@type":"ListItem","position":1,"name":"Home","item":"https:\/\/www.istegroup.com\/"},{"@type":"ListItem","position":2,"name":"Shop","item":"https:\/\/www.istegroup.com\/fr\/nouveautes\/"},{"@type":"ListItem","position":3,"name":"Simulations de Monte-Carlo en s\u00fbret\u00e9 de fonctionnement"}]},{"@type":"WebSite","@id":"https:\/\/www.istegroup.com\/#website","url":"https:\/\/www.istegroup.com\/","name":"ISTE Group","description":"Publishing Knowledge","potentialAction":[{"@type":"SearchAction","target":{"@type":"EntryPoint","urlTemplate":"https:\/\/www.istegroup.com\/?s={search_term_string}"},"query-input":{"@type":"PropertyValueSpecification","valueRequired":true,"valueName":"search_term_string"}}],"inLanguage":"en-US"}]}},"_links":{"self":[{"href":"https:\/\/www.istegroup.com\/en\/wp-json\/wp\/v2\/product\/63191","targetHints":{"allow":["GET"]}}],"collection":[{"href":"https:\/\/www.istegroup.com\/en\/wp-json\/wp\/v2\/product"}],"about":[{"href":"https:\/\/www.istegroup.com\/en\/wp-json\/wp\/v2\/types\/product"}],"wp:featuredmedia":[{"embeddable":true,"href":"https:\/\/www.istegroup.com\/en\/wp-json\/wp\/v2\/media\/63207"}],"wp:attachment":[{"href":"https:\/\/www.istegroup.com\/en\/wp-json\/wp\/v2\/media?parent=63191"}],"wp:term":[{"taxonomy":"product_brand","embeddable":true,"href":"https:\/\/www.istegroup.com\/en\/wp-json\/wp\/v2\/product_brand?post=63191"},{"taxonomy":"product_cat","embeddable":true,"href":"https:\/\/www.istegroup.com\/en\/wp-json\/wp\/v2\/product_cat?post=63191"},{"taxonomy":"product_tag","embeddable":true,"href":"https:\/\/www.istegroup.com\/en\/wp-json\/wp\/v2\/product_tag?post=63191"}],"curies":[{"name":"wp","href":"https:\/\/api.w.org\/{rel}","templated":true}]}}