{"id":628,"date":"2017-05-10T15:20:01","date_gmt":"2017-05-10T13:20:01","guid":{"rendered":"https:\/\/iste.yhello.co\/product\/systemes-temps-reel-autonomes-en-energie\/"},"modified":"2024-01-03T13:41:06","modified_gmt":"2024-01-03T13:41:06","slug":"systemes-temps-reel-autonomes-en-energie","status":"publish","type":"product","link":"https:\/\/www.istegroup.com\/en\/produit\/systemes-temps-reel-autonomes-en-energie\/","title":{"rendered":"Syst\u00e8mes temps r\u00e9el autonomes en \u00e9nergie"},"content":{"rendered":"<p>Cet ouvrage traite d\u2019une probl\u00e9matique r\u00e9cente, celle de l\u2019autonomie \u00e9nerg\u00e9tique d\u2019un syst\u00e8me temps r\u00e9el s\u2019alimentant \u00e0 partir d\u2019une source d\u2019\u00e9nergie environnementale. Concevoir un tel dispositif n\u00e9cessite de r\u00e9pondre \u00e0 diverses questions li\u00e9es \u00e0 la r\u00e9colte de l\u2019\u00e9nergie, son stockage temporaire et son utilisation, de fa\u00e7on \u00e0 garantir une autonomie durable tout en respectant des imp\u00e9ratifs d\u2019ex\u00e9cution.<\/p>\n<p>Apr\u00e8s avoir pr\u00e9sent\u00e9 les notions d\u2019informatique et d\u2019ordonnancement temps r\u00e9el, cet ouvrage traite de l\u2019\u00e9tat de l\u2019art des technologies de r\u00e9cup\u00e9ration et de stockage de l\u2019\u00e9nergie applicables \u00e0 l\u2019embarqu\u00e9. Il d\u00e9crit \u00e9galement une technique d\u2019ordonnancement optimale sp\u00e9cifiquement adapt\u00e9e aux syst\u00e8mes temps r\u00e9el autonomes en \u00e9nergie sur plateforme monoprocesseur.<\/p>\n<p>Destin\u00e9 aux informaticiens, automaticiens ou \u00e9tudiants en \u00e9cole d&#8217;ing\u00e9nieurs,\u00a0<em>Syst\u00e8mes temps r\u00e9el autonomes en \u00e9nergie<\/em>\u00a0offre une initiation \u00e0 l&#8217;informatique temps r\u00e9el contrainte par l\u2019\u00e9nergie.<\/p>\n","protected":false},"excerpt":{"rendered":"<p>Cet ouvrage traite d\u2019une probl\u00e9matique r\u00e9cente, celle de l\u2019autonomie \u00e9nerg\u00e9tique d\u2019un syst\u00e8me temps r\u00e9el s\u2019alimentant \u00e0 partir d\u2019une source d\u2019\u00e9nergie environnementale. Concevoir un tel dispositif n\u00e9cessite de r\u00e9pondre \u00e0 diverses questions li\u00e9es \u00e0 la r\u00e9colte de l\u2019\u00e9nergie, son stockage temporaire et son utilisation, de fa\u00e7on \u00e0 garantir une autonomie durable tout en respectant des imp\u00e9ratifs [&hellip;]<\/p>\n","protected":false},"featured_media":629,"template":"","meta":{"_acf_changed":false,"_links_to":"","_links_to_target":""},"product_brand":[],"product_cat":[660,675,693],"product_tag":[139,140,18,19,21,22,26,27,141,28,29,142],"class_list":{"0":"post-628","1":"product","2":"type-product","3":"status-publish","4":"has-post-thumbnail","6":"product_cat-energie-12506414","7":"product_cat-nouveauts-12519446","8":"product_cat-srie-gestion-de-lnergie-dans-les-systmes-embarqus-406451089","9":"product_tag-audrey-queudet","10":"product_tag-autonomie-energetique","11":"product_tag-edition-scientifique","12":"product_tag-editions-francaise","13":"product_tag-iste-group","14":"product_tag-istegroup","15":"product_tag-livre-scientifique-francais","16":"product_tag-livre-technique-francais","17":"product_tag-maryline-chetto","18":"product_tag-ouvrage-scientifique-francais","19":"product_tag-ouvrage-technique","20":"product_tag-systemes-temps-reel-autonomes-en-energie","22":"first","23":"instock","24":"shipping-taxable","25":"purchasable","26":"product-type-variable"},"acf":[],"yoast_head":"<!-- This site is optimized with the Yoast SEO plugin v27.2 - https:\/\/yoast.com\/product\/yoast-seo-wordpress\/ -->\n<title>Syst\u00e8mes temps r\u00e9el autonomes en \u00e9nergie - ISTE Group<\/title>\n<meta name=\"description\" content=\"Cet ouvrage traite de la probl\u00e9matique de l\u2019autonomie \u00e9nerg\u00e9tique de syst\u00e8mes temps r\u00e9el s\u2019alimentant \u00e0 partir d\u2019une source d\u2019\u00e9nergie environnementale.\" \/>\n<meta name=\"robots\" content=\"index, follow, max-snippet:-1, max-image-preview:large, max-video-preview:-1\" \/>\n<link rel=\"canonical\" href=\"https:\/\/www.istegroup.com\/fr\/produit\/systemes-temps-reel-autonomes-en-energie\/\" \/>\n<meta property=\"og:locale\" content=\"en_US\" \/>\n<meta property=\"og:type\" content=\"article\" \/>\n<meta property=\"og:title\" content=\"Syst\u00e8mes temps r\u00e9el autonomes en \u00e9nergie - ISTE Group\" \/>\n<meta property=\"og:description\" content=\"Cet ouvrage traite de la probl\u00e9matique de l\u2019autonomie \u00e9nerg\u00e9tique de syst\u00e8mes temps r\u00e9el s\u2019alimentant \u00e0 partir d\u2019une source d\u2019\u00e9nergie environnementale.\" \/>\n<meta property=\"og:url\" content=\"https:\/\/www.istegroup.com\/fr\/produit\/systemes-temps-reel-autonomes-en-energie\/\" \/>\n<meta property=\"og:site_name\" content=\"ISTE Group\" \/>\n<meta property=\"article:modified_time\" content=\"2024-01-03T13:41:06+00:00\" \/>\n<meta property=\"og:image\" content=\"https:\/\/www.istegroup.com\/wp-content\/uploads\/2017\/07\/20647891473_9261046353-1-scaled.jpg\" \/>\n\t<meta property=\"og:image:width\" content=\"1707\" \/>\n\t<meta property=\"og:image:height\" content=\"2560\" \/>\n\t<meta property=\"og:image:type\" content=\"image\/jpeg\" \/>\n<meta name=\"twitter:card\" content=\"summary_large_image\" \/>\n<meta name=\"twitter:label1\" content=\"Est. reading time\" \/>\n\t<meta name=\"twitter:data1\" content=\"1 minute\" \/>\n<script type=\"application\/ld+json\" class=\"yoast-schema-graph\">{\"@context\":\"https:\/\/schema.org\",\"@graph\":[{\"@type\":\"WebPage\",\"@id\":\"https:\/\/www.istegroup.com\/fr\/produit\/systemes-temps-reel-autonomes-en-energie\/\",\"url\":\"https:\/\/www.istegroup.com\/fr\/produit\/systemes-temps-reel-autonomes-en-energie\/\",\"name\":\"Syst\u00e8mes temps r\u00e9el autonomes en \u00e9nergie - ISTE Group\",\"isPartOf\":{\"@id\":\"https:\/\/www.istegroup.com\/#website\"},\"primaryImageOfPage\":{\"@id\":\"https:\/\/www.istegroup.com\/fr\/produit\/systemes-temps-reel-autonomes-en-energie\/#primaryimage\"},\"image\":{\"@id\":\"https:\/\/www.istegroup.com\/fr\/produit\/systemes-temps-reel-autonomes-en-energie\/#primaryimage\"},\"thumbnailUrl\":\"https:\/\/www.istegroup.com\/wp-content\/uploads\/2017\/07\/20647891473_9261046353-1-scaled.jpg\",\"datePublished\":\"2017-05-10T13:20:01+00:00\",\"dateModified\":\"2024-01-03T13:41:06+00:00\",\"description\":\"Cet ouvrage traite de la probl\u00e9matique de l\u2019autonomie \u00e9nerg\u00e9tique de syst\u00e8mes temps r\u00e9el s\u2019alimentant \u00e0 partir d\u2019une source d\u2019\u00e9nergie environnementale.\",\"breadcrumb\":{\"@id\":\"https:\/\/www.istegroup.com\/fr\/produit\/systemes-temps-reel-autonomes-en-energie\/#breadcrumb\"},\"inLanguage\":\"en-US\",\"potentialAction\":[{\"@type\":\"ReadAction\",\"target\":[\"https:\/\/www.istegroup.com\/fr\/produit\/systemes-temps-reel-autonomes-en-energie\/\"]}]},{\"@type\":\"ImageObject\",\"inLanguage\":\"en-US\",\"@id\":\"https:\/\/www.istegroup.com\/fr\/produit\/systemes-temps-reel-autonomes-en-energie\/#primaryimage\",\"url\":\"https:\/\/www.istegroup.com\/wp-content\/uploads\/2017\/07\/20647891473_9261046353-1-scaled.jpg\",\"contentUrl\":\"https:\/\/www.istegroup.com\/wp-content\/uploads\/2017\/07\/20647891473_9261046353-1-scaled.jpg\",\"width\":1707,\"height\":2560,\"caption\":\"Syst\u00e8mes temps r\u00e9el autonomes en \u00e9nergie\"},{\"@type\":\"BreadcrumbList\",\"@id\":\"https:\/\/www.istegroup.com\/fr\/produit\/systemes-temps-reel-autonomes-en-energie\/#breadcrumb\",\"itemListElement\":[{\"@type\":\"ListItem\",\"position\":1,\"name\":\"Home\",\"item\":\"https:\/\/www.istegroup.com\/\"},{\"@type\":\"ListItem\",\"position\":2,\"name\":\"Shop\",\"item\":\"https:\/\/www.istegroup.com\/fr\/nouveautes\/\"},{\"@type\":\"ListItem\",\"position\":3,\"name\":\"Syst\u00e8mes temps r\u00e9el autonomes en \u00e9nergie\"}]},{\"@type\":\"WebSite\",\"@id\":\"https:\/\/www.istegroup.com\/#website\",\"url\":\"https:\/\/www.istegroup.com\/\",\"name\":\"ISTE Group\",\"description\":\"Publishing Knowledge\",\"potentialAction\":[{\"@type\":\"SearchAction\",\"target\":{\"@type\":\"EntryPoint\",\"urlTemplate\":\"https:\/\/www.istegroup.com\/?s={search_term_string}\"},\"query-input\":{\"@type\":\"PropertyValueSpecification\",\"valueRequired\":true,\"valueName\":\"search_term_string\"}}],\"inLanguage\":\"en-US\"}]}<\/script>\n<!-- \/ Yoast SEO plugin. -->","yoast_head_json":{"title":"Syst\u00e8mes temps r\u00e9el autonomes en \u00e9nergie - ISTE Group","description":"Cet ouvrage traite de la probl\u00e9matique de l\u2019autonomie \u00e9nerg\u00e9tique de syst\u00e8mes temps r\u00e9el s\u2019alimentant \u00e0 partir d\u2019une source d\u2019\u00e9nergie environnementale.","robots":{"index":"index","follow":"follow","max-snippet":"max-snippet:-1","max-image-preview":"max-image-preview:large","max-video-preview":"max-video-preview:-1"},"canonical":"https:\/\/www.istegroup.com\/fr\/produit\/systemes-temps-reel-autonomes-en-energie\/","og_locale":"en_US","og_type":"article","og_title":"Syst\u00e8mes temps r\u00e9el autonomes en \u00e9nergie - ISTE Group","og_description":"Cet ouvrage traite de la probl\u00e9matique de l\u2019autonomie \u00e9nerg\u00e9tique de syst\u00e8mes temps r\u00e9el s\u2019alimentant \u00e0 partir d\u2019une source d\u2019\u00e9nergie environnementale.","og_url":"https:\/\/www.istegroup.com\/fr\/produit\/systemes-temps-reel-autonomes-en-energie\/","og_site_name":"ISTE Group","article_modified_time":"2024-01-03T13:41:06+00:00","og_image":[{"width":1707,"height":2560,"url":"https:\/\/www.istegroup.com\/wp-content\/uploads\/2017\/07\/20647891473_9261046353-1-scaled.jpg","type":"image\/jpeg"}],"twitter_card":"summary_large_image","twitter_misc":{"Est. reading time":"1 minute"},"schema":{"@context":"https:\/\/schema.org","@graph":[{"@type":"WebPage","@id":"https:\/\/www.istegroup.com\/fr\/produit\/systemes-temps-reel-autonomes-en-energie\/","url":"https:\/\/www.istegroup.com\/fr\/produit\/systemes-temps-reel-autonomes-en-energie\/","name":"Syst\u00e8mes temps r\u00e9el autonomes en \u00e9nergie - ISTE Group","isPartOf":{"@id":"https:\/\/www.istegroup.com\/#website"},"primaryImageOfPage":{"@id":"https:\/\/www.istegroup.com\/fr\/produit\/systemes-temps-reel-autonomes-en-energie\/#primaryimage"},"image":{"@id":"https:\/\/www.istegroup.com\/fr\/produit\/systemes-temps-reel-autonomes-en-energie\/#primaryimage"},"thumbnailUrl":"https:\/\/www.istegroup.com\/wp-content\/uploads\/2017\/07\/20647891473_9261046353-1-scaled.jpg","datePublished":"2017-05-10T13:20:01+00:00","dateModified":"2024-01-03T13:41:06+00:00","description":"Cet ouvrage traite de la probl\u00e9matique de l\u2019autonomie \u00e9nerg\u00e9tique de syst\u00e8mes temps r\u00e9el s\u2019alimentant \u00e0 partir d\u2019une source d\u2019\u00e9nergie environnementale.","breadcrumb":{"@id":"https:\/\/www.istegroup.com\/fr\/produit\/systemes-temps-reel-autonomes-en-energie\/#breadcrumb"},"inLanguage":"en-US","potentialAction":[{"@type":"ReadAction","target":["https:\/\/www.istegroup.com\/fr\/produit\/systemes-temps-reel-autonomes-en-energie\/"]}]},{"@type":"ImageObject","inLanguage":"en-US","@id":"https:\/\/www.istegroup.com\/fr\/produit\/systemes-temps-reel-autonomes-en-energie\/#primaryimage","url":"https:\/\/www.istegroup.com\/wp-content\/uploads\/2017\/07\/20647891473_9261046353-1-scaled.jpg","contentUrl":"https:\/\/www.istegroup.com\/wp-content\/uploads\/2017\/07\/20647891473_9261046353-1-scaled.jpg","width":1707,"height":2560,"caption":"Syst\u00e8mes temps r\u00e9el autonomes en \u00e9nergie"},{"@type":"BreadcrumbList","@id":"https:\/\/www.istegroup.com\/fr\/produit\/systemes-temps-reel-autonomes-en-energie\/#breadcrumb","itemListElement":[{"@type":"ListItem","position":1,"name":"Home","item":"https:\/\/www.istegroup.com\/"},{"@type":"ListItem","position":2,"name":"Shop","item":"https:\/\/www.istegroup.com\/fr\/nouveautes\/"},{"@type":"ListItem","position":3,"name":"Syst\u00e8mes temps r\u00e9el autonomes en \u00e9nergie"}]},{"@type":"WebSite","@id":"https:\/\/www.istegroup.com\/#website","url":"https:\/\/www.istegroup.com\/","name":"ISTE Group","description":"Publishing Knowledge","potentialAction":[{"@type":"SearchAction","target":{"@type":"EntryPoint","urlTemplate":"https:\/\/www.istegroup.com\/?s={search_term_string}"},"query-input":{"@type":"PropertyValueSpecification","valueRequired":true,"valueName":"search_term_string"}}],"inLanguage":"en-US"}]}},"_links":{"self":[{"href":"https:\/\/www.istegroup.com\/en\/wp-json\/wp\/v2\/product\/628","targetHints":{"allow":["GET"]}}],"collection":[{"href":"https:\/\/www.istegroup.com\/en\/wp-json\/wp\/v2\/product"}],"about":[{"href":"https:\/\/www.istegroup.com\/en\/wp-json\/wp\/v2\/types\/product"}],"wp:featuredmedia":[{"embeddable":true,"href":"https:\/\/www.istegroup.com\/en\/wp-json\/wp\/v2\/media\/629"}],"wp:attachment":[{"href":"https:\/\/www.istegroup.com\/en\/wp-json\/wp\/v2\/media?parent=628"}],"wp:term":[{"taxonomy":"product_brand","embeddable":true,"href":"https:\/\/www.istegroup.com\/en\/wp-json\/wp\/v2\/product_brand?post=628"},{"taxonomy":"product_cat","embeddable":true,"href":"https:\/\/www.istegroup.com\/en\/wp-json\/wp\/v2\/product_cat?post=628"},{"taxonomy":"product_tag","embeddable":true,"href":"https:\/\/www.istegroup.com\/en\/wp-json\/wp\/v2\/product_tag?post=628"}],"curies":[{"name":"wp","href":"https:\/\/api.w.org\/{rel}","templated":true}]}}