{"id":62690,"date":"2026-01-26T09:34:57","date_gmt":"2026-01-26T09:34:57","guid":{"rendered":"https:\/\/www.istegroup.com\/?post_type=product&#038;p=62690"},"modified":"2026-01-28T10:49:08","modified_gmt":"2026-01-28T10:49:08","slug":"traitement-biologique-des-eaux-usees-urbaines-4","status":"publish","type":"product","link":"https:\/\/www.istegroup.com\/en\/produit\/traitement-biologique-des-eaux-usees-urbaines-4\/","title":{"rendered":"Traitement biologique des eaux us\u00e9es urbaines 4"},"content":{"rendered":"<p>Cet ouvrage offre une vue d\u2019ensemble du traitement biologique des eaux us\u00e9es et de la valorisation des boues. Il pr\u00e9sente les principaux concepts relatifs aux proc\u00e9d\u00e9s de traitement, ainsi que les principes de fonctionnement, de dimensionnement et de mise en oeuvre des op\u00e9rations unitaires et des fili\u00e8res associ\u00e9es au traitement des eaux us\u00e9es et des boues.<\/p>\n<p><em> Traitement biologique des eaux us\u00e9es urbaines 4<\/em> traite de l\u2019\u00e9limination biologique des micropolluants pr\u00e9sents dans les eaux us\u00e9es, des traitements de finition (lagunage, \u00e9tangs d\u2019oxydation et lits de roseaux) et du traitement et de la valorisation des boues. Il pr\u00e9sente les caract\u00e9ristiques des boues, l\u2019\u00e9paississement, la digestion, la d\u00e9shydratation, la stabilisation, l\u2019abattement des micro-organismes pathog\u00e8nes et la valorisation par \u00e9pandage, le compostage et la formation de sous-produits comme la struvite ou les bioplastiques.<\/p>\n<p>Didactique et alliant la th\u00e9orie \u00e0 la pratique, cet ouvrage s\u2019adresse aux ing\u00e9nieurs en g\u00e9nie et en sciences de l\u2019environnement ainsi qu\u2019aux professionnels du traitement des eaux us\u00e9es.<\/p>\n","protected":false},"excerpt":{"rendered":"<p>Cet ouvrage offre une vue d\u2019ensemble du traitement biologique des eaux us\u00e9es et de la valorisation des boues. Il pr\u00e9sente les principaux concepts relatifs aux proc\u00e9d\u00e9s de traitement, ainsi que les principes de fonctionnement, de dimensionnement et de mise en oeuvre des op\u00e9rations unitaires et des fili\u00e8res associ\u00e9es au traitement des eaux us\u00e9es et des [&hellip;]<\/p>\n","protected":false},"featured_media":62695,"template":"","meta":{"_acf_changed":false,"_links_to":"","_links_to_target":""},"product_brand":[],"product_cat":[658],"product_tag":[],"class_list":{"0":"post-62690","1":"product","2":"type-product","3":"status-publish","4":"has-post-thumbnail","6":"product_cat-ecologie-14419669","8":"first","9":"instock","10":"shipping-taxable","11":"purchasable","12":"product-type-variable"},"acf":[],"yoast_head":"<!-- This site is optimized with the Yoast SEO plugin v27.2 - https:\/\/yoast.com\/product\/yoast-seo-wordpress\/ -->\n<title>Traitement biologique des eaux us\u00e9es urbaines 4 - ISTE Group<\/title>\n<meta name=\"description\" content=\"Traitement biologique des eaux us\u00e9es urbaines 4 traite de l\u2019\u00e9limination biologique des micropolluants pr\u00e9sents dans les eaux us\u00e9es, des traitements de finition (lagunage, \u00e9tangs d\u2019oxydation et lits de roseaux) et du traitement et de la valorisation des boues.\" \/>\n<meta name=\"robots\" content=\"index, follow, max-snippet:-1, max-image-preview:large, max-video-preview:-1\" \/>\n<link rel=\"canonical\" href=\"https:\/\/www.istegroup.com\/produit\/traitement-biologique-des-eaux-usees-urbaines-4\/\" \/>\n<meta property=\"og:locale\" content=\"en_US\" \/>\n<meta property=\"og:type\" content=\"article\" \/>\n<meta property=\"og:title\" content=\"Traitement biologique des eaux us\u00e9es urbaines 4 - ISTE Group\" \/>\n<meta property=\"og:description\" content=\"Traitement biologique des eaux us\u00e9es urbaines 4 traite de l\u2019\u00e9limination biologique des micropolluants pr\u00e9sents dans les eaux us\u00e9es, des traitements de finition (lagunage, \u00e9tangs d\u2019oxydation et lits de roseaux) et du traitement et de la valorisation des boues.\" \/>\n<meta property=\"og:url\" content=\"https:\/\/www.istegroup.com\/produit\/traitement-biologique-des-eaux-usees-urbaines-4\/\" \/>\n<meta property=\"og:site_name\" content=\"ISTE Group\" \/>\n<meta property=\"article:modified_time\" content=\"2026-01-28T10:49:08+00:00\" \/>\n<meta property=\"og:image\" content=\"https:\/\/www.istegroup.com\/wp-content\/uploads\/2026\/01\/073_Traitement-biologique-des-eaux-usees-urbaines-4_front.jpg\" \/>\n\t<meta property=\"og:image:width\" content=\"608\" \/>\n\t<meta property=\"og:image:height\" content=\"908\" \/>\n\t<meta property=\"og:image:type\" content=\"image\/jpeg\" \/>\n<meta name=\"twitter:card\" content=\"summary_large_image\" \/>\n<meta name=\"twitter:label1\" content=\"Est. reading time\" \/>\n\t<meta name=\"twitter:data1\" content=\"2 minutes\" \/>\n<script type=\"application\/ld+json\" class=\"yoast-schema-graph\">{\"@context\":\"https:\/\/schema.org\",\"@graph\":[{\"@type\":\"WebPage\",\"@id\":\"https:\/\/www.istegroup.com\/produit\/traitement-biologique-des-eaux-usees-urbaines-4\/\",\"url\":\"https:\/\/www.istegroup.com\/produit\/traitement-biologique-des-eaux-usees-urbaines-4\/\",\"name\":\"Traitement biologique des eaux us\u00e9es urbaines 4 - ISTE Group\",\"isPartOf\":{\"@id\":\"https:\/\/www.istegroup.com\/#website\"},\"primaryImageOfPage\":{\"@id\":\"https:\/\/www.istegroup.com\/produit\/traitement-biologique-des-eaux-usees-urbaines-4\/#primaryimage\"},\"image\":{\"@id\":\"https:\/\/www.istegroup.com\/produit\/traitement-biologique-des-eaux-usees-urbaines-4\/#primaryimage\"},\"thumbnailUrl\":\"https:\/\/www.istegroup.com\/wp-content\/uploads\/2026\/01\/073_Traitement-biologique-des-eaux-usees-urbaines-4_front.jpg\",\"datePublished\":\"2026-01-26T09:34:57+00:00\",\"dateModified\":\"2026-01-28T10:49:08+00:00\",\"description\":\"Traitement biologique des eaux us\u00e9es urbaines 4 traite de l\u2019\u00e9limination biologique des micropolluants pr\u00e9sents dans les eaux us\u00e9es, des traitements de finition (lagunage, \u00e9tangs d\u2019oxydation et lits de roseaux) et du traitement et de la valorisation des boues.\",\"breadcrumb\":{\"@id\":\"https:\/\/www.istegroup.com\/produit\/traitement-biologique-des-eaux-usees-urbaines-4\/#breadcrumb\"},\"inLanguage\":\"en-US\",\"potentialAction\":[{\"@type\":\"ReadAction\",\"target\":[\"https:\/\/www.istegroup.com\/produit\/traitement-biologique-des-eaux-usees-urbaines-4\/\"]}]},{\"@type\":\"ImageObject\",\"inLanguage\":\"en-US\",\"@id\":\"https:\/\/www.istegroup.com\/produit\/traitement-biologique-des-eaux-usees-urbaines-4\/#primaryimage\",\"url\":\"https:\/\/www.istegroup.com\/wp-content\/uploads\/2026\/01\/073_Traitement-biologique-des-eaux-usees-urbaines-4_front.jpg\",\"contentUrl\":\"https:\/\/www.istegroup.com\/wp-content\/uploads\/2026\/01\/073_Traitement-biologique-des-eaux-usees-urbaines-4_front.jpg\",\"width\":608,\"height\":908},{\"@type\":\"BreadcrumbList\",\"@id\":\"https:\/\/www.istegroup.com\/produit\/traitement-biologique-des-eaux-usees-urbaines-4\/#breadcrumb\",\"itemListElement\":[{\"@type\":\"ListItem\",\"position\":1,\"name\":\"Home\",\"item\":\"https:\/\/www.istegroup.com\/\"},{\"@type\":\"ListItem\",\"position\":2,\"name\":\"Shop\",\"item\":\"https:\/\/www.istegroup.com\/fr\/nouveautes\/\"},{\"@type\":\"ListItem\",\"position\":3,\"name\":\"Traitement biologique des eaux us\u00e9es urbaines 4\"}]},{\"@type\":\"WebSite\",\"@id\":\"https:\/\/www.istegroup.com\/#website\",\"url\":\"https:\/\/www.istegroup.com\/\",\"name\":\"ISTE Group\",\"description\":\"Publishing Knowledge\",\"potentialAction\":[{\"@type\":\"SearchAction\",\"target\":{\"@type\":\"EntryPoint\",\"urlTemplate\":\"https:\/\/www.istegroup.com\/?s={search_term_string}\"},\"query-input\":{\"@type\":\"PropertyValueSpecification\",\"valueRequired\":true,\"valueName\":\"search_term_string\"}}],\"inLanguage\":\"en-US\"}]}<\/script>\n<!-- \/ Yoast SEO plugin. -->","yoast_head_json":{"title":"Traitement biologique des eaux us\u00e9es urbaines 4 - ISTE Group","description":"Traitement biologique des eaux us\u00e9es urbaines 4 traite de l\u2019\u00e9limination biologique des micropolluants pr\u00e9sents dans les eaux us\u00e9es, des traitements de finition (lagunage, \u00e9tangs d\u2019oxydation et lits de roseaux) et du traitement et de la valorisation des boues.","robots":{"index":"index","follow":"follow","max-snippet":"max-snippet:-1","max-image-preview":"max-image-preview:large","max-video-preview":"max-video-preview:-1"},"canonical":"https:\/\/www.istegroup.com\/produit\/traitement-biologique-des-eaux-usees-urbaines-4\/","og_locale":"en_US","og_type":"article","og_title":"Traitement biologique des eaux us\u00e9es urbaines 4 - ISTE Group","og_description":"Traitement biologique des eaux us\u00e9es urbaines 4 traite de l\u2019\u00e9limination biologique des micropolluants pr\u00e9sents dans les eaux us\u00e9es, des traitements de finition (lagunage, \u00e9tangs d\u2019oxydation et lits de roseaux) et du traitement et de la valorisation des boues.","og_url":"https:\/\/www.istegroup.com\/produit\/traitement-biologique-des-eaux-usees-urbaines-4\/","og_site_name":"ISTE Group","article_modified_time":"2026-01-28T10:49:08+00:00","og_image":[{"width":608,"height":908,"url":"https:\/\/www.istegroup.com\/wp-content\/uploads\/2026\/01\/073_Traitement-biologique-des-eaux-usees-urbaines-4_front.jpg","type":"image\/jpeg"}],"twitter_card":"summary_large_image","twitter_misc":{"Est. reading time":"2 minutes"},"schema":{"@context":"https:\/\/schema.org","@graph":[{"@type":"WebPage","@id":"https:\/\/www.istegroup.com\/produit\/traitement-biologique-des-eaux-usees-urbaines-4\/","url":"https:\/\/www.istegroup.com\/produit\/traitement-biologique-des-eaux-usees-urbaines-4\/","name":"Traitement biologique des eaux us\u00e9es urbaines 4 - ISTE Group","isPartOf":{"@id":"https:\/\/www.istegroup.com\/#website"},"primaryImageOfPage":{"@id":"https:\/\/www.istegroup.com\/produit\/traitement-biologique-des-eaux-usees-urbaines-4\/#primaryimage"},"image":{"@id":"https:\/\/www.istegroup.com\/produit\/traitement-biologique-des-eaux-usees-urbaines-4\/#primaryimage"},"thumbnailUrl":"https:\/\/www.istegroup.com\/wp-content\/uploads\/2026\/01\/073_Traitement-biologique-des-eaux-usees-urbaines-4_front.jpg","datePublished":"2026-01-26T09:34:57+00:00","dateModified":"2026-01-28T10:49:08+00:00","description":"Traitement biologique des eaux us\u00e9es urbaines 4 traite de l\u2019\u00e9limination biologique des micropolluants pr\u00e9sents dans les eaux us\u00e9es, des traitements de finition (lagunage, \u00e9tangs d\u2019oxydation et lits de roseaux) et du traitement et de la valorisation des boues.","breadcrumb":{"@id":"https:\/\/www.istegroup.com\/produit\/traitement-biologique-des-eaux-usees-urbaines-4\/#breadcrumb"},"inLanguage":"en-US","potentialAction":[{"@type":"ReadAction","target":["https:\/\/www.istegroup.com\/produit\/traitement-biologique-des-eaux-usees-urbaines-4\/"]}]},{"@type":"ImageObject","inLanguage":"en-US","@id":"https:\/\/www.istegroup.com\/produit\/traitement-biologique-des-eaux-usees-urbaines-4\/#primaryimage","url":"https:\/\/www.istegroup.com\/wp-content\/uploads\/2026\/01\/073_Traitement-biologique-des-eaux-usees-urbaines-4_front.jpg","contentUrl":"https:\/\/www.istegroup.com\/wp-content\/uploads\/2026\/01\/073_Traitement-biologique-des-eaux-usees-urbaines-4_front.jpg","width":608,"height":908},{"@type":"BreadcrumbList","@id":"https:\/\/www.istegroup.com\/produit\/traitement-biologique-des-eaux-usees-urbaines-4\/#breadcrumb","itemListElement":[{"@type":"ListItem","position":1,"name":"Home","item":"https:\/\/www.istegroup.com\/"},{"@type":"ListItem","position":2,"name":"Shop","item":"https:\/\/www.istegroup.com\/fr\/nouveautes\/"},{"@type":"ListItem","position":3,"name":"Traitement biologique des eaux us\u00e9es urbaines 4"}]},{"@type":"WebSite","@id":"https:\/\/www.istegroup.com\/#website","url":"https:\/\/www.istegroup.com\/","name":"ISTE Group","description":"Publishing Knowledge","potentialAction":[{"@type":"SearchAction","target":{"@type":"EntryPoint","urlTemplate":"https:\/\/www.istegroup.com\/?s={search_term_string}"},"query-input":{"@type":"PropertyValueSpecification","valueRequired":true,"valueName":"search_term_string"}}],"inLanguage":"en-US"}]}},"_links":{"self":[{"href":"https:\/\/www.istegroup.com\/en\/wp-json\/wp\/v2\/product\/62690","targetHints":{"allow":["GET"]}}],"collection":[{"href":"https:\/\/www.istegroup.com\/en\/wp-json\/wp\/v2\/product"}],"about":[{"href":"https:\/\/www.istegroup.com\/en\/wp-json\/wp\/v2\/types\/product"}],"wp:featuredmedia":[{"embeddable":true,"href":"https:\/\/www.istegroup.com\/en\/wp-json\/wp\/v2\/media\/62695"}],"wp:attachment":[{"href":"https:\/\/www.istegroup.com\/en\/wp-json\/wp\/v2\/media?parent=62690"}],"wp:term":[{"taxonomy":"product_brand","embeddable":true,"href":"https:\/\/www.istegroup.com\/en\/wp-json\/wp\/v2\/product_brand?post=62690"},{"taxonomy":"product_cat","embeddable":true,"href":"https:\/\/www.istegroup.com\/en\/wp-json\/wp\/v2\/product_cat?post=62690"},{"taxonomy":"product_tag","embeddable":true,"href":"https:\/\/www.istegroup.com\/en\/wp-json\/wp\/v2\/product_tag?post=62690"}],"curies":[{"name":"wp","href":"https:\/\/api.w.org\/{rel}","templated":true}]}}