{"id":62653,"date":"2026-01-26T15:38:29","date_gmt":"2026-01-26T15:38:29","guid":{"rendered":"https:\/\/www.istegroup.com\/?post_type=product&#038;p=62653"},"modified":"2026-01-28T10:48:28","modified_gmt":"2026-01-28T10:48:28","slug":"rfid-nfc-uwb-et-localisation","status":"publish","type":"product","link":"https:\/\/www.istegroup.com\/en\/produit\/rfid-nfc-uwb-et-localisation\/","title":{"rendered":"RFID, NFC, UWB et localisation"},"content":{"rendered":"<p>En quarante ans (1985\u20132025), les technologies d\u2019identification par radiofr\u00e9quence (RFID, <em>Radio Frequency Identification<\/em>) et de communication en champ proche (NFC, <em>Near Field Communication<\/em>) ont profond\u00e9ment transform\u00e9 notre quotidien, tout en b\u00e9n\u00e9ficiant d\u2019innovations technologiques majeures.<\/p>\n<p>Cet ouvrage propose une actualisation de ces domaines et pr\u00e9sente les avanc\u00e9es les plus r\u00e9centes sur les plans technique, normatif, r\u00e9glementaire et applicatif, avec une attention particuli\u00e8re port\u00e9e \u00e0 la s\u00e9curit\u00e9 et \u00e0 la fiabilit\u00e9.<\/p>\n<p>Il introduit \u00e9galement un nouvel axe majeur : la localisation ultra-pr\u00e9cise (de l\u2019ordre de 5 mm), rendue possible par l\u2019UWB (<em>Ultra Wide Band<\/em>). Proposant d\u00e9sormais des co\u00fbts raisonnables, cette technologie conna\u00eet un essor rapide dans les secteurs de l\u2019automobile, de la t\u00e9l\u00e9phonie mobile, des transports publics, de la logistique et de la gestion des biens industriels connect\u00e9s.<\/p>\n<p>Une section compl\u00e8te est d\u00e9di\u00e9e aux principes de fonctionnement de l\u2019UWB et \u00e0 la diversit\u00e9 de ses multiples applications. Cette technologie \u00e9mergente est appel\u00e9e \u00e0 remplacer partiellement la RFID ou \u00e0 compl\u00e9ter le NFC dans les syst\u00e8mes critiques d\u2019identification et de contr\u00f4le d\u2019acc\u00e8s hautement s\u00e9curis\u00e9s.<\/p>\n","protected":false},"excerpt":{"rendered":"<p>En quarante ans (1985\u20132025), les technologies d\u2019identification par radiofr\u00e9quence (RFID, Radio Frequency Identification) et de communication en champ proche (NFC, Near Field Communication) ont profond\u00e9ment transform\u00e9 notre quotidien, tout en b\u00e9n\u00e9ficiant d\u2019innovations technologiques majeures. Cet ouvrage propose une actualisation de ces domaines et pr\u00e9sente les avanc\u00e9es les plus r\u00e9centes sur les plans technique, normatif, r\u00e9glementaire [&hellip;]<\/p>\n","protected":false},"featured_media":62662,"template":"","meta":{"_acf_changed":false,"_links_to":"","_links_to_target":""},"product_brand":[],"product_cat":[679],"product_tag":[],"class_list":{"0":"post-62653","1":"product","2":"type-product","3":"status-publish","4":"has-post-thumbnail","6":"product_cat-rseaux-et-tlcommunications-12506534","8":"first","9":"instock","10":"shipping-taxable","11":"purchasable","12":"product-type-variable"},"acf":[],"yoast_head":"<!-- This site is optimized with the Yoast SEO plugin v27.2 - https:\/\/yoast.com\/product\/yoast-seo-wordpress\/ -->\n<title>RFID, NFC, UWB et localisation - ISTE Group<\/title>\n<meta name=\"description\" content=\"Cet ouvrage propose une actualisation de ces domaines et pr\u00e9sente les avanc\u00e9es les plus r\u00e9centes sur les plans technique, normatif, r\u00e9glementaire et applicatif, avec une attention particuli\u00e8re port\u00e9e \u00e0 la s\u00e9curit\u00e9 et \u00e0 la fiabilit\u00e9.\" \/>\n<meta name=\"robots\" content=\"index, follow, max-snippet:-1, max-image-preview:large, max-video-preview:-1\" \/>\n<link rel=\"canonical\" href=\"https:\/\/www.istegroup.com\/produit\/rfid-nfc-uwb-et-localisation\/\" \/>\n<meta property=\"og:locale\" content=\"en_US\" \/>\n<meta property=\"og:type\" content=\"article\" \/>\n<meta property=\"og:title\" content=\"RFID, NFC, UWB et localisation - ISTE Group\" \/>\n<meta property=\"og:description\" content=\"Cet ouvrage propose une actualisation de ces domaines et pr\u00e9sente les avanc\u00e9es les plus r\u00e9centes sur les plans technique, normatif, r\u00e9glementaire et applicatif, avec une attention particuli\u00e8re port\u00e9e \u00e0 la s\u00e9curit\u00e9 et \u00e0 la fiabilit\u00e9.\" \/>\n<meta property=\"og:url\" content=\"https:\/\/www.istegroup.com\/produit\/rfid-nfc-uwb-et-localisation\/\" \/>\n<meta property=\"og:site_name\" content=\"ISTE Group\" \/>\n<meta property=\"article:modified_time\" content=\"2026-01-28T10:48:28+00:00\" \/>\n<meta property=\"og:image\" content=\"https:\/\/www.istegroup.com\/wp-content\/uploads\/2026\/01\/060_RFID-NFC-UWB-et-localisation_front.jpg\" \/>\n\t<meta property=\"og:image:width\" content=\"606\" \/>\n\t<meta property=\"og:image:height\" content=\"912\" \/>\n\t<meta property=\"og:image:type\" content=\"image\/jpeg\" \/>\n<meta name=\"twitter:card\" content=\"summary_large_image\" \/>\n<meta name=\"twitter:label1\" content=\"Est. reading time\" \/>\n\t<meta name=\"twitter:data1\" content=\"2 minutes\" \/>\n<script type=\"application\/ld+json\" class=\"yoast-schema-graph\">{\"@context\":\"https:\/\/schema.org\",\"@graph\":[{\"@type\":\"WebPage\",\"@id\":\"https:\/\/www.istegroup.com\/produit\/rfid-nfc-uwb-et-localisation\/\",\"url\":\"https:\/\/www.istegroup.com\/produit\/rfid-nfc-uwb-et-localisation\/\",\"name\":\"RFID, NFC, UWB et localisation - ISTE Group\",\"isPartOf\":{\"@id\":\"https:\/\/www.istegroup.com\/#website\"},\"primaryImageOfPage\":{\"@id\":\"https:\/\/www.istegroup.com\/produit\/rfid-nfc-uwb-et-localisation\/#primaryimage\"},\"image\":{\"@id\":\"https:\/\/www.istegroup.com\/produit\/rfid-nfc-uwb-et-localisation\/#primaryimage\"},\"thumbnailUrl\":\"https:\/\/www.istegroup.com\/wp-content\/uploads\/2026\/01\/060_RFID-NFC-UWB-et-localisation_front.jpg\",\"datePublished\":\"2026-01-26T15:38:29+00:00\",\"dateModified\":\"2026-01-28T10:48:28+00:00\",\"description\":\"Cet ouvrage propose une actualisation de ces domaines et pr\u00e9sente les avanc\u00e9es les plus r\u00e9centes sur les plans technique, normatif, r\u00e9glementaire et applicatif, avec une attention particuli\u00e8re port\u00e9e \u00e0 la s\u00e9curit\u00e9 et \u00e0 la fiabilit\u00e9.\",\"breadcrumb\":{\"@id\":\"https:\/\/www.istegroup.com\/produit\/rfid-nfc-uwb-et-localisation\/#breadcrumb\"},\"inLanguage\":\"en-US\",\"potentialAction\":[{\"@type\":\"ReadAction\",\"target\":[\"https:\/\/www.istegroup.com\/produit\/rfid-nfc-uwb-et-localisation\/\"]}]},{\"@type\":\"ImageObject\",\"inLanguage\":\"en-US\",\"@id\":\"https:\/\/www.istegroup.com\/produit\/rfid-nfc-uwb-et-localisation\/#primaryimage\",\"url\":\"https:\/\/www.istegroup.com\/wp-content\/uploads\/2026\/01\/060_RFID-NFC-UWB-et-localisation_front.jpg\",\"contentUrl\":\"https:\/\/www.istegroup.com\/wp-content\/uploads\/2026\/01\/060_RFID-NFC-UWB-et-localisation_front.jpg\",\"width\":606,\"height\":912},{\"@type\":\"BreadcrumbList\",\"@id\":\"https:\/\/www.istegroup.com\/produit\/rfid-nfc-uwb-et-localisation\/#breadcrumb\",\"itemListElement\":[{\"@type\":\"ListItem\",\"position\":1,\"name\":\"Home\",\"item\":\"https:\/\/www.istegroup.com\/\"},{\"@type\":\"ListItem\",\"position\":2,\"name\":\"Shop\",\"item\":\"https:\/\/www.istegroup.com\/fr\/nouveautes\/\"},{\"@type\":\"ListItem\",\"position\":3,\"name\":\"RFID, NFC, UWB et localisation\"}]},{\"@type\":\"WebSite\",\"@id\":\"https:\/\/www.istegroup.com\/#website\",\"url\":\"https:\/\/www.istegroup.com\/\",\"name\":\"ISTE Group\",\"description\":\"Publishing Knowledge\",\"potentialAction\":[{\"@type\":\"SearchAction\",\"target\":{\"@type\":\"EntryPoint\",\"urlTemplate\":\"https:\/\/www.istegroup.com\/?s={search_term_string}\"},\"query-input\":{\"@type\":\"PropertyValueSpecification\",\"valueRequired\":true,\"valueName\":\"search_term_string\"}}],\"inLanguage\":\"en-US\"}]}<\/script>\n<!-- \/ Yoast SEO plugin. -->","yoast_head_json":{"title":"RFID, NFC, UWB et localisation - ISTE Group","description":"Cet ouvrage propose une actualisation de ces domaines et pr\u00e9sente les avanc\u00e9es les plus r\u00e9centes sur les plans technique, normatif, r\u00e9glementaire et applicatif, avec une attention particuli\u00e8re port\u00e9e \u00e0 la s\u00e9curit\u00e9 et \u00e0 la fiabilit\u00e9.","robots":{"index":"index","follow":"follow","max-snippet":"max-snippet:-1","max-image-preview":"max-image-preview:large","max-video-preview":"max-video-preview:-1"},"canonical":"https:\/\/www.istegroup.com\/produit\/rfid-nfc-uwb-et-localisation\/","og_locale":"en_US","og_type":"article","og_title":"RFID, NFC, UWB et localisation - ISTE Group","og_description":"Cet ouvrage propose une actualisation de ces domaines et pr\u00e9sente les avanc\u00e9es les plus r\u00e9centes sur les plans technique, normatif, r\u00e9glementaire et applicatif, avec une attention particuli\u00e8re port\u00e9e \u00e0 la s\u00e9curit\u00e9 et \u00e0 la fiabilit\u00e9.","og_url":"https:\/\/www.istegroup.com\/produit\/rfid-nfc-uwb-et-localisation\/","og_site_name":"ISTE Group","article_modified_time":"2026-01-28T10:48:28+00:00","og_image":[{"width":606,"height":912,"url":"https:\/\/www.istegroup.com\/wp-content\/uploads\/2026\/01\/060_RFID-NFC-UWB-et-localisation_front.jpg","type":"image\/jpeg"}],"twitter_card":"summary_large_image","twitter_misc":{"Est. reading time":"2 minutes"},"schema":{"@context":"https:\/\/schema.org","@graph":[{"@type":"WebPage","@id":"https:\/\/www.istegroup.com\/produit\/rfid-nfc-uwb-et-localisation\/","url":"https:\/\/www.istegroup.com\/produit\/rfid-nfc-uwb-et-localisation\/","name":"RFID, NFC, UWB et localisation - ISTE Group","isPartOf":{"@id":"https:\/\/www.istegroup.com\/#website"},"primaryImageOfPage":{"@id":"https:\/\/www.istegroup.com\/produit\/rfid-nfc-uwb-et-localisation\/#primaryimage"},"image":{"@id":"https:\/\/www.istegroup.com\/produit\/rfid-nfc-uwb-et-localisation\/#primaryimage"},"thumbnailUrl":"https:\/\/www.istegroup.com\/wp-content\/uploads\/2026\/01\/060_RFID-NFC-UWB-et-localisation_front.jpg","datePublished":"2026-01-26T15:38:29+00:00","dateModified":"2026-01-28T10:48:28+00:00","description":"Cet ouvrage propose une actualisation de ces domaines et pr\u00e9sente les avanc\u00e9es les plus r\u00e9centes sur les plans technique, normatif, r\u00e9glementaire et applicatif, avec une attention particuli\u00e8re port\u00e9e \u00e0 la s\u00e9curit\u00e9 et \u00e0 la fiabilit\u00e9.","breadcrumb":{"@id":"https:\/\/www.istegroup.com\/produit\/rfid-nfc-uwb-et-localisation\/#breadcrumb"},"inLanguage":"en-US","potentialAction":[{"@type":"ReadAction","target":["https:\/\/www.istegroup.com\/produit\/rfid-nfc-uwb-et-localisation\/"]}]},{"@type":"ImageObject","inLanguage":"en-US","@id":"https:\/\/www.istegroup.com\/produit\/rfid-nfc-uwb-et-localisation\/#primaryimage","url":"https:\/\/www.istegroup.com\/wp-content\/uploads\/2026\/01\/060_RFID-NFC-UWB-et-localisation_front.jpg","contentUrl":"https:\/\/www.istegroup.com\/wp-content\/uploads\/2026\/01\/060_RFID-NFC-UWB-et-localisation_front.jpg","width":606,"height":912},{"@type":"BreadcrumbList","@id":"https:\/\/www.istegroup.com\/produit\/rfid-nfc-uwb-et-localisation\/#breadcrumb","itemListElement":[{"@type":"ListItem","position":1,"name":"Home","item":"https:\/\/www.istegroup.com\/"},{"@type":"ListItem","position":2,"name":"Shop","item":"https:\/\/www.istegroup.com\/fr\/nouveautes\/"},{"@type":"ListItem","position":3,"name":"RFID, NFC, UWB et localisation"}]},{"@type":"WebSite","@id":"https:\/\/www.istegroup.com\/#website","url":"https:\/\/www.istegroup.com\/","name":"ISTE Group","description":"Publishing Knowledge","potentialAction":[{"@type":"SearchAction","target":{"@type":"EntryPoint","urlTemplate":"https:\/\/www.istegroup.com\/?s={search_term_string}"},"query-input":{"@type":"PropertyValueSpecification","valueRequired":true,"valueName":"search_term_string"}}],"inLanguage":"en-US"}]}},"_links":{"self":[{"href":"https:\/\/www.istegroup.com\/en\/wp-json\/wp\/v2\/product\/62653","targetHints":{"allow":["GET"]}}],"collection":[{"href":"https:\/\/www.istegroup.com\/en\/wp-json\/wp\/v2\/product"}],"about":[{"href":"https:\/\/www.istegroup.com\/en\/wp-json\/wp\/v2\/types\/product"}],"wp:featuredmedia":[{"embeddable":true,"href":"https:\/\/www.istegroup.com\/en\/wp-json\/wp\/v2\/media\/62662"}],"wp:attachment":[{"href":"https:\/\/www.istegroup.com\/en\/wp-json\/wp\/v2\/media?parent=62653"}],"wp:term":[{"taxonomy":"product_brand","embeddable":true,"href":"https:\/\/www.istegroup.com\/en\/wp-json\/wp\/v2\/product_brand?post=62653"},{"taxonomy":"product_cat","embeddable":true,"href":"https:\/\/www.istegroup.com\/en\/wp-json\/wp\/v2\/product_cat?post=62653"},{"taxonomy":"product_tag","embeddable":true,"href":"https:\/\/www.istegroup.com\/en\/wp-json\/wp\/v2\/product_tag?post=62653"}],"curies":[{"name":"wp","href":"https:\/\/api.w.org\/{rel}","templated":true}]}}