{"id":622,"date":"2015-06-21T15:19:47","date_gmt":"2015-06-21T13:19:47","guid":{"rendered":"https:\/\/iste.yhello.co\/product\/systeme-dinformation-et-de-connaissance\/"},"modified":"2024-01-03T13:41:05","modified_gmt":"2024-01-03T13:41:05","slug":"systeme-dinformation-et-de-connaissance","status":"publish","type":"product","link":"https:\/\/www.istegroup.com\/en\/produit\/systeme-dinformation-et-de-connaissance\/","title":{"rendered":"Syst\u00e8me d\u2019information et de connaissance"},"content":{"rendered":"<p>La s\u00e9rie\u00a0<em>Syst\u00e8mes d\u2019information avanc\u00e9s<\/em>\u00a0approfondit les nouvelles formes du SI qui est devenu, avec le num\u00e9rique, le v\u00e9ritable syst\u00e8me nerveux de toute organisation.<\/p>\n<p>Les d\u00e9finitions communes du syst\u00e8me d\u2019information ne distinguent pas clairement les notions d\u2019information et de connaissance, ces termes sont g\u00e9n\u00e9ralement utilis\u00e9s indiff\u00e9remment. C\u2019est notamment le cas pour les projets portant sur les syst\u00e8mes d\u2019information num\u00e9riques (SIN) utilisant les applications du Web 2.0 et du\u00a0<em>big data<\/em>.<\/p>\n<p>Cet ouvrage pr\u00e9sente les risques inh\u00e9rents \u00e0 cette confusion et \u00e9tudie le concept de syst\u00e8me d\u2019information et de connaissance de l\u2019organisation (SICO). Il pr\u00e9cise les conditions et les limites dans lesquelles le savoir peut \u00eatre pens\u00e9 comme un objet et trait\u00e9 comme une information dans les SIN. Les SICO permettent les \u00e9changes de donn\u00e9es, mais aussi de s\u2019assurer du sens qu\u2019elles vont prendre et des interpr\u00e9tations qui vont en \u00eatre faites.<\/p>\n","protected":false},"excerpt":{"rendered":"<p>La s\u00e9rie\u00a0Syst\u00e8mes d\u2019information avanc\u00e9s\u00a0approfondit les nouvelles formes du SI qui est devenu, avec le num\u00e9rique, le v\u00e9ritable syst\u00e8me nerveux de toute organisation. Les d\u00e9finitions communes du syst\u00e8me d\u2019information ne distinguent pas clairement les notions d\u2019information et de connaissance, ces termes sont g\u00e9n\u00e9ralement utilis\u00e9s indiff\u00e9remment. C\u2019est notamment le cas pour les projets portant sur les syst\u00e8mes [&hellip;]<\/p>\n","protected":false},"featured_media":623,"template":"","meta":{"_acf_changed":false,"_links_to":"","_links_to_target":""},"product_brand":[],"product_cat":[722,707],"product_tag":[2332,394,31,196,833,197,198,199,21,200,22,201,2333,203,204,63,25,172,209,292,212,38,192,145,28,2334,2335,1680,2336],"class_list":{"0":"post-622","1":"product","2":"type-product","3":"status-publish","4":"has-post-thumbnail","6":"product_cat-srie-systmes-dinformation-avancs-36251780","7":"product_cat-systmes-dinformation-web-et-socit-12506570","8":"product_tag-camille-rosenthal-sabroux","9":"product_tag-connaissance","10":"product_tag-ebook","11":"product_tag-ebooks","12":"product_tag-information","13":"product_tag-iste","14":"product_tag-iste-edition","15":"product_tag-iste-editions","16":"product_tag-iste-group","17":"product_tag-isteedition","18":"product_tag-istegroup","19":"product_tag-kindle","20":"product_tag-knowledge-management","21":"product_tag-liseuse","22":"product_tag-livre","23":"product_tag-livre-electronique","24":"product_tag-livre-numerique","25":"product_tag-livre-scientifique","26":"product_tag-livres-scientifiques","27":"product_tag-numerique","28":"product_tag-ouvrage","29":"product_tag-ouvrage-numerique","30":"product_tag-ouvrage-science","31":"product_tag-ouvrage-scientifique","32":"product_tag-ouvrage-scientifique-francais","33":"product_tag-pierre-emmanuel-arduin","34":"product_tag-sico","35":"product_tag-systeme","36":"product_tag-systeme-dinformation-et-de-connaissance","38":"first","39":"instock","40":"shipping-taxable","41":"purchasable","42":"product-type-variable"},"acf":[],"yoast_head":"<!-- This site is optimized with the Yoast SEO plugin v27.2 - https:\/\/yoast.com\/product\/yoast-seo-wordpress\/ -->\n<title>Syst\u00e8me d\u2019information et de connaissance - ISTE Group<\/title>\n<meta name=\"robots\" content=\"index, follow, max-snippet:-1, max-image-preview:large, max-video-preview:-1\" \/>\n<link rel=\"canonical\" href=\"https:\/\/www.istegroup.com\/fr\/produit\/systeme-dinformation-et-de-connaissance\/\" \/>\n<meta property=\"og:locale\" content=\"en_US\" \/>\n<meta property=\"og:type\" content=\"article\" \/>\n<meta property=\"og:title\" content=\"Syst\u00e8me d\u2019information et de connaissance - ISTE Group\" \/>\n<meta property=\"og:description\" content=\"La s\u00e9rie\u00a0Syst\u00e8mes d\u2019information avanc\u00e9s\u00a0approfondit les nouvelles formes du SI qui est devenu, avec le num\u00e9rique, le v\u00e9ritable syst\u00e8me nerveux de toute organisation. Les d\u00e9finitions communes du syst\u00e8me d\u2019information ne distinguent pas clairement les notions d\u2019information et de connaissance, ces termes sont g\u00e9n\u00e9ralement utilis\u00e9s indiff\u00e9remment. C\u2019est notamment le cas pour les projets portant sur les syst\u00e8mes [&hellip;]\" \/>\n<meta property=\"og:url\" content=\"https:\/\/www.istegroup.com\/fr\/produit\/systeme-dinformation-et-de-connaissance\/\" \/>\n<meta property=\"og:site_name\" content=\"ISTE Group\" \/>\n<meta property=\"article:modified_time\" content=\"2024-01-03T13:41:05+00:00\" \/>\n<meta property=\"og:image\" content=\"https:\/\/www.istegroup.com\/wp-content\/uploads\/2017\/07\/1723417988_471436484-1.jpg\" \/>\n\t<meta property=\"og:image:width\" content=\"302\" \/>\n\t<meta property=\"og:image:height\" content=\"452\" \/>\n\t<meta property=\"og:image:type\" content=\"image\/jpeg\" \/>\n<meta name=\"twitter:card\" content=\"summary_large_image\" \/>\n<meta name=\"twitter:label1\" content=\"Est. reading time\" \/>\n\t<meta name=\"twitter:data1\" content=\"1 minute\" \/>\n<script type=\"application\/ld+json\" class=\"yoast-schema-graph\">{\"@context\":\"https:\/\/schema.org\",\"@graph\":[{\"@type\":\"WebPage\",\"@id\":\"https:\/\/www.istegroup.com\/fr\/produit\/systeme-dinformation-et-de-connaissance\/\",\"url\":\"https:\/\/www.istegroup.com\/fr\/produit\/systeme-dinformation-et-de-connaissance\/\",\"name\":\"Syst\u00e8me d\u2019information et de connaissance - ISTE Group\",\"isPartOf\":{\"@id\":\"https:\/\/www.istegroup.com\/#website\"},\"primaryImageOfPage\":{\"@id\":\"https:\/\/www.istegroup.com\/fr\/produit\/systeme-dinformation-et-de-connaissance\/#primaryimage\"},\"image\":{\"@id\":\"https:\/\/www.istegroup.com\/fr\/produit\/systeme-dinformation-et-de-connaissance\/#primaryimage\"},\"thumbnailUrl\":\"https:\/\/www.istegroup.com\/wp-content\/uploads\/2017\/07\/1723417988_471436484-1.jpg\",\"datePublished\":\"2015-06-21T13:19:47+00:00\",\"dateModified\":\"2024-01-03T13:41:05+00:00\",\"breadcrumb\":{\"@id\":\"https:\/\/www.istegroup.com\/fr\/produit\/systeme-dinformation-et-de-connaissance\/#breadcrumb\"},\"inLanguage\":\"en-US\",\"potentialAction\":[{\"@type\":\"ReadAction\",\"target\":[\"https:\/\/www.istegroup.com\/fr\/produit\/systeme-dinformation-et-de-connaissance\/\"]}]},{\"@type\":\"ImageObject\",\"inLanguage\":\"en-US\",\"@id\":\"https:\/\/www.istegroup.com\/fr\/produit\/systeme-dinformation-et-de-connaissance\/#primaryimage\",\"url\":\"https:\/\/www.istegroup.com\/wp-content\/uploads\/2017\/07\/1723417988_471436484-1.jpg\",\"contentUrl\":\"https:\/\/www.istegroup.com\/wp-content\/uploads\/2017\/07\/1723417988_471436484-1.jpg\",\"width\":302,\"height\":452,\"caption\":\"Syst\u00e8me d\u2019information et de connaissance\"},{\"@type\":\"BreadcrumbList\",\"@id\":\"https:\/\/www.istegroup.com\/fr\/produit\/systeme-dinformation-et-de-connaissance\/#breadcrumb\",\"itemListElement\":[{\"@type\":\"ListItem\",\"position\":1,\"name\":\"Home\",\"item\":\"https:\/\/www.istegroup.com\/\"},{\"@type\":\"ListItem\",\"position\":2,\"name\":\"Shop\",\"item\":\"https:\/\/www.istegroup.com\/fr\/nouveautes\/\"},{\"@type\":\"ListItem\",\"position\":3,\"name\":\"Syst\u00e8me d\u2019information et de connaissance\"}]},{\"@type\":\"WebSite\",\"@id\":\"https:\/\/www.istegroup.com\/#website\",\"url\":\"https:\/\/www.istegroup.com\/\",\"name\":\"ISTE Group\",\"description\":\"Publishing Knowledge\",\"potentialAction\":[{\"@type\":\"SearchAction\",\"target\":{\"@type\":\"EntryPoint\",\"urlTemplate\":\"https:\/\/www.istegroup.com\/?s={search_term_string}\"},\"query-input\":{\"@type\":\"PropertyValueSpecification\",\"valueRequired\":true,\"valueName\":\"search_term_string\"}}],\"inLanguage\":\"en-US\"}]}<\/script>\n<!-- \/ Yoast SEO plugin. -->","yoast_head_json":{"title":"Syst\u00e8me d\u2019information et de connaissance - ISTE Group","robots":{"index":"index","follow":"follow","max-snippet":"max-snippet:-1","max-image-preview":"max-image-preview:large","max-video-preview":"max-video-preview:-1"},"canonical":"https:\/\/www.istegroup.com\/fr\/produit\/systeme-dinformation-et-de-connaissance\/","og_locale":"en_US","og_type":"article","og_title":"Syst\u00e8me d\u2019information et de connaissance - ISTE Group","og_description":"La s\u00e9rie\u00a0Syst\u00e8mes d\u2019information avanc\u00e9s\u00a0approfondit les nouvelles formes du SI qui est devenu, avec le num\u00e9rique, le v\u00e9ritable syst\u00e8me nerveux de toute organisation. Les d\u00e9finitions communes du syst\u00e8me d\u2019information ne distinguent pas clairement les notions d\u2019information et de connaissance, ces termes sont g\u00e9n\u00e9ralement utilis\u00e9s indiff\u00e9remment. C\u2019est notamment le cas pour les projets portant sur les syst\u00e8mes [&hellip;]","og_url":"https:\/\/www.istegroup.com\/fr\/produit\/systeme-dinformation-et-de-connaissance\/","og_site_name":"ISTE Group","article_modified_time":"2024-01-03T13:41:05+00:00","og_image":[{"width":302,"height":452,"url":"https:\/\/www.istegroup.com\/wp-content\/uploads\/2017\/07\/1723417988_471436484-1.jpg","type":"image\/jpeg"}],"twitter_card":"summary_large_image","twitter_misc":{"Est. reading time":"1 minute"},"schema":{"@context":"https:\/\/schema.org","@graph":[{"@type":"WebPage","@id":"https:\/\/www.istegroup.com\/fr\/produit\/systeme-dinformation-et-de-connaissance\/","url":"https:\/\/www.istegroup.com\/fr\/produit\/systeme-dinformation-et-de-connaissance\/","name":"Syst\u00e8me d\u2019information et de connaissance - ISTE Group","isPartOf":{"@id":"https:\/\/www.istegroup.com\/#website"},"primaryImageOfPage":{"@id":"https:\/\/www.istegroup.com\/fr\/produit\/systeme-dinformation-et-de-connaissance\/#primaryimage"},"image":{"@id":"https:\/\/www.istegroup.com\/fr\/produit\/systeme-dinformation-et-de-connaissance\/#primaryimage"},"thumbnailUrl":"https:\/\/www.istegroup.com\/wp-content\/uploads\/2017\/07\/1723417988_471436484-1.jpg","datePublished":"2015-06-21T13:19:47+00:00","dateModified":"2024-01-03T13:41:05+00:00","breadcrumb":{"@id":"https:\/\/www.istegroup.com\/fr\/produit\/systeme-dinformation-et-de-connaissance\/#breadcrumb"},"inLanguage":"en-US","potentialAction":[{"@type":"ReadAction","target":["https:\/\/www.istegroup.com\/fr\/produit\/systeme-dinformation-et-de-connaissance\/"]}]},{"@type":"ImageObject","inLanguage":"en-US","@id":"https:\/\/www.istegroup.com\/fr\/produit\/systeme-dinformation-et-de-connaissance\/#primaryimage","url":"https:\/\/www.istegroup.com\/wp-content\/uploads\/2017\/07\/1723417988_471436484-1.jpg","contentUrl":"https:\/\/www.istegroup.com\/wp-content\/uploads\/2017\/07\/1723417988_471436484-1.jpg","width":302,"height":452,"caption":"Syst\u00e8me d\u2019information et de connaissance"},{"@type":"BreadcrumbList","@id":"https:\/\/www.istegroup.com\/fr\/produit\/systeme-dinformation-et-de-connaissance\/#breadcrumb","itemListElement":[{"@type":"ListItem","position":1,"name":"Home","item":"https:\/\/www.istegroup.com\/"},{"@type":"ListItem","position":2,"name":"Shop","item":"https:\/\/www.istegroup.com\/fr\/nouveautes\/"},{"@type":"ListItem","position":3,"name":"Syst\u00e8me d\u2019information et de connaissance"}]},{"@type":"WebSite","@id":"https:\/\/www.istegroup.com\/#website","url":"https:\/\/www.istegroup.com\/","name":"ISTE Group","description":"Publishing Knowledge","potentialAction":[{"@type":"SearchAction","target":{"@type":"EntryPoint","urlTemplate":"https:\/\/www.istegroup.com\/?s={search_term_string}"},"query-input":{"@type":"PropertyValueSpecification","valueRequired":true,"valueName":"search_term_string"}}],"inLanguage":"en-US"}]}},"_links":{"self":[{"href":"https:\/\/www.istegroup.com\/en\/wp-json\/wp\/v2\/product\/622","targetHints":{"allow":["GET"]}}],"collection":[{"href":"https:\/\/www.istegroup.com\/en\/wp-json\/wp\/v2\/product"}],"about":[{"href":"https:\/\/www.istegroup.com\/en\/wp-json\/wp\/v2\/types\/product"}],"wp:featuredmedia":[{"embeddable":true,"href":"https:\/\/www.istegroup.com\/en\/wp-json\/wp\/v2\/media\/623"}],"wp:attachment":[{"href":"https:\/\/www.istegroup.com\/en\/wp-json\/wp\/v2\/media?parent=622"}],"wp:term":[{"taxonomy":"product_brand","embeddable":true,"href":"https:\/\/www.istegroup.com\/en\/wp-json\/wp\/v2\/product_brand?post=622"},{"taxonomy":"product_cat","embeddable":true,"href":"https:\/\/www.istegroup.com\/en\/wp-json\/wp\/v2\/product_cat?post=622"},{"taxonomy":"product_tag","embeddable":true,"href":"https:\/\/www.istegroup.com\/en\/wp-json\/wp\/v2\/product_tag?post=622"}],"curies":[{"name":"wp","href":"https:\/\/api.w.org\/{rel}","templated":true}]}}