{"id":62020,"date":"2025-10-24T14:27:09","date_gmt":"2025-10-24T13:27:09","guid":{"rendered":"https:\/\/www.istegroup.com\/?post_type=product&#038;p=62020"},"modified":"2025-11-05T09:00:34","modified_gmt":"2025-11-05T09:00:34","slug":"ruralites-en-anthropocene","status":"publish","type":"product","link":"https:\/\/www.istegroup.com\/en\/produit\/ruralites-en-anthropocene\/","title":{"rendered":"Ruralit\u00e9s en anthropoc\u00e8ne"},"content":{"rendered":"<p>En pla\u00e7ant l\u2019anthropoc\u00e8ne au coeur de cet ouvrage, les contributeurs ont mis l\u2019Homme au centre de l\u2019acte d\u2019\u00e9ducation. Dans cette nouvelle \u00e8re g\u00e9ologique, les femmes et les hommes sont consid\u00e9r\u00e9s comme la cause premi\u00e8re du devenir du monde, dont ils sont reconnus \u00e0 la fois ins\u00e9parables et responsables.<\/p>\n<p>Les chapitres de cet ouvrage collectif s\u2019int\u00e9ressent, de mani\u00e8re exhaustive et m\u00e9thodique, aux enjeux \u00e9ducatifs \u00e0 travers une conception de l\u2019\u00e9ducation qui d\u00e9passe le seul cadre de l\u2019institution scolaire, en s\u2019int\u00e9ressant particuli\u00e8rement aux territoires ruraux. Leur point commun r\u00e9side dans la variation des \u00e9chelles de r\u00e9f\u00e9rence, r\u00e9v\u00e9lant ainsi la diversit\u00e9 des contextes et des approches.<\/p>\n<p>Les espaces ruraux se trouvent au coeur de la probl\u00e9matique environnementale car ils sont directement li\u00e9s \u00e0 l\u2019alimentation, \u00e0 l\u2019exploitation des ressources naturelles ou \u00e0 l\u2019usage de produits toxiques pour la biodiversit\u00e9. Ils sont \u00e9galement porteurs des traditions patrimoniales o\u00f9 se trouvent des solutions alternatives, \u00e0 la fois locales et globales.<\/p>\n","protected":false},"excerpt":{"rendered":"<p>En pla\u00e7ant l\u2019anthropoc\u00e8ne au coeur de cet ouvrage, les contributeurs ont mis l\u2019Homme au centre de l\u2019acte d\u2019\u00e9ducation. Dans cette nouvelle \u00e8re g\u00e9ologique, les femmes et les hommes sont consid\u00e9r\u00e9s comme la cause premi\u00e8re du devenir du monde, dont ils sont reconnus \u00e0 la fois ins\u00e9parables et responsables. Les chapitres de cet ouvrage collectif s\u2019int\u00e9ressent, [&hellip;]<\/p>\n","protected":false},"featured_media":62028,"template":"","meta":{"_acf_changed":false,"_links_to":"","_links_to_target":""},"product_brand":[],"product_cat":[669],"product_tag":[],"class_list":{"0":"post-62020","1":"product","2":"type-product","3":"status-publish","4":"has-post-thumbnail","6":"product_cat-innovation-en-sciences-de-lducation-433942033","8":"first","9":"instock","10":"shipping-taxable","11":"purchasable","12":"product-type-variable"},"acf":[],"yoast_head":"<!-- This site is optimized with the Yoast SEO plugin v27.2 - https:\/\/yoast.com\/product\/yoast-seo-wordpress\/ -->\n<title>Ruralit\u00e9s en anthropoc\u00e8ne - ISTE Group<\/title>\n<meta name=\"description\" content=\"En pla\u00e7ant l\u2019anthropoc\u00e8ne au coeur de cet ouvrage, les contributeurs ont mis l\u2019Homme au centre de l\u2019acte d\u2019\u00e9ducation. Dans cette nouvelle \u00e8re g\u00e9ologique, les femmes et les hommes sont consid\u00e9r\u00e9s comme la cause premi\u00e8re du devenir du monde, dont ils sont reconnus \u00e0 la fois ins\u00e9parables et responsables.\" \/>\n<meta name=\"robots\" content=\"index, follow, max-snippet:-1, max-image-preview:large, max-video-preview:-1\" \/>\n<link rel=\"canonical\" href=\"https:\/\/www.istegroup.com\/produit\/ruralites-en-anthropocene\/\" \/>\n<meta property=\"og:locale\" content=\"en_US\" \/>\n<meta property=\"og:type\" content=\"article\" \/>\n<meta property=\"og:title\" content=\"Ruralit\u00e9s en anthropoc\u00e8ne - ISTE Group\" \/>\n<meta property=\"og:description\" content=\"En pla\u00e7ant l\u2019anthropoc\u00e8ne au coeur de cet ouvrage, les contributeurs ont mis l\u2019Homme au centre de l\u2019acte d\u2019\u00e9ducation. Dans cette nouvelle \u00e8re g\u00e9ologique, les femmes et les hommes sont consid\u00e9r\u00e9s comme la cause premi\u00e8re du devenir du monde, dont ils sont reconnus \u00e0 la fois ins\u00e9parables et responsables.\" \/>\n<meta property=\"og:url\" content=\"https:\/\/www.istegroup.com\/produit\/ruralites-en-anthropocene\/\" \/>\n<meta property=\"og:site_name\" content=\"ISTE Group\" \/>\n<meta property=\"article:modified_time\" content=\"2025-11-05T09:00:34+00:00\" \/>\n<meta property=\"og:image\" content=\"https:\/\/www.istegroup.com\/wp-content\/uploads\/2025\/10\/Ruralites-en-anthropocene.jpg\" \/>\n\t<meta property=\"og:image:width\" content=\"607\" \/>\n\t<meta property=\"og:image:height\" content=\"910\" \/>\n\t<meta property=\"og:image:type\" content=\"image\/jpeg\" \/>\n<meta name=\"twitter:card\" content=\"summary_large_image\" \/>\n<meta name=\"twitter:label1\" content=\"Est. reading time\" \/>\n\t<meta name=\"twitter:data1\" content=\"1 minute\" \/>\n<script type=\"application\/ld+json\" class=\"yoast-schema-graph\">{\"@context\":\"https:\/\/schema.org\",\"@graph\":[{\"@type\":\"WebPage\",\"@id\":\"https:\/\/www.istegroup.com\/produit\/ruralites-en-anthropocene\/\",\"url\":\"https:\/\/www.istegroup.com\/produit\/ruralites-en-anthropocene\/\",\"name\":\"Ruralit\u00e9s en anthropoc\u00e8ne - ISTE Group\",\"isPartOf\":{\"@id\":\"https:\/\/www.istegroup.com\/#website\"},\"primaryImageOfPage\":{\"@id\":\"https:\/\/www.istegroup.com\/produit\/ruralites-en-anthropocene\/#primaryimage\"},\"image\":{\"@id\":\"https:\/\/www.istegroup.com\/produit\/ruralites-en-anthropocene\/#primaryimage\"},\"thumbnailUrl\":\"https:\/\/www.istegroup.com\/wp-content\/uploads\/2025\/10\/Ruralites-en-anthropocene.jpg\",\"datePublished\":\"2025-10-24T13:27:09+00:00\",\"dateModified\":\"2025-11-05T09:00:34+00:00\",\"description\":\"En pla\u00e7ant l\u2019anthropoc\u00e8ne au coeur de cet ouvrage, les contributeurs ont mis l\u2019Homme au centre de l\u2019acte d\u2019\u00e9ducation. Dans cette nouvelle \u00e8re g\u00e9ologique, les femmes et les hommes sont consid\u00e9r\u00e9s comme la cause premi\u00e8re du devenir du monde, dont ils sont reconnus \u00e0 la fois ins\u00e9parables et responsables.\",\"breadcrumb\":{\"@id\":\"https:\/\/www.istegroup.com\/produit\/ruralites-en-anthropocene\/#breadcrumb\"},\"inLanguage\":\"en-US\",\"potentialAction\":[{\"@type\":\"ReadAction\",\"target\":[\"https:\/\/www.istegroup.com\/produit\/ruralites-en-anthropocene\/\"]}]},{\"@type\":\"ImageObject\",\"inLanguage\":\"en-US\",\"@id\":\"https:\/\/www.istegroup.com\/produit\/ruralites-en-anthropocene\/#primaryimage\",\"url\":\"https:\/\/www.istegroup.com\/wp-content\/uploads\/2025\/10\/Ruralites-en-anthropocene.jpg\",\"contentUrl\":\"https:\/\/www.istegroup.com\/wp-content\/uploads\/2025\/10\/Ruralites-en-anthropocene.jpg\",\"width\":607,\"height\":910},{\"@type\":\"BreadcrumbList\",\"@id\":\"https:\/\/www.istegroup.com\/produit\/ruralites-en-anthropocene\/#breadcrumb\",\"itemListElement\":[{\"@type\":\"ListItem\",\"position\":1,\"name\":\"Home\",\"item\":\"https:\/\/www.istegroup.com\/\"},{\"@type\":\"ListItem\",\"position\":2,\"name\":\"Shop\",\"item\":\"https:\/\/www.istegroup.com\/fr\/nouveautes\/\"},{\"@type\":\"ListItem\",\"position\":3,\"name\":\"Ruralit\u00e9s en anthropoc\u00e8ne\"}]},{\"@type\":\"WebSite\",\"@id\":\"https:\/\/www.istegroup.com\/#website\",\"url\":\"https:\/\/www.istegroup.com\/\",\"name\":\"ISTE Group\",\"description\":\"Publishing Knowledge\",\"potentialAction\":[{\"@type\":\"SearchAction\",\"target\":{\"@type\":\"EntryPoint\",\"urlTemplate\":\"https:\/\/www.istegroup.com\/?s={search_term_string}\"},\"query-input\":{\"@type\":\"PropertyValueSpecification\",\"valueRequired\":true,\"valueName\":\"search_term_string\"}}],\"inLanguage\":\"en-US\"}]}<\/script>\n<!-- \/ Yoast SEO plugin. -->","yoast_head_json":{"title":"Ruralit\u00e9s en anthropoc\u00e8ne - ISTE Group","description":"En pla\u00e7ant l\u2019anthropoc\u00e8ne au coeur de cet ouvrage, les contributeurs ont mis l\u2019Homme au centre de l\u2019acte d\u2019\u00e9ducation. Dans cette nouvelle \u00e8re g\u00e9ologique, les femmes et les hommes sont consid\u00e9r\u00e9s comme la cause premi\u00e8re du devenir du monde, dont ils sont reconnus \u00e0 la fois ins\u00e9parables et responsables.","robots":{"index":"index","follow":"follow","max-snippet":"max-snippet:-1","max-image-preview":"max-image-preview:large","max-video-preview":"max-video-preview:-1"},"canonical":"https:\/\/www.istegroup.com\/produit\/ruralites-en-anthropocene\/","og_locale":"en_US","og_type":"article","og_title":"Ruralit\u00e9s en anthropoc\u00e8ne - ISTE Group","og_description":"En pla\u00e7ant l\u2019anthropoc\u00e8ne au coeur de cet ouvrage, les contributeurs ont mis l\u2019Homme au centre de l\u2019acte d\u2019\u00e9ducation. Dans cette nouvelle \u00e8re g\u00e9ologique, les femmes et les hommes sont consid\u00e9r\u00e9s comme la cause premi\u00e8re du devenir du monde, dont ils sont reconnus \u00e0 la fois ins\u00e9parables et responsables.","og_url":"https:\/\/www.istegroup.com\/produit\/ruralites-en-anthropocene\/","og_site_name":"ISTE Group","article_modified_time":"2025-11-05T09:00:34+00:00","og_image":[{"width":607,"height":910,"url":"https:\/\/www.istegroup.com\/wp-content\/uploads\/2025\/10\/Ruralites-en-anthropocene.jpg","type":"image\/jpeg"}],"twitter_card":"summary_large_image","twitter_misc":{"Est. reading time":"1 minute"},"schema":{"@context":"https:\/\/schema.org","@graph":[{"@type":"WebPage","@id":"https:\/\/www.istegroup.com\/produit\/ruralites-en-anthropocene\/","url":"https:\/\/www.istegroup.com\/produit\/ruralites-en-anthropocene\/","name":"Ruralit\u00e9s en anthropoc\u00e8ne - ISTE Group","isPartOf":{"@id":"https:\/\/www.istegroup.com\/#website"},"primaryImageOfPage":{"@id":"https:\/\/www.istegroup.com\/produit\/ruralites-en-anthropocene\/#primaryimage"},"image":{"@id":"https:\/\/www.istegroup.com\/produit\/ruralites-en-anthropocene\/#primaryimage"},"thumbnailUrl":"https:\/\/www.istegroup.com\/wp-content\/uploads\/2025\/10\/Ruralites-en-anthropocene.jpg","datePublished":"2025-10-24T13:27:09+00:00","dateModified":"2025-11-05T09:00:34+00:00","description":"En pla\u00e7ant l\u2019anthropoc\u00e8ne au coeur de cet ouvrage, les contributeurs ont mis l\u2019Homme au centre de l\u2019acte d\u2019\u00e9ducation. Dans cette nouvelle \u00e8re g\u00e9ologique, les femmes et les hommes sont consid\u00e9r\u00e9s comme la cause premi\u00e8re du devenir du monde, dont ils sont reconnus \u00e0 la fois ins\u00e9parables et responsables.","breadcrumb":{"@id":"https:\/\/www.istegroup.com\/produit\/ruralites-en-anthropocene\/#breadcrumb"},"inLanguage":"en-US","potentialAction":[{"@type":"ReadAction","target":["https:\/\/www.istegroup.com\/produit\/ruralites-en-anthropocene\/"]}]},{"@type":"ImageObject","inLanguage":"en-US","@id":"https:\/\/www.istegroup.com\/produit\/ruralites-en-anthropocene\/#primaryimage","url":"https:\/\/www.istegroup.com\/wp-content\/uploads\/2025\/10\/Ruralites-en-anthropocene.jpg","contentUrl":"https:\/\/www.istegroup.com\/wp-content\/uploads\/2025\/10\/Ruralites-en-anthropocene.jpg","width":607,"height":910},{"@type":"BreadcrumbList","@id":"https:\/\/www.istegroup.com\/produit\/ruralites-en-anthropocene\/#breadcrumb","itemListElement":[{"@type":"ListItem","position":1,"name":"Home","item":"https:\/\/www.istegroup.com\/"},{"@type":"ListItem","position":2,"name":"Shop","item":"https:\/\/www.istegroup.com\/fr\/nouveautes\/"},{"@type":"ListItem","position":3,"name":"Ruralit\u00e9s en anthropoc\u00e8ne"}]},{"@type":"WebSite","@id":"https:\/\/www.istegroup.com\/#website","url":"https:\/\/www.istegroup.com\/","name":"ISTE Group","description":"Publishing Knowledge","potentialAction":[{"@type":"SearchAction","target":{"@type":"EntryPoint","urlTemplate":"https:\/\/www.istegroup.com\/?s={search_term_string}"},"query-input":{"@type":"PropertyValueSpecification","valueRequired":true,"valueName":"search_term_string"}}],"inLanguage":"en-US"}]}},"_links":{"self":[{"href":"https:\/\/www.istegroup.com\/en\/wp-json\/wp\/v2\/product\/62020","targetHints":{"allow":["GET"]}}],"collection":[{"href":"https:\/\/www.istegroup.com\/en\/wp-json\/wp\/v2\/product"}],"about":[{"href":"https:\/\/www.istegroup.com\/en\/wp-json\/wp\/v2\/types\/product"}],"wp:featuredmedia":[{"embeddable":true,"href":"https:\/\/www.istegroup.com\/en\/wp-json\/wp\/v2\/media\/62028"}],"wp:attachment":[{"href":"https:\/\/www.istegroup.com\/en\/wp-json\/wp\/v2\/media?parent=62020"}],"wp:term":[{"taxonomy":"product_brand","embeddable":true,"href":"https:\/\/www.istegroup.com\/en\/wp-json\/wp\/v2\/product_brand?post=62020"},{"taxonomy":"product_cat","embeddable":true,"href":"https:\/\/www.istegroup.com\/en\/wp-json\/wp\/v2\/product_cat?post=62020"},{"taxonomy":"product_tag","embeddable":true,"href":"https:\/\/www.istegroup.com\/en\/wp-json\/wp\/v2\/product_tag?post=62020"}],"curies":[{"name":"wp","href":"https:\/\/api.w.org\/{rel}","templated":true}]}}