{"id":62,"date":"2017-07-28T10:00:13","date_gmt":"2017-07-28T08:00:13","guid":{"rendered":"http:\/\/iste.yhello.co\/product\/actions-collaboratives-pour-la-sante-des-habitants\/"},"modified":"2024-01-03T13:38:29","modified_gmt":"2024-01-03T13:38:29","slug":"actions-collaboratives-pour-la-sante-des-habitants","status":"publish","type":"product","link":"https:\/\/www.istegroup.com\/en\/produit\/actions-collaboratives-pour-la-sante-des-habitants\/","title":{"rendered":"Actions collaboratives pour la sant\u00e9 des habitants"},"content":{"rendered":"<p>Dans sa r\u00e9cente d\u00e9claration de Shanghai, trente ans apr\u00e8s<br \/>\nla Charte d\u2019Ottawa, l\u2019Organisation mondiale de la sant\u00e9 encourage fermement le d\u00e9veloppement de la citoyennet\u00e9 pour ce qui touche \u00e0 un int\u00e9r\u00eat partag\u00e9 : le bien-\u00eatre.<\/p>\n<p>La n\u00e9cessit\u00e9 du vivre ensemble suppose que les individus et les politiques publiques soient en mesure d\u2019aller au-del\u00e0 de leurs propres int\u00e9r\u00eats afin d\u2019adh\u00e9rer \u00e0 une cause commune : maintenir et am\u00e9liorer le bien-\u00eatre pour tous. Dans une approche populationnelle,\u00a0<em>Actions collaboratives pour la sant\u00e9 des habitants<\/em>\u00a0propose une nouvelle culture de la gouvernance rassemblant des acteurs issus de multiples secteurs qui osent et coop\u00e8rent ensemble afin de promouvoir cette vision de la sant\u00e9 publique.<\/p>\n<p>Cet ouvrage propose des outils et m\u00e9thodes visant \u00e0 formaliser l\u2019expertise d\u2019usage et le v\u00e9cu des habitants en termes d\u2019am\u00e9lioration du bien-\u00eatre et du cadre de vie.<br \/>\nAu travers du triptyque \u00ab sant\u00e9, social, spatial \u00bb, de nouvelles formes de participation et d\u2019initiative citoyenne comme le projet MOUV \u00e0 Nice sont expos\u00e9es.<\/p>","protected":false},"excerpt":{"rendered":"<p>Dans sa r\u00e9cente d\u00e9claration de Shanghai, trente ans apr\u00e8s la Charte d\u2019Ottawa, l\u2019Organisation mondiale de la sant\u00e9 encourage fermement le d\u00e9veloppement de la citoyennet\u00e9 pour ce qui touche \u00e0 un int\u00e9r\u00eat partag\u00e9 : le bien-\u00eatre. La n\u00e9cessit\u00e9 du vivre ensemble suppose que les individus et les politiques publiques soient en mesure d\u2019aller au-del\u00e0 de leurs [&hellip;]<\/p>\n","protected":false},"featured_media":49517,"template":"","meta":{"_acf_changed":false,"_links_to":"","_links_to_target":""},"product_brand":[],"product_cat":[3259],"product_tag":[],"class_list":{"0":"post-62","1":"product","2":"type-product","3":"status-publish","4":"has-post-thumbnail","6":"product_cat-uncategorized","8":"first","9":"instock","10":"shipping-taxable","11":"purchasable","12":"product-type-variable"},"acf":[],"yoast_head":"<!-- This site is optimized with the Yoast SEO plugin v27.2 - https:\/\/yoast.com\/product\/yoast-seo-wordpress\/ -->\n<title>Actions collaboratives pour la sant\u00e9 des habitants - ISTE Group<\/title>\n<meta name=\"description\" content=\"Actions collaboratives pour la sant\u00e9 des habitants\u00a0propose une nouvelle culture de la gouvernance rassemblant des acteurs issus de multiples secteurs.\" \/>\n<meta name=\"robots\" content=\"index, follow, max-snippet:-1, max-image-preview:large, max-video-preview:-1\" \/>\n<link rel=\"canonical\" href=\"https:\/\/www.istegroup.com\/en\/produit\/actions-collaboratives-pour-la-sante-des-habitants\/\" \/>\n<meta property=\"og:locale\" content=\"en_US\" \/>\n<meta property=\"og:type\" content=\"article\" \/>\n<meta property=\"og:title\" content=\"Actions collaboratives pour la sant\u00e9 des habitants - ISTE Group\" \/>\n<meta property=\"og:description\" content=\"Actions collaboratives pour la sant\u00e9 des habitants\u00a0propose une nouvelle culture de la gouvernance rassemblant des acteurs issus de multiples secteurs.\" \/>\n<meta property=\"og:url\" content=\"https:\/\/www.istegroup.com\/en\/produit\/actions-collaboratives-pour-la-sante-des-habitants\/\" \/>\n<meta property=\"og:site_name\" content=\"ISTE Group\" \/>\n<meta property=\"article:modified_time\" content=\"2024-01-03T13:38:29+00:00\" \/>\n<meta property=\"og:image\" content=\"https:\/\/www.istegroup.com\/wp-content\/uploads\/2023\/01\/Actions-collaboratives-pour-la-sante-des-habitants.jpg\" \/>\n\t<meta property=\"og:image:width\" content=\"597\" \/>\n\t<meta property=\"og:image:height\" content=\"900\" \/>\n\t<meta property=\"og:image:type\" content=\"image\/jpeg\" \/>\n<meta name=\"twitter:card\" content=\"summary_large_image\" \/>\n<meta name=\"twitter:label1\" content=\"Est. reading time\" \/>\n\t<meta name=\"twitter:data1\" content=\"2 minutes\" \/>\n<script type=\"application\/ld+json\" class=\"yoast-schema-graph\">{\"@context\":\"https:\/\/schema.org\",\"@graph\":[{\"@type\":\"WebPage\",\"@id\":\"https:\/\/www.istegroup.com\/en\/produit\/actions-collaboratives-pour-la-sante-des-habitants\/\",\"url\":\"https:\/\/www.istegroup.com\/en\/produit\/actions-collaboratives-pour-la-sante-des-habitants\/\",\"name\":\"Actions collaboratives pour la sant\u00e9 des habitants - ISTE Group\",\"isPartOf\":{\"@id\":\"https:\/\/www.istegroup.com\/#website\"},\"primaryImageOfPage\":{\"@id\":\"https:\/\/www.istegroup.com\/en\/produit\/actions-collaboratives-pour-la-sante-des-habitants\/#primaryimage\"},\"image\":{\"@id\":\"https:\/\/www.istegroup.com\/en\/produit\/actions-collaboratives-pour-la-sante-des-habitants\/#primaryimage\"},\"thumbnailUrl\":\"https:\/\/www.istegroup.com\/wp-content\/uploads\/2023\/01\/Actions-collaboratives-pour-la-sante-des-habitants.jpg\",\"datePublished\":\"2017-07-28T08:00:13+00:00\",\"dateModified\":\"2024-01-03T13:38:29+00:00\",\"description\":\"Actions collaboratives pour la sant\u00e9 des habitants\u00a0propose une nouvelle culture de la gouvernance rassemblant des acteurs issus de multiples secteurs.\",\"breadcrumb\":{\"@id\":\"https:\/\/www.istegroup.com\/en\/produit\/actions-collaboratives-pour-la-sante-des-habitants\/#breadcrumb\"},\"inLanguage\":\"en-US\",\"potentialAction\":[{\"@type\":\"ReadAction\",\"target\":[\"https:\/\/www.istegroup.com\/en\/produit\/actions-collaboratives-pour-la-sante-des-habitants\/\"]}]},{\"@type\":\"ImageObject\",\"inLanguage\":\"en-US\",\"@id\":\"https:\/\/www.istegroup.com\/en\/produit\/actions-collaboratives-pour-la-sante-des-habitants\/#primaryimage\",\"url\":\"https:\/\/www.istegroup.com\/wp-content\/uploads\/2023\/01\/Actions-collaboratives-pour-la-sante-des-habitants.jpg\",\"contentUrl\":\"https:\/\/www.istegroup.com\/wp-content\/uploads\/2023\/01\/Actions-collaboratives-pour-la-sante-des-habitants.jpg\",\"width\":597,\"height\":900,\"caption\":\"Livre scientifique - Actions collaboratives pour la sant\u00e9 des habitants\"},{\"@type\":\"BreadcrumbList\",\"@id\":\"https:\/\/www.istegroup.com\/en\/produit\/actions-collaboratives-pour-la-sante-des-habitants\/#breadcrumb\",\"itemListElement\":[{\"@type\":\"ListItem\",\"position\":1,\"name\":\"Home\",\"item\":\"https:\/\/www.istegroup.com\/\"},{\"@type\":\"ListItem\",\"position\":2,\"name\":\"Shop\",\"item\":\"https:\/\/www.istegroup.com\/fr\/nouveautes\/\"},{\"@type\":\"ListItem\",\"position\":3,\"name\":\"Actions collaboratives pour la sant\u00e9 des habitants\"}]},{\"@type\":\"WebSite\",\"@id\":\"https:\/\/www.istegroup.com\/#website\",\"url\":\"https:\/\/www.istegroup.com\/\",\"name\":\"ISTE Group\",\"description\":\"Publishing Knowledge\",\"potentialAction\":[{\"@type\":\"SearchAction\",\"target\":{\"@type\":\"EntryPoint\",\"urlTemplate\":\"https:\/\/www.istegroup.com\/?s={search_term_string}\"},\"query-input\":{\"@type\":\"PropertyValueSpecification\",\"valueRequired\":true,\"valueName\":\"search_term_string\"}}],\"inLanguage\":\"en-US\"}]}<\/script>\n<!-- \/ Yoast SEO plugin. -->","yoast_head_json":{"title":"Actions collaboratives pour la sant\u00e9 des habitants - ISTE Group","description":"Actions collaboratives pour la sant\u00e9 des habitants\u00a0propose une nouvelle culture de la gouvernance rassemblant des acteurs issus de multiples secteurs.","robots":{"index":"index","follow":"follow","max-snippet":"max-snippet:-1","max-image-preview":"max-image-preview:large","max-video-preview":"max-video-preview:-1"},"canonical":"https:\/\/www.istegroup.com\/en\/produit\/actions-collaboratives-pour-la-sante-des-habitants\/","og_locale":"en_US","og_type":"article","og_title":"Actions collaboratives pour la sant\u00e9 des habitants - ISTE Group","og_description":"Actions collaboratives pour la sant\u00e9 des habitants\u00a0propose une nouvelle culture de la gouvernance rassemblant des acteurs issus de multiples secteurs.","og_url":"https:\/\/www.istegroup.com\/en\/produit\/actions-collaboratives-pour-la-sante-des-habitants\/","og_site_name":"ISTE Group","article_modified_time":"2024-01-03T13:38:29+00:00","og_image":[{"width":597,"height":900,"url":"https:\/\/www.istegroup.com\/wp-content\/uploads\/2023\/01\/Actions-collaboratives-pour-la-sante-des-habitants.jpg","type":"image\/jpeg"}],"twitter_card":"summary_large_image","twitter_misc":{"Est. reading time":"2 minutes"},"schema":{"@context":"https:\/\/schema.org","@graph":[{"@type":"WebPage","@id":"https:\/\/www.istegroup.com\/en\/produit\/actions-collaboratives-pour-la-sante-des-habitants\/","url":"https:\/\/www.istegroup.com\/en\/produit\/actions-collaboratives-pour-la-sante-des-habitants\/","name":"Actions collaboratives pour la sant\u00e9 des habitants - ISTE Group","isPartOf":{"@id":"https:\/\/www.istegroup.com\/#website"},"primaryImageOfPage":{"@id":"https:\/\/www.istegroup.com\/en\/produit\/actions-collaboratives-pour-la-sante-des-habitants\/#primaryimage"},"image":{"@id":"https:\/\/www.istegroup.com\/en\/produit\/actions-collaboratives-pour-la-sante-des-habitants\/#primaryimage"},"thumbnailUrl":"https:\/\/www.istegroup.com\/wp-content\/uploads\/2023\/01\/Actions-collaboratives-pour-la-sante-des-habitants.jpg","datePublished":"2017-07-28T08:00:13+00:00","dateModified":"2024-01-03T13:38:29+00:00","description":"Actions collaboratives pour la sant\u00e9 des habitants\u00a0propose une nouvelle culture de la gouvernance rassemblant des acteurs issus de multiples secteurs.","breadcrumb":{"@id":"https:\/\/www.istegroup.com\/en\/produit\/actions-collaboratives-pour-la-sante-des-habitants\/#breadcrumb"},"inLanguage":"en-US","potentialAction":[{"@type":"ReadAction","target":["https:\/\/www.istegroup.com\/en\/produit\/actions-collaboratives-pour-la-sante-des-habitants\/"]}]},{"@type":"ImageObject","inLanguage":"en-US","@id":"https:\/\/www.istegroup.com\/en\/produit\/actions-collaboratives-pour-la-sante-des-habitants\/#primaryimage","url":"https:\/\/www.istegroup.com\/wp-content\/uploads\/2023\/01\/Actions-collaboratives-pour-la-sante-des-habitants.jpg","contentUrl":"https:\/\/www.istegroup.com\/wp-content\/uploads\/2023\/01\/Actions-collaboratives-pour-la-sante-des-habitants.jpg","width":597,"height":900,"caption":"Livre scientifique - Actions collaboratives pour la sant\u00e9 des habitants"},{"@type":"BreadcrumbList","@id":"https:\/\/www.istegroup.com\/en\/produit\/actions-collaboratives-pour-la-sante-des-habitants\/#breadcrumb","itemListElement":[{"@type":"ListItem","position":1,"name":"Home","item":"https:\/\/www.istegroup.com\/"},{"@type":"ListItem","position":2,"name":"Shop","item":"https:\/\/www.istegroup.com\/fr\/nouveautes\/"},{"@type":"ListItem","position":3,"name":"Actions collaboratives pour la sant\u00e9 des habitants"}]},{"@type":"WebSite","@id":"https:\/\/www.istegroup.com\/#website","url":"https:\/\/www.istegroup.com\/","name":"ISTE Group","description":"Publishing Knowledge","potentialAction":[{"@type":"SearchAction","target":{"@type":"EntryPoint","urlTemplate":"https:\/\/www.istegroup.com\/?s={search_term_string}"},"query-input":{"@type":"PropertyValueSpecification","valueRequired":true,"valueName":"search_term_string"}}],"inLanguage":"en-US"}]}},"_links":{"self":[{"href":"https:\/\/www.istegroup.com\/en\/wp-json\/wp\/v2\/product\/62","targetHints":{"allow":["GET"]}}],"collection":[{"href":"https:\/\/www.istegroup.com\/en\/wp-json\/wp\/v2\/product"}],"about":[{"href":"https:\/\/www.istegroup.com\/en\/wp-json\/wp\/v2\/types\/product"}],"wp:featuredmedia":[{"embeddable":true,"href":"https:\/\/www.istegroup.com\/en\/wp-json\/wp\/v2\/media\/49517"}],"wp:attachment":[{"href":"https:\/\/www.istegroup.com\/en\/wp-json\/wp\/v2\/media?parent=62"}],"wp:term":[{"taxonomy":"product_brand","embeddable":true,"href":"https:\/\/www.istegroup.com\/en\/wp-json\/wp\/v2\/product_brand?post=62"},{"taxonomy":"product_cat","embeddable":true,"href":"https:\/\/www.istegroup.com\/en\/wp-json\/wp\/v2\/product_cat?post=62"},{"taxonomy":"product_tag","embeddable":true,"href":"https:\/\/www.istegroup.com\/en\/wp-json\/wp\/v2\/product_tag?post=62"}],"curies":[{"name":"wp","href":"https:\/\/api.w.org\/{rel}","templated":true}]}}