{"id":61994,"date":"2025-10-24T13:52:53","date_gmt":"2025-10-24T12:52:53","guid":{"rendered":"https:\/\/www.istegroup.com\/?post_type=product&#038;p=61994"},"modified":"2026-02-23T10:22:28","modified_gmt":"2026-02-23T10:22:28","slug":"linnovation-sociale-par-le-design-en-sante-1","status":"publish","type":"product","link":"https:\/\/www.istegroup.com\/en\/produit\/linnovation-sociale-par-le-design-en-sante-1\/","title":{"rendered":"L\u2019innovation sociale par le design en sant\u00e9 1"},"content":{"rendered":"<p>Face aux enjeux actuels du secteur de la sant\u00e9, il est n\u00e9cessaire de renouveler les pratiques de gestion et de soin. Dans cette perspective, cet ouvrage r\u00e9unit les analyses d\u2019experts acad\u00e9miques et professionnels en management, en sant\u00e9 et en design. Il met l\u2019accent sur l\u2019innovation sociale par le design comme levier de transformation du secteur.<\/p>\n<p>Le design, en tant que discipline de conception, permet d\u2019am\u00e9liorer les interactions entre les multiples dimensions du syst\u00e8me de soins en proposant des solutions tenant compte des besoins et des valeurs des patients, tout en respectant les contraintes des professionnels de sant\u00e9. Cette approche offre aux acteurs du secteur la possibilit\u00e9 de formuler de nouvelles questions centr\u00e9es sur l\u2019humain et de construire des r\u00e9ponses innovantes en collaboration avec des experts issus de disciplines vari\u00e9es.<\/p>\n<p>En plus de la pr\u00e9sentation du cadre conceptuel du th\u00e8me de l\u2019ouvrage, ce volume expose des pistes concr\u00e8tes pour mettre en oeuvre l\u2019innovation sociale par le design dans le domaine de la sant\u00e9.<\/p>\n","protected":false},"excerpt":{"rendered":"<p>Face aux enjeux actuels du secteur de la sant\u00e9, il est n\u00e9cessaire de renouveler les pratiques de gestion et de soin. Dans cette perspective, cet ouvrage r\u00e9unit les analyses d\u2019experts acad\u00e9miques et professionnels en management, en sant\u00e9 et en design. Il met l\u2019accent sur l\u2019innovation sociale par le design comme levier de transformation du secteur. [&hellip;]<\/p>\n","protected":false},"featured_media":62003,"template":"","meta":{"_acf_changed":false,"_links_to":"","_links_to_target":""},"product_brand":[],"product_cat":[670],"product_tag":[],"class_list":{"0":"post-61994","1":"product","2":"type-product","3":"status-publish","4":"has-post-thumbnail","6":"product_cat-innovation-entrepreneuriat-et-gestion-11041751","8":"first","9":"instock","10":"shipping-taxable","11":"purchasable","12":"product-type-variable"},"acf":[],"yoast_head":"<!-- This site is optimized with the Yoast SEO plugin v27.2 - https:\/\/yoast.com\/product\/yoast-seo-wordpress\/ -->\n<title>L\u2019innovation sociale par le design en sant\u00e9 1 - ISTE Group<\/title>\n<meta name=\"description\" content=\"Cet ouvrage r\u00e9unit les analyses d\u2019experts acad\u00e9miques et professionnels en management, en sant\u00e9 et en design. Il met l\u2019accent sur l\u2019innovation sociale par le design comme levier de transformation du secteur.\" \/>\n<meta name=\"robots\" content=\"index, follow, max-snippet:-1, max-image-preview:large, max-video-preview:-1\" \/>\n<link rel=\"canonical\" href=\"https:\/\/www.istegroup.com\/produit\/linnovation-sociale-par-le-design-en-sante-1\/\" \/>\n<meta property=\"og:locale\" content=\"en_US\" \/>\n<meta property=\"og:type\" content=\"article\" \/>\n<meta property=\"og:title\" content=\"L\u2019innovation sociale par le design en sant\u00e9 1 - ISTE Group\" \/>\n<meta property=\"og:description\" content=\"Cet ouvrage r\u00e9unit les analyses d\u2019experts acad\u00e9miques et professionnels en management, en sant\u00e9 et en design. Il met l\u2019accent sur l\u2019innovation sociale par le design comme levier de transformation du secteur.\" \/>\n<meta property=\"og:url\" content=\"https:\/\/www.istegroup.com\/produit\/linnovation-sociale-par-le-design-en-sante-1\/\" \/>\n<meta property=\"og:site_name\" content=\"ISTE Group\" \/>\n<meta property=\"article:modified_time\" content=\"2026-02-23T10:22:28+00:00\" \/>\n<meta property=\"og:image\" content=\"https:\/\/www.istegroup.com\/wp-content\/uploads\/2025\/10\/Linnovation-sociale-par-le-design-en-sante-1.jpg\" \/>\n\t<meta property=\"og:image:width\" content=\"605\" \/>\n\t<meta property=\"og:image:height\" content=\"908\" \/>\n\t<meta property=\"og:image:type\" content=\"image\/jpeg\" \/>\n<meta name=\"twitter:card\" content=\"summary_large_image\" \/>\n<meta name=\"twitter:label1\" content=\"Est. reading time\" \/>\n\t<meta name=\"twitter:data1\" content=\"2 minutes\" \/>\n<script type=\"application\/ld+json\" class=\"yoast-schema-graph\">{\"@context\":\"https:\/\/schema.org\",\"@graph\":[{\"@type\":\"WebPage\",\"@id\":\"https:\/\/www.istegroup.com\/produit\/linnovation-sociale-par-le-design-en-sante-1\/\",\"url\":\"https:\/\/www.istegroup.com\/produit\/linnovation-sociale-par-le-design-en-sante-1\/\",\"name\":\"L\u2019innovation sociale par le design en sant\u00e9 1 - ISTE Group\",\"isPartOf\":{\"@id\":\"https:\/\/www.istegroup.com\/#website\"},\"primaryImageOfPage\":{\"@id\":\"https:\/\/www.istegroup.com\/produit\/linnovation-sociale-par-le-design-en-sante-1\/#primaryimage\"},\"image\":{\"@id\":\"https:\/\/www.istegroup.com\/produit\/linnovation-sociale-par-le-design-en-sante-1\/#primaryimage\"},\"thumbnailUrl\":\"https:\/\/www.istegroup.com\/wp-content\/uploads\/2025\/10\/Linnovation-sociale-par-le-design-en-sante-1.jpg\",\"datePublished\":\"2025-10-24T12:52:53+00:00\",\"dateModified\":\"2026-02-23T10:22:28+00:00\",\"description\":\"Cet ouvrage r\u00e9unit les analyses d\u2019experts acad\u00e9miques et professionnels en management, en sant\u00e9 et en design. Il met l\u2019accent sur l\u2019innovation sociale par le design comme levier de transformation du secteur.\",\"breadcrumb\":{\"@id\":\"https:\/\/www.istegroup.com\/produit\/linnovation-sociale-par-le-design-en-sante-1\/#breadcrumb\"},\"inLanguage\":\"en-US\",\"potentialAction\":[{\"@type\":\"ReadAction\",\"target\":[\"https:\/\/www.istegroup.com\/produit\/linnovation-sociale-par-le-design-en-sante-1\/\"]}]},{\"@type\":\"ImageObject\",\"inLanguage\":\"en-US\",\"@id\":\"https:\/\/www.istegroup.com\/produit\/linnovation-sociale-par-le-design-en-sante-1\/#primaryimage\",\"url\":\"https:\/\/www.istegroup.com\/wp-content\/uploads\/2025\/10\/Linnovation-sociale-par-le-design-en-sante-1.jpg\",\"contentUrl\":\"https:\/\/www.istegroup.com\/wp-content\/uploads\/2025\/10\/Linnovation-sociale-par-le-design-en-sante-1.jpg\",\"width\":605,\"height\":908},{\"@type\":\"BreadcrumbList\",\"@id\":\"https:\/\/www.istegroup.com\/produit\/linnovation-sociale-par-le-design-en-sante-1\/#breadcrumb\",\"itemListElement\":[{\"@type\":\"ListItem\",\"position\":1,\"name\":\"Home\",\"item\":\"https:\/\/www.istegroup.com\/\"},{\"@type\":\"ListItem\",\"position\":2,\"name\":\"Shop\",\"item\":\"https:\/\/www.istegroup.com\/fr\/nouveautes\/\"},{\"@type\":\"ListItem\",\"position\":3,\"name\":\"L\u2019innovation sociale par le design en sant\u00e9 1\"}]},{\"@type\":\"WebSite\",\"@id\":\"https:\/\/www.istegroup.com\/#website\",\"url\":\"https:\/\/www.istegroup.com\/\",\"name\":\"ISTE Group\",\"description\":\"Publishing Knowledge\",\"potentialAction\":[{\"@type\":\"SearchAction\",\"target\":{\"@type\":\"EntryPoint\",\"urlTemplate\":\"https:\/\/www.istegroup.com\/?s={search_term_string}\"},\"query-input\":{\"@type\":\"PropertyValueSpecification\",\"valueRequired\":true,\"valueName\":\"search_term_string\"}}],\"inLanguage\":\"en-US\"}]}<\/script>\n<!-- \/ Yoast SEO plugin. -->","yoast_head_json":{"title":"L\u2019innovation sociale par le design en sant\u00e9 1 - ISTE Group","description":"Cet ouvrage r\u00e9unit les analyses d\u2019experts acad\u00e9miques et professionnels en management, en sant\u00e9 et en design. Il met l\u2019accent sur l\u2019innovation sociale par le design comme levier de transformation du secteur.","robots":{"index":"index","follow":"follow","max-snippet":"max-snippet:-1","max-image-preview":"max-image-preview:large","max-video-preview":"max-video-preview:-1"},"canonical":"https:\/\/www.istegroup.com\/produit\/linnovation-sociale-par-le-design-en-sante-1\/","og_locale":"en_US","og_type":"article","og_title":"L\u2019innovation sociale par le design en sant\u00e9 1 - ISTE Group","og_description":"Cet ouvrage r\u00e9unit les analyses d\u2019experts acad\u00e9miques et professionnels en management, en sant\u00e9 et en design. Il met l\u2019accent sur l\u2019innovation sociale par le design comme levier de transformation du secteur.","og_url":"https:\/\/www.istegroup.com\/produit\/linnovation-sociale-par-le-design-en-sante-1\/","og_site_name":"ISTE Group","article_modified_time":"2026-02-23T10:22:28+00:00","og_image":[{"width":605,"height":908,"url":"https:\/\/www.istegroup.com\/wp-content\/uploads\/2025\/10\/Linnovation-sociale-par-le-design-en-sante-1.jpg","type":"image\/jpeg"}],"twitter_card":"summary_large_image","twitter_misc":{"Est. reading time":"2 minutes"},"schema":{"@context":"https:\/\/schema.org","@graph":[{"@type":"WebPage","@id":"https:\/\/www.istegroup.com\/produit\/linnovation-sociale-par-le-design-en-sante-1\/","url":"https:\/\/www.istegroup.com\/produit\/linnovation-sociale-par-le-design-en-sante-1\/","name":"L\u2019innovation sociale par le design en sant\u00e9 1 - ISTE Group","isPartOf":{"@id":"https:\/\/www.istegroup.com\/#website"},"primaryImageOfPage":{"@id":"https:\/\/www.istegroup.com\/produit\/linnovation-sociale-par-le-design-en-sante-1\/#primaryimage"},"image":{"@id":"https:\/\/www.istegroup.com\/produit\/linnovation-sociale-par-le-design-en-sante-1\/#primaryimage"},"thumbnailUrl":"https:\/\/www.istegroup.com\/wp-content\/uploads\/2025\/10\/Linnovation-sociale-par-le-design-en-sante-1.jpg","datePublished":"2025-10-24T12:52:53+00:00","dateModified":"2026-02-23T10:22:28+00:00","description":"Cet ouvrage r\u00e9unit les analyses d\u2019experts acad\u00e9miques et professionnels en management, en sant\u00e9 et en design. Il met l\u2019accent sur l\u2019innovation sociale par le design comme levier de transformation du secteur.","breadcrumb":{"@id":"https:\/\/www.istegroup.com\/produit\/linnovation-sociale-par-le-design-en-sante-1\/#breadcrumb"},"inLanguage":"en-US","potentialAction":[{"@type":"ReadAction","target":["https:\/\/www.istegroup.com\/produit\/linnovation-sociale-par-le-design-en-sante-1\/"]}]},{"@type":"ImageObject","inLanguage":"en-US","@id":"https:\/\/www.istegroup.com\/produit\/linnovation-sociale-par-le-design-en-sante-1\/#primaryimage","url":"https:\/\/www.istegroup.com\/wp-content\/uploads\/2025\/10\/Linnovation-sociale-par-le-design-en-sante-1.jpg","contentUrl":"https:\/\/www.istegroup.com\/wp-content\/uploads\/2025\/10\/Linnovation-sociale-par-le-design-en-sante-1.jpg","width":605,"height":908},{"@type":"BreadcrumbList","@id":"https:\/\/www.istegroup.com\/produit\/linnovation-sociale-par-le-design-en-sante-1\/#breadcrumb","itemListElement":[{"@type":"ListItem","position":1,"name":"Home","item":"https:\/\/www.istegroup.com\/"},{"@type":"ListItem","position":2,"name":"Shop","item":"https:\/\/www.istegroup.com\/fr\/nouveautes\/"},{"@type":"ListItem","position":3,"name":"L\u2019innovation sociale par le design en sant\u00e9 1"}]},{"@type":"WebSite","@id":"https:\/\/www.istegroup.com\/#website","url":"https:\/\/www.istegroup.com\/","name":"ISTE Group","description":"Publishing Knowledge","potentialAction":[{"@type":"SearchAction","target":{"@type":"EntryPoint","urlTemplate":"https:\/\/www.istegroup.com\/?s={search_term_string}"},"query-input":{"@type":"PropertyValueSpecification","valueRequired":true,"valueName":"search_term_string"}}],"inLanguage":"en-US"}]}},"_links":{"self":[{"href":"https:\/\/www.istegroup.com\/en\/wp-json\/wp\/v2\/product\/61994","targetHints":{"allow":["GET"]}}],"collection":[{"href":"https:\/\/www.istegroup.com\/en\/wp-json\/wp\/v2\/product"}],"about":[{"href":"https:\/\/www.istegroup.com\/en\/wp-json\/wp\/v2\/types\/product"}],"wp:featuredmedia":[{"embeddable":true,"href":"https:\/\/www.istegroup.com\/en\/wp-json\/wp\/v2\/media\/62003"}],"wp:attachment":[{"href":"https:\/\/www.istegroup.com\/en\/wp-json\/wp\/v2\/media?parent=61994"}],"wp:term":[{"taxonomy":"product_brand","embeddable":true,"href":"https:\/\/www.istegroup.com\/en\/wp-json\/wp\/v2\/product_brand?post=61994"},{"taxonomy":"product_cat","embeddable":true,"href":"https:\/\/www.istegroup.com\/en\/wp-json\/wp\/v2\/product_cat?post=61994"},{"taxonomy":"product_tag","embeddable":true,"href":"https:\/\/www.istegroup.com\/en\/wp-json\/wp\/v2\/product_tag?post=61994"}],"curies":[{"name":"wp","href":"https:\/\/api.w.org\/{rel}","templated":true}]}}