{"id":61737,"date":"2025-09-22T11:06:23","date_gmt":"2025-09-22T10:06:23","guid":{"rendered":"https:\/\/www.istegroup.com\/?post_type=product&#038;p=61737"},"modified":"2025-09-22T11:14:50","modified_gmt":"2025-09-22T10:14:50","slug":"la-representation-detat-reciproque","status":"publish","type":"product","link":"https:\/\/www.istegroup.com\/en\/produit\/la-representation-detat-reciproque\/","title":{"rendered":"La repr\u00e9sentation d\u2019\u00e9tat r\u00e9ciproque"},"content":{"rendered":"<p>Cet ouvrage propose une analyse approfondie du cadre d\u2019espace d\u2019\u00e9tat r\u00e9ciproque (<em>Reciprocal State Space<\/em>, ou <em>RSS<\/em>), une alternative prometteuse au formalisme traditionnel, particuli\u00e8rement adapt\u00e9e aux syst\u00e8mes pour lesquels les d\u00e9riv\u00e9es d\u2019\u00e9tat sont disponibles. Il pr\u00e9sente une synth\u00e8se des d\u00e9veloppements r\u00e9cents en commande dans ce domaine et \u00e9largit son application \u00e0 des syst\u00e8mes non lin\u00e9aires, discrets, incertains ou soumis \u00e0 des perturbations.<\/p>\n<p><em>La repr\u00e9sentation d\u2019\u00e9tat r\u00e9ciproque<\/em> s\u2019appuie \u00e0 la fois sur des fondements th\u00e9oriques rigoureux et sur des cas concrets issus de domaines vari\u00e9s tels que l\u2019a\u00e9ronautique, les structures vibrantes ou la robotique. L\u2019ouvrage s\u2019adresse aux chercheurs, ing\u00e9nieurs et doctorants souhaitant ma\u00eetriser ou explorer les potentialit\u00e9s du RSS pour la mod\u00e9lisation et la commande avanc\u00e9e des syst\u00e8mes dynamiques.<\/p>\n","protected":false},"excerpt":{"rendered":"<p class=\"qtranxs-available-languages-message qtranxs-available-languages-message-en\">Sorry, this entry is only available in <a href=\"https:\/\/www.istegroup.com\/fr\/wp-json\/wp\/v2\/product\/61737\" class=\"qtranxs-available-language-link qtranxs-available-language-link-fr\" title=\"FR\">FR<\/a>.<\/p>\n","protected":false},"featured_media":61744,"template":"","meta":{"_acf_changed":false,"_links_to":"","_links_to_target":""},"product_brand":[],"product_cat":[3262],"product_tag":[],"class_list":{"0":"post-61737","1":"product","2":"type-product","3":"status-publish","4":"has-post-thumbnail","6":"product_cat-non-classe","8":"first","9":"instock","10":"shipping-taxable","11":"purchasable","12":"product-type-variable"},"acf":[],"yoast_head":"<!-- This site is optimized with the Yoast SEO plugin v27.2 - https:\/\/yoast.com\/product\/yoast-seo-wordpress\/ -->\n<title>La repr\u00e9sentation d\u2019\u00e9tat r\u00e9ciproque - ISTE Group<\/title>\n<meta name=\"description\" content=\"La repr\u00e9sentation d\u2019\u00e9tat r\u00e9ciproque s\u2019appuie \u00e0 la fois sur des fondements th\u00e9oriques rigoureux et sur des cas concrets issus de domaines vari\u00e9s tels que l\u2019a\u00e9ronautique, les structures vibrantes ou la robotique.\" \/>\n<meta name=\"robots\" content=\"index, follow, max-snippet:-1, max-image-preview:large, max-video-preview:-1\" \/>\n<link rel=\"canonical\" href=\"https:\/\/www.istegroup.com\/produit\/la-representation-detat-reciproque\/\" \/>\n<meta property=\"og:locale\" content=\"en_US\" \/>\n<meta property=\"og:type\" content=\"article\" \/>\n<meta property=\"og:title\" content=\"La repr\u00e9sentation d\u2019\u00e9tat r\u00e9ciproque - ISTE Group\" \/>\n<meta property=\"og:description\" content=\"La repr\u00e9sentation d\u2019\u00e9tat r\u00e9ciproque s\u2019appuie \u00e0 la fois sur des fondements th\u00e9oriques rigoureux et sur des cas concrets issus de domaines vari\u00e9s tels que l\u2019a\u00e9ronautique, les structures vibrantes ou la robotique.\" \/>\n<meta property=\"og:url\" content=\"https:\/\/www.istegroup.com\/produit\/la-representation-detat-reciproque\/\" \/>\n<meta property=\"og:site_name\" content=\"ISTE Group\" \/>\n<meta property=\"article:modified_time\" content=\"2025-09-22T10:14:50+00:00\" \/>\n<meta property=\"og:image\" content=\"https:\/\/www.istegroup.com\/wp-content\/uploads\/2025\/09\/La-representation-detat-reciproque.jpg\" \/>\n\t<meta property=\"og:image:width\" content=\"606\" \/>\n\t<meta property=\"og:image:height\" content=\"910\" \/>\n\t<meta property=\"og:image:type\" content=\"image\/jpeg\" \/>\n<meta name=\"twitter:card\" content=\"summary_large_image\" \/>\n<meta name=\"twitter:label1\" content=\"Est. reading time\" \/>\n\t<meta name=\"twitter:data1\" content=\"1 minute\" \/>\n<script type=\"application\/ld+json\" class=\"yoast-schema-graph\">{\"@context\":\"https:\/\/schema.org\",\"@graph\":[{\"@type\":\"WebPage\",\"@id\":\"https:\/\/www.istegroup.com\/produit\/la-representation-detat-reciproque\/\",\"url\":\"https:\/\/www.istegroup.com\/produit\/la-representation-detat-reciproque\/\",\"name\":\"La repr\u00e9sentation d\u2019\u00e9tat r\u00e9ciproque - ISTE Group\",\"isPartOf\":{\"@id\":\"https:\/\/www.istegroup.com\/#website\"},\"primaryImageOfPage\":{\"@id\":\"https:\/\/www.istegroup.com\/produit\/la-representation-detat-reciproque\/#primaryimage\"},\"image\":{\"@id\":\"https:\/\/www.istegroup.com\/produit\/la-representation-detat-reciproque\/#primaryimage\"},\"thumbnailUrl\":\"https:\/\/www.istegroup.com\/wp-content\/uploads\/2025\/09\/La-representation-detat-reciproque.jpg\",\"datePublished\":\"2025-09-22T10:06:23+00:00\",\"dateModified\":\"2025-09-22T10:14:50+00:00\",\"description\":\"La repr\u00e9sentation d\u2019\u00e9tat r\u00e9ciproque s\u2019appuie \u00e0 la fois sur des fondements th\u00e9oriques rigoureux et sur des cas concrets issus de domaines vari\u00e9s tels que l\u2019a\u00e9ronautique, les structures vibrantes ou la robotique.\",\"breadcrumb\":{\"@id\":\"https:\/\/www.istegroup.com\/produit\/la-representation-detat-reciproque\/#breadcrumb\"},\"inLanguage\":\"en-US\",\"potentialAction\":[{\"@type\":\"ReadAction\",\"target\":[\"https:\/\/www.istegroup.com\/produit\/la-representation-detat-reciproque\/\"]}]},{\"@type\":\"ImageObject\",\"inLanguage\":\"en-US\",\"@id\":\"https:\/\/www.istegroup.com\/produit\/la-representation-detat-reciproque\/#primaryimage\",\"url\":\"https:\/\/www.istegroup.com\/wp-content\/uploads\/2025\/09\/La-representation-detat-reciproque.jpg\",\"contentUrl\":\"https:\/\/www.istegroup.com\/wp-content\/uploads\/2025\/09\/La-representation-detat-reciproque.jpg\",\"width\":606,\"height\":910},{\"@type\":\"BreadcrumbList\",\"@id\":\"https:\/\/www.istegroup.com\/produit\/la-representation-detat-reciproque\/#breadcrumb\",\"itemListElement\":[{\"@type\":\"ListItem\",\"position\":1,\"name\":\"Home\",\"item\":\"https:\/\/www.istegroup.com\/\"},{\"@type\":\"ListItem\",\"position\":2,\"name\":\"Shop\",\"item\":\"https:\/\/www.istegroup.com\/fr\/nouveautes\/\"},{\"@type\":\"ListItem\",\"position\":3,\"name\":\"La repr\u00e9sentation d\u2019\u00e9tat r\u00e9ciproque\"}]},{\"@type\":\"WebSite\",\"@id\":\"https:\/\/www.istegroup.com\/#website\",\"url\":\"https:\/\/www.istegroup.com\/\",\"name\":\"ISTE Group\",\"description\":\"Publishing Knowledge\",\"potentialAction\":[{\"@type\":\"SearchAction\",\"target\":{\"@type\":\"EntryPoint\",\"urlTemplate\":\"https:\/\/www.istegroup.com\/?s={search_term_string}\"},\"query-input\":{\"@type\":\"PropertyValueSpecification\",\"valueRequired\":true,\"valueName\":\"search_term_string\"}}],\"inLanguage\":\"en-US\"}]}<\/script>\n<!-- \/ Yoast SEO plugin. -->","yoast_head_json":{"title":"La repr\u00e9sentation d\u2019\u00e9tat r\u00e9ciproque - ISTE Group","description":"La repr\u00e9sentation d\u2019\u00e9tat r\u00e9ciproque s\u2019appuie \u00e0 la fois sur des fondements th\u00e9oriques rigoureux et sur des cas concrets issus de domaines vari\u00e9s tels que l\u2019a\u00e9ronautique, les structures vibrantes ou la robotique.","robots":{"index":"index","follow":"follow","max-snippet":"max-snippet:-1","max-image-preview":"max-image-preview:large","max-video-preview":"max-video-preview:-1"},"canonical":"https:\/\/www.istegroup.com\/produit\/la-representation-detat-reciproque\/","og_locale":"en_US","og_type":"article","og_title":"La repr\u00e9sentation d\u2019\u00e9tat r\u00e9ciproque - ISTE Group","og_description":"La repr\u00e9sentation d\u2019\u00e9tat r\u00e9ciproque s\u2019appuie \u00e0 la fois sur des fondements th\u00e9oriques rigoureux et sur des cas concrets issus de domaines vari\u00e9s tels que l\u2019a\u00e9ronautique, les structures vibrantes ou la robotique.","og_url":"https:\/\/www.istegroup.com\/produit\/la-representation-detat-reciproque\/","og_site_name":"ISTE Group","article_modified_time":"2025-09-22T10:14:50+00:00","og_image":[{"width":606,"height":910,"url":"https:\/\/www.istegroup.com\/wp-content\/uploads\/2025\/09\/La-representation-detat-reciproque.jpg","type":"image\/jpeg"}],"twitter_card":"summary_large_image","twitter_misc":{"Est. reading time":"1 minute"},"schema":{"@context":"https:\/\/schema.org","@graph":[{"@type":"WebPage","@id":"https:\/\/www.istegroup.com\/produit\/la-representation-detat-reciproque\/","url":"https:\/\/www.istegroup.com\/produit\/la-representation-detat-reciproque\/","name":"La repr\u00e9sentation d\u2019\u00e9tat r\u00e9ciproque - ISTE Group","isPartOf":{"@id":"https:\/\/www.istegroup.com\/#website"},"primaryImageOfPage":{"@id":"https:\/\/www.istegroup.com\/produit\/la-representation-detat-reciproque\/#primaryimage"},"image":{"@id":"https:\/\/www.istegroup.com\/produit\/la-representation-detat-reciproque\/#primaryimage"},"thumbnailUrl":"https:\/\/www.istegroup.com\/wp-content\/uploads\/2025\/09\/La-representation-detat-reciproque.jpg","datePublished":"2025-09-22T10:06:23+00:00","dateModified":"2025-09-22T10:14:50+00:00","description":"La repr\u00e9sentation d\u2019\u00e9tat r\u00e9ciproque s\u2019appuie \u00e0 la fois sur des fondements th\u00e9oriques rigoureux et sur des cas concrets issus de domaines vari\u00e9s tels que l\u2019a\u00e9ronautique, les structures vibrantes ou la robotique.","breadcrumb":{"@id":"https:\/\/www.istegroup.com\/produit\/la-representation-detat-reciproque\/#breadcrumb"},"inLanguage":"en-US","potentialAction":[{"@type":"ReadAction","target":["https:\/\/www.istegroup.com\/produit\/la-representation-detat-reciproque\/"]}]},{"@type":"ImageObject","inLanguage":"en-US","@id":"https:\/\/www.istegroup.com\/produit\/la-representation-detat-reciproque\/#primaryimage","url":"https:\/\/www.istegroup.com\/wp-content\/uploads\/2025\/09\/La-representation-detat-reciproque.jpg","contentUrl":"https:\/\/www.istegroup.com\/wp-content\/uploads\/2025\/09\/La-representation-detat-reciproque.jpg","width":606,"height":910},{"@type":"BreadcrumbList","@id":"https:\/\/www.istegroup.com\/produit\/la-representation-detat-reciproque\/#breadcrumb","itemListElement":[{"@type":"ListItem","position":1,"name":"Home","item":"https:\/\/www.istegroup.com\/"},{"@type":"ListItem","position":2,"name":"Shop","item":"https:\/\/www.istegroup.com\/fr\/nouveautes\/"},{"@type":"ListItem","position":3,"name":"La repr\u00e9sentation d\u2019\u00e9tat r\u00e9ciproque"}]},{"@type":"WebSite","@id":"https:\/\/www.istegroup.com\/#website","url":"https:\/\/www.istegroup.com\/","name":"ISTE Group","description":"Publishing Knowledge","potentialAction":[{"@type":"SearchAction","target":{"@type":"EntryPoint","urlTemplate":"https:\/\/www.istegroup.com\/?s={search_term_string}"},"query-input":{"@type":"PropertyValueSpecification","valueRequired":true,"valueName":"search_term_string"}}],"inLanguage":"en-US"}]}},"_links":{"self":[{"href":"https:\/\/www.istegroup.com\/en\/wp-json\/wp\/v2\/product\/61737","targetHints":{"allow":["GET"]}}],"collection":[{"href":"https:\/\/www.istegroup.com\/en\/wp-json\/wp\/v2\/product"}],"about":[{"href":"https:\/\/www.istegroup.com\/en\/wp-json\/wp\/v2\/types\/product"}],"wp:featuredmedia":[{"embeddable":true,"href":"https:\/\/www.istegroup.com\/en\/wp-json\/wp\/v2\/media\/61744"}],"wp:attachment":[{"href":"https:\/\/www.istegroup.com\/en\/wp-json\/wp\/v2\/media?parent=61737"}],"wp:term":[{"taxonomy":"product_brand","embeddable":true,"href":"https:\/\/www.istegroup.com\/en\/wp-json\/wp\/v2\/product_brand?post=61737"},{"taxonomy":"product_cat","embeddable":true,"href":"https:\/\/www.istegroup.com\/en\/wp-json\/wp\/v2\/product_cat?post=61737"},{"taxonomy":"product_tag","embeddable":true,"href":"https:\/\/www.istegroup.com\/en\/wp-json\/wp\/v2\/product_tag?post=61737"}],"curies":[{"name":"wp","href":"https:\/\/api.w.org\/{rel}","templated":true}]}}