{"id":61692,"date":"2025-10-03T12:47:06","date_gmt":"2025-10-03T11:47:06","guid":{"rendered":"https:\/\/www.istegroup.com\/?post_type=product&#038;p=61692"},"modified":"2026-02-09T15:29:55","modified_gmt":"2026-02-09T15:29:55","slug":"les-facettes-cachees-de-linnovation","status":"publish","type":"product","link":"https:\/\/www.istegroup.com\/en\/produit\/les-facettes-cachees-de-linnovation\/","title":{"rendered":"Les facettes cach\u00e9es de l\u2019innovation"},"content":{"rendered":"<p>L\u2019innovation est omnipr\u00e9sente, mais elle demeure rarement interrog\u00e9e dans toute sa complexit\u00e9. Loin des approches euphoriques ou strictement technicistes, cet ouvrage propose une lecture renouvel\u00e9e de l\u2019innovation en en explorant les tensions, les paradoxes et les dynamiques sous-jacentes.<\/p>\n<p>Adoptant une double approche, <em>Les facettes cach\u00e9es de l\u2019innovation<\/em> articule, d\u2019une part, une analyse fine des dynamiques manag\u00e9riales au coeur des processus d\u2019innovation, et, d\u2019autre part, une r\u00e9flexion approfondie sur les dimensions structurelles, technologiques et culturelles qui les traversent.<\/p>\n<p>La premi\u00e8re partie s\u2019attache aux pratiques concr\u00e8tes du management de l\u2019innovation : gestion des comp\u00e9tences, sp\u00e9cificit\u00e9s des industries cr\u00e9atives, \u00e9volution des modes de travail \u00e0 l\u2019heure du t\u00e9l\u00e9travail. La seconde \u00e9largit la perspective en interrogeant les effets des technologies num\u00e9riques, le r\u00f4le des environnements de travail dans la stimulation de la cr\u00e9ativit\u00e9, ou encore les tensions g\u00e9n\u00e9r\u00e9es par les d\u00e9marches d\u2019agilit\u00e9 organisationnelle.<\/p>\n<p>S\u2019appuyant sur des travaux \u00e0 la fois empiriques et th\u00e9oriques, cet ouvrage met en lumi\u00e8re les ressorts souvent invisibilis\u00e9s de l\u2019innovation et invite \u00e0 en repenser les conditions, au plus pr\u00e8s des r\u00e9alit\u00e9s v\u00e9cues dans les organisations contemporaines.<\/p>\n","protected":false},"excerpt":{"rendered":"<p>L\u2019innovation est omnipr\u00e9sente, mais elle demeure rarement interrog\u00e9e dans toute sa complexit\u00e9. Loin des approches euphoriques ou strictement technicistes, cet ouvrage propose une lecture renouvel\u00e9e de l\u2019innovation en en explorant les tensions, les paradoxes et les dynamiques sous-jacentes. Adoptant une double approche, Les facettes cach\u00e9es de l\u2019innovation articule, d\u2019une part, une analyse fine des dynamiques [&hellip;]<\/p>\n","protected":false},"featured_media":61701,"template":"","meta":{"_acf_changed":false,"_links_to":"","_links_to_target":""},"product_brand":[],"product_cat":[670],"product_tag":[],"class_list":{"0":"post-61692","1":"product","2":"type-product","3":"status-publish","4":"has-post-thumbnail","6":"product_cat-innovation-entrepreneuriat-et-gestion-11041751","8":"first","9":"instock","10":"shipping-taxable","11":"purchasable","12":"product-type-variable"},"acf":[],"yoast_head":"<!-- This site is optimized with the Yoast SEO plugin v27.2 - https:\/\/yoast.com\/product\/yoast-seo-wordpress\/ -->\n<title>Les facettes cach\u00e9es de l\u2019innovation - ISTE Group<\/title>\n<meta name=\"description\" content=\"Les facettes cach\u00e9es de l\u2019innovation articule, d\u2019une part, une analyse fine des dynamiques manag\u00e9riales au coeur des processus d\u2019innovation, et, d\u2019autre part, une r\u00e9flexion approfondie sur les dimensions structurelles, technologiques et culturelles qui les traversent.\" \/>\n<meta name=\"robots\" content=\"index, follow, max-snippet:-1, max-image-preview:large, max-video-preview:-1\" \/>\n<link rel=\"canonical\" href=\"https:\/\/www.istegroup.com\/produit\/les-facettes-cachees-de-linnovation\/\" \/>\n<meta property=\"og:locale\" content=\"en_US\" \/>\n<meta property=\"og:type\" content=\"article\" \/>\n<meta property=\"og:title\" content=\"Les facettes cach\u00e9es de l\u2019innovation - ISTE Group\" \/>\n<meta property=\"og:description\" content=\"Les facettes cach\u00e9es de l\u2019innovation articule, d\u2019une part, une analyse fine des dynamiques manag\u00e9riales au coeur des processus d\u2019innovation, et, d\u2019autre part, une r\u00e9flexion approfondie sur les dimensions structurelles, technologiques et culturelles qui les traversent.\" \/>\n<meta property=\"og:url\" content=\"https:\/\/www.istegroup.com\/produit\/les-facettes-cachees-de-linnovation\/\" \/>\n<meta property=\"og:site_name\" content=\"ISTE Group\" \/>\n<meta property=\"article:modified_time\" content=\"2026-02-09T15:29:55+00:00\" \/>\n<meta property=\"og:image\" content=\"https:\/\/www.istegroup.com\/wp-content\/uploads\/2025\/09\/Les-facettes-cachees-de-linnovation.jpg\" \/>\n\t<meta property=\"og:image:width\" content=\"607\" \/>\n\t<meta property=\"og:image:height\" content=\"910\" \/>\n\t<meta property=\"og:image:type\" content=\"image\/jpeg\" \/>\n<meta name=\"twitter:card\" content=\"summary_large_image\" \/>\n<meta name=\"twitter:label1\" content=\"Est. reading time\" \/>\n\t<meta name=\"twitter:data1\" content=\"2 minutes\" \/>\n<script type=\"application\/ld+json\" class=\"yoast-schema-graph\">{\"@context\":\"https:\/\/schema.org\",\"@graph\":[{\"@type\":\"WebPage\",\"@id\":\"https:\/\/www.istegroup.com\/produit\/les-facettes-cachees-de-linnovation\/\",\"url\":\"https:\/\/www.istegroup.com\/produit\/les-facettes-cachees-de-linnovation\/\",\"name\":\"Les facettes cach\u00e9es de l\u2019innovation - ISTE Group\",\"isPartOf\":{\"@id\":\"https:\/\/www.istegroup.com\/#website\"},\"primaryImageOfPage\":{\"@id\":\"https:\/\/www.istegroup.com\/produit\/les-facettes-cachees-de-linnovation\/#primaryimage\"},\"image\":{\"@id\":\"https:\/\/www.istegroup.com\/produit\/les-facettes-cachees-de-linnovation\/#primaryimage\"},\"thumbnailUrl\":\"https:\/\/www.istegroup.com\/wp-content\/uploads\/2025\/09\/Les-facettes-cachees-de-linnovation.jpg\",\"datePublished\":\"2025-10-03T11:47:06+00:00\",\"dateModified\":\"2026-02-09T15:29:55+00:00\",\"description\":\"Les facettes cach\u00e9es de l\u2019innovation articule, d\u2019une part, une analyse fine des dynamiques manag\u00e9riales au coeur des processus d\u2019innovation, et, d\u2019autre part, une r\u00e9flexion approfondie sur les dimensions structurelles, technologiques et culturelles qui les traversent.\",\"breadcrumb\":{\"@id\":\"https:\/\/www.istegroup.com\/produit\/les-facettes-cachees-de-linnovation\/#breadcrumb\"},\"inLanguage\":\"en-US\",\"potentialAction\":[{\"@type\":\"ReadAction\",\"target\":[\"https:\/\/www.istegroup.com\/produit\/les-facettes-cachees-de-linnovation\/\"]}]},{\"@type\":\"ImageObject\",\"inLanguage\":\"en-US\",\"@id\":\"https:\/\/www.istegroup.com\/produit\/les-facettes-cachees-de-linnovation\/#primaryimage\",\"url\":\"https:\/\/www.istegroup.com\/wp-content\/uploads\/2025\/09\/Les-facettes-cachees-de-linnovation.jpg\",\"contentUrl\":\"https:\/\/www.istegroup.com\/wp-content\/uploads\/2025\/09\/Les-facettes-cachees-de-linnovation.jpg\",\"width\":607,\"height\":910},{\"@type\":\"BreadcrumbList\",\"@id\":\"https:\/\/www.istegroup.com\/produit\/les-facettes-cachees-de-linnovation\/#breadcrumb\",\"itemListElement\":[{\"@type\":\"ListItem\",\"position\":1,\"name\":\"Home\",\"item\":\"https:\/\/www.istegroup.com\/\"},{\"@type\":\"ListItem\",\"position\":2,\"name\":\"Shop\",\"item\":\"https:\/\/www.istegroup.com\/fr\/nouveautes\/\"},{\"@type\":\"ListItem\",\"position\":3,\"name\":\"Les facettes cach\u00e9es de l\u2019innovation\"}]},{\"@type\":\"WebSite\",\"@id\":\"https:\/\/www.istegroup.com\/#website\",\"url\":\"https:\/\/www.istegroup.com\/\",\"name\":\"ISTE Group\",\"description\":\"Publishing Knowledge\",\"potentialAction\":[{\"@type\":\"SearchAction\",\"target\":{\"@type\":\"EntryPoint\",\"urlTemplate\":\"https:\/\/www.istegroup.com\/?s={search_term_string}\"},\"query-input\":{\"@type\":\"PropertyValueSpecification\",\"valueRequired\":true,\"valueName\":\"search_term_string\"}}],\"inLanguage\":\"en-US\"}]}<\/script>\n<!-- \/ Yoast SEO plugin. -->","yoast_head_json":{"title":"Les facettes cach\u00e9es de l\u2019innovation - ISTE Group","description":"Les facettes cach\u00e9es de l\u2019innovation articule, d\u2019une part, une analyse fine des dynamiques manag\u00e9riales au coeur des processus d\u2019innovation, et, d\u2019autre part, une r\u00e9flexion approfondie sur les dimensions structurelles, technologiques et culturelles qui les traversent.","robots":{"index":"index","follow":"follow","max-snippet":"max-snippet:-1","max-image-preview":"max-image-preview:large","max-video-preview":"max-video-preview:-1"},"canonical":"https:\/\/www.istegroup.com\/produit\/les-facettes-cachees-de-linnovation\/","og_locale":"en_US","og_type":"article","og_title":"Les facettes cach\u00e9es de l\u2019innovation - ISTE Group","og_description":"Les facettes cach\u00e9es de l\u2019innovation articule, d\u2019une part, une analyse fine des dynamiques manag\u00e9riales au coeur des processus d\u2019innovation, et, d\u2019autre part, une r\u00e9flexion approfondie sur les dimensions structurelles, technologiques et culturelles qui les traversent.","og_url":"https:\/\/www.istegroup.com\/produit\/les-facettes-cachees-de-linnovation\/","og_site_name":"ISTE Group","article_modified_time":"2026-02-09T15:29:55+00:00","og_image":[{"width":607,"height":910,"url":"https:\/\/www.istegroup.com\/wp-content\/uploads\/2025\/09\/Les-facettes-cachees-de-linnovation.jpg","type":"image\/jpeg"}],"twitter_card":"summary_large_image","twitter_misc":{"Est. reading time":"2 minutes"},"schema":{"@context":"https:\/\/schema.org","@graph":[{"@type":"WebPage","@id":"https:\/\/www.istegroup.com\/produit\/les-facettes-cachees-de-linnovation\/","url":"https:\/\/www.istegroup.com\/produit\/les-facettes-cachees-de-linnovation\/","name":"Les facettes cach\u00e9es de l\u2019innovation - ISTE Group","isPartOf":{"@id":"https:\/\/www.istegroup.com\/#website"},"primaryImageOfPage":{"@id":"https:\/\/www.istegroup.com\/produit\/les-facettes-cachees-de-linnovation\/#primaryimage"},"image":{"@id":"https:\/\/www.istegroup.com\/produit\/les-facettes-cachees-de-linnovation\/#primaryimage"},"thumbnailUrl":"https:\/\/www.istegroup.com\/wp-content\/uploads\/2025\/09\/Les-facettes-cachees-de-linnovation.jpg","datePublished":"2025-10-03T11:47:06+00:00","dateModified":"2026-02-09T15:29:55+00:00","description":"Les facettes cach\u00e9es de l\u2019innovation articule, d\u2019une part, une analyse fine des dynamiques manag\u00e9riales au coeur des processus d\u2019innovation, et, d\u2019autre part, une r\u00e9flexion approfondie sur les dimensions structurelles, technologiques et culturelles qui les traversent.","breadcrumb":{"@id":"https:\/\/www.istegroup.com\/produit\/les-facettes-cachees-de-linnovation\/#breadcrumb"},"inLanguage":"en-US","potentialAction":[{"@type":"ReadAction","target":["https:\/\/www.istegroup.com\/produit\/les-facettes-cachees-de-linnovation\/"]}]},{"@type":"ImageObject","inLanguage":"en-US","@id":"https:\/\/www.istegroup.com\/produit\/les-facettes-cachees-de-linnovation\/#primaryimage","url":"https:\/\/www.istegroup.com\/wp-content\/uploads\/2025\/09\/Les-facettes-cachees-de-linnovation.jpg","contentUrl":"https:\/\/www.istegroup.com\/wp-content\/uploads\/2025\/09\/Les-facettes-cachees-de-linnovation.jpg","width":607,"height":910},{"@type":"BreadcrumbList","@id":"https:\/\/www.istegroup.com\/produit\/les-facettes-cachees-de-linnovation\/#breadcrumb","itemListElement":[{"@type":"ListItem","position":1,"name":"Home","item":"https:\/\/www.istegroup.com\/"},{"@type":"ListItem","position":2,"name":"Shop","item":"https:\/\/www.istegroup.com\/fr\/nouveautes\/"},{"@type":"ListItem","position":3,"name":"Les facettes cach\u00e9es de l\u2019innovation"}]},{"@type":"WebSite","@id":"https:\/\/www.istegroup.com\/#website","url":"https:\/\/www.istegroup.com\/","name":"ISTE Group","description":"Publishing Knowledge","potentialAction":[{"@type":"SearchAction","target":{"@type":"EntryPoint","urlTemplate":"https:\/\/www.istegroup.com\/?s={search_term_string}"},"query-input":{"@type":"PropertyValueSpecification","valueRequired":true,"valueName":"search_term_string"}}],"inLanguage":"en-US"}]}},"_links":{"self":[{"href":"https:\/\/www.istegroup.com\/en\/wp-json\/wp\/v2\/product\/61692","targetHints":{"allow":["GET"]}}],"collection":[{"href":"https:\/\/www.istegroup.com\/en\/wp-json\/wp\/v2\/product"}],"about":[{"href":"https:\/\/www.istegroup.com\/en\/wp-json\/wp\/v2\/types\/product"}],"wp:featuredmedia":[{"embeddable":true,"href":"https:\/\/www.istegroup.com\/en\/wp-json\/wp\/v2\/media\/61701"}],"wp:attachment":[{"href":"https:\/\/www.istegroup.com\/en\/wp-json\/wp\/v2\/media?parent=61692"}],"wp:term":[{"taxonomy":"product_brand","embeddable":true,"href":"https:\/\/www.istegroup.com\/en\/wp-json\/wp\/v2\/product_brand?post=61692"},{"taxonomy":"product_cat","embeddable":true,"href":"https:\/\/www.istegroup.com\/en\/wp-json\/wp\/v2\/product_cat?post=61692"},{"taxonomy":"product_tag","embeddable":true,"href":"https:\/\/www.istegroup.com\/en\/wp-json\/wp\/v2\/product_tag?post=61692"}],"curies":[{"name":"wp","href":"https:\/\/api.w.org\/{rel}","templated":true}]}}