{"id":61671,"date":"2025-10-03T11:52:29","date_gmt":"2025-10-03T10:52:29","guid":{"rendered":"https:\/\/www.istegroup.com\/?post_type=product&#038;p=61671"},"modified":"2026-03-25T11:10:20","modified_gmt":"2026-03-25T11:10:20","slug":"lavenir-de-sapiens-et-la-verticalite","status":"publish","type":"product","link":"https:\/\/www.istegroup.com\/en\/produit\/lavenir-de-sapiens-et-la-verticalite\/","title":{"rendered":"L\u2019avenir de Sapiens et la verticalit\u00e9"},"content":{"rendered":"<p><em>L\u2019avenir de Sapiens et la verticalit\u00e9<\/em> est le fruit d\u2019une rencontre, il y a plus de vingt ans, entre la pal\u00e9ontologie humaine et l\u2019ost\u00e9opathie. Il s\u2019inscrit dans un changement de paradigme radical concernant la compr\u00e9hension de l\u2019origine de notre anatomie.<\/p>\n<p>L\u2019ouvrage pr\u00e9sente une remise en question profonde du r\u00e9cit \u00e9volutif dominant depuis Lamarck (1802), abandonnant le sc\u00e9nario du singe quadrup\u00e8de arboricole contraint de se redresser \u00e0 la suite de la disparition des arbres. La mise en \u00e9vidence de l\u2019origine embryonnaire du redressement du syst\u00e8me nerveux central (SNC), amorc\u00e9 il y a environ 40 millions d\u2019ann\u00e9es et poursuivi selon une dynamique de complexit\u00e9 croissante, a profond\u00e9ment renouvel\u00e9 cette lecture. Cette d\u00e9couverte conduit \u00e0 reconna\u00eetre en \u00ab Sapiens \u00bb le dernier seuil d\u2019un processus \u00e9volutif qui nous confronte \u00e0 une v\u00e9ritable probl\u00e9matique : si la verticalit\u00e9 a \u00e9t\u00e9 atteinte, la progression de la complexit\u00e9 du SNC, quant \u00e0 elle, ne conna\u00eet pas d\u2019arr\u00eat.<\/p>\n<p>Ce livre s\u2019attache \u00e0 anticiper les cons\u00e9quences de cette dynamique sur le d\u00e9veloppement psychomoteur, psychoaffectif et cognitif, ainsi que sur les \u00e9quilibres occlusal et postural.<\/p>\n","protected":false},"excerpt":{"rendered":"<p>L\u2019avenir de Sapiens et la verticalit\u00e9 est le fruit d\u2019une rencontre, il y a plus de vingt ans, entre la pal\u00e9ontologie humaine et l\u2019ost\u00e9opathie. Il s\u2019inscrit dans un changement de paradigme radical concernant la compr\u00e9hension de l\u2019origine de notre anatomie. L\u2019ouvrage pr\u00e9sente une remise en question profonde du r\u00e9cit \u00e9volutif dominant depuis Lamarck (1802), abandonnant [&hellip;]<\/p>\n","protected":false},"featured_media":61684,"template":"","meta":{"_acf_changed":false,"_links_to":"","_links_to_target":""},"product_brand":[],"product_cat":[3262],"product_tag":[],"class_list":{"0":"post-61671","1":"product","2":"type-product","3":"status-publish","4":"has-post-thumbnail","6":"product_cat-non-classe","8":"first","9":"instock","10":"shipping-taxable","11":"purchasable","12":"product-type-variable"},"acf":[],"yoast_head":"<!-- This site is optimized with the Yoast SEO plugin v27.2 - https:\/\/yoast.com\/product\/yoast-seo-wordpress\/ -->\n<title>L\u2019avenir de Sapiens et la verticalit\u00e9 - ISTE Group<\/title>\n<meta name=\"description\" content=\"L\u2019ouvrage pr\u00e9sente une remise en question profonde du r\u00e9cit \u00e9volutif dominant depuis Lamarck (1802), abandonnant le sc\u00e9nario du singe quadrup\u00e8de arboricole contraint de se redresser \u00e0 la suite de la disparition des arbres.\" \/>\n<meta name=\"robots\" content=\"index, follow, max-snippet:-1, max-image-preview:large, max-video-preview:-1\" \/>\n<link rel=\"canonical\" href=\"https:\/\/www.istegroup.com\/produit\/lavenir-de-sapiens-et-la-verticalite\/\" \/>\n<meta property=\"og:locale\" content=\"en_US\" \/>\n<meta property=\"og:type\" content=\"article\" \/>\n<meta property=\"og:title\" content=\"L\u2019avenir de Sapiens et la verticalit\u00e9 - ISTE Group\" \/>\n<meta property=\"og:description\" content=\"L\u2019ouvrage pr\u00e9sente une remise en question profonde du r\u00e9cit \u00e9volutif dominant depuis Lamarck (1802), abandonnant le sc\u00e9nario du singe quadrup\u00e8de arboricole contraint de se redresser \u00e0 la suite de la disparition des arbres.\" \/>\n<meta property=\"og:url\" content=\"https:\/\/www.istegroup.com\/produit\/lavenir-de-sapiens-et-la-verticalite\/\" \/>\n<meta property=\"og:site_name\" content=\"ISTE Group\" \/>\n<meta property=\"article:modified_time\" content=\"2026-03-25T11:10:20+00:00\" \/>\n<meta property=\"og:image\" content=\"https:\/\/www.istegroup.com\/wp-content\/uploads\/2025\/09\/Lavenir-de-Sapiens-et-la-verticalite.jpg\" \/>\n\t<meta property=\"og:image:width\" content=\"604\" \/>\n\t<meta property=\"og:image:height\" content=\"910\" \/>\n\t<meta property=\"og:image:type\" content=\"image\/jpeg\" \/>\n<meta name=\"twitter:card\" content=\"summary_large_image\" \/>\n<meta name=\"twitter:label1\" content=\"Est. reading time\" \/>\n\t<meta name=\"twitter:data1\" content=\"2 minutes\" \/>\n<script type=\"application\/ld+json\" class=\"yoast-schema-graph\">{\"@context\":\"https:\/\/schema.org\",\"@graph\":[{\"@type\":\"WebPage\",\"@id\":\"https:\/\/www.istegroup.com\/produit\/lavenir-de-sapiens-et-la-verticalite\/\",\"url\":\"https:\/\/www.istegroup.com\/produit\/lavenir-de-sapiens-et-la-verticalite\/\",\"name\":\"L\u2019avenir de Sapiens et la verticalit\u00e9 - ISTE Group\",\"isPartOf\":{\"@id\":\"https:\/\/www.istegroup.com\/#website\"},\"primaryImageOfPage\":{\"@id\":\"https:\/\/www.istegroup.com\/produit\/lavenir-de-sapiens-et-la-verticalite\/#primaryimage\"},\"image\":{\"@id\":\"https:\/\/www.istegroup.com\/produit\/lavenir-de-sapiens-et-la-verticalite\/#primaryimage\"},\"thumbnailUrl\":\"https:\/\/www.istegroup.com\/wp-content\/uploads\/2025\/09\/Lavenir-de-Sapiens-et-la-verticalite.jpg\",\"datePublished\":\"2025-10-03T10:52:29+00:00\",\"dateModified\":\"2026-03-25T11:10:20+00:00\",\"description\":\"L\u2019ouvrage pr\u00e9sente une remise en question profonde du r\u00e9cit \u00e9volutif dominant depuis Lamarck (1802), abandonnant le sc\u00e9nario du singe quadrup\u00e8de arboricole contraint de se redresser \u00e0 la suite de la disparition des arbres.\",\"breadcrumb\":{\"@id\":\"https:\/\/www.istegroup.com\/produit\/lavenir-de-sapiens-et-la-verticalite\/#breadcrumb\"},\"inLanguage\":\"en-US\",\"potentialAction\":[{\"@type\":\"ReadAction\",\"target\":[\"https:\/\/www.istegroup.com\/produit\/lavenir-de-sapiens-et-la-verticalite\/\"]}]},{\"@type\":\"ImageObject\",\"inLanguage\":\"en-US\",\"@id\":\"https:\/\/www.istegroup.com\/produit\/lavenir-de-sapiens-et-la-verticalite\/#primaryimage\",\"url\":\"https:\/\/www.istegroup.com\/wp-content\/uploads\/2025\/09\/Lavenir-de-Sapiens-et-la-verticalite.jpg\",\"contentUrl\":\"https:\/\/www.istegroup.com\/wp-content\/uploads\/2025\/09\/Lavenir-de-Sapiens-et-la-verticalite.jpg\",\"width\":604,\"height\":910},{\"@type\":\"BreadcrumbList\",\"@id\":\"https:\/\/www.istegroup.com\/produit\/lavenir-de-sapiens-et-la-verticalite\/#breadcrumb\",\"itemListElement\":[{\"@type\":\"ListItem\",\"position\":1,\"name\":\"Home\",\"item\":\"https:\/\/www.istegroup.com\/\"},{\"@type\":\"ListItem\",\"position\":2,\"name\":\"Shop\",\"item\":\"https:\/\/www.istegroup.com\/fr\/nouveautes\/\"},{\"@type\":\"ListItem\",\"position\":3,\"name\":\"L\u2019avenir de Sapiens et la verticalit\u00e9\"}]},{\"@type\":\"WebSite\",\"@id\":\"https:\/\/www.istegroup.com\/#website\",\"url\":\"https:\/\/www.istegroup.com\/\",\"name\":\"ISTE Group\",\"description\":\"Publishing Knowledge\",\"potentialAction\":[{\"@type\":\"SearchAction\",\"target\":{\"@type\":\"EntryPoint\",\"urlTemplate\":\"https:\/\/www.istegroup.com\/?s={search_term_string}\"},\"query-input\":{\"@type\":\"PropertyValueSpecification\",\"valueRequired\":true,\"valueName\":\"search_term_string\"}}],\"inLanguage\":\"en-US\"}]}<\/script>\n<!-- \/ Yoast SEO plugin. -->","yoast_head_json":{"title":"L\u2019avenir de Sapiens et la verticalit\u00e9 - ISTE Group","description":"L\u2019ouvrage pr\u00e9sente une remise en question profonde du r\u00e9cit \u00e9volutif dominant depuis Lamarck (1802), abandonnant le sc\u00e9nario du singe quadrup\u00e8de arboricole contraint de se redresser \u00e0 la suite de la disparition des arbres.","robots":{"index":"index","follow":"follow","max-snippet":"max-snippet:-1","max-image-preview":"max-image-preview:large","max-video-preview":"max-video-preview:-1"},"canonical":"https:\/\/www.istegroup.com\/produit\/lavenir-de-sapiens-et-la-verticalite\/","og_locale":"en_US","og_type":"article","og_title":"L\u2019avenir de Sapiens et la verticalit\u00e9 - ISTE Group","og_description":"L\u2019ouvrage pr\u00e9sente une remise en question profonde du r\u00e9cit \u00e9volutif dominant depuis Lamarck (1802), abandonnant le sc\u00e9nario du singe quadrup\u00e8de arboricole contraint de se redresser \u00e0 la suite de la disparition des arbres.","og_url":"https:\/\/www.istegroup.com\/produit\/lavenir-de-sapiens-et-la-verticalite\/","og_site_name":"ISTE Group","article_modified_time":"2026-03-25T11:10:20+00:00","og_image":[{"width":604,"height":910,"url":"https:\/\/www.istegroup.com\/wp-content\/uploads\/2025\/09\/Lavenir-de-Sapiens-et-la-verticalite.jpg","type":"image\/jpeg"}],"twitter_card":"summary_large_image","twitter_misc":{"Est. reading time":"2 minutes"},"schema":{"@context":"https:\/\/schema.org","@graph":[{"@type":"WebPage","@id":"https:\/\/www.istegroup.com\/produit\/lavenir-de-sapiens-et-la-verticalite\/","url":"https:\/\/www.istegroup.com\/produit\/lavenir-de-sapiens-et-la-verticalite\/","name":"L\u2019avenir de Sapiens et la verticalit\u00e9 - ISTE Group","isPartOf":{"@id":"https:\/\/www.istegroup.com\/#website"},"primaryImageOfPage":{"@id":"https:\/\/www.istegroup.com\/produit\/lavenir-de-sapiens-et-la-verticalite\/#primaryimage"},"image":{"@id":"https:\/\/www.istegroup.com\/produit\/lavenir-de-sapiens-et-la-verticalite\/#primaryimage"},"thumbnailUrl":"https:\/\/www.istegroup.com\/wp-content\/uploads\/2025\/09\/Lavenir-de-Sapiens-et-la-verticalite.jpg","datePublished":"2025-10-03T10:52:29+00:00","dateModified":"2026-03-25T11:10:20+00:00","description":"L\u2019ouvrage pr\u00e9sente une remise en question profonde du r\u00e9cit \u00e9volutif dominant depuis Lamarck (1802), abandonnant le sc\u00e9nario du singe quadrup\u00e8de arboricole contraint de se redresser \u00e0 la suite de la disparition des arbres.","breadcrumb":{"@id":"https:\/\/www.istegroup.com\/produit\/lavenir-de-sapiens-et-la-verticalite\/#breadcrumb"},"inLanguage":"en-US","potentialAction":[{"@type":"ReadAction","target":["https:\/\/www.istegroup.com\/produit\/lavenir-de-sapiens-et-la-verticalite\/"]}]},{"@type":"ImageObject","inLanguage":"en-US","@id":"https:\/\/www.istegroup.com\/produit\/lavenir-de-sapiens-et-la-verticalite\/#primaryimage","url":"https:\/\/www.istegroup.com\/wp-content\/uploads\/2025\/09\/Lavenir-de-Sapiens-et-la-verticalite.jpg","contentUrl":"https:\/\/www.istegroup.com\/wp-content\/uploads\/2025\/09\/Lavenir-de-Sapiens-et-la-verticalite.jpg","width":604,"height":910},{"@type":"BreadcrumbList","@id":"https:\/\/www.istegroup.com\/produit\/lavenir-de-sapiens-et-la-verticalite\/#breadcrumb","itemListElement":[{"@type":"ListItem","position":1,"name":"Home","item":"https:\/\/www.istegroup.com\/"},{"@type":"ListItem","position":2,"name":"Shop","item":"https:\/\/www.istegroup.com\/fr\/nouveautes\/"},{"@type":"ListItem","position":3,"name":"L\u2019avenir de Sapiens et la verticalit\u00e9"}]},{"@type":"WebSite","@id":"https:\/\/www.istegroup.com\/#website","url":"https:\/\/www.istegroup.com\/","name":"ISTE Group","description":"Publishing Knowledge","potentialAction":[{"@type":"SearchAction","target":{"@type":"EntryPoint","urlTemplate":"https:\/\/www.istegroup.com\/?s={search_term_string}"},"query-input":{"@type":"PropertyValueSpecification","valueRequired":true,"valueName":"search_term_string"}}],"inLanguage":"en-US"}]}},"_links":{"self":[{"href":"https:\/\/www.istegroup.com\/en\/wp-json\/wp\/v2\/product\/61671","targetHints":{"allow":["GET"]}}],"collection":[{"href":"https:\/\/www.istegroup.com\/en\/wp-json\/wp\/v2\/product"}],"about":[{"href":"https:\/\/www.istegroup.com\/en\/wp-json\/wp\/v2\/types\/product"}],"wp:featuredmedia":[{"embeddable":true,"href":"https:\/\/www.istegroup.com\/en\/wp-json\/wp\/v2\/media\/61684"}],"wp:attachment":[{"href":"https:\/\/www.istegroup.com\/en\/wp-json\/wp\/v2\/media?parent=61671"}],"wp:term":[{"taxonomy":"product_brand","embeddable":true,"href":"https:\/\/www.istegroup.com\/en\/wp-json\/wp\/v2\/product_brand?post=61671"},{"taxonomy":"product_cat","embeddable":true,"href":"https:\/\/www.istegroup.com\/en\/wp-json\/wp\/v2\/product_cat?post=61671"},{"taxonomy":"product_tag","embeddable":true,"href":"https:\/\/www.istegroup.com\/en\/wp-json\/wp\/v2\/product_tag?post=61671"}],"curies":[{"name":"wp","href":"https:\/\/api.w.org\/{rel}","templated":true}]}}