{"id":61646,"date":"2025-10-03T11:07:30","date_gmt":"2025-10-03T10:07:30","guid":{"rendered":"https:\/\/www.istegroup.com\/?post_type=product&#038;p=61646"},"modified":"2025-10-06T14:45:15","modified_gmt":"2025-10-06T13:45:15","slug":"pauvretes-multiples","status":"publish","type":"product","link":"https:\/\/www.istegroup.com\/en\/produit\/pauvretes-multiples\/","title":{"rendered":"Pauvret\u00e9s multiples"},"content":{"rendered":"<p>Dans un contexte mondial marqu\u00e9 par l\u2019amplification des in\u00e9galit\u00e9s et des fractures sociales, <em>Pauvret\u00e9s multiples<\/em> propose un \u00e9clairage renouvel\u00e9 sur les formes contemporaines de pauvret\u00e9 qui traversent nos soci\u00e9t\u00e9s.<\/p>\n<p>Issu d\u2019un colloque scientifique international, cet ouvrage collectif explore les multiples dimensions de la pauvret\u00e9 \u2014 \u00e9conomiques, sociales, territoriales, num\u00e9riques et sanitaires \u2014 en croisant les regards de chercheurs, de professionnels de l\u2019action sociale et d\u2019acteurs de terrain.<\/p>\n<p>\u00c0 partir d\u2019enqu\u00eates empiriques fond\u00e9es sur des m\u00e9thodologies diversifi\u00e9es et men\u00e9es \u00e0 diff\u00e9rentes \u00e9chelles : du local au global, du Mexique \u00e0 Madagascar, de la Tunisie \u00e0 l\u2019Am\u00e9rique latine, l\u2019ouvrage met en lumi\u00e8re des r\u00e9alit\u00e9s souvent invisibilis\u00e9es. Il interroge les politiques publiques et identifie des leviers d\u2019action concrets pour repenser les interventions sociales.<\/p>\n<p>Parce que comprendre la pauvret\u00e9 constitue d\u00e9j\u00e0 un premier pas vers son d\u00e9passement, ce livre, \u00e0 la fois rigoureux et accessible, offre des cl\u00e9s de lecture pour renouveler la pens\u00e9e et les pratiques. Il s\u2019adresse aux chercheurs, professionnels de terrain ou responsables institutionnels qui refusent de d\u00e9tourner le regard.<\/p>\n","protected":false},"excerpt":{"rendered":"<p>Dans un contexte mondial marqu\u00e9 par l\u2019amplification des in\u00e9galit\u00e9s et des fractures sociales, Pauvret\u00e9s multiples propose un \u00e9clairage renouvel\u00e9 sur les formes contemporaines de pauvret\u00e9 qui traversent nos soci\u00e9t\u00e9s. Issu d\u2019un colloque scientifique international, cet ouvrage collectif explore les multiples dimensions de la pauvret\u00e9 \u2014 \u00e9conomiques, sociales, territoriales, num\u00e9riques et sanitaires \u2014 en croisant les [&hellip;]<\/p>\n","protected":false},"featured_media":61656,"template":"","meta":{"_acf_changed":false,"_links_to":"","_links_to_target":""},"product_brand":[],"product_cat":[3262],"product_tag":[],"class_list":{"0":"post-61646","1":"product","2":"type-product","3":"status-publish","4":"has-post-thumbnail","6":"product_cat-non-classe","8":"first","9":"instock","10":"shipping-taxable","11":"purchasable","12":"product-type-variable"},"acf":[],"yoast_head":"<!-- This site is optimized with the Yoast SEO plugin v27.2 - https:\/\/yoast.com\/product\/yoast-seo-wordpress\/ -->\n<title>Pauvret\u00e9s multiples - ISTE Group<\/title>\n<meta name=\"description\" content=\"Dans un contexte mondial marqu\u00e9 par l\u2019amplification des in\u00e9galit\u00e9s et des fractures sociales, Pauvret\u00e9s multiples propose un \u00e9clairage renouvel\u00e9 sur les formes contemporaines de pauvret\u00e9 qui traversent nos soci\u00e9t\u00e9s.\" \/>\n<meta name=\"robots\" content=\"index, follow, max-snippet:-1, max-image-preview:large, max-video-preview:-1\" \/>\n<link rel=\"canonical\" href=\"https:\/\/www.istegroup.com\/produit\/pauvretes-multiples\/\" \/>\n<meta property=\"og:locale\" content=\"en_US\" \/>\n<meta property=\"og:type\" content=\"article\" \/>\n<meta property=\"og:title\" content=\"Pauvret\u00e9s multiples - ISTE Group\" \/>\n<meta property=\"og:description\" content=\"Dans un contexte mondial marqu\u00e9 par l\u2019amplification des in\u00e9galit\u00e9s et des fractures sociales, Pauvret\u00e9s multiples propose un \u00e9clairage renouvel\u00e9 sur les formes contemporaines de pauvret\u00e9 qui traversent nos soci\u00e9t\u00e9s.\" \/>\n<meta property=\"og:url\" content=\"https:\/\/www.istegroup.com\/produit\/pauvretes-multiples\/\" \/>\n<meta property=\"og:site_name\" content=\"ISTE Group\" \/>\n<meta property=\"article:modified_time\" content=\"2025-10-06T13:45:15+00:00\" \/>\n<meta property=\"og:image\" content=\"https:\/\/www.istegroup.com\/wp-content\/uploads\/2025\/09\/Pauvretes-multiples.jpg\" \/>\n\t<meta property=\"og:image:width\" content=\"606\" \/>\n\t<meta property=\"og:image:height\" content=\"909\" \/>\n\t<meta property=\"og:image:type\" content=\"image\/jpeg\" \/>\n<meta name=\"twitter:card\" content=\"summary_large_image\" \/>\n<meta name=\"twitter:label1\" content=\"Est. reading time\" \/>\n\t<meta name=\"twitter:data1\" content=\"2 minutes\" \/>\n<script type=\"application\/ld+json\" class=\"yoast-schema-graph\">{\"@context\":\"https:\/\/schema.org\",\"@graph\":[{\"@type\":\"WebPage\",\"@id\":\"https:\/\/www.istegroup.com\/produit\/pauvretes-multiples\/\",\"url\":\"https:\/\/www.istegroup.com\/produit\/pauvretes-multiples\/\",\"name\":\"Pauvret\u00e9s multiples - ISTE Group\",\"isPartOf\":{\"@id\":\"https:\/\/www.istegroup.com\/#website\"},\"primaryImageOfPage\":{\"@id\":\"https:\/\/www.istegroup.com\/produit\/pauvretes-multiples\/#primaryimage\"},\"image\":{\"@id\":\"https:\/\/www.istegroup.com\/produit\/pauvretes-multiples\/#primaryimage\"},\"thumbnailUrl\":\"https:\/\/www.istegroup.com\/wp-content\/uploads\/2025\/09\/Pauvretes-multiples.jpg\",\"datePublished\":\"2025-10-03T10:07:30+00:00\",\"dateModified\":\"2025-10-06T13:45:15+00:00\",\"description\":\"Dans un contexte mondial marqu\u00e9 par l\u2019amplification des in\u00e9galit\u00e9s et des fractures sociales, Pauvret\u00e9s multiples propose un \u00e9clairage renouvel\u00e9 sur les formes contemporaines de pauvret\u00e9 qui traversent nos soci\u00e9t\u00e9s.\",\"breadcrumb\":{\"@id\":\"https:\/\/www.istegroup.com\/produit\/pauvretes-multiples\/#breadcrumb\"},\"inLanguage\":\"en-US\",\"potentialAction\":[{\"@type\":\"ReadAction\",\"target\":[\"https:\/\/www.istegroup.com\/produit\/pauvretes-multiples\/\"]}]},{\"@type\":\"ImageObject\",\"inLanguage\":\"en-US\",\"@id\":\"https:\/\/www.istegroup.com\/produit\/pauvretes-multiples\/#primaryimage\",\"url\":\"https:\/\/www.istegroup.com\/wp-content\/uploads\/2025\/09\/Pauvretes-multiples.jpg\",\"contentUrl\":\"https:\/\/www.istegroup.com\/wp-content\/uploads\/2025\/09\/Pauvretes-multiples.jpg\",\"width\":606,\"height\":909},{\"@type\":\"BreadcrumbList\",\"@id\":\"https:\/\/www.istegroup.com\/produit\/pauvretes-multiples\/#breadcrumb\",\"itemListElement\":[{\"@type\":\"ListItem\",\"position\":1,\"name\":\"Home\",\"item\":\"https:\/\/www.istegroup.com\/\"},{\"@type\":\"ListItem\",\"position\":2,\"name\":\"Shop\",\"item\":\"https:\/\/www.istegroup.com\/fr\/nouveautes\/\"},{\"@type\":\"ListItem\",\"position\":3,\"name\":\"Pauvret\u00e9s multiples\"}]},{\"@type\":\"WebSite\",\"@id\":\"https:\/\/www.istegroup.com\/#website\",\"url\":\"https:\/\/www.istegroup.com\/\",\"name\":\"ISTE Group\",\"description\":\"Publishing Knowledge\",\"potentialAction\":[{\"@type\":\"SearchAction\",\"target\":{\"@type\":\"EntryPoint\",\"urlTemplate\":\"https:\/\/www.istegroup.com\/?s={search_term_string}\"},\"query-input\":{\"@type\":\"PropertyValueSpecification\",\"valueRequired\":true,\"valueName\":\"search_term_string\"}}],\"inLanguage\":\"en-US\"}]}<\/script>\n<!-- \/ Yoast SEO plugin. -->","yoast_head_json":{"title":"Pauvret\u00e9s multiples - ISTE Group","description":"Dans un contexte mondial marqu\u00e9 par l\u2019amplification des in\u00e9galit\u00e9s et des fractures sociales, Pauvret\u00e9s multiples propose un \u00e9clairage renouvel\u00e9 sur les formes contemporaines de pauvret\u00e9 qui traversent nos soci\u00e9t\u00e9s.","robots":{"index":"index","follow":"follow","max-snippet":"max-snippet:-1","max-image-preview":"max-image-preview:large","max-video-preview":"max-video-preview:-1"},"canonical":"https:\/\/www.istegroup.com\/produit\/pauvretes-multiples\/","og_locale":"en_US","og_type":"article","og_title":"Pauvret\u00e9s multiples - ISTE Group","og_description":"Dans un contexte mondial marqu\u00e9 par l\u2019amplification des in\u00e9galit\u00e9s et des fractures sociales, Pauvret\u00e9s multiples propose un \u00e9clairage renouvel\u00e9 sur les formes contemporaines de pauvret\u00e9 qui traversent nos soci\u00e9t\u00e9s.","og_url":"https:\/\/www.istegroup.com\/produit\/pauvretes-multiples\/","og_site_name":"ISTE Group","article_modified_time":"2025-10-06T13:45:15+00:00","og_image":[{"width":606,"height":909,"url":"https:\/\/www.istegroup.com\/wp-content\/uploads\/2025\/09\/Pauvretes-multiples.jpg","type":"image\/jpeg"}],"twitter_card":"summary_large_image","twitter_misc":{"Est. reading time":"2 minutes"},"schema":{"@context":"https:\/\/schema.org","@graph":[{"@type":"WebPage","@id":"https:\/\/www.istegroup.com\/produit\/pauvretes-multiples\/","url":"https:\/\/www.istegroup.com\/produit\/pauvretes-multiples\/","name":"Pauvret\u00e9s multiples - ISTE Group","isPartOf":{"@id":"https:\/\/www.istegroup.com\/#website"},"primaryImageOfPage":{"@id":"https:\/\/www.istegroup.com\/produit\/pauvretes-multiples\/#primaryimage"},"image":{"@id":"https:\/\/www.istegroup.com\/produit\/pauvretes-multiples\/#primaryimage"},"thumbnailUrl":"https:\/\/www.istegroup.com\/wp-content\/uploads\/2025\/09\/Pauvretes-multiples.jpg","datePublished":"2025-10-03T10:07:30+00:00","dateModified":"2025-10-06T13:45:15+00:00","description":"Dans un contexte mondial marqu\u00e9 par l\u2019amplification des in\u00e9galit\u00e9s et des fractures sociales, Pauvret\u00e9s multiples propose un \u00e9clairage renouvel\u00e9 sur les formes contemporaines de pauvret\u00e9 qui traversent nos soci\u00e9t\u00e9s.","breadcrumb":{"@id":"https:\/\/www.istegroup.com\/produit\/pauvretes-multiples\/#breadcrumb"},"inLanguage":"en-US","potentialAction":[{"@type":"ReadAction","target":["https:\/\/www.istegroup.com\/produit\/pauvretes-multiples\/"]}]},{"@type":"ImageObject","inLanguage":"en-US","@id":"https:\/\/www.istegroup.com\/produit\/pauvretes-multiples\/#primaryimage","url":"https:\/\/www.istegroup.com\/wp-content\/uploads\/2025\/09\/Pauvretes-multiples.jpg","contentUrl":"https:\/\/www.istegroup.com\/wp-content\/uploads\/2025\/09\/Pauvretes-multiples.jpg","width":606,"height":909},{"@type":"BreadcrumbList","@id":"https:\/\/www.istegroup.com\/produit\/pauvretes-multiples\/#breadcrumb","itemListElement":[{"@type":"ListItem","position":1,"name":"Home","item":"https:\/\/www.istegroup.com\/"},{"@type":"ListItem","position":2,"name":"Shop","item":"https:\/\/www.istegroup.com\/fr\/nouveautes\/"},{"@type":"ListItem","position":3,"name":"Pauvret\u00e9s multiples"}]},{"@type":"WebSite","@id":"https:\/\/www.istegroup.com\/#website","url":"https:\/\/www.istegroup.com\/","name":"ISTE Group","description":"Publishing Knowledge","potentialAction":[{"@type":"SearchAction","target":{"@type":"EntryPoint","urlTemplate":"https:\/\/www.istegroup.com\/?s={search_term_string}"},"query-input":{"@type":"PropertyValueSpecification","valueRequired":true,"valueName":"search_term_string"}}],"inLanguage":"en-US"}]}},"_links":{"self":[{"href":"https:\/\/www.istegroup.com\/en\/wp-json\/wp\/v2\/product\/61646","targetHints":{"allow":["GET"]}}],"collection":[{"href":"https:\/\/www.istegroup.com\/en\/wp-json\/wp\/v2\/product"}],"about":[{"href":"https:\/\/www.istegroup.com\/en\/wp-json\/wp\/v2\/types\/product"}],"wp:featuredmedia":[{"embeddable":true,"href":"https:\/\/www.istegroup.com\/en\/wp-json\/wp\/v2\/media\/61656"}],"wp:attachment":[{"href":"https:\/\/www.istegroup.com\/en\/wp-json\/wp\/v2\/media?parent=61646"}],"wp:term":[{"taxonomy":"product_brand","embeddable":true,"href":"https:\/\/www.istegroup.com\/en\/wp-json\/wp\/v2\/product_brand?post=61646"},{"taxonomy":"product_cat","embeddable":true,"href":"https:\/\/www.istegroup.com\/en\/wp-json\/wp\/v2\/product_cat?post=61646"},{"taxonomy":"product_tag","embeddable":true,"href":"https:\/\/www.istegroup.com\/en\/wp-json\/wp\/v2\/product_tag?post=61646"}],"curies":[{"name":"wp","href":"https:\/\/api.w.org\/{rel}","templated":true}]}}