{"id":61517,"date":"2025-09-18T09:36:25","date_gmt":"2025-09-18T08:36:25","guid":{"rendered":"https:\/\/www.istegroup.com\/?post_type=product&#038;p=61517"},"modified":"2025-12-12T10:28:36","modified_gmt":"2025-12-12T10:28:36","slug":"cybersecurite-et-tracabilite-dans-lusine-4-0","status":"publish","type":"product","link":"https:\/\/www.istegroup.com\/en\/produit\/cybersecurite-et-tracabilite-dans-lusine-4-0\/","title":{"rendered":"Cybers\u00e9curit\u00e9 et tra\u00e7abilit\u00e9 dans l\u2019usine 4.0"},"content":{"rendered":"<p><em>Cybers\u00e9curit\u00e9 et tra\u00e7abilit\u00e9 dans l\u2019usine 4.0<\/em> met en lumi\u00e8re les enjeux li\u00e9s \u00e0 la digitalisation des sites de production. Outre les gains de productivit\u00e9 apport\u00e9s par les nouvelles technologies num\u00e9riques, cette transformation s\u2019accompagne de risques, de contraintes, de d\u00e9pendances et de co\u00fbts nouveaux. Il existe cependant des modalit\u00e9s pratiques permettant aux industriels d\u2019aborder cette transition de mani\u00e8re globalement b\u00e9n\u00e9fique pour leur activit\u00e9.<\/p>\n<p>\u00c0 travers le cas sp\u00e9cifique de la blockchain, l\u2019un des composants cl\u00e9s de l\u2019industrie 4.0, cet ouvrage illustre son usage sp\u00e9cifique concernant la mise en oeuvre de la tra\u00e7abilit\u00e9, afin d\u2019accro\u00eetre la confiance entre l\u2019usine, ses fournisseurs et ses clients, tout en pr\u00e9servant la confidentialit\u00e9 des tiers impliqu\u00e9s. Il montre que les co\u00fbts \u00e9nerg\u00e9tiques et de stockage souvent associ\u00e9s \u00e0 la blockchain ne sont pas inh\u00e9rents \u00e0 la technologie elle-m\u00eame, mais r\u00e9sultent de choix d\u2019impl\u00e9mentation. Des modalit\u00e9s concr\u00e8tes et pratiques, ainsi que des outils d\u2019\u00e9valuation, sont propos\u00e9s afin d\u2019anticiper l\u2019int\u00e9gration de la blockchain dans une usine op\u00e9rationnelle.<\/p>\n","protected":false},"excerpt":{"rendered":"<p>Cybers\u00e9curit\u00e9 et tra\u00e7abilit\u00e9 dans l\u2019usine 4.0 met en lumi\u00e8re les enjeux li\u00e9s \u00e0 la digitalisation des sites de production. Outre les gains de productivit\u00e9 apport\u00e9s par les nouvelles technologies num\u00e9riques, cette transformation s\u2019accompagne de risques, de contraintes, de d\u00e9pendances et de co\u00fbts nouveaux. Il existe cependant des modalit\u00e9s pratiques permettant aux industriels d\u2019aborder cette transition [&hellip;]<\/p>\n","protected":false},"featured_media":61574,"template":"","meta":{"_acf_changed":false,"_links_to":"","_links_to_target":""},"product_brand":[],"product_cat":[4289],"product_tag":[],"class_list":{"0":"post-61517","1":"product","2":"type-product","3":"status-publish","4":"has-post-thumbnail","6":"product_cat-sciences","8":"first","9":"instock","10":"shipping-taxable","11":"purchasable","12":"product-type-variable"},"acf":[],"yoast_head":"<!-- This site is optimized with the Yoast SEO plugin v27.2 - https:\/\/yoast.com\/product\/yoast-seo-wordpress\/ -->\n<title>Cybers\u00e9curit\u00e9 et tra\u00e7abilit\u00e9 dans l\u2019usine 4.0 - ISTE Group<\/title>\n<meta name=\"description\" content=\"Cybers\u00e9curit\u00e9 et tra\u00e7abilit\u00e9 dans l\u2019usine 4.0 met en lumi\u00e8re les enjeux li\u00e9s \u00e0 la digitalisation des sites de production.\" \/>\n<meta name=\"robots\" content=\"index, follow, max-snippet:-1, max-image-preview:large, max-video-preview:-1\" \/>\n<link rel=\"canonical\" href=\"https:\/\/www.istegroup.com\/produit\/cybersecurite-et-tracabilite-dans-lusine-4-0\/\" \/>\n<meta property=\"og:locale\" content=\"en_US\" \/>\n<meta property=\"og:type\" content=\"article\" \/>\n<meta property=\"og:title\" content=\"Cybers\u00e9curit\u00e9 et tra\u00e7abilit\u00e9 dans l\u2019usine 4.0 - ISTE Group\" \/>\n<meta property=\"og:description\" content=\"Cybers\u00e9curit\u00e9 et tra\u00e7abilit\u00e9 dans l\u2019usine 4.0 met en lumi\u00e8re les enjeux li\u00e9s \u00e0 la digitalisation des sites de production.\" \/>\n<meta property=\"og:url\" content=\"https:\/\/www.istegroup.com\/produit\/cybersecurite-et-tracabilite-dans-lusine-4-0\/\" \/>\n<meta property=\"og:site_name\" content=\"ISTE Group\" \/>\n<meta property=\"article:modified_time\" content=\"2025-12-12T10:28:36+00:00\" \/>\n<meta property=\"og:image\" content=\"https:\/\/www.istegroup.com\/wp-content\/uploads\/2024\/09\/Cybersecurite-et-tracabilite-dans-lusine-4.0.jpg\" \/>\n\t<meta property=\"og:image:width\" content=\"300\" \/>\n\t<meta property=\"og:image:height\" content=\"450\" \/>\n\t<meta property=\"og:image:type\" content=\"image\/jpeg\" \/>\n<meta name=\"twitter:card\" content=\"summary_large_image\" \/>\n<meta name=\"twitter:label1\" content=\"Est. reading time\" \/>\n\t<meta name=\"twitter:data1\" content=\"2 minutes\" \/>\n<script type=\"application\/ld+json\" class=\"yoast-schema-graph\">{\"@context\":\"https:\/\/schema.org\",\"@graph\":[{\"@type\":\"WebPage\",\"@id\":\"https:\/\/www.istegroup.com\/produit\/cybersecurite-et-tracabilite-dans-lusine-4-0\/\",\"url\":\"https:\/\/www.istegroup.com\/produit\/cybersecurite-et-tracabilite-dans-lusine-4-0\/\",\"name\":\"Cybers\u00e9curit\u00e9 et tra\u00e7abilit\u00e9 dans l\u2019usine 4.0 - ISTE Group\",\"isPartOf\":{\"@id\":\"https:\/\/www.istegroup.com\/#website\"},\"primaryImageOfPage\":{\"@id\":\"https:\/\/www.istegroup.com\/produit\/cybersecurite-et-tracabilite-dans-lusine-4-0\/#primaryimage\"},\"image\":{\"@id\":\"https:\/\/www.istegroup.com\/produit\/cybersecurite-et-tracabilite-dans-lusine-4-0\/#primaryimage\"},\"thumbnailUrl\":\"https:\/\/www.istegroup.com\/wp-content\/uploads\/2024\/09\/Cybersecurite-et-tracabilite-dans-lusine-4.0.jpg\",\"datePublished\":\"2025-09-18T08:36:25+00:00\",\"dateModified\":\"2025-12-12T10:28:36+00:00\",\"description\":\"Cybers\u00e9curit\u00e9 et tra\u00e7abilit\u00e9 dans l\u2019usine 4.0 met en lumi\u00e8re les enjeux li\u00e9s \u00e0 la digitalisation des sites de production.\",\"breadcrumb\":{\"@id\":\"https:\/\/www.istegroup.com\/produit\/cybersecurite-et-tracabilite-dans-lusine-4-0\/#breadcrumb\"},\"inLanguage\":\"en-US\",\"potentialAction\":[{\"@type\":\"ReadAction\",\"target\":[\"https:\/\/www.istegroup.com\/produit\/cybersecurite-et-tracabilite-dans-lusine-4-0\/\"]}]},{\"@type\":\"ImageObject\",\"inLanguage\":\"en-US\",\"@id\":\"https:\/\/www.istegroup.com\/produit\/cybersecurite-et-tracabilite-dans-lusine-4-0\/#primaryimage\",\"url\":\"https:\/\/www.istegroup.com\/wp-content\/uploads\/2024\/09\/Cybersecurite-et-tracabilite-dans-lusine-4.0.jpg\",\"contentUrl\":\"https:\/\/www.istegroup.com\/wp-content\/uploads\/2024\/09\/Cybersecurite-et-tracabilite-dans-lusine-4.0.jpg\",\"width\":300,\"height\":450},{\"@type\":\"BreadcrumbList\",\"@id\":\"https:\/\/www.istegroup.com\/produit\/cybersecurite-et-tracabilite-dans-lusine-4-0\/#breadcrumb\",\"itemListElement\":[{\"@type\":\"ListItem\",\"position\":1,\"name\":\"Home\",\"item\":\"https:\/\/www.istegroup.com\/\"},{\"@type\":\"ListItem\",\"position\":2,\"name\":\"Shop\",\"item\":\"https:\/\/www.istegroup.com\/fr\/nouveautes\/\"},{\"@type\":\"ListItem\",\"position\":3,\"name\":\"Cybers\u00e9curit\u00e9 et tra\u00e7abilit\u00e9 dans l\u2019usine 4.0\"}]},{\"@type\":\"WebSite\",\"@id\":\"https:\/\/www.istegroup.com\/#website\",\"url\":\"https:\/\/www.istegroup.com\/\",\"name\":\"ISTE Group\",\"description\":\"Publishing Knowledge\",\"potentialAction\":[{\"@type\":\"SearchAction\",\"target\":{\"@type\":\"EntryPoint\",\"urlTemplate\":\"https:\/\/www.istegroup.com\/?s={search_term_string}\"},\"query-input\":{\"@type\":\"PropertyValueSpecification\",\"valueRequired\":true,\"valueName\":\"search_term_string\"}}],\"inLanguage\":\"en-US\"}]}<\/script>\n<!-- \/ Yoast SEO plugin. -->","yoast_head_json":{"title":"Cybers\u00e9curit\u00e9 et tra\u00e7abilit\u00e9 dans l\u2019usine 4.0 - ISTE Group","description":"Cybers\u00e9curit\u00e9 et tra\u00e7abilit\u00e9 dans l\u2019usine 4.0 met en lumi\u00e8re les enjeux li\u00e9s \u00e0 la digitalisation des sites de production.","robots":{"index":"index","follow":"follow","max-snippet":"max-snippet:-1","max-image-preview":"max-image-preview:large","max-video-preview":"max-video-preview:-1"},"canonical":"https:\/\/www.istegroup.com\/produit\/cybersecurite-et-tracabilite-dans-lusine-4-0\/","og_locale":"en_US","og_type":"article","og_title":"Cybers\u00e9curit\u00e9 et tra\u00e7abilit\u00e9 dans l\u2019usine 4.0 - ISTE Group","og_description":"Cybers\u00e9curit\u00e9 et tra\u00e7abilit\u00e9 dans l\u2019usine 4.0 met en lumi\u00e8re les enjeux li\u00e9s \u00e0 la digitalisation des sites de production.","og_url":"https:\/\/www.istegroup.com\/produit\/cybersecurite-et-tracabilite-dans-lusine-4-0\/","og_site_name":"ISTE Group","article_modified_time":"2025-12-12T10:28:36+00:00","og_image":[{"width":300,"height":450,"url":"https:\/\/www.istegroup.com\/wp-content\/uploads\/2024\/09\/Cybersecurite-et-tracabilite-dans-lusine-4.0.jpg","type":"image\/jpeg"}],"twitter_card":"summary_large_image","twitter_misc":{"Est. reading time":"2 minutes"},"schema":{"@context":"https:\/\/schema.org","@graph":[{"@type":"WebPage","@id":"https:\/\/www.istegroup.com\/produit\/cybersecurite-et-tracabilite-dans-lusine-4-0\/","url":"https:\/\/www.istegroup.com\/produit\/cybersecurite-et-tracabilite-dans-lusine-4-0\/","name":"Cybers\u00e9curit\u00e9 et tra\u00e7abilit\u00e9 dans l\u2019usine 4.0 - ISTE Group","isPartOf":{"@id":"https:\/\/www.istegroup.com\/#website"},"primaryImageOfPage":{"@id":"https:\/\/www.istegroup.com\/produit\/cybersecurite-et-tracabilite-dans-lusine-4-0\/#primaryimage"},"image":{"@id":"https:\/\/www.istegroup.com\/produit\/cybersecurite-et-tracabilite-dans-lusine-4-0\/#primaryimage"},"thumbnailUrl":"https:\/\/www.istegroup.com\/wp-content\/uploads\/2024\/09\/Cybersecurite-et-tracabilite-dans-lusine-4.0.jpg","datePublished":"2025-09-18T08:36:25+00:00","dateModified":"2025-12-12T10:28:36+00:00","description":"Cybers\u00e9curit\u00e9 et tra\u00e7abilit\u00e9 dans l\u2019usine 4.0 met en lumi\u00e8re les enjeux li\u00e9s \u00e0 la digitalisation des sites de production.","breadcrumb":{"@id":"https:\/\/www.istegroup.com\/produit\/cybersecurite-et-tracabilite-dans-lusine-4-0\/#breadcrumb"},"inLanguage":"en-US","potentialAction":[{"@type":"ReadAction","target":["https:\/\/www.istegroup.com\/produit\/cybersecurite-et-tracabilite-dans-lusine-4-0\/"]}]},{"@type":"ImageObject","inLanguage":"en-US","@id":"https:\/\/www.istegroup.com\/produit\/cybersecurite-et-tracabilite-dans-lusine-4-0\/#primaryimage","url":"https:\/\/www.istegroup.com\/wp-content\/uploads\/2024\/09\/Cybersecurite-et-tracabilite-dans-lusine-4.0.jpg","contentUrl":"https:\/\/www.istegroup.com\/wp-content\/uploads\/2024\/09\/Cybersecurite-et-tracabilite-dans-lusine-4.0.jpg","width":300,"height":450},{"@type":"BreadcrumbList","@id":"https:\/\/www.istegroup.com\/produit\/cybersecurite-et-tracabilite-dans-lusine-4-0\/#breadcrumb","itemListElement":[{"@type":"ListItem","position":1,"name":"Home","item":"https:\/\/www.istegroup.com\/"},{"@type":"ListItem","position":2,"name":"Shop","item":"https:\/\/www.istegroup.com\/fr\/nouveautes\/"},{"@type":"ListItem","position":3,"name":"Cybers\u00e9curit\u00e9 et tra\u00e7abilit\u00e9 dans l\u2019usine 4.0"}]},{"@type":"WebSite","@id":"https:\/\/www.istegroup.com\/#website","url":"https:\/\/www.istegroup.com\/","name":"ISTE Group","description":"Publishing Knowledge","potentialAction":[{"@type":"SearchAction","target":{"@type":"EntryPoint","urlTemplate":"https:\/\/www.istegroup.com\/?s={search_term_string}"},"query-input":{"@type":"PropertyValueSpecification","valueRequired":true,"valueName":"search_term_string"}}],"inLanguage":"en-US"}]}},"_links":{"self":[{"href":"https:\/\/www.istegroup.com\/en\/wp-json\/wp\/v2\/product\/61517","targetHints":{"allow":["GET"]}}],"collection":[{"href":"https:\/\/www.istegroup.com\/en\/wp-json\/wp\/v2\/product"}],"about":[{"href":"https:\/\/www.istegroup.com\/en\/wp-json\/wp\/v2\/types\/product"}],"wp:featuredmedia":[{"embeddable":true,"href":"https:\/\/www.istegroup.com\/en\/wp-json\/wp\/v2\/media\/61574"}],"wp:attachment":[{"href":"https:\/\/www.istegroup.com\/en\/wp-json\/wp\/v2\/media?parent=61517"}],"wp:term":[{"taxonomy":"product_brand","embeddable":true,"href":"https:\/\/www.istegroup.com\/en\/wp-json\/wp\/v2\/product_brand?post=61517"},{"taxonomy":"product_cat","embeddable":true,"href":"https:\/\/www.istegroup.com\/en\/wp-json\/wp\/v2\/product_cat?post=61517"},{"taxonomy":"product_tag","embeddable":true,"href":"https:\/\/www.istegroup.com\/en\/wp-json\/wp\/v2\/product_tag?post=61517"}],"curies":[{"name":"wp","href":"https:\/\/api.w.org\/{rel}","templated":true}]}}