{"id":61476,"date":"2025-09-18T14:57:53","date_gmt":"2025-09-18T13:57:53","guid":{"rendered":"https:\/\/www.istegroup.com\/?post_type=product&#038;p=61476"},"modified":"2025-12-08T16:18:03","modified_gmt":"2025-12-08T16:18:03","slug":"efficacite-energetique-des-batiments-1","status":"publish","type":"product","link":"https:\/\/www.istegroup.com\/en\/produit\/efficacite-energetique-des-batiments-1\/","title":{"rendered":"Efficacit\u00e9 \u00e9nerg\u00e9tique des b\u00e2timents 1"},"content":{"rendered":"<p><em>Efficacit\u00e9 \u00e9nerg\u00e9tique des b\u00e2timents 1<\/em> traite successivement le contexte et les enjeux li\u00e9s au b\u00e2timent, l\u2019enveloppe du b\u00e2timent et les moyens de l\u2019am\u00e9liorer gr\u00e2ce \u00e0 des mat\u00e9riaux et des techniques de construction innovants, ainsi que les syst\u00e8mes de ventilation et d\u2019\u00e9clairage.<\/p>\n<p>\u00c0 travers ces diff\u00e9rents aspects, l\u2019ambition de cet ouvrage est de fournir au lecteur les outils et les bonnes pratiques n\u00e9cessaires pour concevoir, r\u00e9nover ou g\u00e9rer des b\u00e2timents, afin d\u2019assurer le confort des occupants tout en r\u00e9duisant l\u2019impact environnemental. Il s\u2019adresse aussi bien aux professionnels qu\u2019aux \u00e9tudiants en universit\u00e9 ou en \u00e9cole d&#8217;ing\u00e9nieur travaillant dans le domaine de l\u2019\u00e9nerg\u00e9tique du b\u00e2timent.<\/p>\n","protected":false},"excerpt":{"rendered":"<p>Efficacit\u00e9 \u00e9nerg\u00e9tique des b\u00e2timents 1 traite successivement le contexte et les enjeux li\u00e9s au b\u00e2timent, l\u2019enveloppe du b\u00e2timent et les moyens de l\u2019am\u00e9liorer gr\u00e2ce \u00e0 des mat\u00e9riaux et des techniques de construction innovants, ainsi que les syst\u00e8mes de ventilation et d\u2019\u00e9clairage. \u00c0 travers ces diff\u00e9rents aspects, l\u2019ambition de cet ouvrage est de fournir au lecteur [&hellip;]<\/p>\n","protected":false},"featured_media":61572,"template":"","meta":{"_acf_changed":false,"_links_to":"","_links_to_target":""},"product_brand":[],"product_cat":[4289],"product_tag":[],"class_list":{"0":"post-61476","1":"product","2":"type-product","3":"status-publish","4":"has-post-thumbnail","6":"product_cat-sciences","8":"first","9":"instock","10":"shipping-taxable","11":"purchasable","12":"product-type-variable"},"acf":[],"yoast_head":"<!-- This site is optimized with the Yoast SEO plugin v27.2 - https:\/\/yoast.com\/product\/yoast-seo-wordpress\/ -->\n<title>Efficacit\u00e9 \u00e9nerg\u00e9tique des b\u00e2timents 1 - ISTE Group<\/title>\n<meta name=\"description\" content=\"Efficacit\u00e9 \u00e9nerg\u00e9tique des b\u00e2timents 1 traite successivement le contexte et les enjeux li\u00e9s au b\u00e2timent, l\u2019enveloppe du b\u00e2timent et les moyens de l\u2019am\u00e9liorer gr\u00e2ce \u00e0 des mat\u00e9riaux et des techniques de construction innovants, ainsi que les syst\u00e8mes de ventilation et d\u2019\u00e9clairage.\" \/>\n<meta name=\"robots\" content=\"index, follow, max-snippet:-1, max-image-preview:large, max-video-preview:-1\" \/>\n<link rel=\"canonical\" href=\"https:\/\/www.istegroup.com\/produit\/efficacite-energetique-des-batiments-1\/\" \/>\n<meta property=\"og:locale\" content=\"en_US\" \/>\n<meta property=\"og:type\" content=\"article\" \/>\n<meta property=\"og:title\" content=\"Efficacit\u00e9 \u00e9nerg\u00e9tique des b\u00e2timents 1 - ISTE Group\" \/>\n<meta property=\"og:description\" content=\"Efficacit\u00e9 \u00e9nerg\u00e9tique des b\u00e2timents 1 traite successivement le contexte et les enjeux li\u00e9s au b\u00e2timent, l\u2019enveloppe du b\u00e2timent et les moyens de l\u2019am\u00e9liorer gr\u00e2ce \u00e0 des mat\u00e9riaux et des techniques de construction innovants, ainsi que les syst\u00e8mes de ventilation et d\u2019\u00e9clairage.\" \/>\n<meta property=\"og:url\" content=\"https:\/\/www.istegroup.com\/produit\/efficacite-energetique-des-batiments-1\/\" \/>\n<meta property=\"og:site_name\" content=\"ISTE Group\" \/>\n<meta property=\"article:modified_time\" content=\"2025-12-08T16:18:03+00:00\" \/>\n<meta property=\"og:image\" content=\"https:\/\/www.istegroup.com\/wp-content\/uploads\/2024\/09\/Efficacite-energetique-des-batiments-1.jpg\" \/>\n\t<meta property=\"og:image:width\" content=\"300\" \/>\n\t<meta property=\"og:image:height\" content=\"450\" \/>\n\t<meta property=\"og:image:type\" content=\"image\/jpeg\" \/>\n<meta name=\"twitter:card\" content=\"summary_large_image\" \/>\n<meta name=\"twitter:label1\" content=\"Est. reading time\" \/>\n\t<meta name=\"twitter:data1\" content=\"1 minute\" \/>\n<script type=\"application\/ld+json\" class=\"yoast-schema-graph\">{\"@context\":\"https:\/\/schema.org\",\"@graph\":[{\"@type\":\"WebPage\",\"@id\":\"https:\/\/www.istegroup.com\/produit\/efficacite-energetique-des-batiments-1\/\",\"url\":\"https:\/\/www.istegroup.com\/produit\/efficacite-energetique-des-batiments-1\/\",\"name\":\"Efficacit\u00e9 \u00e9nerg\u00e9tique des b\u00e2timents 1 - ISTE Group\",\"isPartOf\":{\"@id\":\"https:\/\/www.istegroup.com\/#website\"},\"primaryImageOfPage\":{\"@id\":\"https:\/\/www.istegroup.com\/produit\/efficacite-energetique-des-batiments-1\/#primaryimage\"},\"image\":{\"@id\":\"https:\/\/www.istegroup.com\/produit\/efficacite-energetique-des-batiments-1\/#primaryimage\"},\"thumbnailUrl\":\"https:\/\/www.istegroup.com\/wp-content\/uploads\/2024\/09\/Efficacite-energetique-des-batiments-1.jpg\",\"datePublished\":\"2025-09-18T13:57:53+00:00\",\"dateModified\":\"2025-12-08T16:18:03+00:00\",\"description\":\"Efficacit\u00e9 \u00e9nerg\u00e9tique des b\u00e2timents 1 traite successivement le contexte et les enjeux li\u00e9s au b\u00e2timent, l\u2019enveloppe du b\u00e2timent et les moyens de l\u2019am\u00e9liorer gr\u00e2ce \u00e0 des mat\u00e9riaux et des techniques de construction innovants, ainsi que les syst\u00e8mes de ventilation et d\u2019\u00e9clairage.\",\"breadcrumb\":{\"@id\":\"https:\/\/www.istegroup.com\/produit\/efficacite-energetique-des-batiments-1\/#breadcrumb\"},\"inLanguage\":\"en-US\",\"potentialAction\":[{\"@type\":\"ReadAction\",\"target\":[\"https:\/\/www.istegroup.com\/produit\/efficacite-energetique-des-batiments-1\/\"]}]},{\"@type\":\"ImageObject\",\"inLanguage\":\"en-US\",\"@id\":\"https:\/\/www.istegroup.com\/produit\/efficacite-energetique-des-batiments-1\/#primaryimage\",\"url\":\"https:\/\/www.istegroup.com\/wp-content\/uploads\/2024\/09\/Efficacite-energetique-des-batiments-1.jpg\",\"contentUrl\":\"https:\/\/www.istegroup.com\/wp-content\/uploads\/2024\/09\/Efficacite-energetique-des-batiments-1.jpg\",\"width\":300,\"height\":450},{\"@type\":\"BreadcrumbList\",\"@id\":\"https:\/\/www.istegroup.com\/produit\/efficacite-energetique-des-batiments-1\/#breadcrumb\",\"itemListElement\":[{\"@type\":\"ListItem\",\"position\":1,\"name\":\"Home\",\"item\":\"https:\/\/www.istegroup.com\/\"},{\"@type\":\"ListItem\",\"position\":2,\"name\":\"Shop\",\"item\":\"https:\/\/www.istegroup.com\/fr\/nouveautes\/\"},{\"@type\":\"ListItem\",\"position\":3,\"name\":\"Efficacit\u00e9 \u00e9nerg\u00e9tique des b\u00e2timents 1\"}]},{\"@type\":\"WebSite\",\"@id\":\"https:\/\/www.istegroup.com\/#website\",\"url\":\"https:\/\/www.istegroup.com\/\",\"name\":\"ISTE Group\",\"description\":\"Publishing Knowledge\",\"potentialAction\":[{\"@type\":\"SearchAction\",\"target\":{\"@type\":\"EntryPoint\",\"urlTemplate\":\"https:\/\/www.istegroup.com\/?s={search_term_string}\"},\"query-input\":{\"@type\":\"PropertyValueSpecification\",\"valueRequired\":true,\"valueName\":\"search_term_string\"}}],\"inLanguage\":\"en-US\"}]}<\/script>\n<!-- \/ Yoast SEO plugin. -->","yoast_head_json":{"title":"Efficacit\u00e9 \u00e9nerg\u00e9tique des b\u00e2timents 1 - ISTE Group","description":"Efficacit\u00e9 \u00e9nerg\u00e9tique des b\u00e2timents 1 traite successivement le contexte et les enjeux li\u00e9s au b\u00e2timent, l\u2019enveloppe du b\u00e2timent et les moyens de l\u2019am\u00e9liorer gr\u00e2ce \u00e0 des mat\u00e9riaux et des techniques de construction innovants, ainsi que les syst\u00e8mes de ventilation et d\u2019\u00e9clairage.","robots":{"index":"index","follow":"follow","max-snippet":"max-snippet:-1","max-image-preview":"max-image-preview:large","max-video-preview":"max-video-preview:-1"},"canonical":"https:\/\/www.istegroup.com\/produit\/efficacite-energetique-des-batiments-1\/","og_locale":"en_US","og_type":"article","og_title":"Efficacit\u00e9 \u00e9nerg\u00e9tique des b\u00e2timents 1 - ISTE Group","og_description":"Efficacit\u00e9 \u00e9nerg\u00e9tique des b\u00e2timents 1 traite successivement le contexte et les enjeux li\u00e9s au b\u00e2timent, l\u2019enveloppe du b\u00e2timent et les moyens de l\u2019am\u00e9liorer gr\u00e2ce \u00e0 des mat\u00e9riaux et des techniques de construction innovants, ainsi que les syst\u00e8mes de ventilation et d\u2019\u00e9clairage.","og_url":"https:\/\/www.istegroup.com\/produit\/efficacite-energetique-des-batiments-1\/","og_site_name":"ISTE Group","article_modified_time":"2025-12-08T16:18:03+00:00","og_image":[{"width":300,"height":450,"url":"https:\/\/www.istegroup.com\/wp-content\/uploads\/2024\/09\/Efficacite-energetique-des-batiments-1.jpg","type":"image\/jpeg"}],"twitter_card":"summary_large_image","twitter_misc":{"Est. reading time":"1 minute"},"schema":{"@context":"https:\/\/schema.org","@graph":[{"@type":"WebPage","@id":"https:\/\/www.istegroup.com\/produit\/efficacite-energetique-des-batiments-1\/","url":"https:\/\/www.istegroup.com\/produit\/efficacite-energetique-des-batiments-1\/","name":"Efficacit\u00e9 \u00e9nerg\u00e9tique des b\u00e2timents 1 - ISTE Group","isPartOf":{"@id":"https:\/\/www.istegroup.com\/#website"},"primaryImageOfPage":{"@id":"https:\/\/www.istegroup.com\/produit\/efficacite-energetique-des-batiments-1\/#primaryimage"},"image":{"@id":"https:\/\/www.istegroup.com\/produit\/efficacite-energetique-des-batiments-1\/#primaryimage"},"thumbnailUrl":"https:\/\/www.istegroup.com\/wp-content\/uploads\/2024\/09\/Efficacite-energetique-des-batiments-1.jpg","datePublished":"2025-09-18T13:57:53+00:00","dateModified":"2025-12-08T16:18:03+00:00","description":"Efficacit\u00e9 \u00e9nerg\u00e9tique des b\u00e2timents 1 traite successivement le contexte et les enjeux li\u00e9s au b\u00e2timent, l\u2019enveloppe du b\u00e2timent et les moyens de l\u2019am\u00e9liorer gr\u00e2ce \u00e0 des mat\u00e9riaux et des techniques de construction innovants, ainsi que les syst\u00e8mes de ventilation et d\u2019\u00e9clairage.","breadcrumb":{"@id":"https:\/\/www.istegroup.com\/produit\/efficacite-energetique-des-batiments-1\/#breadcrumb"},"inLanguage":"en-US","potentialAction":[{"@type":"ReadAction","target":["https:\/\/www.istegroup.com\/produit\/efficacite-energetique-des-batiments-1\/"]}]},{"@type":"ImageObject","inLanguage":"en-US","@id":"https:\/\/www.istegroup.com\/produit\/efficacite-energetique-des-batiments-1\/#primaryimage","url":"https:\/\/www.istegroup.com\/wp-content\/uploads\/2024\/09\/Efficacite-energetique-des-batiments-1.jpg","contentUrl":"https:\/\/www.istegroup.com\/wp-content\/uploads\/2024\/09\/Efficacite-energetique-des-batiments-1.jpg","width":300,"height":450},{"@type":"BreadcrumbList","@id":"https:\/\/www.istegroup.com\/produit\/efficacite-energetique-des-batiments-1\/#breadcrumb","itemListElement":[{"@type":"ListItem","position":1,"name":"Home","item":"https:\/\/www.istegroup.com\/"},{"@type":"ListItem","position":2,"name":"Shop","item":"https:\/\/www.istegroup.com\/fr\/nouveautes\/"},{"@type":"ListItem","position":3,"name":"Efficacit\u00e9 \u00e9nerg\u00e9tique des b\u00e2timents 1"}]},{"@type":"WebSite","@id":"https:\/\/www.istegroup.com\/#website","url":"https:\/\/www.istegroup.com\/","name":"ISTE Group","description":"Publishing Knowledge","potentialAction":[{"@type":"SearchAction","target":{"@type":"EntryPoint","urlTemplate":"https:\/\/www.istegroup.com\/?s={search_term_string}"},"query-input":{"@type":"PropertyValueSpecification","valueRequired":true,"valueName":"search_term_string"}}],"inLanguage":"en-US"}]}},"_links":{"self":[{"href":"https:\/\/www.istegroup.com\/en\/wp-json\/wp\/v2\/product\/61476","targetHints":{"allow":["GET"]}}],"collection":[{"href":"https:\/\/www.istegroup.com\/en\/wp-json\/wp\/v2\/product"}],"about":[{"href":"https:\/\/www.istegroup.com\/en\/wp-json\/wp\/v2\/types\/product"}],"wp:featuredmedia":[{"embeddable":true,"href":"https:\/\/www.istegroup.com\/en\/wp-json\/wp\/v2\/media\/61572"}],"wp:attachment":[{"href":"https:\/\/www.istegroup.com\/en\/wp-json\/wp\/v2\/media?parent=61476"}],"wp:term":[{"taxonomy":"product_brand","embeddable":true,"href":"https:\/\/www.istegroup.com\/en\/wp-json\/wp\/v2\/product_brand?post=61476"},{"taxonomy":"product_cat","embeddable":true,"href":"https:\/\/www.istegroup.com\/en\/wp-json\/wp\/v2\/product_cat?post=61476"},{"taxonomy":"product_tag","embeddable":true,"href":"https:\/\/www.istegroup.com\/en\/wp-json\/wp\/v2\/product_tag?post=61476"}],"curies":[{"name":"wp","href":"https:\/\/api.w.org\/{rel}","templated":true}]}}