{"id":61098,"date":"2025-07-23T10:36:24","date_gmt":"2025-07-23T09:36:24","guid":{"rendered":"https:\/\/www.istegroup.com\/?post_type=product&#038;p=61098"},"modified":"2025-07-23T11:07:22","modified_gmt":"2025-07-23T10:07:22","slug":"lart-de-la-communication","status":"publish","type":"product","link":"https:\/\/www.istegroup.com\/en\/produit\/lart-de-la-communication\/","title":{"rendered":"L\u2019art de la communication"},"content":{"rendered":"<p>Dans un monde hyperconnect\u00e9, satur\u00e9 de messages et d\u2019informations, la ma\u00eetrise des techniques du faire communicatif, v\u00e9ritable art de la communication, est un enjeu scientifique et soci\u00e9tal majeur. En \u00e9tablissant un cadre holistique pour comprendre les pratiques communicationnelles, cet ouvrage propose une approche s\u00e9miotique et pragmatique de la communication strat\u00e9gique. Consid\u00e9r\u00e9e comme une technologie de persuasion, celle-ci d\u00e9passe la simple transmission d\u2019informations pour devenir un levier d\u2019influence et de transformation.<\/p>\n<p><em> L\u2019art de la communication<\/em> explore les notions cl\u00e9s et les outils m\u00e9thodologiques pour analyser et concevoir des campagnes efficaces. Le r\u00f4le du milieu, des pratiques et des cultures de communication y est mis en avant. Les dimensions strat\u00e9giques \u2013 objectifs, contrats et projets de communication \u2013 se combinent avec les aspects cr\u00e9atifs, repr\u00e9sent\u00e9s par les notions de genres, de sc\u00e9narios ainsi que de design conceptuel. La prise en compte de la communaut\u00e9 des parties prenantes r\u00e9v\u00e8le un \u00e9cosyst\u00e8me complexe, o\u00f9 tensions, int\u00e9r\u00eats et objectifs convergent ou divergent tout au long du cycle de vie d\u2019une campagne.<\/p>\n","protected":false},"excerpt":{"rendered":"<p>Dans un monde hyperconnect\u00e9, satur\u00e9 de messages et d\u2019informations, la ma\u00eetrise des techniques du faire communicatif, v\u00e9ritable art de la communication, est un enjeu scientifique et soci\u00e9tal majeur. En \u00e9tablissant un cadre holistique pour comprendre les pratiques communicationnelles, cet ouvrage propose une approche s\u00e9miotique et pragmatique de la communication strat\u00e9gique. Consid\u00e9r\u00e9e comme une technologie de [&hellip;]<\/p>\n","protected":false},"featured_media":61108,"template":"","meta":{"_acf_changed":false,"_links_to":"","_links_to_target":""},"product_brand":[],"product_cat":[707],"product_tag":[],"class_list":{"0":"post-61098","1":"product","2":"type-product","3":"status-publish","4":"has-post-thumbnail","6":"product_cat-systmes-dinformation-web-et-socit-12506570","8":"first","9":"instock","10":"shipping-taxable","11":"purchasable","12":"product-type-variable"},"acf":[],"yoast_head":"<!-- This site is optimized with the Yoast SEO plugin v27.2 - https:\/\/yoast.com\/product\/yoast-seo-wordpress\/ -->\n<title>L\u2019art de la communication - ISTE Group<\/title>\n<meta name=\"description\" content=\"L\u2019art de la communication explore les notions cl\u00e9s et les outils m\u00e9thodologiques pour analyser et concevoir des campagnes efficaces. Le r\u00f4le du milieu, des pratiques et des cultures de communication y est mis en avant.\" \/>\n<meta name=\"robots\" content=\"index, follow, max-snippet:-1, max-image-preview:large, max-video-preview:-1\" \/>\n<link rel=\"canonical\" href=\"https:\/\/www.istegroup.com\/produit\/lart-de-la-communication\/\" \/>\n<meta property=\"og:locale\" content=\"en_US\" \/>\n<meta property=\"og:type\" content=\"article\" \/>\n<meta property=\"og:title\" content=\"L\u2019art de la communication - ISTE Group\" \/>\n<meta property=\"og:description\" content=\"L\u2019art de la communication explore les notions cl\u00e9s et les outils m\u00e9thodologiques pour analyser et concevoir des campagnes efficaces. Le r\u00f4le du milieu, des pratiques et des cultures de communication y est mis en avant.\" \/>\n<meta property=\"og:url\" content=\"https:\/\/www.istegroup.com\/produit\/lart-de-la-communication\/\" \/>\n<meta property=\"og:site_name\" content=\"ISTE Group\" \/>\n<meta property=\"article:modified_time\" content=\"2025-07-23T10:07:22+00:00\" \/>\n<meta property=\"og:image\" content=\"https:\/\/www.istegroup.com\/wp-content\/uploads\/2025\/07\/Lart-de-la-communication_front.jpg\" \/>\n\t<meta property=\"og:image:width\" content=\"553\" \/>\n\t<meta property=\"og:image:height\" content=\"836\" \/>\n\t<meta property=\"og:image:type\" content=\"image\/jpeg\" \/>\n<meta name=\"twitter:card\" content=\"summary_large_image\" \/>\n<meta name=\"twitter:label1\" content=\"Est. reading time\" \/>\n\t<meta name=\"twitter:data1\" content=\"2 minutes\" \/>\n<script type=\"application\/ld+json\" class=\"yoast-schema-graph\">{\"@context\":\"https:\/\/schema.org\",\"@graph\":[{\"@type\":\"WebPage\",\"@id\":\"https:\/\/www.istegroup.com\/produit\/lart-de-la-communication\/\",\"url\":\"https:\/\/www.istegroup.com\/produit\/lart-de-la-communication\/\",\"name\":\"L\u2019art de la communication - ISTE Group\",\"isPartOf\":{\"@id\":\"https:\/\/www.istegroup.com\/#website\"},\"primaryImageOfPage\":{\"@id\":\"https:\/\/www.istegroup.com\/produit\/lart-de-la-communication\/#primaryimage\"},\"image\":{\"@id\":\"https:\/\/www.istegroup.com\/produit\/lart-de-la-communication\/#primaryimage\"},\"thumbnailUrl\":\"https:\/\/www.istegroup.com\/wp-content\/uploads\/2025\/07\/Lart-de-la-communication_front.jpg\",\"datePublished\":\"2025-07-23T09:36:24+00:00\",\"dateModified\":\"2025-07-23T10:07:22+00:00\",\"description\":\"L\u2019art de la communication explore les notions cl\u00e9s et les outils m\u00e9thodologiques pour analyser et concevoir des campagnes efficaces. Le r\u00f4le du milieu, des pratiques et des cultures de communication y est mis en avant.\",\"breadcrumb\":{\"@id\":\"https:\/\/www.istegroup.com\/produit\/lart-de-la-communication\/#breadcrumb\"},\"inLanguage\":\"en-US\",\"potentialAction\":[{\"@type\":\"ReadAction\",\"target\":[\"https:\/\/www.istegroup.com\/produit\/lart-de-la-communication\/\"]}]},{\"@type\":\"ImageObject\",\"inLanguage\":\"en-US\",\"@id\":\"https:\/\/www.istegroup.com\/produit\/lart-de-la-communication\/#primaryimage\",\"url\":\"https:\/\/www.istegroup.com\/wp-content\/uploads\/2025\/07\/Lart-de-la-communication_front.jpg\",\"contentUrl\":\"https:\/\/www.istegroup.com\/wp-content\/uploads\/2025\/07\/Lart-de-la-communication_front.jpg\",\"width\":553,\"height\":836},{\"@type\":\"BreadcrumbList\",\"@id\":\"https:\/\/www.istegroup.com\/produit\/lart-de-la-communication\/#breadcrumb\",\"itemListElement\":[{\"@type\":\"ListItem\",\"position\":1,\"name\":\"Home\",\"item\":\"https:\/\/www.istegroup.com\/\"},{\"@type\":\"ListItem\",\"position\":2,\"name\":\"Shop\",\"item\":\"https:\/\/www.istegroup.com\/fr\/nouveautes\/\"},{\"@type\":\"ListItem\",\"position\":3,\"name\":\"L\u2019art de la communication\"}]},{\"@type\":\"WebSite\",\"@id\":\"https:\/\/www.istegroup.com\/#website\",\"url\":\"https:\/\/www.istegroup.com\/\",\"name\":\"ISTE Group\",\"description\":\"Publishing Knowledge\",\"potentialAction\":[{\"@type\":\"SearchAction\",\"target\":{\"@type\":\"EntryPoint\",\"urlTemplate\":\"https:\/\/www.istegroup.com\/?s={search_term_string}\"},\"query-input\":{\"@type\":\"PropertyValueSpecification\",\"valueRequired\":true,\"valueName\":\"search_term_string\"}}],\"inLanguage\":\"en-US\"}]}<\/script>\n<!-- \/ Yoast SEO plugin. -->","yoast_head_json":{"title":"L\u2019art de la communication - ISTE Group","description":"L\u2019art de la communication explore les notions cl\u00e9s et les outils m\u00e9thodologiques pour analyser et concevoir des campagnes efficaces. Le r\u00f4le du milieu, des pratiques et des cultures de communication y est mis en avant.","robots":{"index":"index","follow":"follow","max-snippet":"max-snippet:-1","max-image-preview":"max-image-preview:large","max-video-preview":"max-video-preview:-1"},"canonical":"https:\/\/www.istegroup.com\/produit\/lart-de-la-communication\/","og_locale":"en_US","og_type":"article","og_title":"L\u2019art de la communication - ISTE Group","og_description":"L\u2019art de la communication explore les notions cl\u00e9s et les outils m\u00e9thodologiques pour analyser et concevoir des campagnes efficaces. Le r\u00f4le du milieu, des pratiques et des cultures de communication y est mis en avant.","og_url":"https:\/\/www.istegroup.com\/produit\/lart-de-la-communication\/","og_site_name":"ISTE Group","article_modified_time":"2025-07-23T10:07:22+00:00","og_image":[{"width":553,"height":836,"url":"https:\/\/www.istegroup.com\/wp-content\/uploads\/2025\/07\/Lart-de-la-communication_front.jpg","type":"image\/jpeg"}],"twitter_card":"summary_large_image","twitter_misc":{"Est. reading time":"2 minutes"},"schema":{"@context":"https:\/\/schema.org","@graph":[{"@type":"WebPage","@id":"https:\/\/www.istegroup.com\/produit\/lart-de-la-communication\/","url":"https:\/\/www.istegroup.com\/produit\/lart-de-la-communication\/","name":"L\u2019art de la communication - ISTE Group","isPartOf":{"@id":"https:\/\/www.istegroup.com\/#website"},"primaryImageOfPage":{"@id":"https:\/\/www.istegroup.com\/produit\/lart-de-la-communication\/#primaryimage"},"image":{"@id":"https:\/\/www.istegroup.com\/produit\/lart-de-la-communication\/#primaryimage"},"thumbnailUrl":"https:\/\/www.istegroup.com\/wp-content\/uploads\/2025\/07\/Lart-de-la-communication_front.jpg","datePublished":"2025-07-23T09:36:24+00:00","dateModified":"2025-07-23T10:07:22+00:00","description":"L\u2019art de la communication explore les notions cl\u00e9s et les outils m\u00e9thodologiques pour analyser et concevoir des campagnes efficaces. Le r\u00f4le du milieu, des pratiques et des cultures de communication y est mis en avant.","breadcrumb":{"@id":"https:\/\/www.istegroup.com\/produit\/lart-de-la-communication\/#breadcrumb"},"inLanguage":"en-US","potentialAction":[{"@type":"ReadAction","target":["https:\/\/www.istegroup.com\/produit\/lart-de-la-communication\/"]}]},{"@type":"ImageObject","inLanguage":"en-US","@id":"https:\/\/www.istegroup.com\/produit\/lart-de-la-communication\/#primaryimage","url":"https:\/\/www.istegroup.com\/wp-content\/uploads\/2025\/07\/Lart-de-la-communication_front.jpg","contentUrl":"https:\/\/www.istegroup.com\/wp-content\/uploads\/2025\/07\/Lart-de-la-communication_front.jpg","width":553,"height":836},{"@type":"BreadcrumbList","@id":"https:\/\/www.istegroup.com\/produit\/lart-de-la-communication\/#breadcrumb","itemListElement":[{"@type":"ListItem","position":1,"name":"Home","item":"https:\/\/www.istegroup.com\/"},{"@type":"ListItem","position":2,"name":"Shop","item":"https:\/\/www.istegroup.com\/fr\/nouveautes\/"},{"@type":"ListItem","position":3,"name":"L\u2019art de la communication"}]},{"@type":"WebSite","@id":"https:\/\/www.istegroup.com\/#website","url":"https:\/\/www.istegroup.com\/","name":"ISTE Group","description":"Publishing Knowledge","potentialAction":[{"@type":"SearchAction","target":{"@type":"EntryPoint","urlTemplate":"https:\/\/www.istegroup.com\/?s={search_term_string}"},"query-input":{"@type":"PropertyValueSpecification","valueRequired":true,"valueName":"search_term_string"}}],"inLanguage":"en-US"}]}},"_links":{"self":[{"href":"https:\/\/www.istegroup.com\/en\/wp-json\/wp\/v2\/product\/61098","targetHints":{"allow":["GET"]}}],"collection":[{"href":"https:\/\/www.istegroup.com\/en\/wp-json\/wp\/v2\/product"}],"about":[{"href":"https:\/\/www.istegroup.com\/en\/wp-json\/wp\/v2\/types\/product"}],"wp:featuredmedia":[{"embeddable":true,"href":"https:\/\/www.istegroup.com\/en\/wp-json\/wp\/v2\/media\/61108"}],"wp:attachment":[{"href":"https:\/\/www.istegroup.com\/en\/wp-json\/wp\/v2\/media?parent=61098"}],"wp:term":[{"taxonomy":"product_brand","embeddable":true,"href":"https:\/\/www.istegroup.com\/en\/wp-json\/wp\/v2\/product_brand?post=61098"},{"taxonomy":"product_cat","embeddable":true,"href":"https:\/\/www.istegroup.com\/en\/wp-json\/wp\/v2\/product_cat?post=61098"},{"taxonomy":"product_tag","embeddable":true,"href":"https:\/\/www.istegroup.com\/en\/wp-json\/wp\/v2\/product_tag?post=61098"}],"curies":[{"name":"wp","href":"https:\/\/api.w.org\/{rel}","templated":true}]}}