{"id":61079,"date":"2025-07-23T10:17:33","date_gmt":"2025-07-23T09:17:33","guid":{"rendered":"https:\/\/www.istegroup.com\/?post_type=product&#038;p=61079"},"modified":"2025-07-23T11:07:14","modified_gmt":"2025-07-23T10:07:14","slug":"transformation-digitale-des-processus-industriels","status":"publish","type":"product","link":"https:\/\/www.istegroup.com\/en\/produit\/transformation-digitale-des-processus-industriels\/","title":{"rendered":"Transformation digitale des processus industriels"},"content":{"rendered":"<p>La transformation digitale des syst\u00e8mes industriels est un processus complexe, qui exige une compr\u00e9hension fine des besoins sp\u00e9cifiques et des solutions technologiques disponibles. Trouver le bon \u00e9quilibre entre les fonctionnalit\u00e9s \u00e0 int\u00e9grer, les performances vis\u00e9es et les m\u00e9thodologies employ\u00e9es constitue un facteur cl\u00e9 pour r\u00e9ussir une transition ma\u00eetris\u00e9e vers une industrie digitalis\u00e9e.<\/p>\n<p><em>Transformation digitale des processus industriels<\/em> s\u2019appuie sur plus de dix ann\u00e9es de recherche en sciences industrielles digitalis\u00e9es, men\u00e9es au sein de l\u2019\u00c9cole nationale sup\u00e9rieure d\u2019arts et m\u00e9tiers. Cette expertise a \u00e9t\u00e9 renforc\u00e9e gr\u00e2ce \u00e0 la plateforme 4.0, con\u00e7ue et d\u00e9ploy\u00e9e pour exp\u00e9rimenter, en collaboration avec des partenaires industriels, des technologies innovantes et des m\u00e9thodes structurantes. Les exp\u00e9rimentations men\u00e9es \u00e0 l\u2019\u00e9chelle 1 ont permis de mettre en \u00e9vidence la complexit\u00e9 multi-\u00e9chelle et multidimensionnelle li\u00e9e \u00e0 l\u2019imbrication technologique, tout en r\u00e9v\u00e9lant certaines limites et pr\u00e9cautions \u00e0 prendre en compte.<\/p>\n<p>Cet ouvrage s\u2019adresse tant aux ing\u00e9nieurs engag\u00e9s dans la transformation num\u00e9rique des syst\u00e8mes industriels qu\u2019aux \u00e9tudiants de niveau master souhaitant se former aux technologies et m\u00e9thodologies de l\u2019industrie du futur.<\/p>\n","protected":false},"excerpt":{"rendered":"<p>La transformation digitale des syst\u00e8mes industriels est un processus complexe, qui exige une compr\u00e9hension fine des besoins sp\u00e9cifiques et des solutions technologiques disponibles. Trouver le bon \u00e9quilibre entre les fonctionnalit\u00e9s \u00e0 int\u00e9grer, les performances vis\u00e9es et les m\u00e9thodologies employ\u00e9es constitue un facteur cl\u00e9 pour r\u00e9ussir une transition ma\u00eetris\u00e9e vers une industrie digitalis\u00e9e. Transformation digitale des [&hellip;]<\/p>\n","protected":false},"featured_media":61088,"template":"","meta":{"_acf_changed":false,"_links_to":"","_links_to_target":""},"product_brand":[],"product_cat":[708],"product_tag":[],"class_list":{"0":"post-61079","1":"product","2":"type-product","3":"status-publish","4":"has-post-thumbnail","6":"product_cat-systmes-et-gnie-industriel-11476925","8":"first","9":"instock","10":"shipping-taxable","11":"purchasable","12":"product-type-variable"},"acf":[],"yoast_head":"<!-- This site is optimized with the Yoast SEO plugin v27.2 - https:\/\/yoast.com\/product\/yoast-seo-wordpress\/ -->\n<title>Transformation digitale des processus industriels - ISTE Group<\/title>\n<meta name=\"description\" content=\"Transformation digitale des processus industriels s\u2019appuie sur plus de dix ann\u00e9es de recherche en sciences industrielles digitalis\u00e9es, men\u00e9es au sein de l\u2019\u00c9cole nationale sup\u00e9rieure d\u2019arts et m\u00e9tiers.\" \/>\n<meta name=\"robots\" content=\"index, follow, max-snippet:-1, max-image-preview:large, max-video-preview:-1\" \/>\n<link rel=\"canonical\" href=\"https:\/\/www.istegroup.com\/produit\/transformation-digitale-des-processus-industriels\/\" \/>\n<meta property=\"og:locale\" content=\"en_US\" \/>\n<meta property=\"og:type\" content=\"article\" \/>\n<meta property=\"og:title\" content=\"Transformation digitale des processus industriels - ISTE Group\" \/>\n<meta property=\"og:description\" content=\"Transformation digitale des processus industriels s\u2019appuie sur plus de dix ann\u00e9es de recherche en sciences industrielles digitalis\u00e9es, men\u00e9es au sein de l\u2019\u00c9cole nationale sup\u00e9rieure d\u2019arts et m\u00e9tiers.\" \/>\n<meta property=\"og:url\" content=\"https:\/\/www.istegroup.com\/produit\/transformation-digitale-des-processus-industriels\/\" \/>\n<meta property=\"og:site_name\" content=\"ISTE Group\" \/>\n<meta property=\"article:modified_time\" content=\"2025-07-23T10:07:14+00:00\" \/>\n<meta property=\"og:image\" content=\"https:\/\/www.istegroup.com\/wp-content\/uploads\/2025\/07\/Transformation-digitale-des-processus-industriels_front.jpg\" \/>\n\t<meta property=\"og:image:width\" content=\"544\" \/>\n\t<meta property=\"og:image:height\" content=\"838\" \/>\n\t<meta property=\"og:image:type\" content=\"image\/jpeg\" \/>\n<meta name=\"twitter:card\" content=\"summary_large_image\" \/>\n<meta name=\"twitter:label1\" content=\"Est. reading time\" \/>\n\t<meta name=\"twitter:data1\" content=\"2 minutes\" \/>\n<script type=\"application\/ld+json\" class=\"yoast-schema-graph\">{\"@context\":\"https:\/\/schema.org\",\"@graph\":[{\"@type\":\"WebPage\",\"@id\":\"https:\/\/www.istegroup.com\/produit\/transformation-digitale-des-processus-industriels\/\",\"url\":\"https:\/\/www.istegroup.com\/produit\/transformation-digitale-des-processus-industriels\/\",\"name\":\"Transformation digitale des processus industriels - ISTE Group\",\"isPartOf\":{\"@id\":\"https:\/\/www.istegroup.com\/#website\"},\"primaryImageOfPage\":{\"@id\":\"https:\/\/www.istegroup.com\/produit\/transformation-digitale-des-processus-industriels\/#primaryimage\"},\"image\":{\"@id\":\"https:\/\/www.istegroup.com\/produit\/transformation-digitale-des-processus-industriels\/#primaryimage\"},\"thumbnailUrl\":\"https:\/\/www.istegroup.com\/wp-content\/uploads\/2025\/07\/Transformation-digitale-des-processus-industriels_front.jpg\",\"datePublished\":\"2025-07-23T09:17:33+00:00\",\"dateModified\":\"2025-07-23T10:07:14+00:00\",\"description\":\"Transformation digitale des processus industriels s\u2019appuie sur plus de dix ann\u00e9es de recherche en sciences industrielles digitalis\u00e9es, men\u00e9es au sein de l\u2019\u00c9cole nationale sup\u00e9rieure d\u2019arts et m\u00e9tiers.\",\"breadcrumb\":{\"@id\":\"https:\/\/www.istegroup.com\/produit\/transformation-digitale-des-processus-industriels\/#breadcrumb\"},\"inLanguage\":\"en-US\",\"potentialAction\":[{\"@type\":\"ReadAction\",\"target\":[\"https:\/\/www.istegroup.com\/produit\/transformation-digitale-des-processus-industriels\/\"]}]},{\"@type\":\"ImageObject\",\"inLanguage\":\"en-US\",\"@id\":\"https:\/\/www.istegroup.com\/produit\/transformation-digitale-des-processus-industriels\/#primaryimage\",\"url\":\"https:\/\/www.istegroup.com\/wp-content\/uploads\/2025\/07\/Transformation-digitale-des-processus-industriels_front.jpg\",\"contentUrl\":\"https:\/\/www.istegroup.com\/wp-content\/uploads\/2025\/07\/Transformation-digitale-des-processus-industriels_front.jpg\",\"width\":544,\"height\":838},{\"@type\":\"BreadcrumbList\",\"@id\":\"https:\/\/www.istegroup.com\/produit\/transformation-digitale-des-processus-industriels\/#breadcrumb\",\"itemListElement\":[{\"@type\":\"ListItem\",\"position\":1,\"name\":\"Home\",\"item\":\"https:\/\/www.istegroup.com\/\"},{\"@type\":\"ListItem\",\"position\":2,\"name\":\"Shop\",\"item\":\"https:\/\/www.istegroup.com\/fr\/nouveautes\/\"},{\"@type\":\"ListItem\",\"position\":3,\"name\":\"Transformation digitale des processus industriels\"}]},{\"@type\":\"WebSite\",\"@id\":\"https:\/\/www.istegroup.com\/#website\",\"url\":\"https:\/\/www.istegroup.com\/\",\"name\":\"ISTE Group\",\"description\":\"Publishing Knowledge\",\"potentialAction\":[{\"@type\":\"SearchAction\",\"target\":{\"@type\":\"EntryPoint\",\"urlTemplate\":\"https:\/\/www.istegroup.com\/?s={search_term_string}\"},\"query-input\":{\"@type\":\"PropertyValueSpecification\",\"valueRequired\":true,\"valueName\":\"search_term_string\"}}],\"inLanguage\":\"en-US\"}]}<\/script>\n<!-- \/ Yoast SEO plugin. -->","yoast_head_json":{"title":"Transformation digitale des processus industriels - ISTE Group","description":"Transformation digitale des processus industriels s\u2019appuie sur plus de dix ann\u00e9es de recherche en sciences industrielles digitalis\u00e9es, men\u00e9es au sein de l\u2019\u00c9cole nationale sup\u00e9rieure d\u2019arts et m\u00e9tiers.","robots":{"index":"index","follow":"follow","max-snippet":"max-snippet:-1","max-image-preview":"max-image-preview:large","max-video-preview":"max-video-preview:-1"},"canonical":"https:\/\/www.istegroup.com\/produit\/transformation-digitale-des-processus-industriels\/","og_locale":"en_US","og_type":"article","og_title":"Transformation digitale des processus industriels - ISTE Group","og_description":"Transformation digitale des processus industriels s\u2019appuie sur plus de dix ann\u00e9es de recherche en sciences industrielles digitalis\u00e9es, men\u00e9es au sein de l\u2019\u00c9cole nationale sup\u00e9rieure d\u2019arts et m\u00e9tiers.","og_url":"https:\/\/www.istegroup.com\/produit\/transformation-digitale-des-processus-industriels\/","og_site_name":"ISTE Group","article_modified_time":"2025-07-23T10:07:14+00:00","og_image":[{"width":544,"height":838,"url":"https:\/\/www.istegroup.com\/wp-content\/uploads\/2025\/07\/Transformation-digitale-des-processus-industriels_front.jpg","type":"image\/jpeg"}],"twitter_card":"summary_large_image","twitter_misc":{"Est. reading time":"2 minutes"},"schema":{"@context":"https:\/\/schema.org","@graph":[{"@type":"WebPage","@id":"https:\/\/www.istegroup.com\/produit\/transformation-digitale-des-processus-industriels\/","url":"https:\/\/www.istegroup.com\/produit\/transformation-digitale-des-processus-industriels\/","name":"Transformation digitale des processus industriels - ISTE Group","isPartOf":{"@id":"https:\/\/www.istegroup.com\/#website"},"primaryImageOfPage":{"@id":"https:\/\/www.istegroup.com\/produit\/transformation-digitale-des-processus-industriels\/#primaryimage"},"image":{"@id":"https:\/\/www.istegroup.com\/produit\/transformation-digitale-des-processus-industriels\/#primaryimage"},"thumbnailUrl":"https:\/\/www.istegroup.com\/wp-content\/uploads\/2025\/07\/Transformation-digitale-des-processus-industriels_front.jpg","datePublished":"2025-07-23T09:17:33+00:00","dateModified":"2025-07-23T10:07:14+00:00","description":"Transformation digitale des processus industriels s\u2019appuie sur plus de dix ann\u00e9es de recherche en sciences industrielles digitalis\u00e9es, men\u00e9es au sein de l\u2019\u00c9cole nationale sup\u00e9rieure d\u2019arts et m\u00e9tiers.","breadcrumb":{"@id":"https:\/\/www.istegroup.com\/produit\/transformation-digitale-des-processus-industriels\/#breadcrumb"},"inLanguage":"en-US","potentialAction":[{"@type":"ReadAction","target":["https:\/\/www.istegroup.com\/produit\/transformation-digitale-des-processus-industriels\/"]}]},{"@type":"ImageObject","inLanguage":"en-US","@id":"https:\/\/www.istegroup.com\/produit\/transformation-digitale-des-processus-industriels\/#primaryimage","url":"https:\/\/www.istegroup.com\/wp-content\/uploads\/2025\/07\/Transformation-digitale-des-processus-industriels_front.jpg","contentUrl":"https:\/\/www.istegroup.com\/wp-content\/uploads\/2025\/07\/Transformation-digitale-des-processus-industriels_front.jpg","width":544,"height":838},{"@type":"BreadcrumbList","@id":"https:\/\/www.istegroup.com\/produit\/transformation-digitale-des-processus-industriels\/#breadcrumb","itemListElement":[{"@type":"ListItem","position":1,"name":"Home","item":"https:\/\/www.istegroup.com\/"},{"@type":"ListItem","position":2,"name":"Shop","item":"https:\/\/www.istegroup.com\/fr\/nouveautes\/"},{"@type":"ListItem","position":3,"name":"Transformation digitale des processus industriels"}]},{"@type":"WebSite","@id":"https:\/\/www.istegroup.com\/#website","url":"https:\/\/www.istegroup.com\/","name":"ISTE Group","description":"Publishing Knowledge","potentialAction":[{"@type":"SearchAction","target":{"@type":"EntryPoint","urlTemplate":"https:\/\/www.istegroup.com\/?s={search_term_string}"},"query-input":{"@type":"PropertyValueSpecification","valueRequired":true,"valueName":"search_term_string"}}],"inLanguage":"en-US"}]}},"_links":{"self":[{"href":"https:\/\/www.istegroup.com\/en\/wp-json\/wp\/v2\/product\/61079","targetHints":{"allow":["GET"]}}],"collection":[{"href":"https:\/\/www.istegroup.com\/en\/wp-json\/wp\/v2\/product"}],"about":[{"href":"https:\/\/www.istegroup.com\/en\/wp-json\/wp\/v2\/types\/product"}],"wp:featuredmedia":[{"embeddable":true,"href":"https:\/\/www.istegroup.com\/en\/wp-json\/wp\/v2\/media\/61088"}],"wp:attachment":[{"href":"https:\/\/www.istegroup.com\/en\/wp-json\/wp\/v2\/media?parent=61079"}],"wp:term":[{"taxonomy":"product_brand","embeddable":true,"href":"https:\/\/www.istegroup.com\/en\/wp-json\/wp\/v2\/product_brand?post=61079"},{"taxonomy":"product_cat","embeddable":true,"href":"https:\/\/www.istegroup.com\/en\/wp-json\/wp\/v2\/product_cat?post=61079"},{"taxonomy":"product_tag","embeddable":true,"href":"https:\/\/www.istegroup.com\/en\/wp-json\/wp\/v2\/product_tag?post=61079"}],"curies":[{"name":"wp","href":"https:\/\/api.w.org\/{rel}","templated":true}]}}