{"id":61061,"date":"2025-07-22T14:33:44","date_gmt":"2025-07-22T13:33:44","guid":{"rendered":"https:\/\/www.istegroup.com\/?post_type=product&#038;p=61061"},"modified":"2025-12-15T15:12:49","modified_gmt":"2025-12-15T15:12:49","slug":"vehicule-autonome","status":"publish","type":"product","link":"https:\/\/www.istegroup.com\/en\/produit\/vehicule-autonome\/","title":{"rendered":"V\u00e9hicule autonome"},"content":{"rendered":"<p>Le d\u00e9veloppement des v\u00e9hicules autonomes constitue une rupture technologique majeure, r\u00e9volutionnant la mobilit\u00e9 par l\u2019int\u00e9gration de technologies avanc\u00e9es \u00e0 l\u2019intersection de l\u2019intelligence artificielle, de la m\u00e9catronique et des sciences du contr\u00f4le. Une nouvelle \u00e8re d\u2019innovations de rupture s\u2019ouvre ainsi pour les secteurs de l\u2019automobile et de l\u2019a\u00e9ronautique.<\/p>\n<p><em>V\u00e9hicule autonome<\/em> propose une analyse approfondie et structur\u00e9e des enjeux scientifiques et techniques li\u00e9s \u00e0 l\u2019autonomie, tout en int\u00e9grant les dimensions industrielles, soci\u00e9tales, juridiques et s\u00e9curitaires propres aux domaines automobile et a\u00e9ronautique. L\u2019ouvrage pr\u00e9sente les fonctions cl\u00e9s de la conduite et du pilotage automatis\u00e9s, les technologies de capteurs et leur r\u00f4le dans la perception de l\u2019environnement, ainsi que les strat\u00e9gies de traitement et d\u2019exploitation des donn\u00e9es, qu\u2019elles reposent sur des approches algorithmiques classiques ou sur des techniques issues de l\u2019intelligence artificielle.<\/p>\n<p>Issu d\u2019une collaboration \u00e9troite entre le monde acad\u00e9mique et l\u2019industrie, cet ouvrage didactique associe les concepts abord\u00e9s \u00e0 des exemples concrets issus de cas d\u2019usage industriels, offrant ainsi une lecture rigoureuse et actuelle d\u2019un domaine en pleine mutation.<\/p>\n","protected":false},"excerpt":{"rendered":"<p>Le d\u00e9veloppement des v\u00e9hicules autonomes constitue une rupture technologique majeure, r\u00e9volutionnant la mobilit\u00e9 par l\u2019int\u00e9gration de technologies avanc\u00e9es \u00e0 l\u2019intersection de l\u2019intelligence artificielle, de la m\u00e9catronique et des sciences du contr\u00f4le. Une nouvelle \u00e8re d\u2019innovations de rupture s\u2019ouvre ainsi pour les secteurs de l\u2019automobile et de l\u2019a\u00e9ronautique. V\u00e9hicule autonome propose une analyse approfondie et structur\u00e9e [&hellip;]<\/p>\n","protected":false},"featured_media":61070,"template":"","meta":{"_acf_changed":false,"_links_to":"","_links_to_target":""},"product_brand":[],"product_cat":[708],"product_tag":[],"class_list":{"0":"post-61061","1":"product","2":"type-product","3":"status-publish","4":"has-post-thumbnail","6":"product_cat-systmes-et-gnie-industriel-11476925","8":"first","9":"instock","10":"shipping-taxable","11":"purchasable","12":"product-type-variable"},"acf":[],"yoast_head":"<!-- This site is optimized with the Yoast SEO plugin v27.2 - https:\/\/yoast.com\/product\/yoast-seo-wordpress\/ -->\n<title>V\u00e9hicule autonome - ISTE Group<\/title>\n<meta name=\"description\" content=\"V\u00e9hicule autonome propose une analyse approfondie et structur\u00e9e des enjeux scientifiques et techniques li\u00e9s \u00e0 l\u2019autonomie, tout en int\u00e9grant les dimensions industrielles, soci\u00e9tales, juridiques et s\u00e9curitaires propres aux domaines automobile et a\u00e9ronautique.\" \/>\n<meta name=\"robots\" content=\"index, follow, max-snippet:-1, max-image-preview:large, max-video-preview:-1\" \/>\n<link rel=\"canonical\" href=\"https:\/\/www.istegroup.com\/produit\/vehicule-autonome\/\" \/>\n<meta property=\"og:locale\" content=\"en_US\" \/>\n<meta property=\"og:type\" content=\"article\" \/>\n<meta property=\"og:title\" content=\"V\u00e9hicule autonome - ISTE Group\" \/>\n<meta property=\"og:description\" content=\"V\u00e9hicule autonome propose une analyse approfondie et structur\u00e9e des enjeux scientifiques et techniques li\u00e9s \u00e0 l\u2019autonomie, tout en int\u00e9grant les dimensions industrielles, soci\u00e9tales, juridiques et s\u00e9curitaires propres aux domaines automobile et a\u00e9ronautique.\" \/>\n<meta property=\"og:url\" content=\"https:\/\/www.istegroup.com\/produit\/vehicule-autonome\/\" \/>\n<meta property=\"og:site_name\" content=\"ISTE Group\" \/>\n<meta property=\"article:modified_time\" content=\"2025-12-15T15:12:49+00:00\" \/>\n<meta property=\"og:image\" content=\"https:\/\/www.istegroup.com\/wp-content\/uploads\/2025\/07\/Vehicule-autonome_front.jpg\" \/>\n\t<meta property=\"og:image:width\" content=\"552\" \/>\n\t<meta property=\"og:image:height\" content=\"835\" \/>\n\t<meta property=\"og:image:type\" content=\"image\/jpeg\" \/>\n<meta name=\"twitter:card\" content=\"summary_large_image\" \/>\n<meta name=\"twitter:label1\" content=\"Est. reading time\" \/>\n\t<meta name=\"twitter:data1\" content=\"2 minutes\" \/>\n<script type=\"application\/ld+json\" class=\"yoast-schema-graph\">{\"@context\":\"https:\/\/schema.org\",\"@graph\":[{\"@type\":\"WebPage\",\"@id\":\"https:\/\/www.istegroup.com\/produit\/vehicule-autonome\/\",\"url\":\"https:\/\/www.istegroup.com\/produit\/vehicule-autonome\/\",\"name\":\"V\u00e9hicule autonome - ISTE Group\",\"isPartOf\":{\"@id\":\"https:\/\/www.istegroup.com\/#website\"},\"primaryImageOfPage\":{\"@id\":\"https:\/\/www.istegroup.com\/produit\/vehicule-autonome\/#primaryimage\"},\"image\":{\"@id\":\"https:\/\/www.istegroup.com\/produit\/vehicule-autonome\/#primaryimage\"},\"thumbnailUrl\":\"https:\/\/www.istegroup.com\/wp-content\/uploads\/2025\/07\/Vehicule-autonome_front.jpg\",\"datePublished\":\"2025-07-22T13:33:44+00:00\",\"dateModified\":\"2025-12-15T15:12:49+00:00\",\"description\":\"V\u00e9hicule autonome propose une analyse approfondie et structur\u00e9e des enjeux scientifiques et techniques li\u00e9s \u00e0 l\u2019autonomie, tout en int\u00e9grant les dimensions industrielles, soci\u00e9tales, juridiques et s\u00e9curitaires propres aux domaines automobile et a\u00e9ronautique.\",\"breadcrumb\":{\"@id\":\"https:\/\/www.istegroup.com\/produit\/vehicule-autonome\/#breadcrumb\"},\"inLanguage\":\"en-US\",\"potentialAction\":[{\"@type\":\"ReadAction\",\"target\":[\"https:\/\/www.istegroup.com\/produit\/vehicule-autonome\/\"]}]},{\"@type\":\"ImageObject\",\"inLanguage\":\"en-US\",\"@id\":\"https:\/\/www.istegroup.com\/produit\/vehicule-autonome\/#primaryimage\",\"url\":\"https:\/\/www.istegroup.com\/wp-content\/uploads\/2025\/07\/Vehicule-autonome_front.jpg\",\"contentUrl\":\"https:\/\/www.istegroup.com\/wp-content\/uploads\/2025\/07\/Vehicule-autonome_front.jpg\",\"width\":552,\"height\":835},{\"@type\":\"BreadcrumbList\",\"@id\":\"https:\/\/www.istegroup.com\/produit\/vehicule-autonome\/#breadcrumb\",\"itemListElement\":[{\"@type\":\"ListItem\",\"position\":1,\"name\":\"Home\",\"item\":\"https:\/\/www.istegroup.com\/\"},{\"@type\":\"ListItem\",\"position\":2,\"name\":\"Shop\",\"item\":\"https:\/\/www.istegroup.com\/fr\/nouveautes\/\"},{\"@type\":\"ListItem\",\"position\":3,\"name\":\"V\u00e9hicule autonome\"}]},{\"@type\":\"WebSite\",\"@id\":\"https:\/\/www.istegroup.com\/#website\",\"url\":\"https:\/\/www.istegroup.com\/\",\"name\":\"ISTE Group\",\"description\":\"Publishing Knowledge\",\"potentialAction\":[{\"@type\":\"SearchAction\",\"target\":{\"@type\":\"EntryPoint\",\"urlTemplate\":\"https:\/\/www.istegroup.com\/?s={search_term_string}\"},\"query-input\":{\"@type\":\"PropertyValueSpecification\",\"valueRequired\":true,\"valueName\":\"search_term_string\"}}],\"inLanguage\":\"en-US\"}]}<\/script>\n<!-- \/ Yoast SEO plugin. -->","yoast_head_json":{"title":"V\u00e9hicule autonome - ISTE Group","description":"V\u00e9hicule autonome propose une analyse approfondie et structur\u00e9e des enjeux scientifiques et techniques li\u00e9s \u00e0 l\u2019autonomie, tout en int\u00e9grant les dimensions industrielles, soci\u00e9tales, juridiques et s\u00e9curitaires propres aux domaines automobile et a\u00e9ronautique.","robots":{"index":"index","follow":"follow","max-snippet":"max-snippet:-1","max-image-preview":"max-image-preview:large","max-video-preview":"max-video-preview:-1"},"canonical":"https:\/\/www.istegroup.com\/produit\/vehicule-autonome\/","og_locale":"en_US","og_type":"article","og_title":"V\u00e9hicule autonome - ISTE Group","og_description":"V\u00e9hicule autonome propose une analyse approfondie et structur\u00e9e des enjeux scientifiques et techniques li\u00e9s \u00e0 l\u2019autonomie, tout en int\u00e9grant les dimensions industrielles, soci\u00e9tales, juridiques et s\u00e9curitaires propres aux domaines automobile et a\u00e9ronautique.","og_url":"https:\/\/www.istegroup.com\/produit\/vehicule-autonome\/","og_site_name":"ISTE Group","article_modified_time":"2025-12-15T15:12:49+00:00","og_image":[{"width":552,"height":835,"url":"https:\/\/www.istegroup.com\/wp-content\/uploads\/2025\/07\/Vehicule-autonome_front.jpg","type":"image\/jpeg"}],"twitter_card":"summary_large_image","twitter_misc":{"Est. reading time":"2 minutes"},"schema":{"@context":"https:\/\/schema.org","@graph":[{"@type":"WebPage","@id":"https:\/\/www.istegroup.com\/produit\/vehicule-autonome\/","url":"https:\/\/www.istegroup.com\/produit\/vehicule-autonome\/","name":"V\u00e9hicule autonome - ISTE Group","isPartOf":{"@id":"https:\/\/www.istegroup.com\/#website"},"primaryImageOfPage":{"@id":"https:\/\/www.istegroup.com\/produit\/vehicule-autonome\/#primaryimage"},"image":{"@id":"https:\/\/www.istegroup.com\/produit\/vehicule-autonome\/#primaryimage"},"thumbnailUrl":"https:\/\/www.istegroup.com\/wp-content\/uploads\/2025\/07\/Vehicule-autonome_front.jpg","datePublished":"2025-07-22T13:33:44+00:00","dateModified":"2025-12-15T15:12:49+00:00","description":"V\u00e9hicule autonome propose une analyse approfondie et structur\u00e9e des enjeux scientifiques et techniques li\u00e9s \u00e0 l\u2019autonomie, tout en int\u00e9grant les dimensions industrielles, soci\u00e9tales, juridiques et s\u00e9curitaires propres aux domaines automobile et a\u00e9ronautique.","breadcrumb":{"@id":"https:\/\/www.istegroup.com\/produit\/vehicule-autonome\/#breadcrumb"},"inLanguage":"en-US","potentialAction":[{"@type":"ReadAction","target":["https:\/\/www.istegroup.com\/produit\/vehicule-autonome\/"]}]},{"@type":"ImageObject","inLanguage":"en-US","@id":"https:\/\/www.istegroup.com\/produit\/vehicule-autonome\/#primaryimage","url":"https:\/\/www.istegroup.com\/wp-content\/uploads\/2025\/07\/Vehicule-autonome_front.jpg","contentUrl":"https:\/\/www.istegroup.com\/wp-content\/uploads\/2025\/07\/Vehicule-autonome_front.jpg","width":552,"height":835},{"@type":"BreadcrumbList","@id":"https:\/\/www.istegroup.com\/produit\/vehicule-autonome\/#breadcrumb","itemListElement":[{"@type":"ListItem","position":1,"name":"Home","item":"https:\/\/www.istegroup.com\/"},{"@type":"ListItem","position":2,"name":"Shop","item":"https:\/\/www.istegroup.com\/fr\/nouveautes\/"},{"@type":"ListItem","position":3,"name":"V\u00e9hicule autonome"}]},{"@type":"WebSite","@id":"https:\/\/www.istegroup.com\/#website","url":"https:\/\/www.istegroup.com\/","name":"ISTE Group","description":"Publishing Knowledge","potentialAction":[{"@type":"SearchAction","target":{"@type":"EntryPoint","urlTemplate":"https:\/\/www.istegroup.com\/?s={search_term_string}"},"query-input":{"@type":"PropertyValueSpecification","valueRequired":true,"valueName":"search_term_string"}}],"inLanguage":"en-US"}]}},"_links":{"self":[{"href":"https:\/\/www.istegroup.com\/en\/wp-json\/wp\/v2\/product\/61061","targetHints":{"allow":["GET"]}}],"collection":[{"href":"https:\/\/www.istegroup.com\/en\/wp-json\/wp\/v2\/product"}],"about":[{"href":"https:\/\/www.istegroup.com\/en\/wp-json\/wp\/v2\/types\/product"}],"wp:featuredmedia":[{"embeddable":true,"href":"https:\/\/www.istegroup.com\/en\/wp-json\/wp\/v2\/media\/61070"}],"wp:attachment":[{"href":"https:\/\/www.istegroup.com\/en\/wp-json\/wp\/v2\/media?parent=61061"}],"wp:term":[{"taxonomy":"product_brand","embeddable":true,"href":"https:\/\/www.istegroup.com\/en\/wp-json\/wp\/v2\/product_brand?post=61061"},{"taxonomy":"product_cat","embeddable":true,"href":"https:\/\/www.istegroup.com\/en\/wp-json\/wp\/v2\/product_cat?post=61061"},{"taxonomy":"product_tag","embeddable":true,"href":"https:\/\/www.istegroup.com\/en\/wp-json\/wp\/v2\/product_tag?post=61061"}],"curies":[{"name":"wp","href":"https:\/\/api.w.org\/{rel}","templated":true}]}}