{"id":60937,"date":"2025-07-15T10:12:22","date_gmt":"2025-07-15T09:12:22","guid":{"rendered":"https:\/\/www.istegroup.com\/?post_type=product&#038;p=60937"},"modified":"2025-07-15T10:22:46","modified_gmt":"2025-07-15T09:22:46","slug":"techniques-de-surveillance-en-maintenance-predictive","status":"publish","type":"product","link":"https:\/\/www.istegroup.com\/en\/produit\/techniques-de-surveillance-en-maintenance-predictive\/","title":{"rendered":"Techniques de surveillance en maintenance pr\u00e9dictive"},"content":{"rendered":"<p>Dans un environnement industriel comp\u00e9titif, o\u00f9 la fiabilit\u00e9 et la disponibilit\u00e9 des \u00e9quipements sont des enjeux essentiels de r\u00e9ussite, la maintenance pr\u00e9dictive s\u2019impose comme un levier incontournable de performance et de pr\u00e9vention des pannes.<\/p>\n<p><em>Techniques de surveillance en maintenance pr\u00e9dictive<\/em> pr\u00e9sente les m\u00e9thodes r\u00e9centes de surveillance de l\u2019\u00e9tat de sant\u00e9 des machines, permettant d\u2019anticiper les d\u00e9faillances et d\u2019optimiser leur dur\u00e9e de vie. L\u2019ouvrage explore notamment l\u2019analyse vibratoire, utilis\u00e9e pour d\u00e9tecter des d\u00e9fauts sur les machines tournantes, tels que le d\u00e9s\u00e9quilibre, les d\u00e9fauts d\u2019alignement, d\u2019engrenages ou de roulements. Il traite \u00e9galement des techniques d\u2019\u00e9quilibrage des rotors, permettant de corriger les d\u00e9fauts de balourd.<\/p>\n<p>La thermographie infrarouge est d\u00e9taill\u00e9e pour sa capacit\u00e9 \u00e0 d\u00e9tecter divers d\u00e9fauts m\u00e9caniques et \u00e9lectriques se manifestant par un d\u00e9gagement anormal de chaleur. Le contr\u00f4le par \u00e9mission acoustique est \u00e9galement abord\u00e9, mettant en \u00e9vidence son potentiel pour l\u2019identification de fissures ou de fuites. Enfin, les m\u00e9thodes d\u2019analyse des huiles industrielles offrent des solutions concr\u00e8tes pour surveiller l\u2019\u00e9tat des lubrifiants et pr\u00e9venir les d\u00e9gradations m\u00e9caniques.<\/p>\n","protected":false},"excerpt":{"rendered":"<p class=\"qtranxs-available-languages-message qtranxs-available-languages-message-en\">Sorry, this entry is only available in <a href=\"https:\/\/www.istegroup.com\/fr\/wp-json\/wp\/v2\/product\/60937\" class=\"qtranxs-available-language-link qtranxs-available-language-link-fr\" title=\"FR\">FR<\/a>.<\/p>\n","protected":false},"featured_media":60945,"template":"","meta":{"_acf_changed":false,"_links_to":"","_links_to_target":""},"product_brand":[],"product_cat":[3262],"product_tag":[],"class_list":{"0":"post-60937","1":"product","2":"type-product","3":"status-publish","4":"has-post-thumbnail","6":"product_cat-non-classe","8":"first","9":"instock","10":"shipping-taxable","11":"purchasable","12":"product-type-variable"},"acf":[],"yoast_head":"<!-- This site is optimized with the Yoast SEO plugin v27.2 - https:\/\/yoast.com\/product\/yoast-seo-wordpress\/ -->\n<title>Techniques de surveillance en maintenance pr\u00e9dictive - ISTE Group<\/title>\n<meta name=\"description\" content=\"Savoirs en circulation montre l\u2019int\u00e9r\u00eat de l\u2019articulation des approches th\u00e9oriques et m\u00e9thodologiques pour analyser \u00ab la vie sociale \u00bb des ressources d\u2019\u00e9ducation et de formation.\" \/>\n<meta name=\"robots\" content=\"index, follow, max-snippet:-1, max-image-preview:large, max-video-preview:-1\" \/>\n<link rel=\"canonical\" href=\"https:\/\/www.istegroup.com\/produit\/techniques-de-surveillance-en-maintenance-predictive\/\" \/>\n<meta property=\"og:locale\" content=\"en_US\" \/>\n<meta property=\"og:type\" content=\"article\" \/>\n<meta property=\"og:title\" content=\"Techniques de surveillance en maintenance pr\u00e9dictive - ISTE Group\" \/>\n<meta property=\"og:description\" content=\"Savoirs en circulation montre l\u2019int\u00e9r\u00eat de l\u2019articulation des approches th\u00e9oriques et m\u00e9thodologiques pour analyser \u00ab la vie sociale \u00bb des ressources d\u2019\u00e9ducation et de formation.\" \/>\n<meta property=\"og:url\" content=\"https:\/\/www.istegroup.com\/produit\/techniques-de-surveillance-en-maintenance-predictive\/\" \/>\n<meta property=\"og:site_name\" content=\"ISTE Group\" \/>\n<meta property=\"article:modified_time\" content=\"2025-07-15T09:22:46+00:00\" \/>\n<meta property=\"og:image\" content=\"https:\/\/www.istegroup.com\/wp-content\/uploads\/2025\/07\/Techniques-de-surveillance-en-maintenance-predictive.jpg\" \/>\n\t<meta property=\"og:image:width\" content=\"595\" \/>\n\t<meta property=\"og:image:height\" content=\"900\" \/>\n\t<meta property=\"og:image:type\" content=\"image\/jpeg\" \/>\n<meta name=\"twitter:card\" content=\"summary_large_image\" \/>\n<meta name=\"twitter:label1\" content=\"Est. reading time\" \/>\n\t<meta name=\"twitter:data1\" content=\"2 minutes\" \/>\n<script type=\"application\/ld+json\" class=\"yoast-schema-graph\">{\"@context\":\"https:\/\/schema.org\",\"@graph\":[{\"@type\":\"WebPage\",\"@id\":\"https:\/\/www.istegroup.com\/produit\/techniques-de-surveillance-en-maintenance-predictive\/\",\"url\":\"https:\/\/www.istegroup.com\/produit\/techniques-de-surveillance-en-maintenance-predictive\/\",\"name\":\"Techniques de surveillance en maintenance pr\u00e9dictive - ISTE Group\",\"isPartOf\":{\"@id\":\"https:\/\/www.istegroup.com\/#website\"},\"primaryImageOfPage\":{\"@id\":\"https:\/\/www.istegroup.com\/produit\/techniques-de-surveillance-en-maintenance-predictive\/#primaryimage\"},\"image\":{\"@id\":\"https:\/\/www.istegroup.com\/produit\/techniques-de-surveillance-en-maintenance-predictive\/#primaryimage\"},\"thumbnailUrl\":\"https:\/\/www.istegroup.com\/wp-content\/uploads\/2025\/07\/Techniques-de-surveillance-en-maintenance-predictive.jpg\",\"datePublished\":\"2025-07-15T09:12:22+00:00\",\"dateModified\":\"2025-07-15T09:22:46+00:00\",\"description\":\"Savoirs en circulation montre l\u2019int\u00e9r\u00eat de l\u2019articulation des approches th\u00e9oriques et m\u00e9thodologiques pour analyser \u00ab la vie sociale \u00bb des ressources d\u2019\u00e9ducation et de formation.\",\"breadcrumb\":{\"@id\":\"https:\/\/www.istegroup.com\/produit\/techniques-de-surveillance-en-maintenance-predictive\/#breadcrumb\"},\"inLanguage\":\"en-US\",\"potentialAction\":[{\"@type\":\"ReadAction\",\"target\":[\"https:\/\/www.istegroup.com\/produit\/techniques-de-surveillance-en-maintenance-predictive\/\"]}]},{\"@type\":\"ImageObject\",\"inLanguage\":\"en-US\",\"@id\":\"https:\/\/www.istegroup.com\/produit\/techniques-de-surveillance-en-maintenance-predictive\/#primaryimage\",\"url\":\"https:\/\/www.istegroup.com\/wp-content\/uploads\/2025\/07\/Techniques-de-surveillance-en-maintenance-predictive.jpg\",\"contentUrl\":\"https:\/\/www.istegroup.com\/wp-content\/uploads\/2025\/07\/Techniques-de-surveillance-en-maintenance-predictive.jpg\",\"width\":595,\"height\":900},{\"@type\":\"BreadcrumbList\",\"@id\":\"https:\/\/www.istegroup.com\/produit\/techniques-de-surveillance-en-maintenance-predictive\/#breadcrumb\",\"itemListElement\":[{\"@type\":\"ListItem\",\"position\":1,\"name\":\"Home\",\"item\":\"https:\/\/www.istegroup.com\/\"},{\"@type\":\"ListItem\",\"position\":2,\"name\":\"Shop\",\"item\":\"https:\/\/www.istegroup.com\/fr\/nouveautes\/\"},{\"@type\":\"ListItem\",\"position\":3,\"name\":\"Techniques de surveillance en maintenance pr\u00e9dictive\"}]},{\"@type\":\"WebSite\",\"@id\":\"https:\/\/www.istegroup.com\/#website\",\"url\":\"https:\/\/www.istegroup.com\/\",\"name\":\"ISTE Group\",\"description\":\"Publishing Knowledge\",\"potentialAction\":[{\"@type\":\"SearchAction\",\"target\":{\"@type\":\"EntryPoint\",\"urlTemplate\":\"https:\/\/www.istegroup.com\/?s={search_term_string}\"},\"query-input\":{\"@type\":\"PropertyValueSpecification\",\"valueRequired\":true,\"valueName\":\"search_term_string\"}}],\"inLanguage\":\"en-US\"}]}<\/script>\n<!-- \/ Yoast SEO plugin. -->","yoast_head_json":{"title":"Techniques de surveillance en maintenance pr\u00e9dictive - ISTE Group","description":"Savoirs en circulation montre l\u2019int\u00e9r\u00eat de l\u2019articulation des approches th\u00e9oriques et m\u00e9thodologiques pour analyser \u00ab la vie sociale \u00bb des ressources d\u2019\u00e9ducation et de formation.","robots":{"index":"index","follow":"follow","max-snippet":"max-snippet:-1","max-image-preview":"max-image-preview:large","max-video-preview":"max-video-preview:-1"},"canonical":"https:\/\/www.istegroup.com\/produit\/techniques-de-surveillance-en-maintenance-predictive\/","og_locale":"en_US","og_type":"article","og_title":"Techniques de surveillance en maintenance pr\u00e9dictive - ISTE Group","og_description":"Savoirs en circulation montre l\u2019int\u00e9r\u00eat de l\u2019articulation des approches th\u00e9oriques et m\u00e9thodologiques pour analyser \u00ab la vie sociale \u00bb des ressources d\u2019\u00e9ducation et de formation.","og_url":"https:\/\/www.istegroup.com\/produit\/techniques-de-surveillance-en-maintenance-predictive\/","og_site_name":"ISTE Group","article_modified_time":"2025-07-15T09:22:46+00:00","og_image":[{"width":595,"height":900,"url":"https:\/\/www.istegroup.com\/wp-content\/uploads\/2025\/07\/Techniques-de-surveillance-en-maintenance-predictive.jpg","type":"image\/jpeg"}],"twitter_card":"summary_large_image","twitter_misc":{"Est. reading time":"2 minutes"},"schema":{"@context":"https:\/\/schema.org","@graph":[{"@type":"WebPage","@id":"https:\/\/www.istegroup.com\/produit\/techniques-de-surveillance-en-maintenance-predictive\/","url":"https:\/\/www.istegroup.com\/produit\/techniques-de-surveillance-en-maintenance-predictive\/","name":"Techniques de surveillance en maintenance pr\u00e9dictive - ISTE Group","isPartOf":{"@id":"https:\/\/www.istegroup.com\/#website"},"primaryImageOfPage":{"@id":"https:\/\/www.istegroup.com\/produit\/techniques-de-surveillance-en-maintenance-predictive\/#primaryimage"},"image":{"@id":"https:\/\/www.istegroup.com\/produit\/techniques-de-surveillance-en-maintenance-predictive\/#primaryimage"},"thumbnailUrl":"https:\/\/www.istegroup.com\/wp-content\/uploads\/2025\/07\/Techniques-de-surveillance-en-maintenance-predictive.jpg","datePublished":"2025-07-15T09:12:22+00:00","dateModified":"2025-07-15T09:22:46+00:00","description":"Savoirs en circulation montre l\u2019int\u00e9r\u00eat de l\u2019articulation des approches th\u00e9oriques et m\u00e9thodologiques pour analyser \u00ab la vie sociale \u00bb des ressources d\u2019\u00e9ducation et de formation.","breadcrumb":{"@id":"https:\/\/www.istegroup.com\/produit\/techniques-de-surveillance-en-maintenance-predictive\/#breadcrumb"},"inLanguage":"en-US","potentialAction":[{"@type":"ReadAction","target":["https:\/\/www.istegroup.com\/produit\/techniques-de-surveillance-en-maintenance-predictive\/"]}]},{"@type":"ImageObject","inLanguage":"en-US","@id":"https:\/\/www.istegroup.com\/produit\/techniques-de-surveillance-en-maintenance-predictive\/#primaryimage","url":"https:\/\/www.istegroup.com\/wp-content\/uploads\/2025\/07\/Techniques-de-surveillance-en-maintenance-predictive.jpg","contentUrl":"https:\/\/www.istegroup.com\/wp-content\/uploads\/2025\/07\/Techniques-de-surveillance-en-maintenance-predictive.jpg","width":595,"height":900},{"@type":"BreadcrumbList","@id":"https:\/\/www.istegroup.com\/produit\/techniques-de-surveillance-en-maintenance-predictive\/#breadcrumb","itemListElement":[{"@type":"ListItem","position":1,"name":"Home","item":"https:\/\/www.istegroup.com\/"},{"@type":"ListItem","position":2,"name":"Shop","item":"https:\/\/www.istegroup.com\/fr\/nouveautes\/"},{"@type":"ListItem","position":3,"name":"Techniques de surveillance en maintenance pr\u00e9dictive"}]},{"@type":"WebSite","@id":"https:\/\/www.istegroup.com\/#website","url":"https:\/\/www.istegroup.com\/","name":"ISTE Group","description":"Publishing Knowledge","potentialAction":[{"@type":"SearchAction","target":{"@type":"EntryPoint","urlTemplate":"https:\/\/www.istegroup.com\/?s={search_term_string}"},"query-input":{"@type":"PropertyValueSpecification","valueRequired":true,"valueName":"search_term_string"}}],"inLanguage":"en-US"}]}},"_links":{"self":[{"href":"https:\/\/www.istegroup.com\/en\/wp-json\/wp\/v2\/product\/60937","targetHints":{"allow":["GET"]}}],"collection":[{"href":"https:\/\/www.istegroup.com\/en\/wp-json\/wp\/v2\/product"}],"about":[{"href":"https:\/\/www.istegroup.com\/en\/wp-json\/wp\/v2\/types\/product"}],"wp:featuredmedia":[{"embeddable":true,"href":"https:\/\/www.istegroup.com\/en\/wp-json\/wp\/v2\/media\/60945"}],"wp:attachment":[{"href":"https:\/\/www.istegroup.com\/en\/wp-json\/wp\/v2\/media?parent=60937"}],"wp:term":[{"taxonomy":"product_brand","embeddable":true,"href":"https:\/\/www.istegroup.com\/en\/wp-json\/wp\/v2\/product_brand?post=60937"},{"taxonomy":"product_cat","embeddable":true,"href":"https:\/\/www.istegroup.com\/en\/wp-json\/wp\/v2\/product_cat?post=60937"},{"taxonomy":"product_tag","embeddable":true,"href":"https:\/\/www.istegroup.com\/en\/wp-json\/wp\/v2\/product_tag?post=60937"}],"curies":[{"name":"wp","href":"https:\/\/api.w.org\/{rel}","templated":true}]}}