{"id":60631,"date":"2025-06-18T12:03:34","date_gmt":"2025-06-18T11:03:34","guid":{"rendered":"https:\/\/www.istegroup.com\/?post_type=product&#038;p=60631"},"modified":"2025-10-16T11:31:01","modified_gmt":"2025-10-16T10:31:01","slug":"les-savoirs-traditionnels-face-aux-enjeux-du-futur","status":"publish","type":"product","link":"https:\/\/www.istegroup.com\/en\/produit\/les-savoirs-traditionnels-face-aux-enjeux-du-futur\/","title":{"rendered":"Les savoirs traditionnels face aux enjeux du futur"},"content":{"rendered":"<p>Les activit\u00e9s traditionnelles, telles que les m\u00e9tiers d\u2019art et patrimoniaux, certaines professions agricoles et culinaires, ainsi que diverses pratiques ancestrales, repr\u00e9sentent aujourd\u2019hui des enjeux socio-\u00e9conomiques majeurs. Face aux transformations rapides des \u00e9cosyst\u00e8mes \u00e9conomiques et \u00e9cologiques, mais \u00e9galement des syst\u00e8mes culturels et sociaux, les savoirs anciens se trouvent confront\u00e9s \u00e0 des probl\u00e9matiques in\u00e9dites, notamment en mati\u00e8re de sauvegarde, de transmission et de valorisation. Dans ce contexte, il appara\u00eet n\u00e9cessaire d\u2019interroger les approches \u00e9mergentes en faveur d\u2019une gestion durable de ces savoirs.<\/p>\n<p>Cet ouvrage collectif s\u2019appuie sur un cycle de s\u00e9minaires ayant r\u00e9uni, pendant quatre ann\u00e9es, de nombreux professionnels et universitaires issus de champs disciplinaires vari\u00e9s. La question des savoirs traditionnels y est abord\u00e9e selon une pluralit\u00e9 de perspectives : \u00e9conomique, historique, p\u00e9dagogique, financi\u00e8re, institutionnelle, technologique et manag\u00e9riale, \u00e0 partir d\u2019exp\u00e9riences concr\u00e8tes men\u00e9es dans plusieurs pays et r\u00e9gions fran\u00e7aises.<\/p>\n<p><em>Les savoirs traditionnels face aux enjeux du futur<\/em>, \u00e0 la fois nourri de t\u00e9moignages de terrain et de r\u00e9flexions prospectives, propose une mise en perspective originale entre h\u00e9ritage culturel et innovation. Il offre ainsi aux chercheurs, praticiens et d\u00e9cideurs une lecture renouvel\u00e9e du potentiel que rec\u00e8lent les savoirs traditionnels dans un monde en mutation.<\/p>\n","protected":false},"excerpt":{"rendered":"<p>Les activit\u00e9s traditionnelles, telles que les m\u00e9tiers d\u2019art et patrimoniaux, certaines professions agricoles et culinaires, ainsi que diverses pratiques ancestrales, repr\u00e9sentent aujourd\u2019hui des enjeux socio-\u00e9conomiques majeurs. Face aux transformations rapides des \u00e9cosyst\u00e8mes \u00e9conomiques et \u00e9cologiques, mais \u00e9galement des syst\u00e8mes culturels et sociaux, les savoirs anciens se trouvent confront\u00e9s \u00e0 des probl\u00e9matiques in\u00e9dites, notamment en mati\u00e8re [&hellip;]<\/p>\n","protected":false},"featured_media":60643,"template":"","meta":{"_acf_changed":false,"_links_to":"","_links_to_target":""},"product_brand":[],"product_cat":[3262],"product_tag":[],"class_list":{"0":"post-60631","1":"product","2":"type-product","3":"status-publish","4":"has-post-thumbnail","6":"product_cat-non-classe","8":"first","9":"instock","10":"shipping-taxable","11":"purchasable","12":"product-type-variable"},"acf":[],"yoast_head":"<!-- This site is optimized with the Yoast SEO plugin v27.2 - https:\/\/yoast.com\/product\/yoast-seo-wordpress\/ -->\n<title>Les savoirs traditionnels face aux enjeux du futur - ISTE Group<\/title>\n<meta name=\"description\" content=\"Cet ouvrage collectif s\u2019appuie sur un cycle de s\u00e9minaires ayant r\u00e9uni, pendant quatre ann\u00e9es, de nombreux professionnels et universitaires issus de champs disciplinaires vari\u00e9s.\" \/>\n<meta name=\"robots\" content=\"index, follow, max-snippet:-1, max-image-preview:large, max-video-preview:-1\" \/>\n<link rel=\"canonical\" href=\"https:\/\/www.istegroup.com\/produit\/les-savoirs-traditionnels-face-aux-enjeux-du-futur\/\" \/>\n<meta property=\"og:locale\" content=\"en_US\" \/>\n<meta property=\"og:type\" content=\"article\" \/>\n<meta property=\"og:title\" content=\"Les savoirs traditionnels face aux enjeux du futur - ISTE Group\" \/>\n<meta property=\"og:description\" content=\"Cet ouvrage collectif s\u2019appuie sur un cycle de s\u00e9minaires ayant r\u00e9uni, pendant quatre ann\u00e9es, de nombreux professionnels et universitaires issus de champs disciplinaires vari\u00e9s.\" \/>\n<meta property=\"og:url\" content=\"https:\/\/www.istegroup.com\/produit\/les-savoirs-traditionnels-face-aux-enjeux-du-futur\/\" \/>\n<meta property=\"og:site_name\" content=\"ISTE Group\" \/>\n<meta property=\"article:modified_time\" content=\"2025-10-16T10:31:01+00:00\" \/>\n<meta property=\"og:image\" content=\"https:\/\/www.istegroup.com\/wp-content\/uploads\/2025\/06\/042_Les-savoirs-traditionnels-face-aux-enjeux-du-futur-Gravie-Plande.png\" \/>\n\t<meta property=\"og:image:width\" content=\"551\" \/>\n\t<meta property=\"og:image:height\" content=\"832\" \/>\n\t<meta property=\"og:image:type\" content=\"image\/png\" \/>\n<meta name=\"twitter:card\" content=\"summary_large_image\" \/>\n<meta name=\"twitter:label1\" content=\"Est. reading time\" \/>\n\t<meta name=\"twitter:data1\" content=\"2 minutes\" \/>\n<script type=\"application\/ld+json\" class=\"yoast-schema-graph\">{\"@context\":\"https:\/\/schema.org\",\"@graph\":[{\"@type\":\"WebPage\",\"@id\":\"https:\/\/www.istegroup.com\/produit\/les-savoirs-traditionnels-face-aux-enjeux-du-futur\/\",\"url\":\"https:\/\/www.istegroup.com\/produit\/les-savoirs-traditionnels-face-aux-enjeux-du-futur\/\",\"name\":\"Les savoirs traditionnels face aux enjeux du futur - ISTE Group\",\"isPartOf\":{\"@id\":\"https:\/\/www.istegroup.com\/#website\"},\"primaryImageOfPage\":{\"@id\":\"https:\/\/www.istegroup.com\/produit\/les-savoirs-traditionnels-face-aux-enjeux-du-futur\/#primaryimage\"},\"image\":{\"@id\":\"https:\/\/www.istegroup.com\/produit\/les-savoirs-traditionnels-face-aux-enjeux-du-futur\/#primaryimage\"},\"thumbnailUrl\":\"https:\/\/www.istegroup.com\/wp-content\/uploads\/2025\/06\/042_Les-savoirs-traditionnels-face-aux-enjeux-du-futur-Gravie-Plande.png\",\"datePublished\":\"2025-06-18T11:03:34+00:00\",\"dateModified\":\"2025-10-16T10:31:01+00:00\",\"description\":\"Cet ouvrage collectif s\u2019appuie sur un cycle de s\u00e9minaires ayant r\u00e9uni, pendant quatre ann\u00e9es, de nombreux professionnels et universitaires issus de champs disciplinaires vari\u00e9s.\",\"breadcrumb\":{\"@id\":\"https:\/\/www.istegroup.com\/produit\/les-savoirs-traditionnels-face-aux-enjeux-du-futur\/#breadcrumb\"},\"inLanguage\":\"en-US\",\"potentialAction\":[{\"@type\":\"ReadAction\",\"target\":[\"https:\/\/www.istegroup.com\/produit\/les-savoirs-traditionnels-face-aux-enjeux-du-futur\/\"]}]},{\"@type\":\"ImageObject\",\"inLanguage\":\"en-US\",\"@id\":\"https:\/\/www.istegroup.com\/produit\/les-savoirs-traditionnels-face-aux-enjeux-du-futur\/#primaryimage\",\"url\":\"https:\/\/www.istegroup.com\/wp-content\/uploads\/2025\/06\/042_Les-savoirs-traditionnels-face-aux-enjeux-du-futur-Gravie-Plande.png\",\"contentUrl\":\"https:\/\/www.istegroup.com\/wp-content\/uploads\/2025\/06\/042_Les-savoirs-traditionnels-face-aux-enjeux-du-futur-Gravie-Plande.png\",\"width\":551,\"height\":832},{\"@type\":\"BreadcrumbList\",\"@id\":\"https:\/\/www.istegroup.com\/produit\/les-savoirs-traditionnels-face-aux-enjeux-du-futur\/#breadcrumb\",\"itemListElement\":[{\"@type\":\"ListItem\",\"position\":1,\"name\":\"Home\",\"item\":\"https:\/\/www.istegroup.com\/\"},{\"@type\":\"ListItem\",\"position\":2,\"name\":\"Shop\",\"item\":\"https:\/\/www.istegroup.com\/fr\/nouveautes\/\"},{\"@type\":\"ListItem\",\"position\":3,\"name\":\"Les savoirs traditionnels face aux enjeux du futur\"}]},{\"@type\":\"WebSite\",\"@id\":\"https:\/\/www.istegroup.com\/#website\",\"url\":\"https:\/\/www.istegroup.com\/\",\"name\":\"ISTE Group\",\"description\":\"Publishing Knowledge\",\"potentialAction\":[{\"@type\":\"SearchAction\",\"target\":{\"@type\":\"EntryPoint\",\"urlTemplate\":\"https:\/\/www.istegroup.com\/?s={search_term_string}\"},\"query-input\":{\"@type\":\"PropertyValueSpecification\",\"valueRequired\":true,\"valueName\":\"search_term_string\"}}],\"inLanguage\":\"en-US\"}]}<\/script>\n<!-- \/ Yoast SEO plugin. -->","yoast_head_json":{"title":"Les savoirs traditionnels face aux enjeux du futur - ISTE Group","description":"Cet ouvrage collectif s\u2019appuie sur un cycle de s\u00e9minaires ayant r\u00e9uni, pendant quatre ann\u00e9es, de nombreux professionnels et universitaires issus de champs disciplinaires vari\u00e9s.","robots":{"index":"index","follow":"follow","max-snippet":"max-snippet:-1","max-image-preview":"max-image-preview:large","max-video-preview":"max-video-preview:-1"},"canonical":"https:\/\/www.istegroup.com\/produit\/les-savoirs-traditionnels-face-aux-enjeux-du-futur\/","og_locale":"en_US","og_type":"article","og_title":"Les savoirs traditionnels face aux enjeux du futur - ISTE Group","og_description":"Cet ouvrage collectif s\u2019appuie sur un cycle de s\u00e9minaires ayant r\u00e9uni, pendant quatre ann\u00e9es, de nombreux professionnels et universitaires issus de champs disciplinaires vari\u00e9s.","og_url":"https:\/\/www.istegroup.com\/produit\/les-savoirs-traditionnels-face-aux-enjeux-du-futur\/","og_site_name":"ISTE Group","article_modified_time":"2025-10-16T10:31:01+00:00","og_image":[{"width":551,"height":832,"url":"https:\/\/www.istegroup.com\/wp-content\/uploads\/2025\/06\/042_Les-savoirs-traditionnels-face-aux-enjeux-du-futur-Gravie-Plande.png","type":"image\/png"}],"twitter_card":"summary_large_image","twitter_misc":{"Est. reading time":"2 minutes"},"schema":{"@context":"https:\/\/schema.org","@graph":[{"@type":"WebPage","@id":"https:\/\/www.istegroup.com\/produit\/les-savoirs-traditionnels-face-aux-enjeux-du-futur\/","url":"https:\/\/www.istegroup.com\/produit\/les-savoirs-traditionnels-face-aux-enjeux-du-futur\/","name":"Les savoirs traditionnels face aux enjeux du futur - ISTE Group","isPartOf":{"@id":"https:\/\/www.istegroup.com\/#website"},"primaryImageOfPage":{"@id":"https:\/\/www.istegroup.com\/produit\/les-savoirs-traditionnels-face-aux-enjeux-du-futur\/#primaryimage"},"image":{"@id":"https:\/\/www.istegroup.com\/produit\/les-savoirs-traditionnels-face-aux-enjeux-du-futur\/#primaryimage"},"thumbnailUrl":"https:\/\/www.istegroup.com\/wp-content\/uploads\/2025\/06\/042_Les-savoirs-traditionnels-face-aux-enjeux-du-futur-Gravie-Plande.png","datePublished":"2025-06-18T11:03:34+00:00","dateModified":"2025-10-16T10:31:01+00:00","description":"Cet ouvrage collectif s\u2019appuie sur un cycle de s\u00e9minaires ayant r\u00e9uni, pendant quatre ann\u00e9es, de nombreux professionnels et universitaires issus de champs disciplinaires vari\u00e9s.","breadcrumb":{"@id":"https:\/\/www.istegroup.com\/produit\/les-savoirs-traditionnels-face-aux-enjeux-du-futur\/#breadcrumb"},"inLanguage":"en-US","potentialAction":[{"@type":"ReadAction","target":["https:\/\/www.istegroup.com\/produit\/les-savoirs-traditionnels-face-aux-enjeux-du-futur\/"]}]},{"@type":"ImageObject","inLanguage":"en-US","@id":"https:\/\/www.istegroup.com\/produit\/les-savoirs-traditionnels-face-aux-enjeux-du-futur\/#primaryimage","url":"https:\/\/www.istegroup.com\/wp-content\/uploads\/2025\/06\/042_Les-savoirs-traditionnels-face-aux-enjeux-du-futur-Gravie-Plande.png","contentUrl":"https:\/\/www.istegroup.com\/wp-content\/uploads\/2025\/06\/042_Les-savoirs-traditionnels-face-aux-enjeux-du-futur-Gravie-Plande.png","width":551,"height":832},{"@type":"BreadcrumbList","@id":"https:\/\/www.istegroup.com\/produit\/les-savoirs-traditionnels-face-aux-enjeux-du-futur\/#breadcrumb","itemListElement":[{"@type":"ListItem","position":1,"name":"Home","item":"https:\/\/www.istegroup.com\/"},{"@type":"ListItem","position":2,"name":"Shop","item":"https:\/\/www.istegroup.com\/fr\/nouveautes\/"},{"@type":"ListItem","position":3,"name":"Les savoirs traditionnels face aux enjeux du futur"}]},{"@type":"WebSite","@id":"https:\/\/www.istegroup.com\/#website","url":"https:\/\/www.istegroup.com\/","name":"ISTE Group","description":"Publishing Knowledge","potentialAction":[{"@type":"SearchAction","target":{"@type":"EntryPoint","urlTemplate":"https:\/\/www.istegroup.com\/?s={search_term_string}"},"query-input":{"@type":"PropertyValueSpecification","valueRequired":true,"valueName":"search_term_string"}}],"inLanguage":"en-US"}]}},"_links":{"self":[{"href":"https:\/\/www.istegroup.com\/en\/wp-json\/wp\/v2\/product\/60631","targetHints":{"allow":["GET"]}}],"collection":[{"href":"https:\/\/www.istegroup.com\/en\/wp-json\/wp\/v2\/product"}],"about":[{"href":"https:\/\/www.istegroup.com\/en\/wp-json\/wp\/v2\/types\/product"}],"wp:featuredmedia":[{"embeddable":true,"href":"https:\/\/www.istegroup.com\/en\/wp-json\/wp\/v2\/media\/60643"}],"wp:attachment":[{"href":"https:\/\/www.istegroup.com\/en\/wp-json\/wp\/v2\/media?parent=60631"}],"wp:term":[{"taxonomy":"product_brand","embeddable":true,"href":"https:\/\/www.istegroup.com\/en\/wp-json\/wp\/v2\/product_brand?post=60631"},{"taxonomy":"product_cat","embeddable":true,"href":"https:\/\/www.istegroup.com\/en\/wp-json\/wp\/v2\/product_cat?post=60631"},{"taxonomy":"product_tag","embeddable":true,"href":"https:\/\/www.istegroup.com\/en\/wp-json\/wp\/v2\/product_tag?post=60631"}],"curies":[{"name":"wp","href":"https:\/\/api.w.org\/{rel}","templated":true}]}}