{"id":60282,"date":"2025-05-19T16:10:01","date_gmt":"2025-05-19T15:10:01","guid":{"rendered":"https:\/\/www.istegroup.com\/?post_type=product&#038;p=60282"},"modified":"2025-05-20T09:48:02","modified_gmt":"2025-05-20T08:48:02","slug":"ondes-acoustiques-dans-les-fluides-1","status":"publish","type":"product","link":"https:\/\/www.istegroup.com\/en\/produit\/ondes-acoustiques-dans-les-fluides-1\/","title":{"rendered":"Ondes acoustiques dans les fluides 1"},"content":{"rendered":"<p><em>Ondes acoustiques dans les fluides 1<\/em> s\u2019adresse aux \u00e9tudiants et \u00e9l\u00e8ves ing\u00e9nieurs, ainsi qu\u2019aux praticiens de l\u2019industrie qui sont de plus en plus confront\u00e9s \u00e0 la prise en compte de contraintes acoustiques lors de la conception de nouveaux produits.<\/p>\n<p>L\u2019ouvrage rappelle les principes physiques et les fondements th\u00e9oriques de l\u2019acoustique dans les fluides, tout en introduisant des notions de traitement du signal appliqu\u00e9es aux ondes sonores. Il examine ensuite le rayonnement des sources acoustiques, qu\u2019elles soient surfaciques ou volumiques, ainsi que l\u2019utilisation des fonctions de Green et les ph\u00e9nom\u00e8nes de diffraction par des obstacles. Enfin, il s\u2019int\u00e9resse \u00e0 la propagation du son dans les conduits et \u00e0 l\u2019acoustique des salles.<\/p>\n<p>Chaque chapitre est accompagn\u00e9 d\u2019un nombre limit\u00e9 d\u2019exercices, allant de la simple application de formules \u00e0 des probl\u00e8mes n\u00e9cessitant une analyse th\u00e9orique avanc\u00e9e ou une solution num\u00e9rique. Les r\u00e9sultats th\u00e9oriques sont illustr\u00e9s par de nombreuses figures issues de mesures exp\u00e9rimentales, de l\u2019\u00e9valuation num\u00e9rique de formules complexes ou de l\u2019utilisation d\u2019un solveur par \u00e9l\u00e9ments finis.<\/p>\n","protected":false},"excerpt":{"rendered":"<p>Ondes acoustiques dans les fluides 1 s\u2019adresse aux \u00e9tudiants et \u00e9l\u00e8ves ing\u00e9nieurs, ainsi qu\u2019aux praticiens de l\u2019industrie qui sont de plus en plus confront\u00e9s \u00e0 la prise en compte de contraintes acoustiques lors de la conception de nouveaux produits. L\u2019ouvrage rappelle les principes physiques et les fondements th\u00e9oriques de l\u2019acoustique dans les fluides, tout en [&hellip;]<\/p>\n","protected":false},"featured_media":60294,"template":"","meta":{"_acf_changed":false,"_links_to":"","_links_to_target":""},"product_brand":[],"product_cat":[677],"product_tag":[],"class_list":{"0":"post-60282","1":"product","2":"type-product","3":"status-publish","4":"has-post-thumbnail","6":"product_cat-ondes-12506522","8":"first","9":"instock","10":"shipping-taxable","11":"purchasable","12":"product-type-variable"},"acf":[],"yoast_head":"<!-- This site is optimized with the Yoast SEO plugin v27.2 - https:\/\/yoast.com\/product\/yoast-seo-wordpress\/ -->\n<title>Ondes acoustiques dans les fluides 1 - ISTE Group<\/title>\n<meta name=\"description\" content=\"Ondes acoustiques dans les fluides 1 s\u2019adresse aux \u00e9tudiants et \u00e9l\u00e8ves ing\u00e9nieurs, ainsi qu\u2019aux praticiens de l\u2019industrie qui sont de plus en plus confront\u00e9s \u00e0 la prise en compte de contraintes acoustiques lors de la conception de nouveaux produits.\" \/>\n<meta name=\"robots\" content=\"index, follow, max-snippet:-1, max-image-preview:large, max-video-preview:-1\" \/>\n<link rel=\"canonical\" href=\"https:\/\/www.istegroup.com\/produit\/ondes-acoustiques-dans-les-fluides-1\/\" \/>\n<meta property=\"og:locale\" content=\"en_US\" \/>\n<meta property=\"og:type\" content=\"article\" \/>\n<meta property=\"og:title\" content=\"Ondes acoustiques dans les fluides 1 - ISTE Group\" \/>\n<meta property=\"og:description\" content=\"Ondes acoustiques dans les fluides 1 s\u2019adresse aux \u00e9tudiants et \u00e9l\u00e8ves ing\u00e9nieurs, ainsi qu\u2019aux praticiens de l\u2019industrie qui sont de plus en plus confront\u00e9s \u00e0 la prise en compte de contraintes acoustiques lors de la conception de nouveaux produits.\" \/>\n<meta property=\"og:url\" content=\"https:\/\/www.istegroup.com\/produit\/ondes-acoustiques-dans-les-fluides-1\/\" \/>\n<meta property=\"og:site_name\" content=\"ISTE Group\" \/>\n<meta property=\"article:modified_time\" content=\"2025-05-20T08:48:02+00:00\" \/>\n<meta property=\"og:image\" content=\"https:\/\/www.istegroup.com\/wp-content\/uploads\/2025\/05\/034_Ondes-acoustiques-dans-les-fluides-1_front-scaled.jpg\" \/>\n\t<meta property=\"og:image:width\" content=\"1700\" \/>\n\t<meta property=\"og:image:height\" content=\"2560\" \/>\n\t<meta property=\"og:image:type\" content=\"image\/jpeg\" \/>\n<meta name=\"twitter:card\" content=\"summary_large_image\" \/>\n<meta name=\"twitter:label1\" content=\"Est. reading time\" \/>\n\t<meta name=\"twitter:data1\" content=\"2 minutes\" \/>\n<script type=\"application\/ld+json\" class=\"yoast-schema-graph\">{\"@context\":\"https:\/\/schema.org\",\"@graph\":[{\"@type\":\"WebPage\",\"@id\":\"https:\/\/www.istegroup.com\/produit\/ondes-acoustiques-dans-les-fluides-1\/\",\"url\":\"https:\/\/www.istegroup.com\/produit\/ondes-acoustiques-dans-les-fluides-1\/\",\"name\":\"Ondes acoustiques dans les fluides 1 - ISTE Group\",\"isPartOf\":{\"@id\":\"https:\/\/www.istegroup.com\/#website\"},\"primaryImageOfPage\":{\"@id\":\"https:\/\/www.istegroup.com\/produit\/ondes-acoustiques-dans-les-fluides-1\/#primaryimage\"},\"image\":{\"@id\":\"https:\/\/www.istegroup.com\/produit\/ondes-acoustiques-dans-les-fluides-1\/#primaryimage\"},\"thumbnailUrl\":\"https:\/\/www.istegroup.com\/wp-content\/uploads\/2025\/05\/034_Ondes-acoustiques-dans-les-fluides-1_front-scaled.jpg\",\"datePublished\":\"2025-05-19T15:10:01+00:00\",\"dateModified\":\"2025-05-20T08:48:02+00:00\",\"description\":\"Ondes acoustiques dans les fluides 1 s\u2019adresse aux \u00e9tudiants et \u00e9l\u00e8ves ing\u00e9nieurs, ainsi qu\u2019aux praticiens de l\u2019industrie qui sont de plus en plus confront\u00e9s \u00e0 la prise en compte de contraintes acoustiques lors de la conception de nouveaux produits.\",\"breadcrumb\":{\"@id\":\"https:\/\/www.istegroup.com\/produit\/ondes-acoustiques-dans-les-fluides-1\/#breadcrumb\"},\"inLanguage\":\"en-US\",\"potentialAction\":[{\"@type\":\"ReadAction\",\"target\":[\"https:\/\/www.istegroup.com\/produit\/ondes-acoustiques-dans-les-fluides-1\/\"]}]},{\"@type\":\"ImageObject\",\"inLanguage\":\"en-US\",\"@id\":\"https:\/\/www.istegroup.com\/produit\/ondes-acoustiques-dans-les-fluides-1\/#primaryimage\",\"url\":\"https:\/\/www.istegroup.com\/wp-content\/uploads\/2025\/05\/034_Ondes-acoustiques-dans-les-fluides-1_front-scaled.jpg\",\"contentUrl\":\"https:\/\/www.istegroup.com\/wp-content\/uploads\/2025\/05\/034_Ondes-acoustiques-dans-les-fluides-1_front-scaled.jpg\",\"width\":1700,\"height\":2560},{\"@type\":\"BreadcrumbList\",\"@id\":\"https:\/\/www.istegroup.com\/produit\/ondes-acoustiques-dans-les-fluides-1\/#breadcrumb\",\"itemListElement\":[{\"@type\":\"ListItem\",\"position\":1,\"name\":\"Home\",\"item\":\"https:\/\/www.istegroup.com\/\"},{\"@type\":\"ListItem\",\"position\":2,\"name\":\"Shop\",\"item\":\"https:\/\/www.istegroup.com\/fr\/nouveautes\/\"},{\"@type\":\"ListItem\",\"position\":3,\"name\":\"Ondes acoustiques dans les fluides 1\"}]},{\"@type\":\"WebSite\",\"@id\":\"https:\/\/www.istegroup.com\/#website\",\"url\":\"https:\/\/www.istegroup.com\/\",\"name\":\"ISTE Group\",\"description\":\"Publishing Knowledge\",\"potentialAction\":[{\"@type\":\"SearchAction\",\"target\":{\"@type\":\"EntryPoint\",\"urlTemplate\":\"https:\/\/www.istegroup.com\/?s={search_term_string}\"},\"query-input\":{\"@type\":\"PropertyValueSpecification\",\"valueRequired\":true,\"valueName\":\"search_term_string\"}}],\"inLanguage\":\"en-US\"}]}<\/script>\n<!-- \/ Yoast SEO plugin. -->","yoast_head_json":{"title":"Ondes acoustiques dans les fluides 1 - ISTE Group","description":"Ondes acoustiques dans les fluides 1 s\u2019adresse aux \u00e9tudiants et \u00e9l\u00e8ves ing\u00e9nieurs, ainsi qu\u2019aux praticiens de l\u2019industrie qui sont de plus en plus confront\u00e9s \u00e0 la prise en compte de contraintes acoustiques lors de la conception de nouveaux produits.","robots":{"index":"index","follow":"follow","max-snippet":"max-snippet:-1","max-image-preview":"max-image-preview:large","max-video-preview":"max-video-preview:-1"},"canonical":"https:\/\/www.istegroup.com\/produit\/ondes-acoustiques-dans-les-fluides-1\/","og_locale":"en_US","og_type":"article","og_title":"Ondes acoustiques dans les fluides 1 - ISTE Group","og_description":"Ondes acoustiques dans les fluides 1 s\u2019adresse aux \u00e9tudiants et \u00e9l\u00e8ves ing\u00e9nieurs, ainsi qu\u2019aux praticiens de l\u2019industrie qui sont de plus en plus confront\u00e9s \u00e0 la prise en compte de contraintes acoustiques lors de la conception de nouveaux produits.","og_url":"https:\/\/www.istegroup.com\/produit\/ondes-acoustiques-dans-les-fluides-1\/","og_site_name":"ISTE Group","article_modified_time":"2025-05-20T08:48:02+00:00","og_image":[{"width":1700,"height":2560,"url":"https:\/\/www.istegroup.com\/wp-content\/uploads\/2025\/05\/034_Ondes-acoustiques-dans-les-fluides-1_front-scaled.jpg","type":"image\/jpeg"}],"twitter_card":"summary_large_image","twitter_misc":{"Est. reading time":"2 minutes"},"schema":{"@context":"https:\/\/schema.org","@graph":[{"@type":"WebPage","@id":"https:\/\/www.istegroup.com\/produit\/ondes-acoustiques-dans-les-fluides-1\/","url":"https:\/\/www.istegroup.com\/produit\/ondes-acoustiques-dans-les-fluides-1\/","name":"Ondes acoustiques dans les fluides 1 - ISTE Group","isPartOf":{"@id":"https:\/\/www.istegroup.com\/#website"},"primaryImageOfPage":{"@id":"https:\/\/www.istegroup.com\/produit\/ondes-acoustiques-dans-les-fluides-1\/#primaryimage"},"image":{"@id":"https:\/\/www.istegroup.com\/produit\/ondes-acoustiques-dans-les-fluides-1\/#primaryimage"},"thumbnailUrl":"https:\/\/www.istegroup.com\/wp-content\/uploads\/2025\/05\/034_Ondes-acoustiques-dans-les-fluides-1_front-scaled.jpg","datePublished":"2025-05-19T15:10:01+00:00","dateModified":"2025-05-20T08:48:02+00:00","description":"Ondes acoustiques dans les fluides 1 s\u2019adresse aux \u00e9tudiants et \u00e9l\u00e8ves ing\u00e9nieurs, ainsi qu\u2019aux praticiens de l\u2019industrie qui sont de plus en plus confront\u00e9s \u00e0 la prise en compte de contraintes acoustiques lors de la conception de nouveaux produits.","breadcrumb":{"@id":"https:\/\/www.istegroup.com\/produit\/ondes-acoustiques-dans-les-fluides-1\/#breadcrumb"},"inLanguage":"en-US","potentialAction":[{"@type":"ReadAction","target":["https:\/\/www.istegroup.com\/produit\/ondes-acoustiques-dans-les-fluides-1\/"]}]},{"@type":"ImageObject","inLanguage":"en-US","@id":"https:\/\/www.istegroup.com\/produit\/ondes-acoustiques-dans-les-fluides-1\/#primaryimage","url":"https:\/\/www.istegroup.com\/wp-content\/uploads\/2025\/05\/034_Ondes-acoustiques-dans-les-fluides-1_front-scaled.jpg","contentUrl":"https:\/\/www.istegroup.com\/wp-content\/uploads\/2025\/05\/034_Ondes-acoustiques-dans-les-fluides-1_front-scaled.jpg","width":1700,"height":2560},{"@type":"BreadcrumbList","@id":"https:\/\/www.istegroup.com\/produit\/ondes-acoustiques-dans-les-fluides-1\/#breadcrumb","itemListElement":[{"@type":"ListItem","position":1,"name":"Home","item":"https:\/\/www.istegroup.com\/"},{"@type":"ListItem","position":2,"name":"Shop","item":"https:\/\/www.istegroup.com\/fr\/nouveautes\/"},{"@type":"ListItem","position":3,"name":"Ondes acoustiques dans les fluides 1"}]},{"@type":"WebSite","@id":"https:\/\/www.istegroup.com\/#website","url":"https:\/\/www.istegroup.com\/","name":"ISTE Group","description":"Publishing Knowledge","potentialAction":[{"@type":"SearchAction","target":{"@type":"EntryPoint","urlTemplate":"https:\/\/www.istegroup.com\/?s={search_term_string}"},"query-input":{"@type":"PropertyValueSpecification","valueRequired":true,"valueName":"search_term_string"}}],"inLanguage":"en-US"}]}},"_links":{"self":[{"href":"https:\/\/www.istegroup.com\/en\/wp-json\/wp\/v2\/product\/60282","targetHints":{"allow":["GET"]}}],"collection":[{"href":"https:\/\/www.istegroup.com\/en\/wp-json\/wp\/v2\/product"}],"about":[{"href":"https:\/\/www.istegroup.com\/en\/wp-json\/wp\/v2\/types\/product"}],"wp:featuredmedia":[{"embeddable":true,"href":"https:\/\/www.istegroup.com\/en\/wp-json\/wp\/v2\/media\/60294"}],"wp:attachment":[{"href":"https:\/\/www.istegroup.com\/en\/wp-json\/wp\/v2\/media?parent=60282"}],"wp:term":[{"taxonomy":"product_brand","embeddable":true,"href":"https:\/\/www.istegroup.com\/en\/wp-json\/wp\/v2\/product_brand?post=60282"},{"taxonomy":"product_cat","embeddable":true,"href":"https:\/\/www.istegroup.com\/en\/wp-json\/wp\/v2\/product_cat?post=60282"},{"taxonomy":"product_tag","embeddable":true,"href":"https:\/\/www.istegroup.com\/en\/wp-json\/wp\/v2\/product_tag?post=60282"}],"curies":[{"name":"wp","href":"https:\/\/api.w.org\/{rel}","templated":true}]}}