{"id":60273,"date":"2025-05-19T15:56:29","date_gmt":"2025-05-19T14:56:29","guid":{"rendered":"https:\/\/www.istegroup.com\/?post_type=product&#038;p=60273"},"modified":"2025-05-20T09:47:53","modified_gmt":"2025-05-20T08:47:53","slug":"le-risque-radioactif-pour-lhomme","status":"publish","type":"product","link":"https:\/\/www.istegroup.com\/en\/produit\/le-risque-radioactif-pour-lhomme\/","title":{"rendered":"Le risque radioactif pour l\u2019homme"},"content":{"rendered":"<p>Le danger radioactif a \u00e9t\u00e9 identifi\u00e9 d\u00e8s la d\u00e9couverte de la radioactivit\u00e9. Cependant, l\u2019estimation du risque radioactif pour l\u2019homme reste un sujet de vifs d\u00e9bats dans la soci\u00e9t\u00e9.<\/p>\n<p>Cet ouvrage synth\u00e9tise les travaux scientifiques, anciens et r\u00e9cents, qui permettent d\u2019estimer la radioactivit\u00e9 de l\u2019anthroposph\u00e8re et la contamination radioactive chez l\u2019homme. <em>Le risque radioactif pour l\u2019homme<\/em> recense les diff\u00e9rentes voies d\u2019exposition aux rayonnements ionisants (externes, internes, alimentaires) et propose une estimation des doses d\u2019irradiation subies par l\u2019homme dans diverses situations, qu\u2019elles soient naturelles (pour le public et les professionnels) ou accidentelles.<\/p>\n<p>D\u2019autre part, les effets n\u00e9fastes des rayonnements ionisants \u00e0 diff\u00e9rents niveaux biologiques (mol\u00e9culaire, cellulaire, tissulaire) et les cons\u00e9quences sanitaires pour l\u2019individu sont expos\u00e9s, ainsi qu\u2019une analyse des maladies professionnelles li\u00e9es aux rayonnements ionisants.<\/p>\n<p>Les relations entre les doses et les effets n\u00e9fastes des rayonnements ionisants sont discut\u00e9es pour les doses fortes, moyennes et faibles. En conclusion, une estimation du risque radioactif pour l\u2019homme est propos\u00e9e.<\/p>\n","protected":false},"excerpt":{"rendered":"<p>Le danger radioactif a \u00e9t\u00e9 identifi\u00e9 d\u00e8s la d\u00e9couverte de la radioactivit\u00e9. Cependant, l\u2019estimation du risque radioactif pour l\u2019homme reste un sujet de vifs d\u00e9bats dans la soci\u00e9t\u00e9. Cet ouvrage synth\u00e9tise les travaux scientifiques, anciens et r\u00e9cents, qui permettent d\u2019estimer la radioactivit\u00e9 de l\u2019anthroposph\u00e8re et la contamination radioactive chez l\u2019homme. Le risque radioactif pour l\u2019homme [&hellip;]<\/p>\n","protected":false},"featured_media":60281,"template":"","meta":{"_acf_changed":false,"_links_to":"","_links_to_target":""},"product_brand":[],"product_cat":[658],"product_tag":[],"class_list":{"0":"post-60273","1":"product","2":"type-product","3":"status-publish","4":"has-post-thumbnail","6":"product_cat-ecologie-14419669","8":"first","9":"instock","10":"shipping-taxable","11":"purchasable","12":"product-type-variable"},"acf":[],"yoast_head":"<!-- This site is optimized with the Yoast SEO plugin v27.2 - https:\/\/yoast.com\/product\/yoast-seo-wordpress\/ -->\n<title>Le risque radioactif pour l\u2019homme - ISTE Group<\/title>\n<meta name=\"description\" content=\"Cet ouvrage synth\u00e9tise les travaux scientifiques, anciens et r\u00e9cents, qui permettent d\u2019estimer la radioactivit\u00e9 de l\u2019anthroposph\u00e8re et la contamination radioactive chez l\u2019homme.\" \/>\n<meta name=\"robots\" content=\"index, follow, max-snippet:-1, max-image-preview:large, max-video-preview:-1\" \/>\n<link rel=\"canonical\" href=\"https:\/\/www.istegroup.com\/produit\/le-risque-radioactif-pour-lhomme\/\" \/>\n<meta property=\"og:locale\" content=\"en_US\" \/>\n<meta property=\"og:type\" content=\"article\" \/>\n<meta property=\"og:title\" content=\"Le risque radioactif pour l\u2019homme - ISTE Group\" \/>\n<meta property=\"og:description\" content=\"Cet ouvrage synth\u00e9tise les travaux scientifiques, anciens et r\u00e9cents, qui permettent d\u2019estimer la radioactivit\u00e9 de l\u2019anthroposph\u00e8re et la contamination radioactive chez l\u2019homme.\" \/>\n<meta property=\"og:url\" content=\"https:\/\/www.istegroup.com\/produit\/le-risque-radioactif-pour-lhomme\/\" \/>\n<meta property=\"og:site_name\" content=\"ISTE Group\" \/>\n<meta property=\"article:modified_time\" content=\"2025-05-20T08:47:53+00:00\" \/>\n<meta property=\"og:image\" content=\"https:\/\/www.istegroup.com\/wp-content\/uploads\/2025\/05\/Le-risque-radioactif-pour-lhomme_front.png\" \/>\n\t<meta property=\"og:image:width\" content=\"595\" \/>\n\t<meta property=\"og:image:height\" content=\"899\" \/>\n\t<meta property=\"og:image:type\" content=\"image\/png\" \/>\n<meta name=\"twitter:card\" content=\"summary_large_image\" \/>\n<meta name=\"twitter:label1\" content=\"Est. reading time\" \/>\n\t<meta name=\"twitter:data1\" content=\"1 minute\" \/>\n<script type=\"application\/ld+json\" class=\"yoast-schema-graph\">{\"@context\":\"https:\/\/schema.org\",\"@graph\":[{\"@type\":\"WebPage\",\"@id\":\"https:\/\/www.istegroup.com\/produit\/le-risque-radioactif-pour-lhomme\/\",\"url\":\"https:\/\/www.istegroup.com\/produit\/le-risque-radioactif-pour-lhomme\/\",\"name\":\"Le risque radioactif pour l\u2019homme - ISTE Group\",\"isPartOf\":{\"@id\":\"https:\/\/www.istegroup.com\/#website\"},\"primaryImageOfPage\":{\"@id\":\"https:\/\/www.istegroup.com\/produit\/le-risque-radioactif-pour-lhomme\/#primaryimage\"},\"image\":{\"@id\":\"https:\/\/www.istegroup.com\/produit\/le-risque-radioactif-pour-lhomme\/#primaryimage\"},\"thumbnailUrl\":\"https:\/\/www.istegroup.com\/wp-content\/uploads\/2025\/05\/Le-risque-radioactif-pour-lhomme_front.png\",\"datePublished\":\"2025-05-19T14:56:29+00:00\",\"dateModified\":\"2025-05-20T08:47:53+00:00\",\"description\":\"Cet ouvrage synth\u00e9tise les travaux scientifiques, anciens et r\u00e9cents, qui permettent d\u2019estimer la radioactivit\u00e9 de l\u2019anthroposph\u00e8re et la contamination radioactive chez l\u2019homme.\",\"breadcrumb\":{\"@id\":\"https:\/\/www.istegroup.com\/produit\/le-risque-radioactif-pour-lhomme\/#breadcrumb\"},\"inLanguage\":\"en-US\",\"potentialAction\":[{\"@type\":\"ReadAction\",\"target\":[\"https:\/\/www.istegroup.com\/produit\/le-risque-radioactif-pour-lhomme\/\"]}]},{\"@type\":\"ImageObject\",\"inLanguage\":\"en-US\",\"@id\":\"https:\/\/www.istegroup.com\/produit\/le-risque-radioactif-pour-lhomme\/#primaryimage\",\"url\":\"https:\/\/www.istegroup.com\/wp-content\/uploads\/2025\/05\/Le-risque-radioactif-pour-lhomme_front.png\",\"contentUrl\":\"https:\/\/www.istegroup.com\/wp-content\/uploads\/2025\/05\/Le-risque-radioactif-pour-lhomme_front.png\",\"width\":595,\"height\":899},{\"@type\":\"BreadcrumbList\",\"@id\":\"https:\/\/www.istegroup.com\/produit\/le-risque-radioactif-pour-lhomme\/#breadcrumb\",\"itemListElement\":[{\"@type\":\"ListItem\",\"position\":1,\"name\":\"Home\",\"item\":\"https:\/\/www.istegroup.com\/\"},{\"@type\":\"ListItem\",\"position\":2,\"name\":\"Shop\",\"item\":\"https:\/\/www.istegroup.com\/fr\/nouveautes\/\"},{\"@type\":\"ListItem\",\"position\":3,\"name\":\"Le risque radioactif pour l\u2019homme\"}]},{\"@type\":\"WebSite\",\"@id\":\"https:\/\/www.istegroup.com\/#website\",\"url\":\"https:\/\/www.istegroup.com\/\",\"name\":\"ISTE Group\",\"description\":\"Publishing Knowledge\",\"potentialAction\":[{\"@type\":\"SearchAction\",\"target\":{\"@type\":\"EntryPoint\",\"urlTemplate\":\"https:\/\/www.istegroup.com\/?s={search_term_string}\"},\"query-input\":{\"@type\":\"PropertyValueSpecification\",\"valueRequired\":true,\"valueName\":\"search_term_string\"}}],\"inLanguage\":\"en-US\"}]}<\/script>\n<!-- \/ Yoast SEO plugin. -->","yoast_head_json":{"title":"Le risque radioactif pour l\u2019homme - ISTE Group","description":"Cet ouvrage synth\u00e9tise les travaux scientifiques, anciens et r\u00e9cents, qui permettent d\u2019estimer la radioactivit\u00e9 de l\u2019anthroposph\u00e8re et la contamination radioactive chez l\u2019homme.","robots":{"index":"index","follow":"follow","max-snippet":"max-snippet:-1","max-image-preview":"max-image-preview:large","max-video-preview":"max-video-preview:-1"},"canonical":"https:\/\/www.istegroup.com\/produit\/le-risque-radioactif-pour-lhomme\/","og_locale":"en_US","og_type":"article","og_title":"Le risque radioactif pour l\u2019homme - ISTE Group","og_description":"Cet ouvrage synth\u00e9tise les travaux scientifiques, anciens et r\u00e9cents, qui permettent d\u2019estimer la radioactivit\u00e9 de l\u2019anthroposph\u00e8re et la contamination radioactive chez l\u2019homme.","og_url":"https:\/\/www.istegroup.com\/produit\/le-risque-radioactif-pour-lhomme\/","og_site_name":"ISTE Group","article_modified_time":"2025-05-20T08:47:53+00:00","og_image":[{"width":595,"height":899,"url":"https:\/\/www.istegroup.com\/wp-content\/uploads\/2025\/05\/Le-risque-radioactif-pour-lhomme_front.png","type":"image\/png"}],"twitter_card":"summary_large_image","twitter_misc":{"Est. reading time":"1 minute"},"schema":{"@context":"https:\/\/schema.org","@graph":[{"@type":"WebPage","@id":"https:\/\/www.istegroup.com\/produit\/le-risque-radioactif-pour-lhomme\/","url":"https:\/\/www.istegroup.com\/produit\/le-risque-radioactif-pour-lhomme\/","name":"Le risque radioactif pour l\u2019homme - ISTE Group","isPartOf":{"@id":"https:\/\/www.istegroup.com\/#website"},"primaryImageOfPage":{"@id":"https:\/\/www.istegroup.com\/produit\/le-risque-radioactif-pour-lhomme\/#primaryimage"},"image":{"@id":"https:\/\/www.istegroup.com\/produit\/le-risque-radioactif-pour-lhomme\/#primaryimage"},"thumbnailUrl":"https:\/\/www.istegroup.com\/wp-content\/uploads\/2025\/05\/Le-risque-radioactif-pour-lhomme_front.png","datePublished":"2025-05-19T14:56:29+00:00","dateModified":"2025-05-20T08:47:53+00:00","description":"Cet ouvrage synth\u00e9tise les travaux scientifiques, anciens et r\u00e9cents, qui permettent d\u2019estimer la radioactivit\u00e9 de l\u2019anthroposph\u00e8re et la contamination radioactive chez l\u2019homme.","breadcrumb":{"@id":"https:\/\/www.istegroup.com\/produit\/le-risque-radioactif-pour-lhomme\/#breadcrumb"},"inLanguage":"en-US","potentialAction":[{"@type":"ReadAction","target":["https:\/\/www.istegroup.com\/produit\/le-risque-radioactif-pour-lhomme\/"]}]},{"@type":"ImageObject","inLanguage":"en-US","@id":"https:\/\/www.istegroup.com\/produit\/le-risque-radioactif-pour-lhomme\/#primaryimage","url":"https:\/\/www.istegroup.com\/wp-content\/uploads\/2025\/05\/Le-risque-radioactif-pour-lhomme_front.png","contentUrl":"https:\/\/www.istegroup.com\/wp-content\/uploads\/2025\/05\/Le-risque-radioactif-pour-lhomme_front.png","width":595,"height":899},{"@type":"BreadcrumbList","@id":"https:\/\/www.istegroup.com\/produit\/le-risque-radioactif-pour-lhomme\/#breadcrumb","itemListElement":[{"@type":"ListItem","position":1,"name":"Home","item":"https:\/\/www.istegroup.com\/"},{"@type":"ListItem","position":2,"name":"Shop","item":"https:\/\/www.istegroup.com\/fr\/nouveautes\/"},{"@type":"ListItem","position":3,"name":"Le risque radioactif pour l\u2019homme"}]},{"@type":"WebSite","@id":"https:\/\/www.istegroup.com\/#website","url":"https:\/\/www.istegroup.com\/","name":"ISTE Group","description":"Publishing Knowledge","potentialAction":[{"@type":"SearchAction","target":{"@type":"EntryPoint","urlTemplate":"https:\/\/www.istegroup.com\/?s={search_term_string}"},"query-input":{"@type":"PropertyValueSpecification","valueRequired":true,"valueName":"search_term_string"}}],"inLanguage":"en-US"}]}},"_links":{"self":[{"href":"https:\/\/www.istegroup.com\/en\/wp-json\/wp\/v2\/product\/60273","targetHints":{"allow":["GET"]}}],"collection":[{"href":"https:\/\/www.istegroup.com\/en\/wp-json\/wp\/v2\/product"}],"about":[{"href":"https:\/\/www.istegroup.com\/en\/wp-json\/wp\/v2\/types\/product"}],"wp:featuredmedia":[{"embeddable":true,"href":"https:\/\/www.istegroup.com\/en\/wp-json\/wp\/v2\/media\/60281"}],"wp:attachment":[{"href":"https:\/\/www.istegroup.com\/en\/wp-json\/wp\/v2\/media?parent=60273"}],"wp:term":[{"taxonomy":"product_brand","embeddable":true,"href":"https:\/\/www.istegroup.com\/en\/wp-json\/wp\/v2\/product_brand?post=60273"},{"taxonomy":"product_cat","embeddable":true,"href":"https:\/\/www.istegroup.com\/en\/wp-json\/wp\/v2\/product_cat?post=60273"},{"taxonomy":"product_tag","embeddable":true,"href":"https:\/\/www.istegroup.com\/en\/wp-json\/wp\/v2\/product_tag?post=60273"}],"curies":[{"name":"wp","href":"https:\/\/api.w.org\/{rel}","templated":true}]}}