{"id":60256,"date":"2025-05-19T14:48:45","date_gmt":"2025-05-19T13:48:45","guid":{"rendered":"https:\/\/www.istegroup.com\/?post_type=product&#038;p=60256"},"modified":"2025-10-16T11:32:21","modified_gmt":"2025-10-16T10:32:21","slug":"lethique-de-lintelligence-artificielle","status":"publish","type":"product","link":"https:\/\/www.istegroup.com\/en\/produit\/lethique-de-lintelligence-artificielle\/","title":{"rendered":"L\u2019\u00e9thique de l\u2019intelligence artificielle"},"content":{"rendered":"<p><em>L\u2019\u00e9thique de l\u2019intelligence artificielle<\/em> apporte une contribution sur la n\u00e9cessit\u00e9 d\u2019une \u00e9thique accompagnant les d\u00e9veloppements de l\u2019intelligence artificielle \u00e0 l\u2019aune de diff\u00e9rents champs disciplinaires et secteurs d\u2019activit\u00e9.<\/p>\n<p>L\u2019intelligence artificielle restructure en profondeur nos pratiques, en cr\u00e9e de nouvelles et influe de fa\u00e7on importante la mani\u00e8re dont nous pensons ou interagissons, tant \u00e0 l\u2019\u00e9chelle des individus, des organisations que des soci\u00e9t\u00e9s, que ce soit dans notre vie priv\u00e9e publique ou professionnelle.<\/p>\n<p>Cet ouvrage aborde, en premier lieu, une dimension plut\u00f4t conceptuelle et renvoie notamment \u00e0 l\u2019imaginaire de l\u2019IA. Puis, il met en exergue le besoin imp\u00e9rieux de mise en place d\u2019un cadre \u00e9thique au niveau des usages associ\u00e9s \u00e0 l\u2019IA par l\u2019illustration de deux secteurs d\u2019activit\u00e9 en plein essor. Enfin il convoque l\u2019\u00e9thique de l\u2019IA au niveau de secteurs d\u2019activit\u00e9 professionnelle qui subissent des mutations importantes par la digitalisation de leurs activit\u00e9s.<\/p>\n","protected":false},"excerpt":{"rendered":"<p>L\u2019\u00e9thique de l\u2019intelligence artificielle apporte une contribution sur la n\u00e9cessit\u00e9 d\u2019une \u00e9thique accompagnant les d\u00e9veloppements de l\u2019intelligence artificielle \u00e0 l\u2019aune de diff\u00e9rents champs disciplinaires et secteurs d\u2019activit\u00e9. L\u2019intelligence artificielle restructure en profondeur nos pratiques, en cr\u00e9e de nouvelles et influe de fa\u00e7on importante la mani\u00e8re dont nous pensons ou interagissons, tant \u00e0 l\u2019\u00e9chelle des individus, [&hellip;]<\/p>\n","protected":false},"featured_media":60264,"template":"","meta":{"_acf_changed":false,"_links_to":"","_links_to_target":""},"product_brand":[],"product_cat":[684],"product_tag":[],"class_list":{"0":"post-60256","1":"product","2":"type-product","3":"status-publish","4":"has-post-thumbnail","6":"product_cat-sciences-socit-et-nouvelles-technologies-188422468","8":"first","9":"instock","10":"shipping-taxable","11":"purchasable","12":"product-type-variable"},"acf":[],"yoast_head":"<!-- This site is optimized with the Yoast SEO plugin v27.2 - https:\/\/yoast.com\/product\/yoast-seo-wordpress\/ -->\n<title>L\u2019\u00e9thique de l\u2019intelligence artificielle - ISTE Group<\/title>\n<meta name=\"description\" content=\"L\u2019\u00e9thique de l\u2019intelligence artificielle apporte une contribution sur la n\u00e9cessit\u00e9 d\u2019une \u00e9thique accompagnant les d\u00e9veloppements de l\u2019intelligence artificielle \u00e0 l\u2019aune de diff\u00e9rents champs disciplinaires et secteurs d\u2019activit\u00e9.\" \/>\n<meta name=\"robots\" content=\"index, follow, max-snippet:-1, max-image-preview:large, max-video-preview:-1\" \/>\n<link rel=\"canonical\" href=\"https:\/\/www.istegroup.com\/produit\/lethique-de-lintelligence-artificielle\/\" \/>\n<meta property=\"og:locale\" content=\"en_US\" \/>\n<meta property=\"og:type\" content=\"article\" \/>\n<meta property=\"og:title\" content=\"L\u2019\u00e9thique de l\u2019intelligence artificielle - ISTE Group\" \/>\n<meta property=\"og:description\" content=\"L\u2019\u00e9thique de l\u2019intelligence artificielle apporte une contribution sur la n\u00e9cessit\u00e9 d\u2019une \u00e9thique accompagnant les d\u00e9veloppements de l\u2019intelligence artificielle \u00e0 l\u2019aune de diff\u00e9rents champs disciplinaires et secteurs d\u2019activit\u00e9.\" \/>\n<meta property=\"og:url\" content=\"https:\/\/www.istegroup.com\/produit\/lethique-de-lintelligence-artificielle\/\" \/>\n<meta property=\"og:site_name\" content=\"ISTE Group\" \/>\n<meta property=\"article:modified_time\" content=\"2025-10-16T10:32:21+00:00\" \/>\n<meta property=\"og:image\" content=\"https:\/\/www.istegroup.com\/wp-content\/uploads\/2025\/05\/031_Lethique-de-lintelligence-artificielle_front.png\" \/>\n\t<meta property=\"og:image:width\" content=\"590\" \/>\n\t<meta property=\"og:image:height\" content=\"901\" \/>\n\t<meta property=\"og:image:type\" content=\"image\/png\" \/>\n<meta name=\"twitter:card\" content=\"summary_large_image\" \/>\n<meta name=\"twitter:label1\" content=\"Est. reading time\" \/>\n\t<meta name=\"twitter:data1\" content=\"1 minute\" \/>\n<script type=\"application\/ld+json\" class=\"yoast-schema-graph\">{\"@context\":\"https:\/\/schema.org\",\"@graph\":[{\"@type\":\"WebPage\",\"@id\":\"https:\/\/www.istegroup.com\/produit\/lethique-de-lintelligence-artificielle\/\",\"url\":\"https:\/\/www.istegroup.com\/produit\/lethique-de-lintelligence-artificielle\/\",\"name\":\"L\u2019\u00e9thique de l\u2019intelligence artificielle - ISTE Group\",\"isPartOf\":{\"@id\":\"https:\/\/www.istegroup.com\/#website\"},\"primaryImageOfPage\":{\"@id\":\"https:\/\/www.istegroup.com\/produit\/lethique-de-lintelligence-artificielle\/#primaryimage\"},\"image\":{\"@id\":\"https:\/\/www.istegroup.com\/produit\/lethique-de-lintelligence-artificielle\/#primaryimage\"},\"thumbnailUrl\":\"https:\/\/www.istegroup.com\/wp-content\/uploads\/2025\/05\/031_Lethique-de-lintelligence-artificielle_front.png\",\"datePublished\":\"2025-05-19T13:48:45+00:00\",\"dateModified\":\"2025-10-16T10:32:21+00:00\",\"description\":\"L\u2019\u00e9thique de l\u2019intelligence artificielle apporte une contribution sur la n\u00e9cessit\u00e9 d\u2019une \u00e9thique accompagnant les d\u00e9veloppements de l\u2019intelligence artificielle \u00e0 l\u2019aune de diff\u00e9rents champs disciplinaires et secteurs d\u2019activit\u00e9.\",\"breadcrumb\":{\"@id\":\"https:\/\/www.istegroup.com\/produit\/lethique-de-lintelligence-artificielle\/#breadcrumb\"},\"inLanguage\":\"en-US\",\"potentialAction\":[{\"@type\":\"ReadAction\",\"target\":[\"https:\/\/www.istegroup.com\/produit\/lethique-de-lintelligence-artificielle\/\"]}]},{\"@type\":\"ImageObject\",\"inLanguage\":\"en-US\",\"@id\":\"https:\/\/www.istegroup.com\/produit\/lethique-de-lintelligence-artificielle\/#primaryimage\",\"url\":\"https:\/\/www.istegroup.com\/wp-content\/uploads\/2025\/05\/031_Lethique-de-lintelligence-artificielle_front.png\",\"contentUrl\":\"https:\/\/www.istegroup.com\/wp-content\/uploads\/2025\/05\/031_Lethique-de-lintelligence-artificielle_front.png\",\"width\":590,\"height\":901},{\"@type\":\"BreadcrumbList\",\"@id\":\"https:\/\/www.istegroup.com\/produit\/lethique-de-lintelligence-artificielle\/#breadcrumb\",\"itemListElement\":[{\"@type\":\"ListItem\",\"position\":1,\"name\":\"Home\",\"item\":\"https:\/\/www.istegroup.com\/\"},{\"@type\":\"ListItem\",\"position\":2,\"name\":\"Shop\",\"item\":\"https:\/\/www.istegroup.com\/fr\/nouveautes\/\"},{\"@type\":\"ListItem\",\"position\":3,\"name\":\"L\u2019\u00e9thique de l\u2019intelligence artificielle\"}]},{\"@type\":\"WebSite\",\"@id\":\"https:\/\/www.istegroup.com\/#website\",\"url\":\"https:\/\/www.istegroup.com\/\",\"name\":\"ISTE Group\",\"description\":\"Publishing Knowledge\",\"potentialAction\":[{\"@type\":\"SearchAction\",\"target\":{\"@type\":\"EntryPoint\",\"urlTemplate\":\"https:\/\/www.istegroup.com\/?s={search_term_string}\"},\"query-input\":{\"@type\":\"PropertyValueSpecification\",\"valueRequired\":true,\"valueName\":\"search_term_string\"}}],\"inLanguage\":\"en-US\"}]}<\/script>\n<!-- \/ Yoast SEO plugin. -->","yoast_head_json":{"title":"L\u2019\u00e9thique de l\u2019intelligence artificielle - ISTE Group","description":"L\u2019\u00e9thique de l\u2019intelligence artificielle apporte une contribution sur la n\u00e9cessit\u00e9 d\u2019une \u00e9thique accompagnant les d\u00e9veloppements de l\u2019intelligence artificielle \u00e0 l\u2019aune de diff\u00e9rents champs disciplinaires et secteurs d\u2019activit\u00e9.","robots":{"index":"index","follow":"follow","max-snippet":"max-snippet:-1","max-image-preview":"max-image-preview:large","max-video-preview":"max-video-preview:-1"},"canonical":"https:\/\/www.istegroup.com\/produit\/lethique-de-lintelligence-artificielle\/","og_locale":"en_US","og_type":"article","og_title":"L\u2019\u00e9thique de l\u2019intelligence artificielle - ISTE Group","og_description":"L\u2019\u00e9thique de l\u2019intelligence artificielle apporte une contribution sur la n\u00e9cessit\u00e9 d\u2019une \u00e9thique accompagnant les d\u00e9veloppements de l\u2019intelligence artificielle \u00e0 l\u2019aune de diff\u00e9rents champs disciplinaires et secteurs d\u2019activit\u00e9.","og_url":"https:\/\/www.istegroup.com\/produit\/lethique-de-lintelligence-artificielle\/","og_site_name":"ISTE Group","article_modified_time":"2025-10-16T10:32:21+00:00","og_image":[{"width":590,"height":901,"url":"https:\/\/www.istegroup.com\/wp-content\/uploads\/2025\/05\/031_Lethique-de-lintelligence-artificielle_front.png","type":"image\/png"}],"twitter_card":"summary_large_image","twitter_misc":{"Est. reading time":"1 minute"},"schema":{"@context":"https:\/\/schema.org","@graph":[{"@type":"WebPage","@id":"https:\/\/www.istegroup.com\/produit\/lethique-de-lintelligence-artificielle\/","url":"https:\/\/www.istegroup.com\/produit\/lethique-de-lintelligence-artificielle\/","name":"L\u2019\u00e9thique de l\u2019intelligence artificielle - ISTE Group","isPartOf":{"@id":"https:\/\/www.istegroup.com\/#website"},"primaryImageOfPage":{"@id":"https:\/\/www.istegroup.com\/produit\/lethique-de-lintelligence-artificielle\/#primaryimage"},"image":{"@id":"https:\/\/www.istegroup.com\/produit\/lethique-de-lintelligence-artificielle\/#primaryimage"},"thumbnailUrl":"https:\/\/www.istegroup.com\/wp-content\/uploads\/2025\/05\/031_Lethique-de-lintelligence-artificielle_front.png","datePublished":"2025-05-19T13:48:45+00:00","dateModified":"2025-10-16T10:32:21+00:00","description":"L\u2019\u00e9thique de l\u2019intelligence artificielle apporte une contribution sur la n\u00e9cessit\u00e9 d\u2019une \u00e9thique accompagnant les d\u00e9veloppements de l\u2019intelligence artificielle \u00e0 l\u2019aune de diff\u00e9rents champs disciplinaires et secteurs d\u2019activit\u00e9.","breadcrumb":{"@id":"https:\/\/www.istegroup.com\/produit\/lethique-de-lintelligence-artificielle\/#breadcrumb"},"inLanguage":"en-US","potentialAction":[{"@type":"ReadAction","target":["https:\/\/www.istegroup.com\/produit\/lethique-de-lintelligence-artificielle\/"]}]},{"@type":"ImageObject","inLanguage":"en-US","@id":"https:\/\/www.istegroup.com\/produit\/lethique-de-lintelligence-artificielle\/#primaryimage","url":"https:\/\/www.istegroup.com\/wp-content\/uploads\/2025\/05\/031_Lethique-de-lintelligence-artificielle_front.png","contentUrl":"https:\/\/www.istegroup.com\/wp-content\/uploads\/2025\/05\/031_Lethique-de-lintelligence-artificielle_front.png","width":590,"height":901},{"@type":"BreadcrumbList","@id":"https:\/\/www.istegroup.com\/produit\/lethique-de-lintelligence-artificielle\/#breadcrumb","itemListElement":[{"@type":"ListItem","position":1,"name":"Home","item":"https:\/\/www.istegroup.com\/"},{"@type":"ListItem","position":2,"name":"Shop","item":"https:\/\/www.istegroup.com\/fr\/nouveautes\/"},{"@type":"ListItem","position":3,"name":"L\u2019\u00e9thique de l\u2019intelligence artificielle"}]},{"@type":"WebSite","@id":"https:\/\/www.istegroup.com\/#website","url":"https:\/\/www.istegroup.com\/","name":"ISTE Group","description":"Publishing Knowledge","potentialAction":[{"@type":"SearchAction","target":{"@type":"EntryPoint","urlTemplate":"https:\/\/www.istegroup.com\/?s={search_term_string}"},"query-input":{"@type":"PropertyValueSpecification","valueRequired":true,"valueName":"search_term_string"}}],"inLanguage":"en-US"}]}},"_links":{"self":[{"href":"https:\/\/www.istegroup.com\/en\/wp-json\/wp\/v2\/product\/60256","targetHints":{"allow":["GET"]}}],"collection":[{"href":"https:\/\/www.istegroup.com\/en\/wp-json\/wp\/v2\/product"}],"about":[{"href":"https:\/\/www.istegroup.com\/en\/wp-json\/wp\/v2\/types\/product"}],"wp:featuredmedia":[{"embeddable":true,"href":"https:\/\/www.istegroup.com\/en\/wp-json\/wp\/v2\/media\/60264"}],"wp:attachment":[{"href":"https:\/\/www.istegroup.com\/en\/wp-json\/wp\/v2\/media?parent=60256"}],"wp:term":[{"taxonomy":"product_brand","embeddable":true,"href":"https:\/\/www.istegroup.com\/en\/wp-json\/wp\/v2\/product_brand?post=60256"},{"taxonomy":"product_cat","embeddable":true,"href":"https:\/\/www.istegroup.com\/en\/wp-json\/wp\/v2\/product_cat?post=60256"},{"taxonomy":"product_tag","embeddable":true,"href":"https:\/\/www.istegroup.com\/en\/wp-json\/wp\/v2\/product_tag?post=60256"}],"curies":[{"name":"wp","href":"https:\/\/api.w.org\/{rel}","templated":true}]}}