{"id":59627,"date":"2025-03-17T11:34:51","date_gmt":"2025-03-17T11:34:51","guid":{"rendered":"https:\/\/www.istegroup.com\/?post_type=product&#038;p=59627"},"modified":"2025-03-18T09:09:51","modified_gmt":"2025-03-18T09:09:51","slug":"conception-et-innovation-avec-le-biomimetisme-1","status":"publish","type":"product","link":"https:\/\/www.istegroup.com\/en\/produit\/conception-et-innovation-avec-le-biomimetisme-1\/","title":{"rendered":"Conception et innovation avec le biomim\u00e9tisme 1"},"content":{"rendered":"<p>La nature, avec ses fonctions complexes, suscite un int\u00e9r\u00eat croissant chez les scientifiques, leur permettant de cr\u00e9er des syst\u00e8mes synth\u00e9tiques inventifs et performants. Les efforts consentis conduisent \u00e0 des inventions et innovations pr\u00e9sent\u00e9es dans cet ouvrage.<\/p>\n<p><em>Conception et innovation avec le biomim\u00e9tisme 1<\/em> d\u00e9montre qu\u2019un champ applicatif tr\u00e8s large peut \u00eatre atteint \u00e0 partir d\u2019une meilleure connaissance de la nature et gr\u00e2ce \u00e0 la cr\u00e9ativit\u00e9 et aux avanc\u00e9es dans tous les domaines de la science (dont les sciences de l\u2019ing\u00e9nieur, le design et l\u2019intelligence artificielle), ainsi que de la technologie. Ces rapprochements impliquent des strat\u00e9gies heuristiques et interdisciplinaires, encore difficiles \u00e0 ma\u00eetriser dans l\u2019articulation entre la nature et les technologies pour la cr\u00e9ation de nouveaux artefacts profitables, en s\u2019appuyant sur le biomim\u00e9tisme ou la bio-inspiration, voire les deux.<\/p>\n","protected":false},"excerpt":{"rendered":"<p>La nature, avec ses fonctions complexes, suscite un int\u00e9r\u00eat croissant chez les scientifiques, leur permettant de cr\u00e9er des syst\u00e8mes synth\u00e9tiques inventifs et performants. Les efforts consentis conduisent \u00e0 des inventions et innovations pr\u00e9sent\u00e9es dans cet ouvrage. Conception et innovation avec le biomim\u00e9tisme 1 d\u00e9montre qu\u2019un champ applicatif tr\u00e8s large peut \u00eatre atteint \u00e0 partir d\u2019une [&hellip;]<\/p>\n","protected":false},"featured_media":59634,"template":"","meta":{"_acf_changed":false,"_links_to":"","_links_to_target":""},"product_brand":[],"product_cat":[684],"product_tag":[],"class_list":{"0":"post-59627","1":"product","2":"type-product","3":"status-publish","4":"has-post-thumbnail","6":"product_cat-sciences-socit-et-nouvelles-technologies-188422468","8":"first","9":"instock","10":"shipping-taxable","11":"purchasable","12":"product-type-variable"},"acf":[],"yoast_head":"<!-- This site is optimized with the Yoast SEO plugin v27.2 - https:\/\/yoast.com\/product\/yoast-seo-wordpress\/ -->\n<title>Conception et innovation avec le biomim\u00e9tisme 1 - ISTE Group<\/title>\n<meta name=\"description\" content=\"Cet ouvrage d\u00e9montre qu\u2019un champ applicatif tr\u00e8s large peut \u00eatre atteint \u00e0 partir d\u2019une meilleure connaissance de la nature et gr\u00e2ce \u00e0 la cr\u00e9ativit\u00e9 et aux avanc\u00e9es dans tous les domaines de la science, ainsi que de la technologie.\" \/>\n<meta name=\"robots\" content=\"index, follow, max-snippet:-1, max-image-preview:large, max-video-preview:-1\" \/>\n<link rel=\"canonical\" href=\"https:\/\/www.istegroup.com\/produit\/conception-et-innovation-avec-le-biomimetisme-1\/\" \/>\n<meta property=\"og:locale\" content=\"en_US\" \/>\n<meta property=\"og:type\" content=\"article\" \/>\n<meta property=\"og:title\" content=\"Conception et innovation avec le biomim\u00e9tisme 1 - ISTE Group\" \/>\n<meta property=\"og:description\" content=\"Cet ouvrage d\u00e9montre qu\u2019un champ applicatif tr\u00e8s large peut \u00eatre atteint \u00e0 partir d\u2019une meilleure connaissance de la nature et gr\u00e2ce \u00e0 la cr\u00e9ativit\u00e9 et aux avanc\u00e9es dans tous les domaines de la science, ainsi que de la technologie.\" \/>\n<meta property=\"og:url\" content=\"https:\/\/www.istegroup.com\/produit\/conception-et-innovation-avec-le-biomimetisme-1\/\" \/>\n<meta property=\"og:site_name\" content=\"ISTE Group\" \/>\n<meta property=\"article:modified_time\" content=\"2025-03-18T09:09:51+00:00\" \/>\n<meta property=\"og:image\" content=\"https:\/\/www.istegroup.com\/wp-content\/uploads\/2025\/02\/998_Conception-et-innovation-avec-le-biomimetisme-1.png\" \/>\n\t<meta property=\"og:image:width\" content=\"598\" \/>\n\t<meta property=\"og:image:height\" content=\"897\" \/>\n\t<meta property=\"og:image:type\" content=\"image\/png\" \/>\n<meta name=\"twitter:card\" content=\"summary_large_image\" \/>\n<meta name=\"twitter:label1\" content=\"Est. reading time\" \/>\n\t<meta name=\"twitter:data1\" content=\"1 minute\" \/>\n<script type=\"application\/ld+json\" class=\"yoast-schema-graph\">{\"@context\":\"https:\/\/schema.org\",\"@graph\":[{\"@type\":\"WebPage\",\"@id\":\"https:\/\/www.istegroup.com\/produit\/conception-et-innovation-avec-le-biomimetisme-1\/\",\"url\":\"https:\/\/www.istegroup.com\/produit\/conception-et-innovation-avec-le-biomimetisme-1\/\",\"name\":\"Conception et innovation avec le biomim\u00e9tisme 1 - ISTE Group\",\"isPartOf\":{\"@id\":\"https:\/\/www.istegroup.com\/#website\"},\"primaryImageOfPage\":{\"@id\":\"https:\/\/www.istegroup.com\/produit\/conception-et-innovation-avec-le-biomimetisme-1\/#primaryimage\"},\"image\":{\"@id\":\"https:\/\/www.istegroup.com\/produit\/conception-et-innovation-avec-le-biomimetisme-1\/#primaryimage\"},\"thumbnailUrl\":\"https:\/\/www.istegroup.com\/wp-content\/uploads\/2025\/02\/998_Conception-et-innovation-avec-le-biomimetisme-1.png\",\"datePublished\":\"2025-03-17T11:34:51+00:00\",\"dateModified\":\"2025-03-18T09:09:51+00:00\",\"description\":\"Cet ouvrage d\u00e9montre qu\u2019un champ applicatif tr\u00e8s large peut \u00eatre atteint \u00e0 partir d\u2019une meilleure connaissance de la nature et gr\u00e2ce \u00e0 la cr\u00e9ativit\u00e9 et aux avanc\u00e9es dans tous les domaines de la science, ainsi que de la technologie.\",\"breadcrumb\":{\"@id\":\"https:\/\/www.istegroup.com\/produit\/conception-et-innovation-avec-le-biomimetisme-1\/#breadcrumb\"},\"inLanguage\":\"en-US\",\"potentialAction\":[{\"@type\":\"ReadAction\",\"target\":[\"https:\/\/www.istegroup.com\/produit\/conception-et-innovation-avec-le-biomimetisme-1\/\"]}]},{\"@type\":\"ImageObject\",\"inLanguage\":\"en-US\",\"@id\":\"https:\/\/www.istegroup.com\/produit\/conception-et-innovation-avec-le-biomimetisme-1\/#primaryimage\",\"url\":\"https:\/\/www.istegroup.com\/wp-content\/uploads\/2025\/02\/998_Conception-et-innovation-avec-le-biomimetisme-1.png\",\"contentUrl\":\"https:\/\/www.istegroup.com\/wp-content\/uploads\/2025\/02\/998_Conception-et-innovation-avec-le-biomimetisme-1.png\",\"width\":598,\"height\":897,\"caption\":\"Livre scientifique - Conception et innovation avec le biomim\u00e9tisme 1\"},{\"@type\":\"BreadcrumbList\",\"@id\":\"https:\/\/www.istegroup.com\/produit\/conception-et-innovation-avec-le-biomimetisme-1\/#breadcrumb\",\"itemListElement\":[{\"@type\":\"ListItem\",\"position\":1,\"name\":\"Home\",\"item\":\"https:\/\/www.istegroup.com\/\"},{\"@type\":\"ListItem\",\"position\":2,\"name\":\"Shop\",\"item\":\"https:\/\/www.istegroup.com\/fr\/nouveautes\/\"},{\"@type\":\"ListItem\",\"position\":3,\"name\":\"Conception et innovation avec le biomim\u00e9tisme 1\"}]},{\"@type\":\"WebSite\",\"@id\":\"https:\/\/www.istegroup.com\/#website\",\"url\":\"https:\/\/www.istegroup.com\/\",\"name\":\"ISTE Group\",\"description\":\"Publishing Knowledge\",\"potentialAction\":[{\"@type\":\"SearchAction\",\"target\":{\"@type\":\"EntryPoint\",\"urlTemplate\":\"https:\/\/www.istegroup.com\/?s={search_term_string}\"},\"query-input\":{\"@type\":\"PropertyValueSpecification\",\"valueRequired\":true,\"valueName\":\"search_term_string\"}}],\"inLanguage\":\"en-US\"}]}<\/script>\n<!-- \/ Yoast SEO plugin. -->","yoast_head_json":{"title":"Conception et innovation avec le biomim\u00e9tisme 1 - ISTE Group","description":"Cet ouvrage d\u00e9montre qu\u2019un champ applicatif tr\u00e8s large peut \u00eatre atteint \u00e0 partir d\u2019une meilleure connaissance de la nature et gr\u00e2ce \u00e0 la cr\u00e9ativit\u00e9 et aux avanc\u00e9es dans tous les domaines de la science, ainsi que de la technologie.","robots":{"index":"index","follow":"follow","max-snippet":"max-snippet:-1","max-image-preview":"max-image-preview:large","max-video-preview":"max-video-preview:-1"},"canonical":"https:\/\/www.istegroup.com\/produit\/conception-et-innovation-avec-le-biomimetisme-1\/","og_locale":"en_US","og_type":"article","og_title":"Conception et innovation avec le biomim\u00e9tisme 1 - ISTE Group","og_description":"Cet ouvrage d\u00e9montre qu\u2019un champ applicatif tr\u00e8s large peut \u00eatre atteint \u00e0 partir d\u2019une meilleure connaissance de la nature et gr\u00e2ce \u00e0 la cr\u00e9ativit\u00e9 et aux avanc\u00e9es dans tous les domaines de la science, ainsi que de la technologie.","og_url":"https:\/\/www.istegroup.com\/produit\/conception-et-innovation-avec-le-biomimetisme-1\/","og_site_name":"ISTE Group","article_modified_time":"2025-03-18T09:09:51+00:00","og_image":[{"width":598,"height":897,"url":"https:\/\/www.istegroup.com\/wp-content\/uploads\/2025\/02\/998_Conception-et-innovation-avec-le-biomimetisme-1.png","type":"image\/png"}],"twitter_card":"summary_large_image","twitter_misc":{"Est. reading time":"1 minute"},"schema":{"@context":"https:\/\/schema.org","@graph":[{"@type":"WebPage","@id":"https:\/\/www.istegroup.com\/produit\/conception-et-innovation-avec-le-biomimetisme-1\/","url":"https:\/\/www.istegroup.com\/produit\/conception-et-innovation-avec-le-biomimetisme-1\/","name":"Conception et innovation avec le biomim\u00e9tisme 1 - ISTE Group","isPartOf":{"@id":"https:\/\/www.istegroup.com\/#website"},"primaryImageOfPage":{"@id":"https:\/\/www.istegroup.com\/produit\/conception-et-innovation-avec-le-biomimetisme-1\/#primaryimage"},"image":{"@id":"https:\/\/www.istegroup.com\/produit\/conception-et-innovation-avec-le-biomimetisme-1\/#primaryimage"},"thumbnailUrl":"https:\/\/www.istegroup.com\/wp-content\/uploads\/2025\/02\/998_Conception-et-innovation-avec-le-biomimetisme-1.png","datePublished":"2025-03-17T11:34:51+00:00","dateModified":"2025-03-18T09:09:51+00:00","description":"Cet ouvrage d\u00e9montre qu\u2019un champ applicatif tr\u00e8s large peut \u00eatre atteint \u00e0 partir d\u2019une meilleure connaissance de la nature et gr\u00e2ce \u00e0 la cr\u00e9ativit\u00e9 et aux avanc\u00e9es dans tous les domaines de la science, ainsi que de la technologie.","breadcrumb":{"@id":"https:\/\/www.istegroup.com\/produit\/conception-et-innovation-avec-le-biomimetisme-1\/#breadcrumb"},"inLanguage":"en-US","potentialAction":[{"@type":"ReadAction","target":["https:\/\/www.istegroup.com\/produit\/conception-et-innovation-avec-le-biomimetisme-1\/"]}]},{"@type":"ImageObject","inLanguage":"en-US","@id":"https:\/\/www.istegroup.com\/produit\/conception-et-innovation-avec-le-biomimetisme-1\/#primaryimage","url":"https:\/\/www.istegroup.com\/wp-content\/uploads\/2025\/02\/998_Conception-et-innovation-avec-le-biomimetisme-1.png","contentUrl":"https:\/\/www.istegroup.com\/wp-content\/uploads\/2025\/02\/998_Conception-et-innovation-avec-le-biomimetisme-1.png","width":598,"height":897,"caption":"Livre scientifique - Conception et innovation avec le biomim\u00e9tisme 1"},{"@type":"BreadcrumbList","@id":"https:\/\/www.istegroup.com\/produit\/conception-et-innovation-avec-le-biomimetisme-1\/#breadcrumb","itemListElement":[{"@type":"ListItem","position":1,"name":"Home","item":"https:\/\/www.istegroup.com\/"},{"@type":"ListItem","position":2,"name":"Shop","item":"https:\/\/www.istegroup.com\/fr\/nouveautes\/"},{"@type":"ListItem","position":3,"name":"Conception et innovation avec le biomim\u00e9tisme 1"}]},{"@type":"WebSite","@id":"https:\/\/www.istegroup.com\/#website","url":"https:\/\/www.istegroup.com\/","name":"ISTE Group","description":"Publishing Knowledge","potentialAction":[{"@type":"SearchAction","target":{"@type":"EntryPoint","urlTemplate":"https:\/\/www.istegroup.com\/?s={search_term_string}"},"query-input":{"@type":"PropertyValueSpecification","valueRequired":true,"valueName":"search_term_string"}}],"inLanguage":"en-US"}]}},"_links":{"self":[{"href":"https:\/\/www.istegroup.com\/en\/wp-json\/wp\/v2\/product\/59627","targetHints":{"allow":["GET"]}}],"collection":[{"href":"https:\/\/www.istegroup.com\/en\/wp-json\/wp\/v2\/product"}],"about":[{"href":"https:\/\/www.istegroup.com\/en\/wp-json\/wp\/v2\/types\/product"}],"wp:featuredmedia":[{"embeddable":true,"href":"https:\/\/www.istegroup.com\/en\/wp-json\/wp\/v2\/media\/59634"}],"wp:attachment":[{"href":"https:\/\/www.istegroup.com\/en\/wp-json\/wp\/v2\/media?parent=59627"}],"wp:term":[{"taxonomy":"product_brand","embeddable":true,"href":"https:\/\/www.istegroup.com\/en\/wp-json\/wp\/v2\/product_brand?post=59627"},{"taxonomy":"product_cat","embeddable":true,"href":"https:\/\/www.istegroup.com\/en\/wp-json\/wp\/v2\/product_cat?post=59627"},{"taxonomy":"product_tag","embeddable":true,"href":"https:\/\/www.istegroup.com\/en\/wp-json\/wp\/v2\/product_tag?post=59627"}],"curies":[{"name":"wp","href":"https:\/\/api.w.org\/{rel}","templated":true}]}}