{"id":595,"date":"2017-03-12T15:18:01","date_gmt":"2017-03-12T14:18:01","guid":{"rendered":"https:\/\/iste.yhello.co\/product\/separateurs-liquide-solide\/"},"modified":"2024-01-03T13:41:00","modified_gmt":"2024-01-03T13:41:00","slug":"separateurs-liquide-solide","status":"publish","type":"product","link":"https:\/\/www.istegroup.com\/en\/produit\/separateurs-liquide-solide\/","title":{"rendered":"S\u00e9parateurs liquide-solide"},"content":{"rendered":"<p><em>S\u00e9parateurs liquide-solide<\/em>\u00a0analyse les param\u00e8tres de la filtration utilis\u00e9s pour le calcul d\u2019un filtre s\u00e9parant un solide divis\u00e9 et un liquide. Il \u00e9tudie l\u2019\u00e9quation de Maxwell-Stefan qui d\u00e9crit la travers\u00e9e d\u2019une membrane par une solution ainsi que l\u2019\u00e9quation de Nernst-Planck qui fournit le d\u00e9bit et la r\u00e9partition des charges \u00e9lectriques.<\/p>\n<p>Il d\u00e9taille la conception et le fonctionnement des d\u00e9canteurs (par gravit\u00e9 ou par la force centrifuge). La floculation ou la coagulation des suspensions collo\u00efdales sont un pr\u00e9alable \u00e0 la s\u00e9paration de ces suspensions.<\/p>\n<p>Des annexes fournissent des compl\u00e9ments utiles pour certains calculs. De nombreuses r\u00e9f\u00e9rences permettent au lecteur d\u2019approfondir ses connaissances ainsi que les questions de son choix.<\/p>\n","protected":false},"excerpt":{"rendered":"<p>S\u00e9parateurs liquide-solide\u00a0analyse les param\u00e8tres de la filtration utilis\u00e9s pour le calcul d\u2019un filtre s\u00e9parant un solide divis\u00e9 et un liquide. Il \u00e9tudie l\u2019\u00e9quation de Maxwell-Stefan qui d\u00e9crit la travers\u00e9e d\u2019une membrane par une solution ainsi que l\u2019\u00e9quation de Nernst-Planck qui fournit le d\u00e9bit et la r\u00e9partition des charges \u00e9lectriques. Il d\u00e9taille la conception et le [&hellip;]<\/p>\n","protected":false},"featured_media":20574,"template":"","meta":{"_acf_changed":false,"_links_to":"","_links_to_target":""},"product_brand":[],"product_cat":[663,675,691],"product_tag":[344,31,196,269,18,19,218,219,20,345,197,198,199,21,200,22,250,201,346,203,204,63,25,205,172,26,206,207,27,99,208,209,161,212,38,192,145,28,29,213,214,347,342],"class_list":{"0":"post-595","1":"product","2":"type-product","3":"status-publish","4":"has-post-thumbnail","6":"product_cat-gnie-des-procds-12506436","7":"product_cat-nouveauts-12519446","8":"product_cat-srie-equipements-industriels-pour-le-gnie-des-procds-408089489","9":"product_tag-coagulation","10":"product_tag-ebook","11":"product_tag-ebooks","12":"product_tag-edition-francaise","13":"product_tag-edition-scientifique","14":"product_tag-editions-francaise","15":"product_tag-editions-ouvrage","16":"product_tag-editions-ouvrages","17":"product_tag-editions-technique","18":"product_tag-floculation","19":"product_tag-iste","20":"product_tag-iste-edition","21":"product_tag-iste-editions","22":"product_tag-iste-group","23":"product_tag-isteedition","24":"product_tag-istegroup","25":"product_tag-jean-paul-duroudier","26":"product_tag-kindle","27":"product_tag-liquide","28":"product_tag-liseuse","29":"product_tag-livre","30":"product_tag-livre-electronique","31":"product_tag-livre-numerique","32":"product_tag-livre-science","33":"product_tag-livre-scientifique","34":"product_tag-livre-scientifique-francais","35":"product_tag-livre-scientique","36":"product_tag-livre-technique","37":"product_tag-livre-technique-francais","38":"product_tag-livres-numeriques","39":"product_tag-livres-scientifique","40":"product_tag-livres-scientifiques","41":"product_tag-mecanique","42":"product_tag-ouvrage","43":"product_tag-ouvrage-numerique","44":"product_tag-ouvrage-science","45":"product_tag-ouvrage-scientifique","46":"product_tag-ouvrage-scientifique-francais","47":"product_tag-ouvrage-technique","48":"product_tag-ouvrages-scientifiques","49":"product_tag-ouvrages-techniques","50":"product_tag-separateurs-liquide-solide","51":"product_tag-solide","53":"first","54":"instock","55":"shipping-taxable","56":"purchasable","57":"product-type-variable"},"acf":[],"yoast_head":"<!-- This site is optimized with the Yoast SEO plugin v27.2 - https:\/\/yoast.com\/product\/yoast-seo-wordpress\/ -->\n<title>S\u00e9parateurs liquide-solide - ISTE Group<\/title>\n<meta name=\"description\" content=\"S\u00e9parateurs liquide-solide\u00a0analyse les param\u00e8tres de la filtration utilis\u00e9s pour le calcul d\u2019un filtre s\u00e9parant un solide divis\u00e9 et un liquide.\" \/>\n<meta name=\"robots\" content=\"index, follow, max-snippet:-1, max-image-preview:large, max-video-preview:-1\" \/>\n<link rel=\"canonical\" href=\"https:\/\/www.istegroup.com\/en\/produit\/separateurs-liquide-solide\/\" \/>\n<meta property=\"og:locale\" content=\"en_US\" \/>\n<meta property=\"og:type\" content=\"article\" \/>\n<meta property=\"og:title\" content=\"S\u00e9parateurs liquide-solide - ISTE Group\" \/>\n<meta property=\"og:description\" content=\"S\u00e9parateurs liquide-solide\u00a0analyse les param\u00e8tres de la filtration utilis\u00e9s pour le calcul d\u2019un filtre s\u00e9parant un solide divis\u00e9 et un liquide.\" \/>\n<meta property=\"og:url\" content=\"https:\/\/www.istegroup.com\/en\/produit\/separateurs-liquide-solide\/\" \/>\n<meta property=\"og:site_name\" content=\"ISTE Group\" \/>\n<meta property=\"article:modified_time\" content=\"2024-01-03T13:41:00+00:00\" \/>\n<meta property=\"og:image\" content=\"https:\/\/www.istegroup.com\/wp-content\/uploads\/2019\/05\/Duroudier-7_Front.jpg\" \/>\n\t<meta property=\"og:image:width\" content=\"300\" \/>\n\t<meta property=\"og:image:height\" content=\"450\" \/>\n\t<meta property=\"og:image:type\" content=\"image\/jpeg\" \/>\n<meta name=\"twitter:card\" content=\"summary_large_image\" \/>\n<meta name=\"twitter:label1\" content=\"Est. reading time\" \/>\n\t<meta name=\"twitter:data1\" content=\"1 minute\" \/>\n<script type=\"application\/ld+json\" class=\"yoast-schema-graph\">{\"@context\":\"https:\/\/schema.org\",\"@graph\":[{\"@type\":\"WebPage\",\"@id\":\"https:\/\/www.istegroup.com\/en\/produit\/separateurs-liquide-solide\/\",\"url\":\"https:\/\/www.istegroup.com\/en\/produit\/separateurs-liquide-solide\/\",\"name\":\"S\u00e9parateurs liquide-solide - ISTE Group\",\"isPartOf\":{\"@id\":\"https:\/\/www.istegroup.com\/#website\"},\"primaryImageOfPage\":{\"@id\":\"https:\/\/www.istegroup.com\/en\/produit\/separateurs-liquide-solide\/#primaryimage\"},\"image\":{\"@id\":\"https:\/\/www.istegroup.com\/en\/produit\/separateurs-liquide-solide\/#primaryimage\"},\"thumbnailUrl\":\"https:\/\/www.istegroup.com\/wp-content\/uploads\/2019\/05\/Duroudier-7_Front.jpg\",\"datePublished\":\"2017-03-12T14:18:01+00:00\",\"dateModified\":\"2024-01-03T13:41:00+00:00\",\"description\":\"S\u00e9parateurs liquide-solide\u00a0analyse les param\u00e8tres de la filtration utilis\u00e9s pour le calcul d\u2019un filtre s\u00e9parant un solide divis\u00e9 et un liquide.\",\"breadcrumb\":{\"@id\":\"https:\/\/www.istegroup.com\/en\/produit\/separateurs-liquide-solide\/#breadcrumb\"},\"inLanguage\":\"en-US\",\"potentialAction\":[{\"@type\":\"ReadAction\",\"target\":[\"https:\/\/www.istegroup.com\/en\/produit\/separateurs-liquide-solide\/\"]}]},{\"@type\":\"ImageObject\",\"inLanguage\":\"en-US\",\"@id\":\"https:\/\/www.istegroup.com\/en\/produit\/separateurs-liquide-solide\/#primaryimage\",\"url\":\"https:\/\/www.istegroup.com\/wp-content\/uploads\/2019\/05\/Duroudier-7_Front.jpg\",\"contentUrl\":\"https:\/\/www.istegroup.com\/wp-content\/uploads\/2019\/05\/Duroudier-7_Front.jpg\",\"width\":300,\"height\":450,\"caption\":\"S\u00e9parateurs liquide-solide\"},{\"@type\":\"BreadcrumbList\",\"@id\":\"https:\/\/www.istegroup.com\/en\/produit\/separateurs-liquide-solide\/#breadcrumb\",\"itemListElement\":[{\"@type\":\"ListItem\",\"position\":1,\"name\":\"Home\",\"item\":\"https:\/\/www.istegroup.com\/\"},{\"@type\":\"ListItem\",\"position\":2,\"name\":\"Shop\",\"item\":\"https:\/\/www.istegroup.com\/fr\/nouveautes\/\"},{\"@type\":\"ListItem\",\"position\":3,\"name\":\"S\u00e9parateurs liquide-solide\"}]},{\"@type\":\"WebSite\",\"@id\":\"https:\/\/www.istegroup.com\/#website\",\"url\":\"https:\/\/www.istegroup.com\/\",\"name\":\"ISTE Group\",\"description\":\"Publishing Knowledge\",\"potentialAction\":[{\"@type\":\"SearchAction\",\"target\":{\"@type\":\"EntryPoint\",\"urlTemplate\":\"https:\/\/www.istegroup.com\/?s={search_term_string}\"},\"query-input\":{\"@type\":\"PropertyValueSpecification\",\"valueRequired\":true,\"valueName\":\"search_term_string\"}}],\"inLanguage\":\"en-US\"}]}<\/script>\n<!-- \/ Yoast SEO plugin. -->","yoast_head_json":{"title":"S\u00e9parateurs liquide-solide - ISTE Group","description":"S\u00e9parateurs liquide-solide\u00a0analyse les param\u00e8tres de la filtration utilis\u00e9s pour le calcul d\u2019un filtre s\u00e9parant un solide divis\u00e9 et un liquide.","robots":{"index":"index","follow":"follow","max-snippet":"max-snippet:-1","max-image-preview":"max-image-preview:large","max-video-preview":"max-video-preview:-1"},"canonical":"https:\/\/www.istegroup.com\/en\/produit\/separateurs-liquide-solide\/","og_locale":"en_US","og_type":"article","og_title":"S\u00e9parateurs liquide-solide - ISTE Group","og_description":"S\u00e9parateurs liquide-solide\u00a0analyse les param\u00e8tres de la filtration utilis\u00e9s pour le calcul d\u2019un filtre s\u00e9parant un solide divis\u00e9 et un liquide.","og_url":"https:\/\/www.istegroup.com\/en\/produit\/separateurs-liquide-solide\/","og_site_name":"ISTE Group","article_modified_time":"2024-01-03T13:41:00+00:00","og_image":[{"width":300,"height":450,"url":"https:\/\/www.istegroup.com\/wp-content\/uploads\/2019\/05\/Duroudier-7_Front.jpg","type":"image\/jpeg"}],"twitter_card":"summary_large_image","twitter_misc":{"Est. reading time":"1 minute"},"schema":{"@context":"https:\/\/schema.org","@graph":[{"@type":"WebPage","@id":"https:\/\/www.istegroup.com\/en\/produit\/separateurs-liquide-solide\/","url":"https:\/\/www.istegroup.com\/en\/produit\/separateurs-liquide-solide\/","name":"S\u00e9parateurs liquide-solide - ISTE Group","isPartOf":{"@id":"https:\/\/www.istegroup.com\/#website"},"primaryImageOfPage":{"@id":"https:\/\/www.istegroup.com\/en\/produit\/separateurs-liquide-solide\/#primaryimage"},"image":{"@id":"https:\/\/www.istegroup.com\/en\/produit\/separateurs-liquide-solide\/#primaryimage"},"thumbnailUrl":"https:\/\/www.istegroup.com\/wp-content\/uploads\/2019\/05\/Duroudier-7_Front.jpg","datePublished":"2017-03-12T14:18:01+00:00","dateModified":"2024-01-03T13:41:00+00:00","description":"S\u00e9parateurs liquide-solide\u00a0analyse les param\u00e8tres de la filtration utilis\u00e9s pour le calcul d\u2019un filtre s\u00e9parant un solide divis\u00e9 et un liquide.","breadcrumb":{"@id":"https:\/\/www.istegroup.com\/en\/produit\/separateurs-liquide-solide\/#breadcrumb"},"inLanguage":"en-US","potentialAction":[{"@type":"ReadAction","target":["https:\/\/www.istegroup.com\/en\/produit\/separateurs-liquide-solide\/"]}]},{"@type":"ImageObject","inLanguage":"en-US","@id":"https:\/\/www.istegroup.com\/en\/produit\/separateurs-liquide-solide\/#primaryimage","url":"https:\/\/www.istegroup.com\/wp-content\/uploads\/2019\/05\/Duroudier-7_Front.jpg","contentUrl":"https:\/\/www.istegroup.com\/wp-content\/uploads\/2019\/05\/Duroudier-7_Front.jpg","width":300,"height":450,"caption":"S\u00e9parateurs liquide-solide"},{"@type":"BreadcrumbList","@id":"https:\/\/www.istegroup.com\/en\/produit\/separateurs-liquide-solide\/#breadcrumb","itemListElement":[{"@type":"ListItem","position":1,"name":"Home","item":"https:\/\/www.istegroup.com\/"},{"@type":"ListItem","position":2,"name":"Shop","item":"https:\/\/www.istegroup.com\/fr\/nouveautes\/"},{"@type":"ListItem","position":3,"name":"S\u00e9parateurs liquide-solide"}]},{"@type":"WebSite","@id":"https:\/\/www.istegroup.com\/#website","url":"https:\/\/www.istegroup.com\/","name":"ISTE Group","description":"Publishing Knowledge","potentialAction":[{"@type":"SearchAction","target":{"@type":"EntryPoint","urlTemplate":"https:\/\/www.istegroup.com\/?s={search_term_string}"},"query-input":{"@type":"PropertyValueSpecification","valueRequired":true,"valueName":"search_term_string"}}],"inLanguage":"en-US"}]}},"_links":{"self":[{"href":"https:\/\/www.istegroup.com\/en\/wp-json\/wp\/v2\/product\/595","targetHints":{"allow":["GET"]}}],"collection":[{"href":"https:\/\/www.istegroup.com\/en\/wp-json\/wp\/v2\/product"}],"about":[{"href":"https:\/\/www.istegroup.com\/en\/wp-json\/wp\/v2\/types\/product"}],"wp:featuredmedia":[{"embeddable":true,"href":"https:\/\/www.istegroup.com\/en\/wp-json\/wp\/v2\/media\/20574"}],"wp:attachment":[{"href":"https:\/\/www.istegroup.com\/en\/wp-json\/wp\/v2\/media?parent=595"}],"wp:term":[{"taxonomy":"product_brand","embeddable":true,"href":"https:\/\/www.istegroup.com\/en\/wp-json\/wp\/v2\/product_brand?post=595"},{"taxonomy":"product_cat","embeddable":true,"href":"https:\/\/www.istegroup.com\/en\/wp-json\/wp\/v2\/product_cat?post=595"},{"taxonomy":"product_tag","embeddable":true,"href":"https:\/\/www.istegroup.com\/en\/wp-json\/wp\/v2\/product_tag?post=595"}],"curies":[{"name":"wp","href":"https:\/\/api.w.org\/{rel}","templated":true}]}}