{"id":59116,"date":"2025-01-08T10:06:09","date_gmt":"2025-01-08T10:06:09","guid":{"rendered":"https:\/\/www.istegroup.com\/?post_type=product&#038;p=59116"},"modified":"2026-04-14T09:44:35","modified_gmt":"2026-04-14T08:44:35","slug":"limpact-social-dans-les-organisations-solidaires","status":"publish","type":"product","link":"https:\/\/www.istegroup.com\/en\/produit\/limpact-social-dans-les-organisations-solidaires\/","title":{"rendered":"L\u2019impact social dans les organisations solidaires"},"content":{"rendered":"<p>L\u2019\u00e9valuation de l\u2019impact social est devenue un enjeu important pour les organisations de l\u2019\u00e9conomie sociale et solidaire (ESS) au cours des derni\u00e8res ann\u00e9es. D\u00e9signant la mesure des effets de ces organisations sur la soci\u00e9t\u00e9, l\u2019\u00e9valuation de l\u2019impact social (EIS) est de plus en plus souvent assimil\u00e9e \u00e0 une mesure de performance pour ce type d\u2019organisations.<\/p>\n<p><em>L\u2019impact social dans les organisations solidaires<\/em> a pour fil conducteur une s\u00e9rie originale d\u2019\u00e9tudes de cas de d\u00e9marches d\u2019EIS men\u00e9es dans des organisations vari\u00e9es. Il apporte un regard nuanc\u00e9 et r\u00e9flexif sur l\u2019\u00e9valuation de l\u2019impact social, dessinant un chemin de cr\u00eate entre une promotion sans r\u00e9serve et une position rejetant en bloc le principe m\u00eame de la d\u00e9marche. Les diff\u00e9rents chapitres mettent l\u2019accent sur les d\u00e9bats, les usages et les limites des pratiques en mati\u00e8re d\u2019EIS, en les inscrivant dans des contextes, des valeurs, des d\u00e9fis et des objectifs qui leur sont propres.<\/p>\n","protected":false},"excerpt":{"rendered":"<p>L\u2019\u00e9valuation de l\u2019impact social est devenue un enjeu important pour les organisations de l\u2019\u00e9conomie sociale et solidaire (ESS) au cours des derni\u00e8res ann\u00e9es. D\u00e9signant la mesure des effets de ces organisations sur la soci\u00e9t\u00e9, l\u2019\u00e9valuation de l\u2019impact social (EIS) est de plus en plus souvent assimil\u00e9e \u00e0 une mesure de performance pour ce type d\u2019organisations. [&hellip;]<\/p>\n","protected":false},"featured_media":63607,"template":"","meta":{"_acf_changed":false,"_links_to":"","_links_to_target":""},"product_brand":[],"product_cat":[670],"product_tag":[],"class_list":{"0":"post-59116","1":"product","2":"type-product","3":"status-publish","4":"has-post-thumbnail","6":"product_cat-innovation-entrepreneuriat-et-gestion-11041751","8":"first","9":"instock","10":"shipping-taxable","11":"purchasable","12":"product-type-variable"},"acf":[],"yoast_head":"<!-- This site is optimized with the Yoast SEO plugin v27.2 - https:\/\/yoast.com\/product\/yoast-seo-wordpress\/ -->\n<title>L\u2019impact social dans les organisations solidaires - ISTE Group<\/title>\n<meta name=\"description\" content=\"L\u2019impact social dans les organisations solidaires a pour fil conducteur une s\u00e9rie originale d\u2019\u00e9tudes de cas de d\u00e9marches d\u2019EIS men\u00e9es dans des organisations vari\u00e9es.\" \/>\n<meta name=\"robots\" content=\"index, follow, max-snippet:-1, max-image-preview:large, max-video-preview:-1\" \/>\n<link rel=\"canonical\" href=\"https:\/\/www.istegroup.com\/produit\/limpact-social-dans-les-organisations-solidaires\/\" \/>\n<meta property=\"og:locale\" content=\"en_US\" \/>\n<meta property=\"og:type\" content=\"article\" \/>\n<meta property=\"og:title\" content=\"L\u2019impact social dans les organisations solidaires - ISTE Group\" \/>\n<meta property=\"og:description\" content=\"L\u2019impact social dans les organisations solidaires a pour fil conducteur une s\u00e9rie originale d\u2019\u00e9tudes de cas de d\u00e9marches d\u2019EIS men\u00e9es dans des organisations vari\u00e9es.\" \/>\n<meta property=\"og:url\" content=\"https:\/\/www.istegroup.com\/produit\/limpact-social-dans-les-organisations-solidaires\/\" \/>\n<meta property=\"og:site_name\" content=\"ISTE Group\" \/>\n<meta property=\"article:modified_time\" content=\"2026-04-14T08:44:35+00:00\" \/>\n<meta property=\"og:image\" content=\"https:\/\/www.istegroup.com\/wp-content\/uploads\/2025\/01\/025_Limpact-social-dans-les-organisations-solidaires_fnege.jpg\" \/>\n\t<meta property=\"og:image:width\" content=\"592\" \/>\n\t<meta property=\"og:image:height\" content=\"895\" \/>\n\t<meta property=\"og:image:type\" content=\"image\/jpeg\" \/>\n<meta name=\"twitter:card\" content=\"summary_large_image\" \/>\n<meta name=\"twitter:label1\" content=\"Est. reading time\" \/>\n\t<meta name=\"twitter:data1\" content=\"1 minute\" \/>\n<script type=\"application\/ld+json\" class=\"yoast-schema-graph\">{\"@context\":\"https:\/\/schema.org\",\"@graph\":[{\"@type\":\"WebPage\",\"@id\":\"https:\/\/www.istegroup.com\/produit\/limpact-social-dans-les-organisations-solidaires\/\",\"url\":\"https:\/\/www.istegroup.com\/produit\/limpact-social-dans-les-organisations-solidaires\/\",\"name\":\"L\u2019impact social dans les organisations solidaires - ISTE Group\",\"isPartOf\":{\"@id\":\"https:\/\/www.istegroup.com\/#website\"},\"primaryImageOfPage\":{\"@id\":\"https:\/\/www.istegroup.com\/produit\/limpact-social-dans-les-organisations-solidaires\/#primaryimage\"},\"image\":{\"@id\":\"https:\/\/www.istegroup.com\/produit\/limpact-social-dans-les-organisations-solidaires\/#primaryimage\"},\"thumbnailUrl\":\"https:\/\/www.istegroup.com\/wp-content\/uploads\/2025\/01\/025_Limpact-social-dans-les-organisations-solidaires_fnege.jpg\",\"datePublished\":\"2025-01-08T10:06:09+00:00\",\"dateModified\":\"2026-04-14T08:44:35+00:00\",\"description\":\"L\u2019impact social dans les organisations solidaires a pour fil conducteur une s\u00e9rie originale d\u2019\u00e9tudes de cas de d\u00e9marches d\u2019EIS men\u00e9es dans des organisations vari\u00e9es.\",\"breadcrumb\":{\"@id\":\"https:\/\/www.istegroup.com\/produit\/limpact-social-dans-les-organisations-solidaires\/#breadcrumb\"},\"inLanguage\":\"en-US\",\"potentialAction\":[{\"@type\":\"ReadAction\",\"target\":[\"https:\/\/www.istegroup.com\/produit\/limpact-social-dans-les-organisations-solidaires\/\"]}]},{\"@type\":\"ImageObject\",\"inLanguage\":\"en-US\",\"@id\":\"https:\/\/www.istegroup.com\/produit\/limpact-social-dans-les-organisations-solidaires\/#primaryimage\",\"url\":\"https:\/\/www.istegroup.com\/wp-content\/uploads\/2025\/01\/025_Limpact-social-dans-les-organisations-solidaires_fnege.jpg\",\"contentUrl\":\"https:\/\/www.istegroup.com\/wp-content\/uploads\/2025\/01\/025_Limpact-social-dans-les-organisations-solidaires_fnege.jpg\",\"width\":592,\"height\":895},{\"@type\":\"BreadcrumbList\",\"@id\":\"https:\/\/www.istegroup.com\/produit\/limpact-social-dans-les-organisations-solidaires\/#breadcrumb\",\"itemListElement\":[{\"@type\":\"ListItem\",\"position\":1,\"name\":\"Home\",\"item\":\"https:\/\/www.istegroup.com\/\"},{\"@type\":\"ListItem\",\"position\":2,\"name\":\"Shop\",\"item\":\"https:\/\/www.istegroup.com\/fr\/nouveautes\/\"},{\"@type\":\"ListItem\",\"position\":3,\"name\":\"L\u2019impact social dans les organisations solidaires\"}]},{\"@type\":\"WebSite\",\"@id\":\"https:\/\/www.istegroup.com\/#website\",\"url\":\"https:\/\/www.istegroup.com\/\",\"name\":\"ISTE Group\",\"description\":\"Publishing Knowledge\",\"potentialAction\":[{\"@type\":\"SearchAction\",\"target\":{\"@type\":\"EntryPoint\",\"urlTemplate\":\"https:\/\/www.istegroup.com\/?s={search_term_string}\"},\"query-input\":{\"@type\":\"PropertyValueSpecification\",\"valueRequired\":true,\"valueName\":\"search_term_string\"}}],\"inLanguage\":\"en-US\"}]}<\/script>\n<!-- \/ Yoast SEO plugin. -->","yoast_head_json":{"title":"L\u2019impact social dans les organisations solidaires - ISTE Group","description":"L\u2019impact social dans les organisations solidaires a pour fil conducteur une s\u00e9rie originale d\u2019\u00e9tudes de cas de d\u00e9marches d\u2019EIS men\u00e9es dans des organisations vari\u00e9es.","robots":{"index":"index","follow":"follow","max-snippet":"max-snippet:-1","max-image-preview":"max-image-preview:large","max-video-preview":"max-video-preview:-1"},"canonical":"https:\/\/www.istegroup.com\/produit\/limpact-social-dans-les-organisations-solidaires\/","og_locale":"en_US","og_type":"article","og_title":"L\u2019impact social dans les organisations solidaires - ISTE Group","og_description":"L\u2019impact social dans les organisations solidaires a pour fil conducteur une s\u00e9rie originale d\u2019\u00e9tudes de cas de d\u00e9marches d\u2019EIS men\u00e9es dans des organisations vari\u00e9es.","og_url":"https:\/\/www.istegroup.com\/produit\/limpact-social-dans-les-organisations-solidaires\/","og_site_name":"ISTE Group","article_modified_time":"2026-04-14T08:44:35+00:00","og_image":[{"width":592,"height":895,"url":"https:\/\/www.istegroup.com\/wp-content\/uploads\/2025\/01\/025_Limpact-social-dans-les-organisations-solidaires_fnege.jpg","type":"image\/jpeg"}],"twitter_card":"summary_large_image","twitter_misc":{"Est. reading time":"1 minute"},"schema":{"@context":"https:\/\/schema.org","@graph":[{"@type":"WebPage","@id":"https:\/\/www.istegroup.com\/produit\/limpact-social-dans-les-organisations-solidaires\/","url":"https:\/\/www.istegroup.com\/produit\/limpact-social-dans-les-organisations-solidaires\/","name":"L\u2019impact social dans les organisations solidaires - ISTE Group","isPartOf":{"@id":"https:\/\/www.istegroup.com\/#website"},"primaryImageOfPage":{"@id":"https:\/\/www.istegroup.com\/produit\/limpact-social-dans-les-organisations-solidaires\/#primaryimage"},"image":{"@id":"https:\/\/www.istegroup.com\/produit\/limpact-social-dans-les-organisations-solidaires\/#primaryimage"},"thumbnailUrl":"https:\/\/www.istegroup.com\/wp-content\/uploads\/2025\/01\/025_Limpact-social-dans-les-organisations-solidaires_fnege.jpg","datePublished":"2025-01-08T10:06:09+00:00","dateModified":"2026-04-14T08:44:35+00:00","description":"L\u2019impact social dans les organisations solidaires a pour fil conducteur une s\u00e9rie originale d\u2019\u00e9tudes de cas de d\u00e9marches d\u2019EIS men\u00e9es dans des organisations vari\u00e9es.","breadcrumb":{"@id":"https:\/\/www.istegroup.com\/produit\/limpact-social-dans-les-organisations-solidaires\/#breadcrumb"},"inLanguage":"en-US","potentialAction":[{"@type":"ReadAction","target":["https:\/\/www.istegroup.com\/produit\/limpact-social-dans-les-organisations-solidaires\/"]}]},{"@type":"ImageObject","inLanguage":"en-US","@id":"https:\/\/www.istegroup.com\/produit\/limpact-social-dans-les-organisations-solidaires\/#primaryimage","url":"https:\/\/www.istegroup.com\/wp-content\/uploads\/2025\/01\/025_Limpact-social-dans-les-organisations-solidaires_fnege.jpg","contentUrl":"https:\/\/www.istegroup.com\/wp-content\/uploads\/2025\/01\/025_Limpact-social-dans-les-organisations-solidaires_fnege.jpg","width":592,"height":895},{"@type":"BreadcrumbList","@id":"https:\/\/www.istegroup.com\/produit\/limpact-social-dans-les-organisations-solidaires\/#breadcrumb","itemListElement":[{"@type":"ListItem","position":1,"name":"Home","item":"https:\/\/www.istegroup.com\/"},{"@type":"ListItem","position":2,"name":"Shop","item":"https:\/\/www.istegroup.com\/fr\/nouveautes\/"},{"@type":"ListItem","position":3,"name":"L\u2019impact social dans les organisations solidaires"}]},{"@type":"WebSite","@id":"https:\/\/www.istegroup.com\/#website","url":"https:\/\/www.istegroup.com\/","name":"ISTE Group","description":"Publishing Knowledge","potentialAction":[{"@type":"SearchAction","target":{"@type":"EntryPoint","urlTemplate":"https:\/\/www.istegroup.com\/?s={search_term_string}"},"query-input":{"@type":"PropertyValueSpecification","valueRequired":true,"valueName":"search_term_string"}}],"inLanguage":"en-US"}]}},"_links":{"self":[{"href":"https:\/\/www.istegroup.com\/en\/wp-json\/wp\/v2\/product\/59116","targetHints":{"allow":["GET"]}}],"collection":[{"href":"https:\/\/www.istegroup.com\/en\/wp-json\/wp\/v2\/product"}],"about":[{"href":"https:\/\/www.istegroup.com\/en\/wp-json\/wp\/v2\/types\/product"}],"wp:featuredmedia":[{"embeddable":true,"href":"https:\/\/www.istegroup.com\/en\/wp-json\/wp\/v2\/media\/63607"}],"wp:attachment":[{"href":"https:\/\/www.istegroup.com\/en\/wp-json\/wp\/v2\/media?parent=59116"}],"wp:term":[{"taxonomy":"product_brand","embeddable":true,"href":"https:\/\/www.istegroup.com\/en\/wp-json\/wp\/v2\/product_brand?post=59116"},{"taxonomy":"product_cat","embeddable":true,"href":"https:\/\/www.istegroup.com\/en\/wp-json\/wp\/v2\/product_cat?post=59116"},{"taxonomy":"product_tag","embeddable":true,"href":"https:\/\/www.istegroup.com\/en\/wp-json\/wp\/v2\/product_tag?post=59116"}],"curies":[{"name":"wp","href":"https:\/\/api.w.org\/{rel}","templated":true}]}}