{"id":59079,"date":"2025-01-06T16:09:46","date_gmt":"2025-01-06T16:09:46","guid":{"rendered":"https:\/\/www.istegroup.com\/?post_type=product&#038;p=59079"},"modified":"2025-10-16T11:14:17","modified_gmt":"2025-10-16T10:14:17","slug":"evaluation-technico-economique-des-produits-au-stade-initial-du-developpement","status":"publish","type":"product","link":"https:\/\/www.istegroup.com\/en\/produit\/evaluation-technico-economique-des-produits-au-stade-initial-du-developpement\/","title":{"rendered":"\u00c9valuation technico-\u00e9conomique des produits au stade initial du d\u00e9veloppement"},"content":{"rendered":"<p>L&#8217;entreprise est mise au d\u00e9fi chaque jour quant \u00e0 sa capacit\u00e9 \u00e0 innover. Elle doit sans cesse acc\u00e9l\u00e9rer la mise sur le march\u00e9 de ses produits pour faire face \u00e0 une concurrence mondiale effr\u00e9n\u00e9e. Tout se joue d\u00e8s le stade initial de la conception et de la recherche. \u00c0 cette \u00e9tape, l&#8217;entrepreneur doit conna\u00eetre, le plus t\u00f4t possible, le niveau d&#8217;acceptabilit\u00e9 du produit sur le march\u00e9 ainsi que sa rentabilit\u00e9. Il doit \u00e9galement respecter les r\u00e9glementations en vigueur en mati\u00e8re de sant\u00e9 et d&#8217;environnement, voire anticiper les dangers potentiels. L&#8217;entrepreneur doit aussi \u00e9valuer d\u00e8s que possible les \u00e9l\u00e9ments technico-\u00e9conomiques tels que le prix de revient du nouveau produit, sa marge b\u00e9n\u00e9ficiaire, le montant de l&#8217;investissement et les d\u00e9lais de mise en oeuvre.<\/p>\n<p>Cet ouvrage collectif de la SECF (Soci\u00e9t\u00e9 des Experts Chimistes de France) s&#8217;adresse aux d\u00e9veloppeurs de proc\u00e9d\u00e9s, qu&#8217;ils soient industriels ou universitaires, aux \u00e9tudiants ou \u00e0 toute personne int\u00e9ress\u00e9e par les probl\u00e9matiques industrielles et soci\u00e9tales li\u00e9es aux produits. L&#8217;ouvrage est constitu\u00e9 de trois parties ind\u00e9pendantes : l\u2019\u00c9co- Chimie pour des produits durables\u00ae, la toxicologie et \u00e9cotoxicologie, et l\u2019industrialisation des produits.<\/p>\n","protected":false},"excerpt":{"rendered":"<p>L&#8217;entreprise est mise au d\u00e9fi chaque jour quant \u00e0 sa capacit\u00e9 \u00e0 innover. Elle doit sans cesse acc\u00e9l\u00e9rer la mise sur le march\u00e9 de ses produits pour faire face \u00e0 une concurrence mondiale effr\u00e9n\u00e9e. Tout se joue d\u00e8s le stade initial de la conception et de la recherche. \u00c0 cette \u00e9tape, l&#8217;entrepreneur doit conna\u00eetre, le [&hellip;]<\/p>\n","protected":false},"featured_media":59086,"template":"","meta":{"_acf_changed":false,"_links_to":"","_links_to_target":""},"product_brand":[],"product_cat":[663],"product_tag":[],"class_list":{"0":"post-59079","1":"product","2":"type-product","3":"status-publish","4":"has-post-thumbnail","6":"product_cat-gnie-des-procds-12506436","8":"first","9":"instock","10":"shipping-taxable","11":"purchasable","12":"product-type-variable"},"acf":[],"yoast_head":"<!-- This site is optimized with the Yoast SEO plugin v27.2 - https:\/\/yoast.com\/product\/yoast-seo-wordpress\/ -->\n<title>\u00c9valuation technico-\u00e9conomique des produits au stade initial du d\u00e9veloppement - ISTE Group<\/title>\n<meta name=\"description\" content=\"Cet ouvrage collectif de la SECF (Soci\u00e9t\u00e9 des Experts Chimistes de France) s&#039;adresse aux d\u00e9veloppeurs de proc\u00e9d\u00e9s, qu&#039;ils soient industriels ou universitaires, aux \u00e9tudiants ou \u00e0 toute personne int\u00e9ress\u00e9e par les probl\u00e9matiques industrielles et soci\u00e9tales li\u00e9es aux produits.\" \/>\n<meta name=\"robots\" content=\"index, follow, max-snippet:-1, max-image-preview:large, max-video-preview:-1\" \/>\n<link rel=\"canonical\" href=\"https:\/\/www.istegroup.com\/produit\/evaluation-technico-economique-des-produits-au-stade-initial-du-developpement\/\" \/>\n<meta property=\"og:locale\" content=\"en_US\" \/>\n<meta property=\"og:type\" content=\"article\" \/>\n<meta property=\"og:title\" content=\"\u00c9valuation technico-\u00e9conomique des produits au stade initial du d\u00e9veloppement - ISTE Group\" \/>\n<meta property=\"og:description\" content=\"Cet ouvrage collectif de la SECF (Soci\u00e9t\u00e9 des Experts Chimistes de France) s&#039;adresse aux d\u00e9veloppeurs de proc\u00e9d\u00e9s, qu&#039;ils soient industriels ou universitaires, aux \u00e9tudiants ou \u00e0 toute personne int\u00e9ress\u00e9e par les probl\u00e9matiques industrielles et soci\u00e9tales li\u00e9es aux produits.\" \/>\n<meta property=\"og:url\" content=\"https:\/\/www.istegroup.com\/produit\/evaluation-technico-economique-des-produits-au-stade-initial-du-developpement\/\" \/>\n<meta property=\"og:site_name\" content=\"ISTE Group\" \/>\n<meta property=\"article:modified_time\" content=\"2025-10-16T10:14:17+00:00\" \/>\n<meta property=\"og:image\" content=\"https:\/\/www.istegroup.com\/wp-content\/uploads\/2025\/01\/018_Evaluation-technico-economique-des-produits-au-stade-initial-du-developpement_front.png\" \/>\n\t<meta property=\"og:image:width\" content=\"596\" \/>\n\t<meta property=\"og:image:height\" content=\"899\" \/>\n\t<meta property=\"og:image:type\" content=\"image\/png\" \/>\n<meta name=\"twitter:card\" content=\"summary_large_image\" \/>\n<meta name=\"twitter:label1\" content=\"Est. reading time\" \/>\n\t<meta name=\"twitter:data1\" content=\"2 minutes\" \/>\n<script type=\"application\/ld+json\" class=\"yoast-schema-graph\">{\"@context\":\"https:\/\/schema.org\",\"@graph\":[{\"@type\":\"WebPage\",\"@id\":\"https:\/\/www.istegroup.com\/produit\/evaluation-technico-economique-des-produits-au-stade-initial-du-developpement\/\",\"url\":\"https:\/\/www.istegroup.com\/produit\/evaluation-technico-economique-des-produits-au-stade-initial-du-developpement\/\",\"name\":\"\u00c9valuation technico-\u00e9conomique des produits au stade initial du d\u00e9veloppement - ISTE Group\",\"isPartOf\":{\"@id\":\"https:\/\/www.istegroup.com\/#website\"},\"primaryImageOfPage\":{\"@id\":\"https:\/\/www.istegroup.com\/produit\/evaluation-technico-economique-des-produits-au-stade-initial-du-developpement\/#primaryimage\"},\"image\":{\"@id\":\"https:\/\/www.istegroup.com\/produit\/evaluation-technico-economique-des-produits-au-stade-initial-du-developpement\/#primaryimage\"},\"thumbnailUrl\":\"https:\/\/www.istegroup.com\/wp-content\/uploads\/2025\/01\/018_Evaluation-technico-economique-des-produits-au-stade-initial-du-developpement_front.png\",\"datePublished\":\"2025-01-06T16:09:46+00:00\",\"dateModified\":\"2025-10-16T10:14:17+00:00\",\"description\":\"Cet ouvrage collectif de la SECF (Soci\u00e9t\u00e9 des Experts Chimistes de France) s'adresse aux d\u00e9veloppeurs de proc\u00e9d\u00e9s, qu'ils soient industriels ou universitaires, aux \u00e9tudiants ou \u00e0 toute personne int\u00e9ress\u00e9e par les probl\u00e9matiques industrielles et soci\u00e9tales li\u00e9es aux produits.\",\"breadcrumb\":{\"@id\":\"https:\/\/www.istegroup.com\/produit\/evaluation-technico-economique-des-produits-au-stade-initial-du-developpement\/#breadcrumb\"},\"inLanguage\":\"en-US\",\"potentialAction\":[{\"@type\":\"ReadAction\",\"target\":[\"https:\/\/www.istegroup.com\/produit\/evaluation-technico-economique-des-produits-au-stade-initial-du-developpement\/\"]}]},{\"@type\":\"ImageObject\",\"inLanguage\":\"en-US\",\"@id\":\"https:\/\/www.istegroup.com\/produit\/evaluation-technico-economique-des-produits-au-stade-initial-du-developpement\/#primaryimage\",\"url\":\"https:\/\/www.istegroup.com\/wp-content\/uploads\/2025\/01\/018_Evaluation-technico-economique-des-produits-au-stade-initial-du-developpement_front.png\",\"contentUrl\":\"https:\/\/www.istegroup.com\/wp-content\/uploads\/2025\/01\/018_Evaluation-technico-economique-des-produits-au-stade-initial-du-developpement_front.png\",\"width\":596,\"height\":899,\"caption\":\"Livre scientifique - \u00c9valuation technico-\u00e9conomique des produits au stade initial du d\u00e9veloppement\"},{\"@type\":\"BreadcrumbList\",\"@id\":\"https:\/\/www.istegroup.com\/produit\/evaluation-technico-economique-des-produits-au-stade-initial-du-developpement\/#breadcrumb\",\"itemListElement\":[{\"@type\":\"ListItem\",\"position\":1,\"name\":\"Home\",\"item\":\"https:\/\/www.istegroup.com\/\"},{\"@type\":\"ListItem\",\"position\":2,\"name\":\"Shop\",\"item\":\"https:\/\/www.istegroup.com\/fr\/nouveautes\/\"},{\"@type\":\"ListItem\",\"position\":3,\"name\":\"\u00c9valuation technico-\u00e9conomique des produits au stade initial du d\u00e9veloppement\"}]},{\"@type\":\"WebSite\",\"@id\":\"https:\/\/www.istegroup.com\/#website\",\"url\":\"https:\/\/www.istegroup.com\/\",\"name\":\"ISTE Group\",\"description\":\"Publishing Knowledge\",\"potentialAction\":[{\"@type\":\"SearchAction\",\"target\":{\"@type\":\"EntryPoint\",\"urlTemplate\":\"https:\/\/www.istegroup.com\/?s={search_term_string}\"},\"query-input\":{\"@type\":\"PropertyValueSpecification\",\"valueRequired\":true,\"valueName\":\"search_term_string\"}}],\"inLanguage\":\"en-US\"}]}<\/script>\n<!-- \/ Yoast SEO plugin. -->","yoast_head_json":{"title":"\u00c9valuation technico-\u00e9conomique des produits au stade initial du d\u00e9veloppement - ISTE Group","description":"Cet ouvrage collectif de la SECF (Soci\u00e9t\u00e9 des Experts Chimistes de France) s'adresse aux d\u00e9veloppeurs de proc\u00e9d\u00e9s, qu'ils soient industriels ou universitaires, aux \u00e9tudiants ou \u00e0 toute personne int\u00e9ress\u00e9e par les probl\u00e9matiques industrielles et soci\u00e9tales li\u00e9es aux produits.","robots":{"index":"index","follow":"follow","max-snippet":"max-snippet:-1","max-image-preview":"max-image-preview:large","max-video-preview":"max-video-preview:-1"},"canonical":"https:\/\/www.istegroup.com\/produit\/evaluation-technico-economique-des-produits-au-stade-initial-du-developpement\/","og_locale":"en_US","og_type":"article","og_title":"\u00c9valuation technico-\u00e9conomique des produits au stade initial du d\u00e9veloppement - ISTE Group","og_description":"Cet ouvrage collectif de la SECF (Soci\u00e9t\u00e9 des Experts Chimistes de France) s'adresse aux d\u00e9veloppeurs de proc\u00e9d\u00e9s, qu'ils soient industriels ou universitaires, aux \u00e9tudiants ou \u00e0 toute personne int\u00e9ress\u00e9e par les probl\u00e9matiques industrielles et soci\u00e9tales li\u00e9es aux produits.","og_url":"https:\/\/www.istegroup.com\/produit\/evaluation-technico-economique-des-produits-au-stade-initial-du-developpement\/","og_site_name":"ISTE Group","article_modified_time":"2025-10-16T10:14:17+00:00","og_image":[{"width":596,"height":899,"url":"https:\/\/www.istegroup.com\/wp-content\/uploads\/2025\/01\/018_Evaluation-technico-economique-des-produits-au-stade-initial-du-developpement_front.png","type":"image\/png"}],"twitter_card":"summary_large_image","twitter_misc":{"Est. reading time":"2 minutes"},"schema":{"@context":"https:\/\/schema.org","@graph":[{"@type":"WebPage","@id":"https:\/\/www.istegroup.com\/produit\/evaluation-technico-economique-des-produits-au-stade-initial-du-developpement\/","url":"https:\/\/www.istegroup.com\/produit\/evaluation-technico-economique-des-produits-au-stade-initial-du-developpement\/","name":"\u00c9valuation technico-\u00e9conomique des produits au stade initial du d\u00e9veloppement - ISTE Group","isPartOf":{"@id":"https:\/\/www.istegroup.com\/#website"},"primaryImageOfPage":{"@id":"https:\/\/www.istegroup.com\/produit\/evaluation-technico-economique-des-produits-au-stade-initial-du-developpement\/#primaryimage"},"image":{"@id":"https:\/\/www.istegroup.com\/produit\/evaluation-technico-economique-des-produits-au-stade-initial-du-developpement\/#primaryimage"},"thumbnailUrl":"https:\/\/www.istegroup.com\/wp-content\/uploads\/2025\/01\/018_Evaluation-technico-economique-des-produits-au-stade-initial-du-developpement_front.png","datePublished":"2025-01-06T16:09:46+00:00","dateModified":"2025-10-16T10:14:17+00:00","description":"Cet ouvrage collectif de la SECF (Soci\u00e9t\u00e9 des Experts Chimistes de France) s'adresse aux d\u00e9veloppeurs de proc\u00e9d\u00e9s, qu'ils soient industriels ou universitaires, aux \u00e9tudiants ou \u00e0 toute personne int\u00e9ress\u00e9e par les probl\u00e9matiques industrielles et soci\u00e9tales li\u00e9es aux produits.","breadcrumb":{"@id":"https:\/\/www.istegroup.com\/produit\/evaluation-technico-economique-des-produits-au-stade-initial-du-developpement\/#breadcrumb"},"inLanguage":"en-US","potentialAction":[{"@type":"ReadAction","target":["https:\/\/www.istegroup.com\/produit\/evaluation-technico-economique-des-produits-au-stade-initial-du-developpement\/"]}]},{"@type":"ImageObject","inLanguage":"en-US","@id":"https:\/\/www.istegroup.com\/produit\/evaluation-technico-economique-des-produits-au-stade-initial-du-developpement\/#primaryimage","url":"https:\/\/www.istegroup.com\/wp-content\/uploads\/2025\/01\/018_Evaluation-technico-economique-des-produits-au-stade-initial-du-developpement_front.png","contentUrl":"https:\/\/www.istegroup.com\/wp-content\/uploads\/2025\/01\/018_Evaluation-technico-economique-des-produits-au-stade-initial-du-developpement_front.png","width":596,"height":899,"caption":"Livre scientifique - \u00c9valuation technico-\u00e9conomique des produits au stade initial du d\u00e9veloppement"},{"@type":"BreadcrumbList","@id":"https:\/\/www.istegroup.com\/produit\/evaluation-technico-economique-des-produits-au-stade-initial-du-developpement\/#breadcrumb","itemListElement":[{"@type":"ListItem","position":1,"name":"Home","item":"https:\/\/www.istegroup.com\/"},{"@type":"ListItem","position":2,"name":"Shop","item":"https:\/\/www.istegroup.com\/fr\/nouveautes\/"},{"@type":"ListItem","position":3,"name":"\u00c9valuation technico-\u00e9conomique des produits au stade initial du d\u00e9veloppement"}]},{"@type":"WebSite","@id":"https:\/\/www.istegroup.com\/#website","url":"https:\/\/www.istegroup.com\/","name":"ISTE Group","description":"Publishing Knowledge","potentialAction":[{"@type":"SearchAction","target":{"@type":"EntryPoint","urlTemplate":"https:\/\/www.istegroup.com\/?s={search_term_string}"},"query-input":{"@type":"PropertyValueSpecification","valueRequired":true,"valueName":"search_term_string"}}],"inLanguage":"en-US"}]}},"_links":{"self":[{"href":"https:\/\/www.istegroup.com\/en\/wp-json\/wp\/v2\/product\/59079","targetHints":{"allow":["GET"]}}],"collection":[{"href":"https:\/\/www.istegroup.com\/en\/wp-json\/wp\/v2\/product"}],"about":[{"href":"https:\/\/www.istegroup.com\/en\/wp-json\/wp\/v2\/types\/product"}],"wp:featuredmedia":[{"embeddable":true,"href":"https:\/\/www.istegroup.com\/en\/wp-json\/wp\/v2\/media\/59086"}],"wp:attachment":[{"href":"https:\/\/www.istegroup.com\/en\/wp-json\/wp\/v2\/media?parent=59079"}],"wp:term":[{"taxonomy":"product_brand","embeddable":true,"href":"https:\/\/www.istegroup.com\/en\/wp-json\/wp\/v2\/product_brand?post=59079"},{"taxonomy":"product_cat","embeddable":true,"href":"https:\/\/www.istegroup.com\/en\/wp-json\/wp\/v2\/product_cat?post=59079"},{"taxonomy":"product_tag","embeddable":true,"href":"https:\/\/www.istegroup.com\/en\/wp-json\/wp\/v2\/product_tag?post=59079"}],"curies":[{"name":"wp","href":"https:\/\/api.w.org\/{rel}","templated":true}]}}