{"id":59066,"date":"2025-01-06T15:34:53","date_gmt":"2025-01-06T15:34:53","guid":{"rendered":"https:\/\/www.istegroup.com\/?post_type=product&#038;p=59066"},"modified":"2025-07-09T15:45:55","modified_gmt":"2025-07-09T14:45:55","slug":"ville-intelligente-ou-vies-intelligentes","status":"publish","type":"product","link":"https:\/\/www.istegroup.com\/en\/produit\/ville-intelligente-ou-vies-intelligentes\/","title":{"rendered":"Ville intelligente ou vies intelligentes"},"content":{"rendered":"<p>Si les technologies avanc\u00e9es comme l&#8217;internet des objets (IoT), l&#8217;intelligence artificielle (IA) et les infrastructures de donn\u00e9es offrent des solutions pour am\u00e9liorer <em>a priori<\/em> la gestion et la qualit\u00e9 de vie urbaines, elles soul\u00e8vent \u00e9galement des d\u00e9fis et des risques majeurs.<\/p>\n<p>Cet ouvrage explore les dimensions constitutives de la ville dite intelligente sous deux angles singuliers : les nouveaux usages stimul\u00e9s par les innovations et les besoins que ces derni\u00e8res viennent combler (mobilit\u00e9, alimentation, culture, tourisme, habitat, etc.). Issu notamment des travaux de recherche de la Chaire internationale CitUs en collaboration avec les villes de Montpellier et de Montr\u00e9al, il explore les impacts de la transformation num\u00e9rique, \u00e9cologique et sociale sur la gestion urbaine et la vie des habitants.<\/p>\n<p>En adoptant une approche centr\u00e9e sur l&#8217;humain, cet ouvrage montre comment les infrastructures num\u00e9riques pourraient am\u00e9liorer la vie quotidienne tout en r\u00e9pondant aux principaux enjeux d\u2019une urbanisation croissante. Il propose une lecture essentielle pour engager la communaut\u00e9 acad\u00e9mique dans des villes en transition et aider la d\u00e9cision publique et priv\u00e9e dans l\u2019\u00e9laboration de nouveaux projets territoriaux alliant innovation et bien-\u00eatre individuel et collectif.<\/p>\n","protected":false},"excerpt":{"rendered":"<p>Si les technologies avanc\u00e9es comme l&#8217;internet des objets (IoT), l&#8217;intelligence artificielle (IA) et les infrastructures de donn\u00e9es offrent des solutions pour am\u00e9liorer a priori la gestion et la qualit\u00e9 de vie urbaines, elles soul\u00e8vent \u00e9galement des d\u00e9fis et des risques majeurs. Cet ouvrage explore les dimensions constitutives de la ville dite intelligente sous deux angles [&hellip;]<\/p>\n","protected":false},"featured_media":59977,"template":"","meta":{"_acf_changed":false,"_links_to":"","_links_to_target":""},"product_brand":[],"product_cat":[684],"product_tag":[],"class_list":{"0":"post-59066","1":"product","2":"type-product","3":"status-publish","4":"has-post-thumbnail","6":"product_cat-sciences-socit-et-nouvelles-technologies-188422468","8":"first","9":"instock","10":"shipping-taxable","11":"purchasable","12":"product-type-variable"},"acf":[],"yoast_head":"<!-- This site is optimized with the Yoast SEO plugin v27.2 - https:\/\/yoast.com\/product\/yoast-seo-wordpress\/ -->\n<title>Ville intelligente ou vies intelligentes - ISTE Group<\/title>\n<meta name=\"description\" content=\"Cet ouvrage explore les dimensions constitutives de la ville dite intelligente sous deux angles singuliers : les nouveaux usages stimul\u00e9s par les innovations et les besoins que ces derni\u00e8res viennent combler (mobilit\u00e9, alimentation, culture, tourisme, habitat, etc.).\" \/>\n<meta name=\"robots\" content=\"index, follow, max-snippet:-1, max-image-preview:large, max-video-preview:-1\" \/>\n<link rel=\"canonical\" href=\"https:\/\/www.istegroup.com\/produit\/ville-intelligente-ou-vies-intelligentes\/\" \/>\n<meta property=\"og:locale\" content=\"en_US\" \/>\n<meta property=\"og:type\" content=\"article\" \/>\n<meta property=\"og:title\" content=\"Ville intelligente ou vies intelligentes - ISTE Group\" \/>\n<meta property=\"og:description\" content=\"Cet ouvrage explore les dimensions constitutives de la ville dite intelligente sous deux angles singuliers : les nouveaux usages stimul\u00e9s par les innovations et les besoins que ces derni\u00e8res viennent combler (mobilit\u00e9, alimentation, culture, tourisme, habitat, etc.).\" \/>\n<meta property=\"og:url\" content=\"https:\/\/www.istegroup.com\/produit\/ville-intelligente-ou-vies-intelligentes\/\" \/>\n<meta property=\"og:site_name\" content=\"ISTE Group\" \/>\n<meta property=\"article:modified_time\" content=\"2025-07-09T14:45:55+00:00\" \/>\n<meta property=\"og:image\" content=\"https:\/\/www.istegroup.com\/wp-content\/uploads\/2025\/01\/015_Ville-intelligente-ou-vies-intelligentes_fnege.jpg\" \/>\n\t<meta property=\"og:image:width\" content=\"595\" \/>\n\t<meta property=\"og:image:height\" content=\"899\" \/>\n\t<meta property=\"og:image:type\" content=\"image\/jpeg\" \/>\n<meta name=\"twitter:card\" content=\"summary_large_image\" \/>\n<meta name=\"twitter:label1\" content=\"Est. reading time\" \/>\n\t<meta name=\"twitter:data1\" content=\"2 minutes\" \/>\n<script type=\"application\/ld+json\" class=\"yoast-schema-graph\">{\"@context\":\"https:\/\/schema.org\",\"@graph\":[{\"@type\":\"WebPage\",\"@id\":\"https:\/\/www.istegroup.com\/produit\/ville-intelligente-ou-vies-intelligentes\/\",\"url\":\"https:\/\/www.istegroup.com\/produit\/ville-intelligente-ou-vies-intelligentes\/\",\"name\":\"Ville intelligente ou vies intelligentes - ISTE Group\",\"isPartOf\":{\"@id\":\"https:\/\/www.istegroup.com\/#website\"},\"primaryImageOfPage\":{\"@id\":\"https:\/\/www.istegroup.com\/produit\/ville-intelligente-ou-vies-intelligentes\/#primaryimage\"},\"image\":{\"@id\":\"https:\/\/www.istegroup.com\/produit\/ville-intelligente-ou-vies-intelligentes\/#primaryimage\"},\"thumbnailUrl\":\"https:\/\/www.istegroup.com\/wp-content\/uploads\/2025\/01\/015_Ville-intelligente-ou-vies-intelligentes_fnege.jpg\",\"datePublished\":\"2025-01-06T15:34:53+00:00\",\"dateModified\":\"2025-07-09T14:45:55+00:00\",\"description\":\"Cet ouvrage explore les dimensions constitutives de la ville dite intelligente sous deux angles singuliers : les nouveaux usages stimul\u00e9s par les innovations et les besoins que ces derni\u00e8res viennent combler (mobilit\u00e9, alimentation, culture, tourisme, habitat, etc.).\",\"breadcrumb\":{\"@id\":\"https:\/\/www.istegroup.com\/produit\/ville-intelligente-ou-vies-intelligentes\/#breadcrumb\"},\"inLanguage\":\"en-US\",\"potentialAction\":[{\"@type\":\"ReadAction\",\"target\":[\"https:\/\/www.istegroup.com\/produit\/ville-intelligente-ou-vies-intelligentes\/\"]}]},{\"@type\":\"ImageObject\",\"inLanguage\":\"en-US\",\"@id\":\"https:\/\/www.istegroup.com\/produit\/ville-intelligente-ou-vies-intelligentes\/#primaryimage\",\"url\":\"https:\/\/www.istegroup.com\/wp-content\/uploads\/2025\/01\/015_Ville-intelligente-ou-vies-intelligentes_fnege.jpg\",\"contentUrl\":\"https:\/\/www.istegroup.com\/wp-content\/uploads\/2025\/01\/015_Ville-intelligente-ou-vies-intelligentes_fnege.jpg\",\"width\":595,\"height\":899,\"caption\":\"Livre scientifique - Ville intelligente ou vies intelligentes\"},{\"@type\":\"BreadcrumbList\",\"@id\":\"https:\/\/www.istegroup.com\/produit\/ville-intelligente-ou-vies-intelligentes\/#breadcrumb\",\"itemListElement\":[{\"@type\":\"ListItem\",\"position\":1,\"name\":\"Home\",\"item\":\"https:\/\/www.istegroup.com\/\"},{\"@type\":\"ListItem\",\"position\":2,\"name\":\"Shop\",\"item\":\"https:\/\/www.istegroup.com\/fr\/nouveautes\/\"},{\"@type\":\"ListItem\",\"position\":3,\"name\":\"Ville intelligente ou vies intelligentes\"}]},{\"@type\":\"WebSite\",\"@id\":\"https:\/\/www.istegroup.com\/#website\",\"url\":\"https:\/\/www.istegroup.com\/\",\"name\":\"ISTE Group\",\"description\":\"Publishing Knowledge\",\"potentialAction\":[{\"@type\":\"SearchAction\",\"target\":{\"@type\":\"EntryPoint\",\"urlTemplate\":\"https:\/\/www.istegroup.com\/?s={search_term_string}\"},\"query-input\":{\"@type\":\"PropertyValueSpecification\",\"valueRequired\":true,\"valueName\":\"search_term_string\"}}],\"inLanguage\":\"en-US\"}]}<\/script>\n<!-- \/ Yoast SEO plugin. -->","yoast_head_json":{"title":"Ville intelligente ou vies intelligentes - ISTE Group","description":"Cet ouvrage explore les dimensions constitutives de la ville dite intelligente sous deux angles singuliers : les nouveaux usages stimul\u00e9s par les innovations et les besoins que ces derni\u00e8res viennent combler (mobilit\u00e9, alimentation, culture, tourisme, habitat, etc.).","robots":{"index":"index","follow":"follow","max-snippet":"max-snippet:-1","max-image-preview":"max-image-preview:large","max-video-preview":"max-video-preview:-1"},"canonical":"https:\/\/www.istegroup.com\/produit\/ville-intelligente-ou-vies-intelligentes\/","og_locale":"en_US","og_type":"article","og_title":"Ville intelligente ou vies intelligentes - ISTE Group","og_description":"Cet ouvrage explore les dimensions constitutives de la ville dite intelligente sous deux angles singuliers : les nouveaux usages stimul\u00e9s par les innovations et les besoins que ces derni\u00e8res viennent combler (mobilit\u00e9, alimentation, culture, tourisme, habitat, etc.).","og_url":"https:\/\/www.istegroup.com\/produit\/ville-intelligente-ou-vies-intelligentes\/","og_site_name":"ISTE Group","article_modified_time":"2025-07-09T14:45:55+00:00","og_image":[{"width":595,"height":899,"url":"https:\/\/www.istegroup.com\/wp-content\/uploads\/2025\/01\/015_Ville-intelligente-ou-vies-intelligentes_fnege.jpg","type":"image\/jpeg"}],"twitter_card":"summary_large_image","twitter_misc":{"Est. reading time":"2 minutes"},"schema":{"@context":"https:\/\/schema.org","@graph":[{"@type":"WebPage","@id":"https:\/\/www.istegroup.com\/produit\/ville-intelligente-ou-vies-intelligentes\/","url":"https:\/\/www.istegroup.com\/produit\/ville-intelligente-ou-vies-intelligentes\/","name":"Ville intelligente ou vies intelligentes - ISTE Group","isPartOf":{"@id":"https:\/\/www.istegroup.com\/#website"},"primaryImageOfPage":{"@id":"https:\/\/www.istegroup.com\/produit\/ville-intelligente-ou-vies-intelligentes\/#primaryimage"},"image":{"@id":"https:\/\/www.istegroup.com\/produit\/ville-intelligente-ou-vies-intelligentes\/#primaryimage"},"thumbnailUrl":"https:\/\/www.istegroup.com\/wp-content\/uploads\/2025\/01\/015_Ville-intelligente-ou-vies-intelligentes_fnege.jpg","datePublished":"2025-01-06T15:34:53+00:00","dateModified":"2025-07-09T14:45:55+00:00","description":"Cet ouvrage explore les dimensions constitutives de la ville dite intelligente sous deux angles singuliers : les nouveaux usages stimul\u00e9s par les innovations et les besoins que ces derni\u00e8res viennent combler (mobilit\u00e9, alimentation, culture, tourisme, habitat, etc.).","breadcrumb":{"@id":"https:\/\/www.istegroup.com\/produit\/ville-intelligente-ou-vies-intelligentes\/#breadcrumb"},"inLanguage":"en-US","potentialAction":[{"@type":"ReadAction","target":["https:\/\/www.istegroup.com\/produit\/ville-intelligente-ou-vies-intelligentes\/"]}]},{"@type":"ImageObject","inLanguage":"en-US","@id":"https:\/\/www.istegroup.com\/produit\/ville-intelligente-ou-vies-intelligentes\/#primaryimage","url":"https:\/\/www.istegroup.com\/wp-content\/uploads\/2025\/01\/015_Ville-intelligente-ou-vies-intelligentes_fnege.jpg","contentUrl":"https:\/\/www.istegroup.com\/wp-content\/uploads\/2025\/01\/015_Ville-intelligente-ou-vies-intelligentes_fnege.jpg","width":595,"height":899,"caption":"Livre scientifique - Ville intelligente ou vies intelligentes"},{"@type":"BreadcrumbList","@id":"https:\/\/www.istegroup.com\/produit\/ville-intelligente-ou-vies-intelligentes\/#breadcrumb","itemListElement":[{"@type":"ListItem","position":1,"name":"Home","item":"https:\/\/www.istegroup.com\/"},{"@type":"ListItem","position":2,"name":"Shop","item":"https:\/\/www.istegroup.com\/fr\/nouveautes\/"},{"@type":"ListItem","position":3,"name":"Ville intelligente ou vies intelligentes"}]},{"@type":"WebSite","@id":"https:\/\/www.istegroup.com\/#website","url":"https:\/\/www.istegroup.com\/","name":"ISTE Group","description":"Publishing Knowledge","potentialAction":[{"@type":"SearchAction","target":{"@type":"EntryPoint","urlTemplate":"https:\/\/www.istegroup.com\/?s={search_term_string}"},"query-input":{"@type":"PropertyValueSpecification","valueRequired":true,"valueName":"search_term_string"}}],"inLanguage":"en-US"}]}},"_links":{"self":[{"href":"https:\/\/www.istegroup.com\/en\/wp-json\/wp\/v2\/product\/59066","targetHints":{"allow":["GET"]}}],"collection":[{"href":"https:\/\/www.istegroup.com\/en\/wp-json\/wp\/v2\/product"}],"about":[{"href":"https:\/\/www.istegroup.com\/en\/wp-json\/wp\/v2\/types\/product"}],"wp:featuredmedia":[{"embeddable":true,"href":"https:\/\/www.istegroup.com\/en\/wp-json\/wp\/v2\/media\/59977"}],"wp:attachment":[{"href":"https:\/\/www.istegroup.com\/en\/wp-json\/wp\/v2\/media?parent=59066"}],"wp:term":[{"taxonomy":"product_brand","embeddable":true,"href":"https:\/\/www.istegroup.com\/en\/wp-json\/wp\/v2\/product_brand?post=59066"},{"taxonomy":"product_cat","embeddable":true,"href":"https:\/\/www.istegroup.com\/en\/wp-json\/wp\/v2\/product_cat?post=59066"},{"taxonomy":"product_tag","embeddable":true,"href":"https:\/\/www.istegroup.com\/en\/wp-json\/wp\/v2\/product_tag?post=59066"}],"curies":[{"name":"wp","href":"https:\/\/api.w.org\/{rel}","templated":true}]}}