{"id":589,"date":"2017-07-28T15:17:42","date_gmt":"2017-07-28T13:17:42","guid":{"rendered":"https:\/\/iste.yhello.co\/product\/simulation-spatiale-a-base-dagents-avec-netlogo-2\/"},"modified":"2024-01-03T13:40:59","modified_gmt":"2024-01-03T13:40:59","slug":"simulation-spatiale-a-base-dagents-avec-netlogo-2","status":"publish","type":"product","link":"https:\/\/www.istegroup.com\/en\/produit\/simulation-spatiale-a-base-dagents-avec-netlogo-2\/","title":{"rendered":"Simulation spatiale \u00e0 base d\u2019agents avec NetLogo 2"},"content":{"rendered":"<p>Faisant suite au premier volume qui introduit la plate-forme NetLogo comme un moyen de prototypage de mod\u00e8les simples, ce deuxi\u00e8me volume se concentre sur l\u2019utilisation avanc\u00e9e de NetLogo pour connecter les donn\u00e9es et les th\u00e9ories, ce qui en fait un outil essentiel pour la communaut\u00e9 scientifique.<\/p>\n<p><em>Simulation spatiale \u00e0 base d\u2019agents avec NetLogo 2<\/em>\u00a0se concentre sur la mod\u00e9lisation par agents des ph\u00e9nom\u00e8nes spatialis\u00e9s \u00e0 travers une approche m\u00e9thodologique et pratique. Il d\u00e9montre comment les m\u00e9thodes et les techniques avanc\u00e9es de simulation spatiale bas\u00e9es sur les agents peuvent \u00eatre mises en oeuvre.<\/p>\n<p>Cet ouvrage permet d\u2019approfondir les bases th\u00e9oriques et conceptuelles dans le domaine de la mod\u00e9lisation ainsi que les connaissances algorithmiques et techniques de l&#8217;informatique en vue de mettre en oeuvre les mod\u00e8les produits.<\/p>\n","protected":false},"excerpt":{"rendered":"<p>Faisant suite au premier volume qui introduit la plate-forme NetLogo comme un moyen de prototypage de mod\u00e8les simples, ce deuxi\u00e8me volume se concentre sur l\u2019utilisation avanc\u00e9e de NetLogo pour connecter les donn\u00e9es et les th\u00e9ories, ce qui en fait un outil essentiel pour la communaut\u00e9 scientifique. Simulation spatiale \u00e0 base d\u2019agents avec NetLogo 2\u00a0se concentre [&hellip;]<\/p>\n","protected":false},"featured_media":590,"template":"","meta":{"_acf_changed":false,"_links_to":"","_links_to_target":""},"product_brand":[],"product_cat":[675,707],"product_tag":[89,90,18,19,20,21,22,25,26,27,91,92,28,93,94],"class_list":{"0":"post-589","1":"product","2":"type-product","3":"status-publish","4":"has-post-thumbnail","6":"product_cat-nouveauts-12519446","7":"product_cat-systmes-dinformation-web-et-socit-12506570","8":"product_tag-arnaud-banos","9":"product_tag-christophe-lang","10":"product_tag-edition-scientifique","11":"product_tag-editions-francaise","12":"product_tag-editions-technique","13":"product_tag-iste-group","14":"product_tag-istegroup","15":"product_tag-livre-numerique","16":"product_tag-livre-scientifique-francais","17":"product_tag-livre-technique-francais","18":"product_tag-netlogo","19":"product_tag-nicolas-marilleau","20":"product_tag-ouvrage-scientifique-francais","21":"product_tag-simulation-spatiale","22":"product_tag-simulation-spatiale-a-base-dagents-avec-netlogo-2","24":"first","25":"instock","26":"shipping-taxable","27":"purchasable","28":"product-type-variable"},"acf":[],"yoast_head":"<!-- This site is optimized with the Yoast SEO plugin v27.2 - https:\/\/yoast.com\/product\/yoast-seo-wordpress\/ -->\n<title>Simulation spatiale \u00e0 base d\u2019agents avec NetLogo 2 - ISTE Group<\/title>\n<meta name=\"description\" content=\"Simulation spatiale \u00e0 base d\u2019agents avec NetLogo 2\u00a0se concentre sur la mod\u00e9lisation par agents des ph\u00e9nom\u00e8nes spatialis\u00e9s \u00e0 travers une approche m\u00e9thodologique et pratique.\" \/>\n<meta name=\"robots\" content=\"index, follow, max-snippet:-1, max-image-preview:large, max-video-preview:-1\" \/>\n<link rel=\"canonical\" href=\"https:\/\/www.istegroup.com\/fr\/produit\/simulation-spatiale-a-base-dagents-avec-netlogo-2\/\" \/>\n<meta property=\"og:locale\" content=\"en_US\" \/>\n<meta property=\"og:type\" content=\"article\" \/>\n<meta property=\"og:title\" content=\"Simulation spatiale \u00e0 base d\u2019agents avec NetLogo 2 - ISTE Group\" \/>\n<meta property=\"og:description\" content=\"Simulation spatiale \u00e0 base d\u2019agents avec NetLogo 2\u00a0se concentre sur la mod\u00e9lisation par agents des ph\u00e9nom\u00e8nes spatialis\u00e9s \u00e0 travers une approche m\u00e9thodologique et pratique.\" \/>\n<meta property=\"og:url\" content=\"https:\/\/www.istegroup.com\/fr\/produit\/simulation-spatiale-a-base-dagents-avec-netlogo-2\/\" \/>\n<meta property=\"og:site_name\" content=\"ISTE Group\" \/>\n<meta property=\"article:modified_time\" content=\"2024-01-03T13:40:59+00:00\" \/>\n<meta property=\"og:image\" content=\"https:\/\/www.istegroup.com\/wp-content\/uploads\/2017\/07\/21435211153_9611274513-1-scaled.jpg\" \/>\n\t<meta property=\"og:image:width\" content=\"1673\" \/>\n\t<meta property=\"og:image:height\" content=\"2560\" \/>\n\t<meta property=\"og:image:type\" content=\"image\/jpeg\" \/>\n<meta name=\"twitter:card\" content=\"summary_large_image\" \/>\n<meta name=\"twitter:label1\" content=\"Est. reading time\" \/>\n\t<meta name=\"twitter:data1\" content=\"1 minute\" \/>\n<script type=\"application\/ld+json\" class=\"yoast-schema-graph\">{\"@context\":\"https:\/\/schema.org\",\"@graph\":[{\"@type\":\"WebPage\",\"@id\":\"https:\/\/www.istegroup.com\/fr\/produit\/simulation-spatiale-a-base-dagents-avec-netlogo-2\/\",\"url\":\"https:\/\/www.istegroup.com\/fr\/produit\/simulation-spatiale-a-base-dagents-avec-netlogo-2\/\",\"name\":\"Simulation spatiale \u00e0 base d\u2019agents avec NetLogo 2 - ISTE Group\",\"isPartOf\":{\"@id\":\"https:\/\/www.istegroup.com\/#website\"},\"primaryImageOfPage\":{\"@id\":\"https:\/\/www.istegroup.com\/fr\/produit\/simulation-spatiale-a-base-dagents-avec-netlogo-2\/#primaryimage\"},\"image\":{\"@id\":\"https:\/\/www.istegroup.com\/fr\/produit\/simulation-spatiale-a-base-dagents-avec-netlogo-2\/#primaryimage\"},\"thumbnailUrl\":\"https:\/\/www.istegroup.com\/wp-content\/uploads\/2017\/07\/21435211153_9611274513-1-scaled.jpg\",\"datePublished\":\"2017-07-28T13:17:42+00:00\",\"dateModified\":\"2024-01-03T13:40:59+00:00\",\"description\":\"Simulation spatiale \u00e0 base d\u2019agents avec NetLogo 2\u00a0se concentre sur la mod\u00e9lisation par agents des ph\u00e9nom\u00e8nes spatialis\u00e9s \u00e0 travers une approche m\u00e9thodologique et pratique.\",\"breadcrumb\":{\"@id\":\"https:\/\/www.istegroup.com\/fr\/produit\/simulation-spatiale-a-base-dagents-avec-netlogo-2\/#breadcrumb\"},\"inLanguage\":\"en-US\",\"potentialAction\":[{\"@type\":\"ReadAction\",\"target\":[\"https:\/\/www.istegroup.com\/fr\/produit\/simulation-spatiale-a-base-dagents-avec-netlogo-2\/\"]}]},{\"@type\":\"ImageObject\",\"inLanguage\":\"en-US\",\"@id\":\"https:\/\/www.istegroup.com\/fr\/produit\/simulation-spatiale-a-base-dagents-avec-netlogo-2\/#primaryimage\",\"url\":\"https:\/\/www.istegroup.com\/wp-content\/uploads\/2017\/07\/21435211153_9611274513-1-scaled.jpg\",\"contentUrl\":\"https:\/\/www.istegroup.com\/wp-content\/uploads\/2017\/07\/21435211153_9611274513-1-scaled.jpg\",\"width\":1673,\"height\":2560,\"caption\":\"Notions avanc\u00e9es\"},{\"@type\":\"BreadcrumbList\",\"@id\":\"https:\/\/www.istegroup.com\/fr\/produit\/simulation-spatiale-a-base-dagents-avec-netlogo-2\/#breadcrumb\",\"itemListElement\":[{\"@type\":\"ListItem\",\"position\":1,\"name\":\"Home\",\"item\":\"https:\/\/www.istegroup.com\/\"},{\"@type\":\"ListItem\",\"position\":2,\"name\":\"Shop\",\"item\":\"https:\/\/www.istegroup.com\/fr\/nouveautes\/\"},{\"@type\":\"ListItem\",\"position\":3,\"name\":\"Simulation spatiale \u00e0 base d\u2019agents avec NetLogo 2\"}]},{\"@type\":\"WebSite\",\"@id\":\"https:\/\/www.istegroup.com\/#website\",\"url\":\"https:\/\/www.istegroup.com\/\",\"name\":\"ISTE Group\",\"description\":\"Publishing Knowledge\",\"potentialAction\":[{\"@type\":\"SearchAction\",\"target\":{\"@type\":\"EntryPoint\",\"urlTemplate\":\"https:\/\/www.istegroup.com\/?s={search_term_string}\"},\"query-input\":{\"@type\":\"PropertyValueSpecification\",\"valueRequired\":true,\"valueName\":\"search_term_string\"}}],\"inLanguage\":\"en-US\"}]}<\/script>\n<!-- \/ Yoast SEO plugin. -->","yoast_head_json":{"title":"Simulation spatiale \u00e0 base d\u2019agents avec NetLogo 2 - ISTE Group","description":"Simulation spatiale \u00e0 base d\u2019agents avec NetLogo 2\u00a0se concentre sur la mod\u00e9lisation par agents des ph\u00e9nom\u00e8nes spatialis\u00e9s \u00e0 travers une approche m\u00e9thodologique et pratique.","robots":{"index":"index","follow":"follow","max-snippet":"max-snippet:-1","max-image-preview":"max-image-preview:large","max-video-preview":"max-video-preview:-1"},"canonical":"https:\/\/www.istegroup.com\/fr\/produit\/simulation-spatiale-a-base-dagents-avec-netlogo-2\/","og_locale":"en_US","og_type":"article","og_title":"Simulation spatiale \u00e0 base d\u2019agents avec NetLogo 2 - ISTE Group","og_description":"Simulation spatiale \u00e0 base d\u2019agents avec NetLogo 2\u00a0se concentre sur la mod\u00e9lisation par agents des ph\u00e9nom\u00e8nes spatialis\u00e9s \u00e0 travers une approche m\u00e9thodologique et pratique.","og_url":"https:\/\/www.istegroup.com\/fr\/produit\/simulation-spatiale-a-base-dagents-avec-netlogo-2\/","og_site_name":"ISTE Group","article_modified_time":"2024-01-03T13:40:59+00:00","og_image":[{"width":1673,"height":2560,"url":"https:\/\/www.istegroup.com\/wp-content\/uploads\/2017\/07\/21435211153_9611274513-1-scaled.jpg","type":"image\/jpeg"}],"twitter_card":"summary_large_image","twitter_misc":{"Est. reading time":"1 minute"},"schema":{"@context":"https:\/\/schema.org","@graph":[{"@type":"WebPage","@id":"https:\/\/www.istegroup.com\/fr\/produit\/simulation-spatiale-a-base-dagents-avec-netlogo-2\/","url":"https:\/\/www.istegroup.com\/fr\/produit\/simulation-spatiale-a-base-dagents-avec-netlogo-2\/","name":"Simulation spatiale \u00e0 base d\u2019agents avec NetLogo 2 - ISTE Group","isPartOf":{"@id":"https:\/\/www.istegroup.com\/#website"},"primaryImageOfPage":{"@id":"https:\/\/www.istegroup.com\/fr\/produit\/simulation-spatiale-a-base-dagents-avec-netlogo-2\/#primaryimage"},"image":{"@id":"https:\/\/www.istegroup.com\/fr\/produit\/simulation-spatiale-a-base-dagents-avec-netlogo-2\/#primaryimage"},"thumbnailUrl":"https:\/\/www.istegroup.com\/wp-content\/uploads\/2017\/07\/21435211153_9611274513-1-scaled.jpg","datePublished":"2017-07-28T13:17:42+00:00","dateModified":"2024-01-03T13:40:59+00:00","description":"Simulation spatiale \u00e0 base d\u2019agents avec NetLogo 2\u00a0se concentre sur la mod\u00e9lisation par agents des ph\u00e9nom\u00e8nes spatialis\u00e9s \u00e0 travers une approche m\u00e9thodologique et pratique.","breadcrumb":{"@id":"https:\/\/www.istegroup.com\/fr\/produit\/simulation-spatiale-a-base-dagents-avec-netlogo-2\/#breadcrumb"},"inLanguage":"en-US","potentialAction":[{"@type":"ReadAction","target":["https:\/\/www.istegroup.com\/fr\/produit\/simulation-spatiale-a-base-dagents-avec-netlogo-2\/"]}]},{"@type":"ImageObject","inLanguage":"en-US","@id":"https:\/\/www.istegroup.com\/fr\/produit\/simulation-spatiale-a-base-dagents-avec-netlogo-2\/#primaryimage","url":"https:\/\/www.istegroup.com\/wp-content\/uploads\/2017\/07\/21435211153_9611274513-1-scaled.jpg","contentUrl":"https:\/\/www.istegroup.com\/wp-content\/uploads\/2017\/07\/21435211153_9611274513-1-scaled.jpg","width":1673,"height":2560,"caption":"Notions avanc\u00e9es"},{"@type":"BreadcrumbList","@id":"https:\/\/www.istegroup.com\/fr\/produit\/simulation-spatiale-a-base-dagents-avec-netlogo-2\/#breadcrumb","itemListElement":[{"@type":"ListItem","position":1,"name":"Home","item":"https:\/\/www.istegroup.com\/"},{"@type":"ListItem","position":2,"name":"Shop","item":"https:\/\/www.istegroup.com\/fr\/nouveautes\/"},{"@type":"ListItem","position":3,"name":"Simulation spatiale \u00e0 base d\u2019agents avec NetLogo 2"}]},{"@type":"WebSite","@id":"https:\/\/www.istegroup.com\/#website","url":"https:\/\/www.istegroup.com\/","name":"ISTE Group","description":"Publishing Knowledge","potentialAction":[{"@type":"SearchAction","target":{"@type":"EntryPoint","urlTemplate":"https:\/\/www.istegroup.com\/?s={search_term_string}"},"query-input":{"@type":"PropertyValueSpecification","valueRequired":true,"valueName":"search_term_string"}}],"inLanguage":"en-US"}]}},"_links":{"self":[{"href":"https:\/\/www.istegroup.com\/en\/wp-json\/wp\/v2\/product\/589","targetHints":{"allow":["GET"]}}],"collection":[{"href":"https:\/\/www.istegroup.com\/en\/wp-json\/wp\/v2\/product"}],"about":[{"href":"https:\/\/www.istegroup.com\/en\/wp-json\/wp\/v2\/types\/product"}],"wp:featuredmedia":[{"embeddable":true,"href":"https:\/\/www.istegroup.com\/en\/wp-json\/wp\/v2\/media\/590"}],"wp:attachment":[{"href":"https:\/\/www.istegroup.com\/en\/wp-json\/wp\/v2\/media?parent=589"}],"wp:term":[{"taxonomy":"product_brand","embeddable":true,"href":"https:\/\/www.istegroup.com\/en\/wp-json\/wp\/v2\/product_brand?post=589"},{"taxonomy":"product_cat","embeddable":true,"href":"https:\/\/www.istegroup.com\/en\/wp-json\/wp\/v2\/product_cat?post=589"},{"taxonomy":"product_tag","embeddable":true,"href":"https:\/\/www.istegroup.com\/en\/wp-json\/wp\/v2\/product_tag?post=589"}],"curies":[{"name":"wp","href":"https:\/\/api.w.org\/{rel}","templated":true}]}}