{"id":58474,"date":"2024-11-06T11:39:23","date_gmt":"2024-11-06T11:39:23","guid":{"rendered":"https:\/\/www.istegroup.com\/?post_type=product&#038;p=58474"},"modified":"2025-04-16T11:41:43","modified_gmt":"2025-04-16T10:41:43","slug":"epigenetique-en-ecologie-et-evolution","status":"publish","type":"product","link":"https:\/\/www.istegroup.com\/en\/produit\/epigenetique-en-ecologie-et-evolution\/","title":{"rendered":"\u00c9pig\u00e9n\u00e9tique en \u00e9cologie et \u00e9volution"},"content":{"rendered":"<p>La g\u00e9n\u00e9tique et sa petite soeur myst\u00e9rieuse, l\u2019\u00e9pig\u00e9n\u00e9tique, plongent leurs racines profondes dans l\u2019histoire de la biologie. Aujourd\u2019hui, l\u2019\u00e9pig\u00e9n\u00e9tique rev\u00eat une importance capitale, tant dans les sciences que dans les techniques du vivant depuis la biologie mol\u00e9culaire, le diagnostic et le traitement des maladies, en passant par l\u2019agriculture.<\/p>\n<p><em>\u00c9pig\u00e9n\u00e9tique en \u00e9cologie et \u00e9volution<\/em> retrace l\u2019histoire du concept d\u2019\u00e9pig\u00e9n\u00e9tique en biologie et d\u00e9crit les m\u00e9canismes mol\u00e9culaires impliqu\u00e9s. Il examine les contributions de la discipline \u00e9pig\u00e9n\u00e9tique \u00e9mergente en \u00e9cologie et \u00e9volution, tant chez les organismes animaux que v\u00e9g\u00e9taux, ainsi que sa repr\u00e9sentation dans notre soci\u00e9t\u00e9.<\/p>\n<p>En explorant l\u2019importance de l\u2019\u00e9pig\u00e9n\u00e9tique depuis la cellule jusqu\u2019\u00e0 l\u2019organisme entier, et m\u00eame jusqu\u2019aux \u00e9cosyst\u00e8mes, cet ouvrage offre des r\u00e9ponses accessibles \u00e0 un public large, depuis le citoyen curieux des sciences jusqu\u2019aux \u00e9tudiants et praticiens de la biologie. L\u2019objectif est de permettre \u00e0 chacun de d\u00e9velopper ou renforcer une perspective critique et \u00e9clair\u00e9e sur les relations complexes entre la g\u00e9n\u00e9tique et l\u2019\u00e9pig\u00e9n\u00e9tique.<\/p>\n","protected":false},"excerpt":{"rendered":"<p>La g\u00e9n\u00e9tique et sa petite soeur myst\u00e9rieuse, l\u2019\u00e9pig\u00e9n\u00e9tique, plongent leurs racines profondes dans l\u2019histoire de la biologie. Aujourd\u2019hui, l\u2019\u00e9pig\u00e9n\u00e9tique rev\u00eat une importance capitale, tant dans les sciences que dans les techniques du vivant depuis la biologie mol\u00e9culaire, le diagnostic et le traitement des maladies, en passant par l\u2019agriculture. \u00c9pig\u00e9n\u00e9tique en \u00e9cologie et \u00e9volution retrace l\u2019histoire [&hellip;]<\/p>\n","protected":false},"featured_media":58483,"template":"","meta":{"_acf_changed":false,"_links_to":"","_links_to_target":""},"product_brand":[],"product_cat":[4289],"product_tag":[],"class_list":{"0":"post-58474","1":"product","2":"type-product","3":"status-publish","4":"has-post-thumbnail","6":"product_cat-sciences","8":"first","9":"instock","10":"shipping-taxable","11":"purchasable","12":"product-type-variable"},"acf":[],"yoast_head":"<!-- This site is optimized with the Yoast SEO plugin v27.2 - https:\/\/yoast.com\/product\/yoast-seo-wordpress\/ -->\n<title>\u00c9pig\u00e9n\u00e9tique en \u00e9cologie et \u00e9volution - ISTE Group<\/title>\n<meta name=\"description\" content=\"\u00c9pig\u00e9n\u00e9tique en \u00e9cologie et \u00e9volution retrace l\u2019histoire du concept d\u2019\u00e9pig\u00e9n\u00e9tique en biologie et d\u00e9crit les m\u00e9canismes mol\u00e9culaires impliqu\u00e9s. Il examine les contributions de la discipline \u00e9pig\u00e9n\u00e9tique \u00e9mergente en \u00e9cologie et \u00e9volution, tant chez les organismes animaux que v\u00e9g\u00e9taux, ainsi que sa repr\u00e9sentation dans notre soci\u00e9t\u00e9.\" \/>\n<meta name=\"robots\" content=\"index, follow, max-snippet:-1, max-image-preview:large, max-video-preview:-1\" \/>\n<link rel=\"canonical\" href=\"https:\/\/www.istegroup.com\/produit\/epigenetique-en-ecologie-et-evolution\/\" \/>\n<meta property=\"og:locale\" content=\"en_US\" \/>\n<meta property=\"og:type\" content=\"article\" \/>\n<meta property=\"og:title\" content=\"\u00c9pig\u00e9n\u00e9tique en \u00e9cologie et \u00e9volution - ISTE Group\" \/>\n<meta property=\"og:description\" content=\"\u00c9pig\u00e9n\u00e9tique en \u00e9cologie et \u00e9volution retrace l\u2019histoire du concept d\u2019\u00e9pig\u00e9n\u00e9tique en biologie et d\u00e9crit les m\u00e9canismes mol\u00e9culaires impliqu\u00e9s. Il examine les contributions de la discipline \u00e9pig\u00e9n\u00e9tique \u00e9mergente en \u00e9cologie et \u00e9volution, tant chez les organismes animaux que v\u00e9g\u00e9taux, ainsi que sa repr\u00e9sentation dans notre soci\u00e9t\u00e9.\" \/>\n<meta property=\"og:url\" content=\"https:\/\/www.istegroup.com\/produit\/epigenetique-en-ecologie-et-evolution\/\" \/>\n<meta property=\"og:site_name\" content=\"ISTE Group\" \/>\n<meta property=\"article:modified_time\" content=\"2025-04-16T10:41:43+00:00\" \/>\n<meta property=\"og:image\" content=\"https:\/\/www.istegroup.com\/wp-content\/uploads\/2024\/11\/Epigenetique-en-ecologie-et-evolution.png\" \/>\n\t<meta property=\"og:image:width\" content=\"300\" \/>\n\t<meta property=\"og:image:height\" content=\"450\" \/>\n\t<meta property=\"og:image:type\" content=\"image\/png\" \/>\n<meta name=\"twitter:card\" content=\"summary_large_image\" \/>\n<meta name=\"twitter:label1\" content=\"Est. reading time\" \/>\n\t<meta name=\"twitter:data1\" content=\"1 minute\" \/>\n<script type=\"application\/ld+json\" class=\"yoast-schema-graph\">{\"@context\":\"https:\/\/schema.org\",\"@graph\":[{\"@type\":\"WebPage\",\"@id\":\"https:\/\/www.istegroup.com\/produit\/epigenetique-en-ecologie-et-evolution\/\",\"url\":\"https:\/\/www.istegroup.com\/produit\/epigenetique-en-ecologie-et-evolution\/\",\"name\":\"\u00c9pig\u00e9n\u00e9tique en \u00e9cologie et \u00e9volution - ISTE Group\",\"isPartOf\":{\"@id\":\"https:\/\/www.istegroup.com\/#website\"},\"primaryImageOfPage\":{\"@id\":\"https:\/\/www.istegroup.com\/produit\/epigenetique-en-ecologie-et-evolution\/#primaryimage\"},\"image\":{\"@id\":\"https:\/\/www.istegroup.com\/produit\/epigenetique-en-ecologie-et-evolution\/#primaryimage\"},\"thumbnailUrl\":\"https:\/\/www.istegroup.com\/wp-content\/uploads\/2024\/11\/Epigenetique-en-ecologie-et-evolution.png\",\"datePublished\":\"2024-11-06T11:39:23+00:00\",\"dateModified\":\"2025-04-16T10:41:43+00:00\",\"description\":\"\u00c9pig\u00e9n\u00e9tique en \u00e9cologie et \u00e9volution retrace l\u2019histoire du concept d\u2019\u00e9pig\u00e9n\u00e9tique en biologie et d\u00e9crit les m\u00e9canismes mol\u00e9culaires impliqu\u00e9s. Il examine les contributions de la discipline \u00e9pig\u00e9n\u00e9tique \u00e9mergente en \u00e9cologie et \u00e9volution, tant chez les organismes animaux que v\u00e9g\u00e9taux, ainsi que sa repr\u00e9sentation dans notre soci\u00e9t\u00e9.\",\"breadcrumb\":{\"@id\":\"https:\/\/www.istegroup.com\/produit\/epigenetique-en-ecologie-et-evolution\/#breadcrumb\"},\"inLanguage\":\"en-US\",\"potentialAction\":[{\"@type\":\"ReadAction\",\"target\":[\"https:\/\/www.istegroup.com\/produit\/epigenetique-en-ecologie-et-evolution\/\"]}]},{\"@type\":\"ImageObject\",\"inLanguage\":\"en-US\",\"@id\":\"https:\/\/www.istegroup.com\/produit\/epigenetique-en-ecologie-et-evolution\/#primaryimage\",\"url\":\"https:\/\/www.istegroup.com\/wp-content\/uploads\/2024\/11\/Epigenetique-en-ecologie-et-evolution.png\",\"contentUrl\":\"https:\/\/www.istegroup.com\/wp-content\/uploads\/2024\/11\/Epigenetique-en-ecologie-et-evolution.png\",\"width\":300,\"height\":450,\"caption\":\"Livre scientifique - \u00c9pig\u00e9n\u00e9tique en \u00e9cologie et \u00e9volution\"},{\"@type\":\"BreadcrumbList\",\"@id\":\"https:\/\/www.istegroup.com\/produit\/epigenetique-en-ecologie-et-evolution\/#breadcrumb\",\"itemListElement\":[{\"@type\":\"ListItem\",\"position\":1,\"name\":\"Home\",\"item\":\"https:\/\/www.istegroup.com\/\"},{\"@type\":\"ListItem\",\"position\":2,\"name\":\"Shop\",\"item\":\"https:\/\/www.istegroup.com\/fr\/nouveautes\/\"},{\"@type\":\"ListItem\",\"position\":3,\"name\":\"\u00c9pig\u00e9n\u00e9tique en \u00e9cologie et \u00e9volution\"}]},{\"@type\":\"WebSite\",\"@id\":\"https:\/\/www.istegroup.com\/#website\",\"url\":\"https:\/\/www.istegroup.com\/\",\"name\":\"ISTE Group\",\"description\":\"Publishing Knowledge\",\"potentialAction\":[{\"@type\":\"SearchAction\",\"target\":{\"@type\":\"EntryPoint\",\"urlTemplate\":\"https:\/\/www.istegroup.com\/?s={search_term_string}\"},\"query-input\":{\"@type\":\"PropertyValueSpecification\",\"valueRequired\":true,\"valueName\":\"search_term_string\"}}],\"inLanguage\":\"en-US\"}]}<\/script>\n<!-- \/ Yoast SEO plugin. -->","yoast_head_json":{"title":"\u00c9pig\u00e9n\u00e9tique en \u00e9cologie et \u00e9volution - ISTE Group","description":"\u00c9pig\u00e9n\u00e9tique en \u00e9cologie et \u00e9volution retrace l\u2019histoire du concept d\u2019\u00e9pig\u00e9n\u00e9tique en biologie et d\u00e9crit les m\u00e9canismes mol\u00e9culaires impliqu\u00e9s. Il examine les contributions de la discipline \u00e9pig\u00e9n\u00e9tique \u00e9mergente en \u00e9cologie et \u00e9volution, tant chez les organismes animaux que v\u00e9g\u00e9taux, ainsi que sa repr\u00e9sentation dans notre soci\u00e9t\u00e9.","robots":{"index":"index","follow":"follow","max-snippet":"max-snippet:-1","max-image-preview":"max-image-preview:large","max-video-preview":"max-video-preview:-1"},"canonical":"https:\/\/www.istegroup.com\/produit\/epigenetique-en-ecologie-et-evolution\/","og_locale":"en_US","og_type":"article","og_title":"\u00c9pig\u00e9n\u00e9tique en \u00e9cologie et \u00e9volution - ISTE Group","og_description":"\u00c9pig\u00e9n\u00e9tique en \u00e9cologie et \u00e9volution retrace l\u2019histoire du concept d\u2019\u00e9pig\u00e9n\u00e9tique en biologie et d\u00e9crit les m\u00e9canismes mol\u00e9culaires impliqu\u00e9s. Il examine les contributions de la discipline \u00e9pig\u00e9n\u00e9tique \u00e9mergente en \u00e9cologie et \u00e9volution, tant chez les organismes animaux que v\u00e9g\u00e9taux, ainsi que sa repr\u00e9sentation dans notre soci\u00e9t\u00e9.","og_url":"https:\/\/www.istegroup.com\/produit\/epigenetique-en-ecologie-et-evolution\/","og_site_name":"ISTE Group","article_modified_time":"2025-04-16T10:41:43+00:00","og_image":[{"width":300,"height":450,"url":"https:\/\/www.istegroup.com\/wp-content\/uploads\/2024\/11\/Epigenetique-en-ecologie-et-evolution.png","type":"image\/png"}],"twitter_card":"summary_large_image","twitter_misc":{"Est. reading time":"1 minute"},"schema":{"@context":"https:\/\/schema.org","@graph":[{"@type":"WebPage","@id":"https:\/\/www.istegroup.com\/produit\/epigenetique-en-ecologie-et-evolution\/","url":"https:\/\/www.istegroup.com\/produit\/epigenetique-en-ecologie-et-evolution\/","name":"\u00c9pig\u00e9n\u00e9tique en \u00e9cologie et \u00e9volution - ISTE Group","isPartOf":{"@id":"https:\/\/www.istegroup.com\/#website"},"primaryImageOfPage":{"@id":"https:\/\/www.istegroup.com\/produit\/epigenetique-en-ecologie-et-evolution\/#primaryimage"},"image":{"@id":"https:\/\/www.istegroup.com\/produit\/epigenetique-en-ecologie-et-evolution\/#primaryimage"},"thumbnailUrl":"https:\/\/www.istegroup.com\/wp-content\/uploads\/2024\/11\/Epigenetique-en-ecologie-et-evolution.png","datePublished":"2024-11-06T11:39:23+00:00","dateModified":"2025-04-16T10:41:43+00:00","description":"\u00c9pig\u00e9n\u00e9tique en \u00e9cologie et \u00e9volution retrace l\u2019histoire du concept d\u2019\u00e9pig\u00e9n\u00e9tique en biologie et d\u00e9crit les m\u00e9canismes mol\u00e9culaires impliqu\u00e9s. Il examine les contributions de la discipline \u00e9pig\u00e9n\u00e9tique \u00e9mergente en \u00e9cologie et \u00e9volution, tant chez les organismes animaux que v\u00e9g\u00e9taux, ainsi que sa repr\u00e9sentation dans notre soci\u00e9t\u00e9.","breadcrumb":{"@id":"https:\/\/www.istegroup.com\/produit\/epigenetique-en-ecologie-et-evolution\/#breadcrumb"},"inLanguage":"en-US","potentialAction":[{"@type":"ReadAction","target":["https:\/\/www.istegroup.com\/produit\/epigenetique-en-ecologie-et-evolution\/"]}]},{"@type":"ImageObject","inLanguage":"en-US","@id":"https:\/\/www.istegroup.com\/produit\/epigenetique-en-ecologie-et-evolution\/#primaryimage","url":"https:\/\/www.istegroup.com\/wp-content\/uploads\/2024\/11\/Epigenetique-en-ecologie-et-evolution.png","contentUrl":"https:\/\/www.istegroup.com\/wp-content\/uploads\/2024\/11\/Epigenetique-en-ecologie-et-evolution.png","width":300,"height":450,"caption":"Livre scientifique - \u00c9pig\u00e9n\u00e9tique en \u00e9cologie et \u00e9volution"},{"@type":"BreadcrumbList","@id":"https:\/\/www.istegroup.com\/produit\/epigenetique-en-ecologie-et-evolution\/#breadcrumb","itemListElement":[{"@type":"ListItem","position":1,"name":"Home","item":"https:\/\/www.istegroup.com\/"},{"@type":"ListItem","position":2,"name":"Shop","item":"https:\/\/www.istegroup.com\/fr\/nouveautes\/"},{"@type":"ListItem","position":3,"name":"\u00c9pig\u00e9n\u00e9tique en \u00e9cologie et \u00e9volution"}]},{"@type":"WebSite","@id":"https:\/\/www.istegroup.com\/#website","url":"https:\/\/www.istegroup.com\/","name":"ISTE Group","description":"Publishing Knowledge","potentialAction":[{"@type":"SearchAction","target":{"@type":"EntryPoint","urlTemplate":"https:\/\/www.istegroup.com\/?s={search_term_string}"},"query-input":{"@type":"PropertyValueSpecification","valueRequired":true,"valueName":"search_term_string"}}],"inLanguage":"en-US"}]}},"_links":{"self":[{"href":"https:\/\/www.istegroup.com\/en\/wp-json\/wp\/v2\/product\/58474","targetHints":{"allow":["GET"]}}],"collection":[{"href":"https:\/\/www.istegroup.com\/en\/wp-json\/wp\/v2\/product"}],"about":[{"href":"https:\/\/www.istegroup.com\/en\/wp-json\/wp\/v2\/types\/product"}],"wp:featuredmedia":[{"embeddable":true,"href":"https:\/\/www.istegroup.com\/en\/wp-json\/wp\/v2\/media\/58483"}],"wp:attachment":[{"href":"https:\/\/www.istegroup.com\/en\/wp-json\/wp\/v2\/media?parent=58474"}],"wp:term":[{"taxonomy":"product_brand","embeddable":true,"href":"https:\/\/www.istegroup.com\/en\/wp-json\/wp\/v2\/product_brand?post=58474"},{"taxonomy":"product_cat","embeddable":true,"href":"https:\/\/www.istegroup.com\/en\/wp-json\/wp\/v2\/product_cat?post=58474"},{"taxonomy":"product_tag","embeddable":true,"href":"https:\/\/www.istegroup.com\/en\/wp-json\/wp\/v2\/product_tag?post=58474"}],"curies":[{"name":"wp","href":"https:\/\/api.w.org\/{rel}","templated":true}]}}