{"id":58439,"date":"2024-11-06T10:04:20","date_gmt":"2024-11-06T10:04:20","guid":{"rendered":"https:\/\/www.istegroup.com\/?post_type=product&#038;p=58439"},"modified":"2025-01-03T10:52:46","modified_gmt":"2025-01-03T10:52:46","slug":"methodes-de-calcul-et-modelisation-mathematique-en-cyberphysique-et-applications-techniques-1","status":"publish","type":"product","link":"https:\/\/www.istegroup.com\/en\/produit\/methodes-de-calcul-et-modelisation-mathematique-en-cyberphysique-et-applications-techniques-1\/","title":{"rendered":"M\u00e9thodes de calcul et mod\u00e9lisation math\u00e9matique en cyberphysique et applications techniques 1"},"content":{"rendered":"<p>Les m\u00e9thodes math\u00e9matiques en ing\u00e9nierie se caract\u00e9risent par une vaste gamme de techniques permettant d\u2019aborder un large spectre de probl\u00e8mes divers et vari\u00e9s. De plus, des techniques d\u2019analyse enti\u00e8rement diff\u00e9rentes peuvent \u00eatre appliqu\u00e9es au m\u00eame probl\u00e8me, ce qui se justifie par la diff\u00e9rence des applications sp\u00e9cifiques.<\/p>\n<p>Par cons\u00e9quent, l\u2019\u00e9tude des analyses et des solutions de probl\u00e8mes sp\u00e9cifiques conduit le chercheur \u00e0 g\u00e9n\u00e9rer ses propres techniques et approches pour l\u2019analyse de probl\u00e8mes similaires qui surgissent continuellement dans le processus de d\u00e9veloppement technique.<\/p>\n<p><em>M\u00e9thodes de calcul et mod\u00e9lisation math\u00e9matique en cyberphysique et applications techniques 1<\/em> propose des solutions \u00e0 des probl\u00e8mes dans les domaines actuels de l\u2019ing\u00e9nierie informatique et de la cyberphysique, offrant des exemples d\u2019id\u00e9es, de solutions et d\u2019approches concr\u00e8tes face \u00e0 des t\u00e2ches et des obstacles pratiques.<\/p>\n","protected":false},"excerpt":{"rendered":"<p>Les m\u00e9thodes math\u00e9matiques en ing\u00e9nierie se caract\u00e9risent par une vaste gamme de techniques permettant d\u2019aborder un large spectre de probl\u00e8mes divers et vari\u00e9s. De plus, des techniques d\u2019analyse enti\u00e8rement diff\u00e9rentes peuvent \u00eatre appliqu\u00e9es au m\u00eame probl\u00e8me, ce qui se justifie par la diff\u00e9rence des applications sp\u00e9cifiques. Par cons\u00e9quent, l\u2019\u00e9tude des analyses et des solutions de [&hellip;]<\/p>\n","protected":false},"featured_media":58450,"template":"","meta":{"_acf_changed":false,"_links_to":"","_links_to_target":""},"product_brand":[],"product_cat":[4289],"product_tag":[],"class_list":{"0":"post-58439","1":"product","2":"type-product","3":"status-publish","4":"has-post-thumbnail","6":"product_cat-sciences","8":"first","9":"instock","10":"shipping-taxable","11":"purchasable","12":"product-type-variable"},"acf":[],"yoast_head":"<!-- This site is optimized with the Yoast SEO plugin v27.2 - https:\/\/yoast.com\/product\/yoast-seo-wordpress\/ -->\n<title>M\u00e9thodes de calcul et mod\u00e9lisation math\u00e9matique en cyberphysique et applications techniques 1 - ISTE Group<\/title>\n<meta name=\"description\" content=\"M\u00e9thodes de calcul et mod\u00e9lisation math\u00e9matique en cyberphysique et applications techniques 1 propose des solutions \u00e0 des probl\u00e8mes dans les domaines actuels de l\u2019ing\u00e9nierie informatique et de la cyberphysique, offrant des exemples d\u2019id\u00e9es, de solutions et d\u2019approches concr\u00e8tes face \u00e0 des t\u00e2ches et des obstacles pratiques.\" \/>\n<meta name=\"robots\" content=\"index, follow, max-snippet:-1, max-image-preview:large, max-video-preview:-1\" \/>\n<link rel=\"canonical\" href=\"https:\/\/www.istegroup.com\/produit\/methodes-de-calcul-et-modelisation-mathematique-en-cyberphysique-et-applications-techniques-1\/\" \/>\n<meta property=\"og:locale\" content=\"en_US\" \/>\n<meta property=\"og:type\" content=\"article\" \/>\n<meta property=\"og:title\" content=\"M\u00e9thodes de calcul et mod\u00e9lisation math\u00e9matique en cyberphysique et applications techniques 1 - ISTE Group\" \/>\n<meta property=\"og:description\" content=\"M\u00e9thodes de calcul et mod\u00e9lisation math\u00e9matique en cyberphysique et applications techniques 1 propose des solutions \u00e0 des probl\u00e8mes dans les domaines actuels de l\u2019ing\u00e9nierie informatique et de la cyberphysique, offrant des exemples d\u2019id\u00e9es, de solutions et d\u2019approches concr\u00e8tes face \u00e0 des t\u00e2ches et des obstacles pratiques.\" \/>\n<meta property=\"og:url\" content=\"https:\/\/www.istegroup.com\/produit\/methodes-de-calcul-et-modelisation-mathematique-en-cyberphysique-et-applications-techniques-1\/\" \/>\n<meta property=\"og:site_name\" content=\"ISTE Group\" \/>\n<meta property=\"article:modified_time\" content=\"2025-01-03T10:52:46+00:00\" \/>\n<meta property=\"og:image\" content=\"https:\/\/www.istegroup.com\/wp-content\/uploads\/2024\/11\/Methodes-de-calcul-et-modelisation-mathematique-en-cyberphysique-et-applications-techniques-1.png\" \/>\n\t<meta property=\"og:image:width\" content=\"300\" \/>\n\t<meta property=\"og:image:height\" content=\"450\" \/>\n\t<meta property=\"og:image:type\" content=\"image\/png\" \/>\n<meta name=\"twitter:card\" content=\"summary_large_image\" \/>\n<meta name=\"twitter:label1\" content=\"Est. reading time\" \/>\n\t<meta name=\"twitter:data1\" content=\"1 minute\" \/>\n<script type=\"application\/ld+json\" class=\"yoast-schema-graph\">{\"@context\":\"https:\/\/schema.org\",\"@graph\":[{\"@type\":\"WebPage\",\"@id\":\"https:\/\/www.istegroup.com\/produit\/methodes-de-calcul-et-modelisation-mathematique-en-cyberphysique-et-applications-techniques-1\/\",\"url\":\"https:\/\/www.istegroup.com\/produit\/methodes-de-calcul-et-modelisation-mathematique-en-cyberphysique-et-applications-techniques-1\/\",\"name\":\"M\u00e9thodes de calcul et mod\u00e9lisation math\u00e9matique en cyberphysique et applications techniques 1 - ISTE Group\",\"isPartOf\":{\"@id\":\"https:\/\/www.istegroup.com\/#website\"},\"primaryImageOfPage\":{\"@id\":\"https:\/\/www.istegroup.com\/produit\/methodes-de-calcul-et-modelisation-mathematique-en-cyberphysique-et-applications-techniques-1\/#primaryimage\"},\"image\":{\"@id\":\"https:\/\/www.istegroup.com\/produit\/methodes-de-calcul-et-modelisation-mathematique-en-cyberphysique-et-applications-techniques-1\/#primaryimage\"},\"thumbnailUrl\":\"https:\/\/www.istegroup.com\/wp-content\/uploads\/2024\/11\/Methodes-de-calcul-et-modelisation-mathematique-en-cyberphysique-et-applications-techniques-1.png\",\"datePublished\":\"2024-11-06T10:04:20+00:00\",\"dateModified\":\"2025-01-03T10:52:46+00:00\",\"description\":\"M\u00e9thodes de calcul et mod\u00e9lisation math\u00e9matique en cyberphysique et applications techniques 1 propose des solutions \u00e0 des probl\u00e8mes dans les domaines actuels de l\u2019ing\u00e9nierie informatique et de la cyberphysique, offrant des exemples d\u2019id\u00e9es, de solutions et d\u2019approches concr\u00e8tes face \u00e0 des t\u00e2ches et des obstacles pratiques.\",\"breadcrumb\":{\"@id\":\"https:\/\/www.istegroup.com\/produit\/methodes-de-calcul-et-modelisation-mathematique-en-cyberphysique-et-applications-techniques-1\/#breadcrumb\"},\"inLanguage\":\"en-US\",\"potentialAction\":[{\"@type\":\"ReadAction\",\"target\":[\"https:\/\/www.istegroup.com\/produit\/methodes-de-calcul-et-modelisation-mathematique-en-cyberphysique-et-applications-techniques-1\/\"]}]},{\"@type\":\"ImageObject\",\"inLanguage\":\"en-US\",\"@id\":\"https:\/\/www.istegroup.com\/produit\/methodes-de-calcul-et-modelisation-mathematique-en-cyberphysique-et-applications-techniques-1\/#primaryimage\",\"url\":\"https:\/\/www.istegroup.com\/wp-content\/uploads\/2024\/11\/Methodes-de-calcul-et-modelisation-mathematique-en-cyberphysique-et-applications-techniques-1.png\",\"contentUrl\":\"https:\/\/www.istegroup.com\/wp-content\/uploads\/2024\/11\/Methodes-de-calcul-et-modelisation-mathematique-en-cyberphysique-et-applications-techniques-1.png\",\"width\":300,\"height\":450,\"caption\":\"Livre scientifique - M\u00e9thodes de calcul et mod\u00e9lisation math\u00e9matique en cyberphysique et applications techniques 1\"},{\"@type\":\"BreadcrumbList\",\"@id\":\"https:\/\/www.istegroup.com\/produit\/methodes-de-calcul-et-modelisation-mathematique-en-cyberphysique-et-applications-techniques-1\/#breadcrumb\",\"itemListElement\":[{\"@type\":\"ListItem\",\"position\":1,\"name\":\"Home\",\"item\":\"https:\/\/www.istegroup.com\/\"},{\"@type\":\"ListItem\",\"position\":2,\"name\":\"Shop\",\"item\":\"https:\/\/www.istegroup.com\/fr\/nouveautes\/\"},{\"@type\":\"ListItem\",\"position\":3,\"name\":\"M\u00e9thodes de calcul et mod\u00e9lisation math\u00e9matique en cyberphysique et applications techniques 1\"}]},{\"@type\":\"WebSite\",\"@id\":\"https:\/\/www.istegroup.com\/#website\",\"url\":\"https:\/\/www.istegroup.com\/\",\"name\":\"ISTE Group\",\"description\":\"Publishing Knowledge\",\"potentialAction\":[{\"@type\":\"SearchAction\",\"target\":{\"@type\":\"EntryPoint\",\"urlTemplate\":\"https:\/\/www.istegroup.com\/?s={search_term_string}\"},\"query-input\":{\"@type\":\"PropertyValueSpecification\",\"valueRequired\":true,\"valueName\":\"search_term_string\"}}],\"inLanguage\":\"en-US\"}]}<\/script>\n<!-- \/ Yoast SEO plugin. -->","yoast_head_json":{"title":"M\u00e9thodes de calcul et mod\u00e9lisation math\u00e9matique en cyberphysique et applications techniques 1 - ISTE Group","description":"M\u00e9thodes de calcul et mod\u00e9lisation math\u00e9matique en cyberphysique et applications techniques 1 propose des solutions \u00e0 des probl\u00e8mes dans les domaines actuels de l\u2019ing\u00e9nierie informatique et de la cyberphysique, offrant des exemples d\u2019id\u00e9es, de solutions et d\u2019approches concr\u00e8tes face \u00e0 des t\u00e2ches et des obstacles pratiques.","robots":{"index":"index","follow":"follow","max-snippet":"max-snippet:-1","max-image-preview":"max-image-preview:large","max-video-preview":"max-video-preview:-1"},"canonical":"https:\/\/www.istegroup.com\/produit\/methodes-de-calcul-et-modelisation-mathematique-en-cyberphysique-et-applications-techniques-1\/","og_locale":"en_US","og_type":"article","og_title":"M\u00e9thodes de calcul et mod\u00e9lisation math\u00e9matique en cyberphysique et applications techniques 1 - ISTE Group","og_description":"M\u00e9thodes de calcul et mod\u00e9lisation math\u00e9matique en cyberphysique et applications techniques 1 propose des solutions \u00e0 des probl\u00e8mes dans les domaines actuels de l\u2019ing\u00e9nierie informatique et de la cyberphysique, offrant des exemples d\u2019id\u00e9es, de solutions et d\u2019approches concr\u00e8tes face \u00e0 des t\u00e2ches et des obstacles pratiques.","og_url":"https:\/\/www.istegroup.com\/produit\/methodes-de-calcul-et-modelisation-mathematique-en-cyberphysique-et-applications-techniques-1\/","og_site_name":"ISTE Group","article_modified_time":"2025-01-03T10:52:46+00:00","og_image":[{"width":300,"height":450,"url":"https:\/\/www.istegroup.com\/wp-content\/uploads\/2024\/11\/Methodes-de-calcul-et-modelisation-mathematique-en-cyberphysique-et-applications-techniques-1.png","type":"image\/png"}],"twitter_card":"summary_large_image","twitter_misc":{"Est. reading time":"1 minute"},"schema":{"@context":"https:\/\/schema.org","@graph":[{"@type":"WebPage","@id":"https:\/\/www.istegroup.com\/produit\/methodes-de-calcul-et-modelisation-mathematique-en-cyberphysique-et-applications-techniques-1\/","url":"https:\/\/www.istegroup.com\/produit\/methodes-de-calcul-et-modelisation-mathematique-en-cyberphysique-et-applications-techniques-1\/","name":"M\u00e9thodes de calcul et mod\u00e9lisation math\u00e9matique en cyberphysique et applications techniques 1 - ISTE Group","isPartOf":{"@id":"https:\/\/www.istegroup.com\/#website"},"primaryImageOfPage":{"@id":"https:\/\/www.istegroup.com\/produit\/methodes-de-calcul-et-modelisation-mathematique-en-cyberphysique-et-applications-techniques-1\/#primaryimage"},"image":{"@id":"https:\/\/www.istegroup.com\/produit\/methodes-de-calcul-et-modelisation-mathematique-en-cyberphysique-et-applications-techniques-1\/#primaryimage"},"thumbnailUrl":"https:\/\/www.istegroup.com\/wp-content\/uploads\/2024\/11\/Methodes-de-calcul-et-modelisation-mathematique-en-cyberphysique-et-applications-techniques-1.png","datePublished":"2024-11-06T10:04:20+00:00","dateModified":"2025-01-03T10:52:46+00:00","description":"M\u00e9thodes de calcul et mod\u00e9lisation math\u00e9matique en cyberphysique et applications techniques 1 propose des solutions \u00e0 des probl\u00e8mes dans les domaines actuels de l\u2019ing\u00e9nierie informatique et de la cyberphysique, offrant des exemples d\u2019id\u00e9es, de solutions et d\u2019approches concr\u00e8tes face \u00e0 des t\u00e2ches et des obstacles pratiques.","breadcrumb":{"@id":"https:\/\/www.istegroup.com\/produit\/methodes-de-calcul-et-modelisation-mathematique-en-cyberphysique-et-applications-techniques-1\/#breadcrumb"},"inLanguage":"en-US","potentialAction":[{"@type":"ReadAction","target":["https:\/\/www.istegroup.com\/produit\/methodes-de-calcul-et-modelisation-mathematique-en-cyberphysique-et-applications-techniques-1\/"]}]},{"@type":"ImageObject","inLanguage":"en-US","@id":"https:\/\/www.istegroup.com\/produit\/methodes-de-calcul-et-modelisation-mathematique-en-cyberphysique-et-applications-techniques-1\/#primaryimage","url":"https:\/\/www.istegroup.com\/wp-content\/uploads\/2024\/11\/Methodes-de-calcul-et-modelisation-mathematique-en-cyberphysique-et-applications-techniques-1.png","contentUrl":"https:\/\/www.istegroup.com\/wp-content\/uploads\/2024\/11\/Methodes-de-calcul-et-modelisation-mathematique-en-cyberphysique-et-applications-techniques-1.png","width":300,"height":450,"caption":"Livre scientifique - M\u00e9thodes de calcul et mod\u00e9lisation math\u00e9matique en cyberphysique et applications techniques 1"},{"@type":"BreadcrumbList","@id":"https:\/\/www.istegroup.com\/produit\/methodes-de-calcul-et-modelisation-mathematique-en-cyberphysique-et-applications-techniques-1\/#breadcrumb","itemListElement":[{"@type":"ListItem","position":1,"name":"Home","item":"https:\/\/www.istegroup.com\/"},{"@type":"ListItem","position":2,"name":"Shop","item":"https:\/\/www.istegroup.com\/fr\/nouveautes\/"},{"@type":"ListItem","position":3,"name":"M\u00e9thodes de calcul et mod\u00e9lisation math\u00e9matique en cyberphysique et applications techniques 1"}]},{"@type":"WebSite","@id":"https:\/\/www.istegroup.com\/#website","url":"https:\/\/www.istegroup.com\/","name":"ISTE Group","description":"Publishing Knowledge","potentialAction":[{"@type":"SearchAction","target":{"@type":"EntryPoint","urlTemplate":"https:\/\/www.istegroup.com\/?s={search_term_string}"},"query-input":{"@type":"PropertyValueSpecification","valueRequired":true,"valueName":"search_term_string"}}],"inLanguage":"en-US"}]}},"_links":{"self":[{"href":"https:\/\/www.istegroup.com\/en\/wp-json\/wp\/v2\/product\/58439","targetHints":{"allow":["GET"]}}],"collection":[{"href":"https:\/\/www.istegroup.com\/en\/wp-json\/wp\/v2\/product"}],"about":[{"href":"https:\/\/www.istegroup.com\/en\/wp-json\/wp\/v2\/types\/product"}],"wp:featuredmedia":[{"embeddable":true,"href":"https:\/\/www.istegroup.com\/en\/wp-json\/wp\/v2\/media\/58450"}],"wp:attachment":[{"href":"https:\/\/www.istegroup.com\/en\/wp-json\/wp\/v2\/media?parent=58439"}],"wp:term":[{"taxonomy":"product_brand","embeddable":true,"href":"https:\/\/www.istegroup.com\/en\/wp-json\/wp\/v2\/product_brand?post=58439"},{"taxonomy":"product_cat","embeddable":true,"href":"https:\/\/www.istegroup.com\/en\/wp-json\/wp\/v2\/product_cat?post=58439"},{"taxonomy":"product_tag","embeddable":true,"href":"https:\/\/www.istegroup.com\/en\/wp-json\/wp\/v2\/product_tag?post=58439"}],"curies":[{"name":"wp","href":"https:\/\/api.w.org\/{rel}","templated":true}]}}