{"id":58427,"date":"2024-11-06T09:49:54","date_gmt":"2024-11-06T09:49:54","guid":{"rendered":"https:\/\/www.istegroup.com\/?post_type=product&#038;p=58427"},"modified":"2025-01-03T10:53:00","modified_gmt":"2025-01-03T10:53:00","slug":"la-geometrie-fractale-en-geographie-humaine-et-en-amenagement","status":"publish","type":"product","link":"https:\/\/www.istegroup.com\/en\/produit\/la-geometrie-fractale-en-geographie-humaine-et-en-amenagement\/","title":{"rendered":"La g\u00e9om\u00e9trie fractale en g\u00e9ographie humaine et en am\u00e9nagement"},"content":{"rendered":"<p>D\u00e9crire et comprendre les processus de concentration et de dispersion des implantations humaines est au coeur de la recherche en g\u00e9ographie. <em>La g\u00e9om\u00e9trie fractale en g\u00e9ographie humaine et en am\u00e9nagement<\/em> fait le point sur les concepts et les m\u00e9thodes d\u2019analyse et de mod\u00e9lisation fractales permettant d\u2019\u00e9tudier ces concentrations et dispersions. Les principaux concepts et les outils math\u00e9matiques sont expos\u00e9s de mani\u00e8re p\u00e9dagogique, ainsi que les int\u00e9r\u00eats pratiques de leur application et les \u00e9cueils \u00e0 \u00e9viter lors de leur utilisation.<\/p>\n<p>La premi\u00e8re partie est consacr\u00e9e aux notions \u00e9l\u00e9mentaires et aux figures g\u00e9om\u00e9triques de r\u00e9f\u00e9rence, utiles pour mener une analyse fractale en g\u00e9ographie humaine. La deuxi\u00e8me partie d\u00e9crit en d\u00e9tail les quatre grandes familles de m\u00e9thodes d\u2019analyse : analyses fractales de semis de points, m\u00e9thodes fractales de d\u00e9limitation morphologique des agglom\u00e9rations urbaines, analyses multifractales et signatures trans-\u00e9chelles. La troisi\u00e8me partie s\u2019int\u00e9resse aux applications possibles de la g\u00e9om\u00e9trie fractale pour l\u2019urbanisme et l\u2019am\u00e9nagement urbain et r\u00e9gional.<\/p>\n","protected":false},"excerpt":{"rendered":"<p>D\u00e9crire et comprendre les processus de concentration et de dispersion des implantations humaines est au coeur de la recherche en g\u00e9ographie. La g\u00e9om\u00e9trie fractale en g\u00e9ographie humaine et en am\u00e9nagement fait le point sur les concepts et les m\u00e9thodes d\u2019analyse et de mod\u00e9lisation fractales permettant d\u2019\u00e9tudier ces concentrations et dispersions. Les principaux concepts et les [&hellip;]<\/p>\n","protected":false},"featured_media":58438,"template":"","meta":{"_acf_changed":false,"_links_to":"","_links_to_target":""},"product_brand":[],"product_cat":[4289],"product_tag":[],"class_list":{"0":"post-58427","1":"product","2":"type-product","3":"status-publish","4":"has-post-thumbnail","6":"product_cat-sciences","8":"first","9":"instock","10":"shipping-taxable","11":"purchasable","12":"product-type-variable"},"acf":[],"yoast_head":"<!-- This site is optimized with the Yoast SEO plugin v27.2 - https:\/\/yoast.com\/product\/yoast-seo-wordpress\/ -->\n<title>La g\u00e9om\u00e9trie fractale en g\u00e9ographie humaine et en am\u00e9nagement - ISTE Group<\/title>\n<meta name=\"description\" content=\"La g\u00e9om\u00e9trie fractale en g\u00e9ographie humaine et en am\u00e9nagement fait le point sur les concepts et les m\u00e9thodes d\u2019analyse et de mod\u00e9lisation fractales permettant d\u2019\u00e9tudier ces concentrations et dispersions.\" \/>\n<meta name=\"robots\" content=\"index, follow, max-snippet:-1, max-image-preview:large, max-video-preview:-1\" \/>\n<link rel=\"canonical\" href=\"https:\/\/www.istegroup.com\/produit\/la-geometrie-fractale-en-geographie-humaine-et-en-amenagement\/\" \/>\n<meta property=\"og:locale\" content=\"en_US\" \/>\n<meta property=\"og:type\" content=\"article\" \/>\n<meta property=\"og:title\" content=\"La g\u00e9om\u00e9trie fractale en g\u00e9ographie humaine et en am\u00e9nagement - ISTE Group\" \/>\n<meta property=\"og:description\" content=\"La g\u00e9om\u00e9trie fractale en g\u00e9ographie humaine et en am\u00e9nagement fait le point sur les concepts et les m\u00e9thodes d\u2019analyse et de mod\u00e9lisation fractales permettant d\u2019\u00e9tudier ces concentrations et dispersions.\" \/>\n<meta property=\"og:url\" content=\"https:\/\/www.istegroup.com\/produit\/la-geometrie-fractale-en-geographie-humaine-et-en-amenagement\/\" \/>\n<meta property=\"og:site_name\" content=\"ISTE Group\" \/>\n<meta property=\"article:modified_time\" content=\"2025-01-03T10:53:00+00:00\" \/>\n<meta property=\"og:image\" content=\"https:\/\/www.istegroup.com\/wp-content\/uploads\/2024\/11\/La-geometrie-fractale-en-geographie-humaine-et-en-amenagement.png\" \/>\n\t<meta property=\"og:image:width\" content=\"300\" \/>\n\t<meta property=\"og:image:height\" content=\"450\" \/>\n\t<meta property=\"og:image:type\" content=\"image\/png\" \/>\n<meta name=\"twitter:card\" content=\"summary_large_image\" \/>\n<meta name=\"twitter:label1\" content=\"Est. reading time\" \/>\n\t<meta name=\"twitter:data1\" content=\"1 minute\" \/>\n<script type=\"application\/ld+json\" class=\"yoast-schema-graph\">{\"@context\":\"https:\/\/schema.org\",\"@graph\":[{\"@type\":\"WebPage\",\"@id\":\"https:\/\/www.istegroup.com\/produit\/la-geometrie-fractale-en-geographie-humaine-et-en-amenagement\/\",\"url\":\"https:\/\/www.istegroup.com\/produit\/la-geometrie-fractale-en-geographie-humaine-et-en-amenagement\/\",\"name\":\"La g\u00e9om\u00e9trie fractale en g\u00e9ographie humaine et en am\u00e9nagement - ISTE Group\",\"isPartOf\":{\"@id\":\"https:\/\/www.istegroup.com\/#website\"},\"primaryImageOfPage\":{\"@id\":\"https:\/\/www.istegroup.com\/produit\/la-geometrie-fractale-en-geographie-humaine-et-en-amenagement\/#primaryimage\"},\"image\":{\"@id\":\"https:\/\/www.istegroup.com\/produit\/la-geometrie-fractale-en-geographie-humaine-et-en-amenagement\/#primaryimage\"},\"thumbnailUrl\":\"https:\/\/www.istegroup.com\/wp-content\/uploads\/2024\/11\/La-geometrie-fractale-en-geographie-humaine-et-en-amenagement.png\",\"datePublished\":\"2024-11-06T09:49:54+00:00\",\"dateModified\":\"2025-01-03T10:53:00+00:00\",\"description\":\"La g\u00e9om\u00e9trie fractale en g\u00e9ographie humaine et en am\u00e9nagement fait le point sur les concepts et les m\u00e9thodes d\u2019analyse et de mod\u00e9lisation fractales permettant d\u2019\u00e9tudier ces concentrations et dispersions.\",\"breadcrumb\":{\"@id\":\"https:\/\/www.istegroup.com\/produit\/la-geometrie-fractale-en-geographie-humaine-et-en-amenagement\/#breadcrumb\"},\"inLanguage\":\"en-US\",\"potentialAction\":[{\"@type\":\"ReadAction\",\"target\":[\"https:\/\/www.istegroup.com\/produit\/la-geometrie-fractale-en-geographie-humaine-et-en-amenagement\/\"]}]},{\"@type\":\"ImageObject\",\"inLanguage\":\"en-US\",\"@id\":\"https:\/\/www.istegroup.com\/produit\/la-geometrie-fractale-en-geographie-humaine-et-en-amenagement\/#primaryimage\",\"url\":\"https:\/\/www.istegroup.com\/wp-content\/uploads\/2024\/11\/La-geometrie-fractale-en-geographie-humaine-et-en-amenagement.png\",\"contentUrl\":\"https:\/\/www.istegroup.com\/wp-content\/uploads\/2024\/11\/La-geometrie-fractale-en-geographie-humaine-et-en-amenagement.png\",\"width\":300,\"height\":450,\"caption\":\"Livre scientifique - La g\u00e9om\u00e9trie fractale en g\u00e9ographie humaine et en am\u00e9nagement\"},{\"@type\":\"BreadcrumbList\",\"@id\":\"https:\/\/www.istegroup.com\/produit\/la-geometrie-fractale-en-geographie-humaine-et-en-amenagement\/#breadcrumb\",\"itemListElement\":[{\"@type\":\"ListItem\",\"position\":1,\"name\":\"Home\",\"item\":\"https:\/\/www.istegroup.com\/\"},{\"@type\":\"ListItem\",\"position\":2,\"name\":\"Shop\",\"item\":\"https:\/\/www.istegroup.com\/fr\/nouveautes\/\"},{\"@type\":\"ListItem\",\"position\":3,\"name\":\"La g\u00e9om\u00e9trie fractale en g\u00e9ographie humaine et en am\u00e9nagement\"}]},{\"@type\":\"WebSite\",\"@id\":\"https:\/\/www.istegroup.com\/#website\",\"url\":\"https:\/\/www.istegroup.com\/\",\"name\":\"ISTE Group\",\"description\":\"Publishing Knowledge\",\"potentialAction\":[{\"@type\":\"SearchAction\",\"target\":{\"@type\":\"EntryPoint\",\"urlTemplate\":\"https:\/\/www.istegroup.com\/?s={search_term_string}\"},\"query-input\":{\"@type\":\"PropertyValueSpecification\",\"valueRequired\":true,\"valueName\":\"search_term_string\"}}],\"inLanguage\":\"en-US\"}]}<\/script>\n<!-- \/ Yoast SEO plugin. -->","yoast_head_json":{"title":"La g\u00e9om\u00e9trie fractale en g\u00e9ographie humaine et en am\u00e9nagement - ISTE Group","description":"La g\u00e9om\u00e9trie fractale en g\u00e9ographie humaine et en am\u00e9nagement fait le point sur les concepts et les m\u00e9thodes d\u2019analyse et de mod\u00e9lisation fractales permettant d\u2019\u00e9tudier ces concentrations et dispersions.","robots":{"index":"index","follow":"follow","max-snippet":"max-snippet:-1","max-image-preview":"max-image-preview:large","max-video-preview":"max-video-preview:-1"},"canonical":"https:\/\/www.istegroup.com\/produit\/la-geometrie-fractale-en-geographie-humaine-et-en-amenagement\/","og_locale":"en_US","og_type":"article","og_title":"La g\u00e9om\u00e9trie fractale en g\u00e9ographie humaine et en am\u00e9nagement - ISTE Group","og_description":"La g\u00e9om\u00e9trie fractale en g\u00e9ographie humaine et en am\u00e9nagement fait le point sur les concepts et les m\u00e9thodes d\u2019analyse et de mod\u00e9lisation fractales permettant d\u2019\u00e9tudier ces concentrations et dispersions.","og_url":"https:\/\/www.istegroup.com\/produit\/la-geometrie-fractale-en-geographie-humaine-et-en-amenagement\/","og_site_name":"ISTE Group","article_modified_time":"2025-01-03T10:53:00+00:00","og_image":[{"width":300,"height":450,"url":"https:\/\/www.istegroup.com\/wp-content\/uploads\/2024\/11\/La-geometrie-fractale-en-geographie-humaine-et-en-amenagement.png","type":"image\/png"}],"twitter_card":"summary_large_image","twitter_misc":{"Est. reading time":"1 minute"},"schema":{"@context":"https:\/\/schema.org","@graph":[{"@type":"WebPage","@id":"https:\/\/www.istegroup.com\/produit\/la-geometrie-fractale-en-geographie-humaine-et-en-amenagement\/","url":"https:\/\/www.istegroup.com\/produit\/la-geometrie-fractale-en-geographie-humaine-et-en-amenagement\/","name":"La g\u00e9om\u00e9trie fractale en g\u00e9ographie humaine et en am\u00e9nagement - ISTE Group","isPartOf":{"@id":"https:\/\/www.istegroup.com\/#website"},"primaryImageOfPage":{"@id":"https:\/\/www.istegroup.com\/produit\/la-geometrie-fractale-en-geographie-humaine-et-en-amenagement\/#primaryimage"},"image":{"@id":"https:\/\/www.istegroup.com\/produit\/la-geometrie-fractale-en-geographie-humaine-et-en-amenagement\/#primaryimage"},"thumbnailUrl":"https:\/\/www.istegroup.com\/wp-content\/uploads\/2024\/11\/La-geometrie-fractale-en-geographie-humaine-et-en-amenagement.png","datePublished":"2024-11-06T09:49:54+00:00","dateModified":"2025-01-03T10:53:00+00:00","description":"La g\u00e9om\u00e9trie fractale en g\u00e9ographie humaine et en am\u00e9nagement fait le point sur les concepts et les m\u00e9thodes d\u2019analyse et de mod\u00e9lisation fractales permettant d\u2019\u00e9tudier ces concentrations et dispersions.","breadcrumb":{"@id":"https:\/\/www.istegroup.com\/produit\/la-geometrie-fractale-en-geographie-humaine-et-en-amenagement\/#breadcrumb"},"inLanguage":"en-US","potentialAction":[{"@type":"ReadAction","target":["https:\/\/www.istegroup.com\/produit\/la-geometrie-fractale-en-geographie-humaine-et-en-amenagement\/"]}]},{"@type":"ImageObject","inLanguage":"en-US","@id":"https:\/\/www.istegroup.com\/produit\/la-geometrie-fractale-en-geographie-humaine-et-en-amenagement\/#primaryimage","url":"https:\/\/www.istegroup.com\/wp-content\/uploads\/2024\/11\/La-geometrie-fractale-en-geographie-humaine-et-en-amenagement.png","contentUrl":"https:\/\/www.istegroup.com\/wp-content\/uploads\/2024\/11\/La-geometrie-fractale-en-geographie-humaine-et-en-amenagement.png","width":300,"height":450,"caption":"Livre scientifique - La g\u00e9om\u00e9trie fractale en g\u00e9ographie humaine et en am\u00e9nagement"},{"@type":"BreadcrumbList","@id":"https:\/\/www.istegroup.com\/produit\/la-geometrie-fractale-en-geographie-humaine-et-en-amenagement\/#breadcrumb","itemListElement":[{"@type":"ListItem","position":1,"name":"Home","item":"https:\/\/www.istegroup.com\/"},{"@type":"ListItem","position":2,"name":"Shop","item":"https:\/\/www.istegroup.com\/fr\/nouveautes\/"},{"@type":"ListItem","position":3,"name":"La g\u00e9om\u00e9trie fractale en g\u00e9ographie humaine et en am\u00e9nagement"}]},{"@type":"WebSite","@id":"https:\/\/www.istegroup.com\/#website","url":"https:\/\/www.istegroup.com\/","name":"ISTE Group","description":"Publishing Knowledge","potentialAction":[{"@type":"SearchAction","target":{"@type":"EntryPoint","urlTemplate":"https:\/\/www.istegroup.com\/?s={search_term_string}"},"query-input":{"@type":"PropertyValueSpecification","valueRequired":true,"valueName":"search_term_string"}}],"inLanguage":"en-US"}]}},"_links":{"self":[{"href":"https:\/\/www.istegroup.com\/en\/wp-json\/wp\/v2\/product\/58427","targetHints":{"allow":["GET"]}}],"collection":[{"href":"https:\/\/www.istegroup.com\/en\/wp-json\/wp\/v2\/product"}],"about":[{"href":"https:\/\/www.istegroup.com\/en\/wp-json\/wp\/v2\/types\/product"}],"wp:featuredmedia":[{"embeddable":true,"href":"https:\/\/www.istegroup.com\/en\/wp-json\/wp\/v2\/media\/58438"}],"wp:attachment":[{"href":"https:\/\/www.istegroup.com\/en\/wp-json\/wp\/v2\/media?parent=58427"}],"wp:term":[{"taxonomy":"product_brand","embeddable":true,"href":"https:\/\/www.istegroup.com\/en\/wp-json\/wp\/v2\/product_brand?post=58427"},{"taxonomy":"product_cat","embeddable":true,"href":"https:\/\/www.istegroup.com\/en\/wp-json\/wp\/v2\/product_cat?post=58427"},{"taxonomy":"product_tag","embeddable":true,"href":"https:\/\/www.istegroup.com\/en\/wp-json\/wp\/v2\/product_tag?post=58427"}],"curies":[{"name":"wp","href":"https:\/\/api.w.org\/{rel}","templated":true}]}}