{"id":58413,"date":"2024-11-06T09:02:07","date_gmt":"2024-11-06T09:02:07","guid":{"rendered":"https:\/\/www.istegroup.com\/?post_type=product&#038;p=58413"},"modified":"2025-01-03T10:53:12","modified_gmt":"2025-01-03T10:53:12","slug":"mesure-du-deplacement-de-surface-a-partir-dimages-de-teledetection","status":"publish","type":"product","link":"https:\/\/www.istegroup.com\/en\/produit\/mesure-du-deplacement-de-surface-a-partir-dimages-de-teledetection\/","title":{"rendered":"Mesure du d\u00e9placement de surface \u00e0 partir d\u2019images de t\u00e9l\u00e9d\u00e9tection"},"content":{"rendered":"<p class=\"qtranxs-available-languages-message qtranxs-available-languages-message-en\">Sorry, this entry is only available in <a href=\"https:\/\/www.istegroup.com\/fr\/wp-json\/wp\/v2\/product\/58413\" class=\"qtranxs-available-language-link qtranxs-available-language-link-fr\" title=\"FR\">FR<\/a>.<\/p>","protected":false},"excerpt":{"rendered":"<p>Sorry, this entry is only available in FR.<\/p>\n","protected":false},"featured_media":58426,"template":"","meta":{"_acf_changed":false,"_links_to":"","_links_to_target":""},"product_brand":[],"product_cat":[4289],"product_tag":[],"class_list":{"0":"post-58413","1":"product","2":"type-product","3":"status-publish","4":"has-post-thumbnail","6":"product_cat-sciences","8":"first","9":"instock","10":"shipping-taxable","11":"purchasable","12":"product-type-variable"},"acf":[],"yoast_head":"<!-- This site is optimized with the Yoast SEO plugin v27.2 - https:\/\/yoast.com\/product\/yoast-seo-wordpress\/ -->\n<title>Mesure du d\u00e9placement de surface \u00e0 partir d\u2019images de t\u00e9l\u00e9d\u00e9tection - ISTE Group<\/title>\n<meta name=\"description\" content=\"Cet ouvrage offre une analyse compl\u00e8te des approches m\u00e9thodologiques d\u00e9velopp\u00e9es pour mesurer les d\u00e9placements de surface \u00e0 l\u2019aide d\u2019images radar \u00e0 synth\u00e8se d\u2019ouverture (SAR) ou optiques, et leurs applications dans la surveillance des principaux ph\u00e9nom\u00e8nes g\u00e9ophysiques.\" \/>\n<meta name=\"robots\" content=\"index, follow, max-snippet:-1, max-image-preview:large, max-video-preview:-1\" \/>\n<link rel=\"canonical\" href=\"https:\/\/www.istegroup.com\/produit\/mesure-du-deplacement-de-surface-a-partir-dimages-de-teledetection\/\" \/>\n<meta property=\"og:locale\" content=\"en_US\" \/>\n<meta property=\"og:type\" content=\"article\" \/>\n<meta property=\"og:title\" content=\"Mesure du d\u00e9placement de surface \u00e0 partir d\u2019images de t\u00e9l\u00e9d\u00e9tection - ISTE Group\" \/>\n<meta property=\"og:description\" content=\"Cet ouvrage offre une analyse compl\u00e8te des approches m\u00e9thodologiques d\u00e9velopp\u00e9es pour mesurer les d\u00e9placements de surface \u00e0 l\u2019aide d\u2019images radar \u00e0 synth\u00e8se d\u2019ouverture (SAR) ou optiques, et leurs applications dans la surveillance des principaux ph\u00e9nom\u00e8nes g\u00e9ophysiques.\" \/>\n<meta property=\"og:url\" content=\"https:\/\/www.istegroup.com\/produit\/mesure-du-deplacement-de-surface-a-partir-dimages-de-teledetection\/\" \/>\n<meta property=\"og:site_name\" content=\"ISTE Group\" \/>\n<meta property=\"article:modified_time\" content=\"2025-01-03T10:53:12+00:00\" \/>\n<meta property=\"og:image\" content=\"https:\/\/www.istegroup.com\/wp-content\/uploads\/2023\/11\/Mesure-du-deplacement-de-surface-a-partir-dimages-de-teledetection.png\" \/>\n\t<meta property=\"og:image:width\" content=\"300\" \/>\n\t<meta property=\"og:image:height\" content=\"450\" \/>\n\t<meta property=\"og:image:type\" content=\"image\/png\" \/>\n<meta name=\"twitter:card\" content=\"summary_large_image\" \/>\n<meta name=\"twitter:label1\" content=\"Est. reading time\" \/>\n\t<meta name=\"twitter:data1\" content=\"1 minute\" \/>\n<script type=\"application\/ld+json\" class=\"yoast-schema-graph\">{\"@context\":\"https:\/\/schema.org\",\"@graph\":[{\"@type\":\"WebPage\",\"@id\":\"https:\/\/www.istegroup.com\/produit\/mesure-du-deplacement-de-surface-a-partir-dimages-de-teledetection\/\",\"url\":\"https:\/\/www.istegroup.com\/produit\/mesure-du-deplacement-de-surface-a-partir-dimages-de-teledetection\/\",\"name\":\"Mesure du d\u00e9placement de surface \u00e0 partir d\u2019images de t\u00e9l\u00e9d\u00e9tection - ISTE Group\",\"isPartOf\":{\"@id\":\"https:\/\/www.istegroup.com\/#website\"},\"primaryImageOfPage\":{\"@id\":\"https:\/\/www.istegroup.com\/produit\/mesure-du-deplacement-de-surface-a-partir-dimages-de-teledetection\/#primaryimage\"},\"image\":{\"@id\":\"https:\/\/www.istegroup.com\/produit\/mesure-du-deplacement-de-surface-a-partir-dimages-de-teledetection\/#primaryimage\"},\"thumbnailUrl\":\"https:\/\/www.istegroup.com\/wp-content\/uploads\/2023\/11\/Mesure-du-deplacement-de-surface-a-partir-dimages-de-teledetection.png\",\"datePublished\":\"2024-11-06T09:02:07+00:00\",\"dateModified\":\"2025-01-03T10:53:12+00:00\",\"description\":\"Cet ouvrage offre une analyse compl\u00e8te des approches m\u00e9thodologiques d\u00e9velopp\u00e9es pour mesurer les d\u00e9placements de surface \u00e0 l\u2019aide d\u2019images radar \u00e0 synth\u00e8se d\u2019ouverture (SAR) ou optiques, et leurs applications dans la surveillance des principaux ph\u00e9nom\u00e8nes g\u00e9ophysiques.\",\"breadcrumb\":{\"@id\":\"https:\/\/www.istegroup.com\/produit\/mesure-du-deplacement-de-surface-a-partir-dimages-de-teledetection\/#breadcrumb\"},\"inLanguage\":\"en-US\",\"potentialAction\":[{\"@type\":\"ReadAction\",\"target\":[\"https:\/\/www.istegroup.com\/produit\/mesure-du-deplacement-de-surface-a-partir-dimages-de-teledetection\/\"]}]},{\"@type\":\"ImageObject\",\"inLanguage\":\"en-US\",\"@id\":\"https:\/\/www.istegroup.com\/produit\/mesure-du-deplacement-de-surface-a-partir-dimages-de-teledetection\/#primaryimage\",\"url\":\"https:\/\/www.istegroup.com\/wp-content\/uploads\/2023\/11\/Mesure-du-deplacement-de-surface-a-partir-dimages-de-teledetection.png\",\"contentUrl\":\"https:\/\/www.istegroup.com\/wp-content\/uploads\/2023\/11\/Mesure-du-deplacement-de-surface-a-partir-dimages-de-teledetection.png\",\"width\":300,\"height\":450,\"caption\":\"Livre scientifique - Mesure du d\u00e9placement de surface \u00e0 partir d\u2019images de t\u00e9l\u00e9d\u00e9tection\"},{\"@type\":\"BreadcrumbList\",\"@id\":\"https:\/\/www.istegroup.com\/produit\/mesure-du-deplacement-de-surface-a-partir-dimages-de-teledetection\/#breadcrumb\",\"itemListElement\":[{\"@type\":\"ListItem\",\"position\":1,\"name\":\"Home\",\"item\":\"https:\/\/www.istegroup.com\/\"},{\"@type\":\"ListItem\",\"position\":2,\"name\":\"Shop\",\"item\":\"https:\/\/www.istegroup.com\/fr\/nouveautes\/\"},{\"@type\":\"ListItem\",\"position\":3,\"name\":\"Mesure du d\u00e9placement de surface \u00e0 partir d\u2019images de t\u00e9l\u00e9d\u00e9tection\"}]},{\"@type\":\"WebSite\",\"@id\":\"https:\/\/www.istegroup.com\/#website\",\"url\":\"https:\/\/www.istegroup.com\/\",\"name\":\"ISTE Group\",\"description\":\"Publishing Knowledge\",\"potentialAction\":[{\"@type\":\"SearchAction\",\"target\":{\"@type\":\"EntryPoint\",\"urlTemplate\":\"https:\/\/www.istegroup.com\/?s={search_term_string}\"},\"query-input\":{\"@type\":\"PropertyValueSpecification\",\"valueRequired\":true,\"valueName\":\"search_term_string\"}}],\"inLanguage\":\"en-US\"}]}<\/script>\n<!-- \/ Yoast SEO plugin. -->","yoast_head_json":{"title":"Mesure du d\u00e9placement de surface \u00e0 partir d\u2019images de t\u00e9l\u00e9d\u00e9tection - ISTE Group","description":"Cet ouvrage offre une analyse compl\u00e8te des approches m\u00e9thodologiques d\u00e9velopp\u00e9es pour mesurer les d\u00e9placements de surface \u00e0 l\u2019aide d\u2019images radar \u00e0 synth\u00e8se d\u2019ouverture (SAR) ou optiques, et leurs applications dans la surveillance des principaux ph\u00e9nom\u00e8nes g\u00e9ophysiques.","robots":{"index":"index","follow":"follow","max-snippet":"max-snippet:-1","max-image-preview":"max-image-preview:large","max-video-preview":"max-video-preview:-1"},"canonical":"https:\/\/www.istegroup.com\/produit\/mesure-du-deplacement-de-surface-a-partir-dimages-de-teledetection\/","og_locale":"en_US","og_type":"article","og_title":"Mesure du d\u00e9placement de surface \u00e0 partir d\u2019images de t\u00e9l\u00e9d\u00e9tection - ISTE Group","og_description":"Cet ouvrage offre une analyse compl\u00e8te des approches m\u00e9thodologiques d\u00e9velopp\u00e9es pour mesurer les d\u00e9placements de surface \u00e0 l\u2019aide d\u2019images radar \u00e0 synth\u00e8se d\u2019ouverture (SAR) ou optiques, et leurs applications dans la surveillance des principaux ph\u00e9nom\u00e8nes g\u00e9ophysiques.","og_url":"https:\/\/www.istegroup.com\/produit\/mesure-du-deplacement-de-surface-a-partir-dimages-de-teledetection\/","og_site_name":"ISTE Group","article_modified_time":"2025-01-03T10:53:12+00:00","og_image":[{"width":300,"height":450,"url":"https:\/\/www.istegroup.com\/wp-content\/uploads\/2023\/11\/Mesure-du-deplacement-de-surface-a-partir-dimages-de-teledetection.png","type":"image\/png"}],"twitter_card":"summary_large_image","twitter_misc":{"Est. reading time":"1 minute"},"schema":{"@context":"https:\/\/schema.org","@graph":[{"@type":"WebPage","@id":"https:\/\/www.istegroup.com\/produit\/mesure-du-deplacement-de-surface-a-partir-dimages-de-teledetection\/","url":"https:\/\/www.istegroup.com\/produit\/mesure-du-deplacement-de-surface-a-partir-dimages-de-teledetection\/","name":"Mesure du d\u00e9placement de surface \u00e0 partir d\u2019images de t\u00e9l\u00e9d\u00e9tection - ISTE Group","isPartOf":{"@id":"https:\/\/www.istegroup.com\/#website"},"primaryImageOfPage":{"@id":"https:\/\/www.istegroup.com\/produit\/mesure-du-deplacement-de-surface-a-partir-dimages-de-teledetection\/#primaryimage"},"image":{"@id":"https:\/\/www.istegroup.com\/produit\/mesure-du-deplacement-de-surface-a-partir-dimages-de-teledetection\/#primaryimage"},"thumbnailUrl":"https:\/\/www.istegroup.com\/wp-content\/uploads\/2023\/11\/Mesure-du-deplacement-de-surface-a-partir-dimages-de-teledetection.png","datePublished":"2024-11-06T09:02:07+00:00","dateModified":"2025-01-03T10:53:12+00:00","description":"Cet ouvrage offre une analyse compl\u00e8te des approches m\u00e9thodologiques d\u00e9velopp\u00e9es pour mesurer les d\u00e9placements de surface \u00e0 l\u2019aide d\u2019images radar \u00e0 synth\u00e8se d\u2019ouverture (SAR) ou optiques, et leurs applications dans la surveillance des principaux ph\u00e9nom\u00e8nes g\u00e9ophysiques.","breadcrumb":{"@id":"https:\/\/www.istegroup.com\/produit\/mesure-du-deplacement-de-surface-a-partir-dimages-de-teledetection\/#breadcrumb"},"inLanguage":"en-US","potentialAction":[{"@type":"ReadAction","target":["https:\/\/www.istegroup.com\/produit\/mesure-du-deplacement-de-surface-a-partir-dimages-de-teledetection\/"]}]},{"@type":"ImageObject","inLanguage":"en-US","@id":"https:\/\/www.istegroup.com\/produit\/mesure-du-deplacement-de-surface-a-partir-dimages-de-teledetection\/#primaryimage","url":"https:\/\/www.istegroup.com\/wp-content\/uploads\/2023\/11\/Mesure-du-deplacement-de-surface-a-partir-dimages-de-teledetection.png","contentUrl":"https:\/\/www.istegroup.com\/wp-content\/uploads\/2023\/11\/Mesure-du-deplacement-de-surface-a-partir-dimages-de-teledetection.png","width":300,"height":450,"caption":"Livre scientifique - Mesure du d\u00e9placement de surface \u00e0 partir d\u2019images de t\u00e9l\u00e9d\u00e9tection"},{"@type":"BreadcrumbList","@id":"https:\/\/www.istegroup.com\/produit\/mesure-du-deplacement-de-surface-a-partir-dimages-de-teledetection\/#breadcrumb","itemListElement":[{"@type":"ListItem","position":1,"name":"Home","item":"https:\/\/www.istegroup.com\/"},{"@type":"ListItem","position":2,"name":"Shop","item":"https:\/\/www.istegroup.com\/fr\/nouveautes\/"},{"@type":"ListItem","position":3,"name":"Mesure du d\u00e9placement de surface \u00e0 partir d\u2019images de t\u00e9l\u00e9d\u00e9tection"}]},{"@type":"WebSite","@id":"https:\/\/www.istegroup.com\/#website","url":"https:\/\/www.istegroup.com\/","name":"ISTE Group","description":"Publishing Knowledge","potentialAction":[{"@type":"SearchAction","target":{"@type":"EntryPoint","urlTemplate":"https:\/\/www.istegroup.com\/?s={search_term_string}"},"query-input":{"@type":"PropertyValueSpecification","valueRequired":true,"valueName":"search_term_string"}}],"inLanguage":"en-US"}]}},"_links":{"self":[{"href":"https:\/\/www.istegroup.com\/en\/wp-json\/wp\/v2\/product\/58413","targetHints":{"allow":["GET"]}}],"collection":[{"href":"https:\/\/www.istegroup.com\/en\/wp-json\/wp\/v2\/product"}],"about":[{"href":"https:\/\/www.istegroup.com\/en\/wp-json\/wp\/v2\/types\/product"}],"wp:featuredmedia":[{"embeddable":true,"href":"https:\/\/www.istegroup.com\/en\/wp-json\/wp\/v2\/media\/58426"}],"wp:attachment":[{"href":"https:\/\/www.istegroup.com\/en\/wp-json\/wp\/v2\/media?parent=58413"}],"wp:term":[{"taxonomy":"product_brand","embeddable":true,"href":"https:\/\/www.istegroup.com\/en\/wp-json\/wp\/v2\/product_brand?post=58413"},{"taxonomy":"product_cat","embeddable":true,"href":"https:\/\/www.istegroup.com\/en\/wp-json\/wp\/v2\/product_cat?post=58413"},{"taxonomy":"product_tag","embeddable":true,"href":"https:\/\/www.istegroup.com\/en\/wp-json\/wp\/v2\/product_tag?post=58413"}],"curies":[{"name":"wp","href":"https:\/\/api.w.org\/{rel}","templated":true}]}}