{"id":58211,"date":"2024-10-21T11:09:11","date_gmt":"2024-10-21T10:09:11","guid":{"rendered":"https:\/\/www.istegroup.com\/?post_type=product&#038;p=58211"},"modified":"2024-10-21T11:21:56","modified_gmt":"2024-10-21T10:21:56","slug":"jeu-et-apprentissage","status":"publish","type":"product","link":"https:\/\/www.istegroup.com\/en\/produit\/jeu-et-apprentissage\/","title":{"rendered":"Jeu et apprentissage"},"content":{"rendered":"<p>Dans quelle mesure le jeu constitue-t-il une m\u00e9thode d\u2019apprentissage ? Comment peut-il \u00eatre utilis\u00e9 lors des diff\u00e9rentes \u00e9tapes de l\u2019\u00e9ducation, de la petite enfance jusqu\u2019\u00e0 l\u2019universit\u00e9, en passant par la formation professionnelle, voire l\u2019apprentissage informel dans les mus\u00e9es ?<\/p>\n<p><em>Jeu et apprentissage<\/em> explore l\u2019\u00e9mergence des jeux et l\u2019int\u00e9r\u00eat croissant qu\u2019ils suscitent dans les contextes \u00e9ducatifs. Jeux de plateau, jeux num\u00e9riques, <em>escape games<\/em> ou encore jeux de r\u00f4le, de nombreux enseignants et formateurs int\u00e8grent d\u00e9sormais des outils ludiques dans leurs pratiques p\u00e9dagogiques.<\/p>\n<p>Ce livre analyse les modalit\u00e9s des apprentissages rendus possibles par l\u2019usage du jeu. Qu\u2019apprend-on r\u00e9ellement en jouant ? Quels sont les enseignements tir\u00e9s des travaux de recherche sur les m\u00e9thodes d\u2019apprentissage bas\u00e9es sur le jeu ? Destin\u00e9 \u00e0 un large public, cet ouvrage offre une synth\u00e8se des connaissances actuelles sur le sujet. Il s\u2019adresse \u00e0 tous ceux qui s\u2019int\u00e9ressent \u00e0 l\u2019innovation p\u00e9dagogique.<\/p>\n","protected":false},"excerpt":{"rendered":"<p class=\"qtranxs-available-languages-message qtranxs-available-languages-message-en\">Sorry, this entry is only available in <a href=\"https:\/\/www.istegroup.com\/fr\/wp-json\/wp\/v2\/product\/58211\" class=\"qtranxs-available-language-link qtranxs-available-language-link-fr\" title=\"FR\">FR<\/a>.<\/p>\n","protected":false},"featured_media":58219,"template":"","meta":{"_acf_changed":false,"_links_to":"","_links_to_target":""},"product_brand":[],"product_cat":[3262],"product_tag":[],"class_list":{"0":"post-58211","1":"product","2":"type-product","3":"status-publish","4":"has-post-thumbnail","6":"product_cat-non-classe","8":"first","9":"instock","10":"shipping-taxable","11":"purchasable","12":"product-type-variable"},"acf":[],"yoast_head":"<!-- This site is optimized with the Yoast SEO plugin v27.2 - https:\/\/yoast.com\/product\/yoast-seo-wordpress\/ -->\n<title>Jeu et apprentissage - ISTE Group<\/title>\n<meta name=\"robots\" content=\"index, follow, max-snippet:-1, max-image-preview:large, max-video-preview:-1\" \/>\n<link rel=\"canonical\" href=\"https:\/\/www.istegroup.com\/produit\/jeu-et-apprentissage\/\" \/>\n<meta property=\"og:locale\" content=\"en_US\" \/>\n<meta property=\"og:type\" content=\"article\" \/>\n<meta property=\"og:title\" content=\"Jeu et apprentissage - ISTE Group\" \/>\n<meta property=\"og:description\" content=\"[:fr]Cet ouvrage est uniquement disponible en version \u00e9lectronique.   [:]\" \/>\n<meta property=\"og:url\" content=\"https:\/\/www.istegroup.com\/produit\/jeu-et-apprentissage\/\" \/>\n<meta property=\"og:site_name\" content=\"ISTE Group\" \/>\n<meta property=\"article:modified_time\" content=\"2024-10-21T10:21:56+00:00\" \/>\n<meta property=\"og:image\" content=\"https:\/\/www.istegroup.com\/wp-content\/uploads\/2024\/10\/Jeu-et-apprentissage.png\" \/>\n\t<meta property=\"og:image:width\" content=\"596\" \/>\n\t<meta property=\"og:image:height\" content=\"898\" \/>\n\t<meta property=\"og:image:type\" content=\"image\/png\" \/>\n<meta name=\"twitter:card\" content=\"summary_large_image\" \/>\n<meta name=\"twitter:label1\" content=\"Est. reading time\" \/>\n\t<meta name=\"twitter:data1\" content=\"1 minute\" \/>\n<script type=\"application\/ld+json\" class=\"yoast-schema-graph\">{\"@context\":\"https:\/\/schema.org\",\"@graph\":[{\"@type\":\"WebPage\",\"@id\":\"https:\/\/www.istegroup.com\/produit\/jeu-et-apprentissage\/\",\"url\":\"https:\/\/www.istegroup.com\/produit\/jeu-et-apprentissage\/\",\"name\":\"Jeu et apprentissage - ISTE Group\",\"isPartOf\":{\"@id\":\"https:\/\/www.istegroup.com\/#website\"},\"primaryImageOfPage\":{\"@id\":\"https:\/\/www.istegroup.com\/produit\/jeu-et-apprentissage\/#primaryimage\"},\"image\":{\"@id\":\"https:\/\/www.istegroup.com\/produit\/jeu-et-apprentissage\/#primaryimage\"},\"thumbnailUrl\":\"https:\/\/www.istegroup.com\/wp-content\/uploads\/2024\/10\/Jeu-et-apprentissage.png\",\"datePublished\":\"2024-10-21T10:09:11+00:00\",\"dateModified\":\"2024-10-21T10:21:56+00:00\",\"breadcrumb\":{\"@id\":\"https:\/\/www.istegroup.com\/produit\/jeu-et-apprentissage\/#breadcrumb\"},\"inLanguage\":\"en-US\",\"potentialAction\":[{\"@type\":\"ReadAction\",\"target\":[\"https:\/\/www.istegroup.com\/produit\/jeu-et-apprentissage\/\"]}]},{\"@type\":\"ImageObject\",\"inLanguage\":\"en-US\",\"@id\":\"https:\/\/www.istegroup.com\/produit\/jeu-et-apprentissage\/#primaryimage\",\"url\":\"https:\/\/www.istegroup.com\/wp-content\/uploads\/2024\/10\/Jeu-et-apprentissage.png\",\"contentUrl\":\"https:\/\/www.istegroup.com\/wp-content\/uploads\/2024\/10\/Jeu-et-apprentissage.png\",\"width\":596,\"height\":898,\"caption\":\"Livre scientifique - Jeu et apprentissage\"},{\"@type\":\"BreadcrumbList\",\"@id\":\"https:\/\/www.istegroup.com\/produit\/jeu-et-apprentissage\/#breadcrumb\",\"itemListElement\":[{\"@type\":\"ListItem\",\"position\":1,\"name\":\"Home\",\"item\":\"https:\/\/www.istegroup.com\/\"},{\"@type\":\"ListItem\",\"position\":2,\"name\":\"Shop\",\"item\":\"https:\/\/www.istegroup.com\/fr\/nouveautes\/\"},{\"@type\":\"ListItem\",\"position\":3,\"name\":\"Jeu et apprentissage\"}]},{\"@type\":\"WebSite\",\"@id\":\"https:\/\/www.istegroup.com\/#website\",\"url\":\"https:\/\/www.istegroup.com\/\",\"name\":\"ISTE Group\",\"description\":\"Publishing Knowledge\",\"potentialAction\":[{\"@type\":\"SearchAction\",\"target\":{\"@type\":\"EntryPoint\",\"urlTemplate\":\"https:\/\/www.istegroup.com\/?s={search_term_string}\"},\"query-input\":{\"@type\":\"PropertyValueSpecification\",\"valueRequired\":true,\"valueName\":\"search_term_string\"}}],\"inLanguage\":\"en-US\"}]}<\/script>\n<!-- \/ Yoast SEO plugin. -->","yoast_head_json":{"title":"Jeu et apprentissage - ISTE Group","robots":{"index":"index","follow":"follow","max-snippet":"max-snippet:-1","max-image-preview":"max-image-preview:large","max-video-preview":"max-video-preview:-1"},"canonical":"https:\/\/www.istegroup.com\/produit\/jeu-et-apprentissage\/","og_locale":"en_US","og_type":"article","og_title":"Jeu et apprentissage - ISTE Group","og_description":"[:fr]Cet ouvrage est uniquement disponible en version \u00e9lectronique.   [:]","og_url":"https:\/\/www.istegroup.com\/produit\/jeu-et-apprentissage\/","og_site_name":"ISTE Group","article_modified_time":"2024-10-21T10:21:56+00:00","og_image":[{"width":596,"height":898,"url":"https:\/\/www.istegroup.com\/wp-content\/uploads\/2024\/10\/Jeu-et-apprentissage.png","type":"image\/png"}],"twitter_card":"summary_large_image","twitter_misc":{"Est. reading time":"1 minute"},"schema":{"@context":"https:\/\/schema.org","@graph":[{"@type":"WebPage","@id":"https:\/\/www.istegroup.com\/produit\/jeu-et-apprentissage\/","url":"https:\/\/www.istegroup.com\/produit\/jeu-et-apprentissage\/","name":"Jeu et apprentissage - ISTE Group","isPartOf":{"@id":"https:\/\/www.istegroup.com\/#website"},"primaryImageOfPage":{"@id":"https:\/\/www.istegroup.com\/produit\/jeu-et-apprentissage\/#primaryimage"},"image":{"@id":"https:\/\/www.istegroup.com\/produit\/jeu-et-apprentissage\/#primaryimage"},"thumbnailUrl":"https:\/\/www.istegroup.com\/wp-content\/uploads\/2024\/10\/Jeu-et-apprentissage.png","datePublished":"2024-10-21T10:09:11+00:00","dateModified":"2024-10-21T10:21:56+00:00","breadcrumb":{"@id":"https:\/\/www.istegroup.com\/produit\/jeu-et-apprentissage\/#breadcrumb"},"inLanguage":"en-US","potentialAction":[{"@type":"ReadAction","target":["https:\/\/www.istegroup.com\/produit\/jeu-et-apprentissage\/"]}]},{"@type":"ImageObject","inLanguage":"en-US","@id":"https:\/\/www.istegroup.com\/produit\/jeu-et-apprentissage\/#primaryimage","url":"https:\/\/www.istegroup.com\/wp-content\/uploads\/2024\/10\/Jeu-et-apprentissage.png","contentUrl":"https:\/\/www.istegroup.com\/wp-content\/uploads\/2024\/10\/Jeu-et-apprentissage.png","width":596,"height":898,"caption":"Livre scientifique - Jeu et apprentissage"},{"@type":"BreadcrumbList","@id":"https:\/\/www.istegroup.com\/produit\/jeu-et-apprentissage\/#breadcrumb","itemListElement":[{"@type":"ListItem","position":1,"name":"Home","item":"https:\/\/www.istegroup.com\/"},{"@type":"ListItem","position":2,"name":"Shop","item":"https:\/\/www.istegroup.com\/fr\/nouveautes\/"},{"@type":"ListItem","position":3,"name":"Jeu et apprentissage"}]},{"@type":"WebSite","@id":"https:\/\/www.istegroup.com\/#website","url":"https:\/\/www.istegroup.com\/","name":"ISTE Group","description":"Publishing Knowledge","potentialAction":[{"@type":"SearchAction","target":{"@type":"EntryPoint","urlTemplate":"https:\/\/www.istegroup.com\/?s={search_term_string}"},"query-input":{"@type":"PropertyValueSpecification","valueRequired":true,"valueName":"search_term_string"}}],"inLanguage":"en-US"}]}},"_links":{"self":[{"href":"https:\/\/www.istegroup.com\/en\/wp-json\/wp\/v2\/product\/58211","targetHints":{"allow":["GET"]}}],"collection":[{"href":"https:\/\/www.istegroup.com\/en\/wp-json\/wp\/v2\/product"}],"about":[{"href":"https:\/\/www.istegroup.com\/en\/wp-json\/wp\/v2\/types\/product"}],"wp:featuredmedia":[{"embeddable":true,"href":"https:\/\/www.istegroup.com\/en\/wp-json\/wp\/v2\/media\/58219"}],"wp:attachment":[{"href":"https:\/\/www.istegroup.com\/en\/wp-json\/wp\/v2\/media?parent=58211"}],"wp:term":[{"taxonomy":"product_brand","embeddable":true,"href":"https:\/\/www.istegroup.com\/en\/wp-json\/wp\/v2\/product_brand?post=58211"},{"taxonomy":"product_cat","embeddable":true,"href":"https:\/\/www.istegroup.com\/en\/wp-json\/wp\/v2\/product_cat?post=58211"},{"taxonomy":"product_tag","embeddable":true,"href":"https:\/\/www.istegroup.com\/en\/wp-json\/wp\/v2\/product_tag?post=58211"}],"curies":[{"name":"wp","href":"https:\/\/api.w.org\/{rel}","templated":true}]}}