{"id":57367,"date":"2024-07-10T09:57:53","date_gmt":"2024-07-10T08:57:53","guid":{"rendered":"https:\/\/www.istegroup.com\/?post_type=product&#038;p=57367"},"modified":"2024-07-15T14:50:29","modified_gmt":"2024-07-15T13:50:29","slug":"limperfection-des-donnees-geographiques-2","status":"publish","type":"product","link":"https:\/\/www.istegroup.com\/en\/produit\/limperfection-des-donnees-geographiques-2\/","title":{"rendered":"L\u2019imperfection des donn\u00e9es g\u00e9ographiques 2"},"content":{"rendered":"<p>Les donn\u00e9es g\u00e9ographiques pr\u00e9sentent souvent des imperfections qui sont li\u00e9es \u00e0 une pr\u00e9cision insuffisante, \u00e0 des erreurs, ou au fait que ces donn\u00e9es sont de nature incompl\u00e8te. Si dans l\u2019utilisation de ces donn\u00e9es, ces imperfections ne sont pas identifi\u00e9es, prises en compte et ma\u00eetris\u00e9es, alors des risques d\u2019erreurs peuvent appara\u00eetre et conduire \u00e0 des cons\u00e9quences importantes avec des effets non pr\u00e9visibles notamment dans un contexte de prise de d\u00e9cision. Il est n\u00e9cessaire alors de caract\u00e9riser et de mod\u00e9liser cette imperfection, puis d\u2019en tenir compte tout au long de son traitement.<\/p>\n<p>Alors que le volume pr\u00e9c\u00e9dent introduisait diff\u00e9rentes approches pour d\u00e9finir, repr\u00e9senter et traiter l\u2019imperfection des donn\u00e9es g\u00e9ographiques, <em>L\u2019imperfection des donn\u00e9es g\u00e9ographiques 2<\/em> s\u2019int\u00e9resse \u00e0 plusieurs applications concr\u00e8tes dans des domaines vari\u00e9s, qui montrent la mise en pratique de m\u00e9thodologies sur des cas d\u2019utilisation pour l\u2019agriculture, la gestion des catastrophes naturelles, les risques en montagne, la gestion fonci\u00e8re, ou bien encore pour l\u2019aide aux personnes en situation de handicap visuel.<\/p>\n","protected":false},"excerpt":{"rendered":"<p>Les donn\u00e9es g\u00e9ographiques pr\u00e9sentent souvent des imperfections qui sont li\u00e9es \u00e0 une pr\u00e9cision insuffisante, \u00e0 des erreurs, ou au fait que ces donn\u00e9es sont de nature incompl\u00e8te. Si dans l\u2019utilisation de ces donn\u00e9es, ces imperfections ne sont pas identifi\u00e9es, prises en compte et ma\u00eetris\u00e9es, alors des risques d\u2019erreurs peuvent appara\u00eetre et conduire \u00e0 des cons\u00e9quences [&hellip;]<\/p>\n","protected":false},"featured_media":57374,"template":"","meta":{"_acf_changed":false,"_links_to":"","_links_to_target":""},"product_brand":[],"product_cat":[707],"product_tag":[],"class_list":{"0":"post-57367","1":"product","2":"type-product","3":"status-publish","4":"has-post-thumbnail","6":"product_cat-systmes-dinformation-web-et-socit-12506570","8":"first","9":"instock","10":"shipping-taxable","11":"purchasable","12":"product-type-variable"},"acf":[],"yoast_head":"<!-- This site is optimized with the Yoast SEO plugin v27.2 - https:\/\/yoast.com\/product\/yoast-seo-wordpress\/ -->\n<title>L\u2019imperfection des donn\u00e9es g\u00e9ographiques 2 - ISTE Group<\/title>\n<meta name=\"robots\" content=\"index, follow, max-snippet:-1, max-image-preview:large, max-video-preview:-1\" \/>\n<link rel=\"canonical\" href=\"https:\/\/www.istegroup.com\/produit\/limperfection-des-donnees-geographiques-2\/\" \/>\n<meta property=\"og:locale\" content=\"en_US\" \/>\n<meta property=\"og:type\" content=\"article\" \/>\n<meta property=\"og:title\" content=\"L\u2019imperfection des donn\u00e9es g\u00e9ographiques 2 - ISTE Group\" \/>\n<meta property=\"og:description\" content=\"Les donn\u00e9es g\u00e9ographiques pr\u00e9sentent souvent des imperfections qui sont li\u00e9es \u00e0 une pr\u00e9cision insuffisante, \u00e0 des erreurs, ou au fait que ces donn\u00e9es sont de nature incompl\u00e8te. Si dans l\u2019utilisation de ces donn\u00e9es, ces imperfections ne sont pas identifi\u00e9es, prises en compte et ma\u00eetris\u00e9es, alors des risques d\u2019erreurs peuvent appara\u00eetre et conduire \u00e0 des cons\u00e9quences [&hellip;]\" \/>\n<meta property=\"og:url\" content=\"https:\/\/www.istegroup.com\/produit\/limperfection-des-donnees-geographiques-2\/\" \/>\n<meta property=\"og:site_name\" content=\"ISTE Group\" \/>\n<meta property=\"article:modified_time\" content=\"2024-07-15T13:50:29+00:00\" \/>\n<meta property=\"og:image\" content=\"https:\/\/www.istegroup.com\/wp-content\/uploads\/2024\/07\/Limperfection-des-donnees-geographiques-2.png\" \/>\n\t<meta property=\"og:image:width\" content=\"597\" \/>\n\t<meta property=\"og:image:height\" content=\"898\" \/>\n\t<meta property=\"og:image:type\" content=\"image\/png\" \/>\n<meta name=\"twitter:card\" content=\"summary_large_image\" \/>\n<meta name=\"twitter:label1\" content=\"Est. reading time\" \/>\n\t<meta name=\"twitter:data1\" content=\"1 minute\" \/>\n<script type=\"application\/ld+json\" class=\"yoast-schema-graph\">{\"@context\":\"https:\/\/schema.org\",\"@graph\":[{\"@type\":\"WebPage\",\"@id\":\"https:\/\/www.istegroup.com\/produit\/limperfection-des-donnees-geographiques-2\/\",\"url\":\"https:\/\/www.istegroup.com\/produit\/limperfection-des-donnees-geographiques-2\/\",\"name\":\"L\u2019imperfection des donn\u00e9es g\u00e9ographiques 2 - ISTE Group\",\"isPartOf\":{\"@id\":\"https:\/\/www.istegroup.com\/#website\"},\"primaryImageOfPage\":{\"@id\":\"https:\/\/www.istegroup.com\/produit\/limperfection-des-donnees-geographiques-2\/#primaryimage\"},\"image\":{\"@id\":\"https:\/\/www.istegroup.com\/produit\/limperfection-des-donnees-geographiques-2\/#primaryimage\"},\"thumbnailUrl\":\"https:\/\/www.istegroup.com\/wp-content\/uploads\/2024\/07\/Limperfection-des-donnees-geographiques-2.png\",\"datePublished\":\"2024-07-10T08:57:53+00:00\",\"dateModified\":\"2024-07-15T13:50:29+00:00\",\"breadcrumb\":{\"@id\":\"https:\/\/www.istegroup.com\/produit\/limperfection-des-donnees-geographiques-2\/#breadcrumb\"},\"inLanguage\":\"en-US\",\"potentialAction\":[{\"@type\":\"ReadAction\",\"target\":[\"https:\/\/www.istegroup.com\/produit\/limperfection-des-donnees-geographiques-2\/\"]}]},{\"@type\":\"ImageObject\",\"inLanguage\":\"en-US\",\"@id\":\"https:\/\/www.istegroup.com\/produit\/limperfection-des-donnees-geographiques-2\/#primaryimage\",\"url\":\"https:\/\/www.istegroup.com\/wp-content\/uploads\/2024\/07\/Limperfection-des-donnees-geographiques-2.png\",\"contentUrl\":\"https:\/\/www.istegroup.com\/wp-content\/uploads\/2024\/07\/Limperfection-des-donnees-geographiques-2.png\",\"width\":597,\"height\":898,\"caption\":\"Livre scientifique - L'imperfection des donn\u00e9es g\u00e9ographiques 2\"},{\"@type\":\"BreadcrumbList\",\"@id\":\"https:\/\/www.istegroup.com\/produit\/limperfection-des-donnees-geographiques-2\/#breadcrumb\",\"itemListElement\":[{\"@type\":\"ListItem\",\"position\":1,\"name\":\"Home\",\"item\":\"https:\/\/www.istegroup.com\/\"},{\"@type\":\"ListItem\",\"position\":2,\"name\":\"Shop\",\"item\":\"https:\/\/www.istegroup.com\/fr\/nouveautes\/\"},{\"@type\":\"ListItem\",\"position\":3,\"name\":\"L\u2019imperfection des donn\u00e9es g\u00e9ographiques 2\"}]},{\"@type\":\"WebSite\",\"@id\":\"https:\/\/www.istegroup.com\/#website\",\"url\":\"https:\/\/www.istegroup.com\/\",\"name\":\"ISTE Group\",\"description\":\"Publishing Knowledge\",\"potentialAction\":[{\"@type\":\"SearchAction\",\"target\":{\"@type\":\"EntryPoint\",\"urlTemplate\":\"https:\/\/www.istegroup.com\/?s={search_term_string}\"},\"query-input\":{\"@type\":\"PropertyValueSpecification\",\"valueRequired\":true,\"valueName\":\"search_term_string\"}}],\"inLanguage\":\"en-US\"}]}<\/script>\n<!-- \/ Yoast SEO plugin. -->","yoast_head_json":{"title":"L\u2019imperfection des donn\u00e9es g\u00e9ographiques 2 - ISTE Group","robots":{"index":"index","follow":"follow","max-snippet":"max-snippet:-1","max-image-preview":"max-image-preview:large","max-video-preview":"max-video-preview:-1"},"canonical":"https:\/\/www.istegroup.com\/produit\/limperfection-des-donnees-geographiques-2\/","og_locale":"en_US","og_type":"article","og_title":"L\u2019imperfection des donn\u00e9es g\u00e9ographiques 2 - ISTE Group","og_description":"Les donn\u00e9es g\u00e9ographiques pr\u00e9sentent souvent des imperfections qui sont li\u00e9es \u00e0 une pr\u00e9cision insuffisante, \u00e0 des erreurs, ou au fait que ces donn\u00e9es sont de nature incompl\u00e8te. Si dans l\u2019utilisation de ces donn\u00e9es, ces imperfections ne sont pas identifi\u00e9es, prises en compte et ma\u00eetris\u00e9es, alors des risques d\u2019erreurs peuvent appara\u00eetre et conduire \u00e0 des cons\u00e9quences [&hellip;]","og_url":"https:\/\/www.istegroup.com\/produit\/limperfection-des-donnees-geographiques-2\/","og_site_name":"ISTE Group","article_modified_time":"2024-07-15T13:50:29+00:00","og_image":[{"width":597,"height":898,"url":"https:\/\/www.istegroup.com\/wp-content\/uploads\/2024\/07\/Limperfection-des-donnees-geographiques-2.png","type":"image\/png"}],"twitter_card":"summary_large_image","twitter_misc":{"Est. reading time":"1 minute"},"schema":{"@context":"https:\/\/schema.org","@graph":[{"@type":"WebPage","@id":"https:\/\/www.istegroup.com\/produit\/limperfection-des-donnees-geographiques-2\/","url":"https:\/\/www.istegroup.com\/produit\/limperfection-des-donnees-geographiques-2\/","name":"L\u2019imperfection des donn\u00e9es g\u00e9ographiques 2 - ISTE Group","isPartOf":{"@id":"https:\/\/www.istegroup.com\/#website"},"primaryImageOfPage":{"@id":"https:\/\/www.istegroup.com\/produit\/limperfection-des-donnees-geographiques-2\/#primaryimage"},"image":{"@id":"https:\/\/www.istegroup.com\/produit\/limperfection-des-donnees-geographiques-2\/#primaryimage"},"thumbnailUrl":"https:\/\/www.istegroup.com\/wp-content\/uploads\/2024\/07\/Limperfection-des-donnees-geographiques-2.png","datePublished":"2024-07-10T08:57:53+00:00","dateModified":"2024-07-15T13:50:29+00:00","breadcrumb":{"@id":"https:\/\/www.istegroup.com\/produit\/limperfection-des-donnees-geographiques-2\/#breadcrumb"},"inLanguage":"en-US","potentialAction":[{"@type":"ReadAction","target":["https:\/\/www.istegroup.com\/produit\/limperfection-des-donnees-geographiques-2\/"]}]},{"@type":"ImageObject","inLanguage":"en-US","@id":"https:\/\/www.istegroup.com\/produit\/limperfection-des-donnees-geographiques-2\/#primaryimage","url":"https:\/\/www.istegroup.com\/wp-content\/uploads\/2024\/07\/Limperfection-des-donnees-geographiques-2.png","contentUrl":"https:\/\/www.istegroup.com\/wp-content\/uploads\/2024\/07\/Limperfection-des-donnees-geographiques-2.png","width":597,"height":898,"caption":"Livre scientifique - L'imperfection des donn\u00e9es g\u00e9ographiques 2"},{"@type":"BreadcrumbList","@id":"https:\/\/www.istegroup.com\/produit\/limperfection-des-donnees-geographiques-2\/#breadcrumb","itemListElement":[{"@type":"ListItem","position":1,"name":"Home","item":"https:\/\/www.istegroup.com\/"},{"@type":"ListItem","position":2,"name":"Shop","item":"https:\/\/www.istegroup.com\/fr\/nouveautes\/"},{"@type":"ListItem","position":3,"name":"L\u2019imperfection des donn\u00e9es g\u00e9ographiques 2"}]},{"@type":"WebSite","@id":"https:\/\/www.istegroup.com\/#website","url":"https:\/\/www.istegroup.com\/","name":"ISTE Group","description":"Publishing Knowledge","potentialAction":[{"@type":"SearchAction","target":{"@type":"EntryPoint","urlTemplate":"https:\/\/www.istegroup.com\/?s={search_term_string}"},"query-input":{"@type":"PropertyValueSpecification","valueRequired":true,"valueName":"search_term_string"}}],"inLanguage":"en-US"}]}},"_links":{"self":[{"href":"https:\/\/www.istegroup.com\/en\/wp-json\/wp\/v2\/product\/57367","targetHints":{"allow":["GET"]}}],"collection":[{"href":"https:\/\/www.istegroup.com\/en\/wp-json\/wp\/v2\/product"}],"about":[{"href":"https:\/\/www.istegroup.com\/en\/wp-json\/wp\/v2\/types\/product"}],"wp:featuredmedia":[{"embeddable":true,"href":"https:\/\/www.istegroup.com\/en\/wp-json\/wp\/v2\/media\/57374"}],"wp:attachment":[{"href":"https:\/\/www.istegroup.com\/en\/wp-json\/wp\/v2\/media?parent=57367"}],"wp:term":[{"taxonomy":"product_brand","embeddable":true,"href":"https:\/\/www.istegroup.com\/en\/wp-json\/wp\/v2\/product_brand?post=57367"},{"taxonomy":"product_cat","embeddable":true,"href":"https:\/\/www.istegroup.com\/en\/wp-json\/wp\/v2\/product_cat?post=57367"},{"taxonomy":"product_tag","embeddable":true,"href":"https:\/\/www.istegroup.com\/en\/wp-json\/wp\/v2\/product_tag?post=57367"}],"curies":[{"name":"wp","href":"https:\/\/api.w.org\/{rel}","templated":true}]}}