{"id":573,"date":"2017-03-15T15:04:58","date_gmt":"2017-03-15T14:04:58","guid":{"rendered":"https:\/\/iste.yhello.co\/product\/reduction-de-taille-des-solides-divises\/"},"modified":"2024-01-03T13:40:57","modified_gmt":"2024-01-03T13:40:57","slug":"reduction-de-taille-des-solides-divises","status":"publish","type":"product","link":"https:\/\/www.istegroup.com\/en\/produit\/reduction-de-taille-des-solides-divises\/","title":{"rendered":"R\u00e9duction de taille des solides divis\u00e9s"},"content":{"rendered":"<p><em>R\u00e9duction de taille des solides divis\u00e9s<\/em>\u00a0propose de conna\u00eetre le d\u00e9bit admissible et l\u2019\u00e9nergie consomm\u00e9e pour chaque type d\u2019appareil. Il indique les lois de la comminution pour chaque type de broyeur ou concasseur ce qui permet de pr\u00e9voir si l\u2019appareil donnera les r\u00e9sultats escompt\u00e9s : distribution des tailles du produit trait\u00e9, m\u00e9canisme du broyage, \u00e9nerg\u00e9tique de la comminution (indice de Bond). Le traitement des v\u00e9g\u00e9taux ainsi que la prise en compte de l\u2019influence de la chaleur et de l\u2019humidit\u00e9 sont \u00e9galement abord\u00e9s.<\/p>\n<p>Les \u00e9l\u00e9ments qui permettent de simuler le fonctionnement d\u2019une installation de broyage sur ordinateur sont fournis. De nombreuses r\u00e9f\u00e9rences permettent au lecteur d\u2019approfondir ses connaissances et les questions de son choix sur la pr\u00e9paration m\u00e9canique des v\u00e9g\u00e9taux.<\/p>\n","protected":false},"excerpt":{"rendered":"<p>R\u00e9duction de taille des solides divis\u00e9s\u00a0propose de conna\u00eetre le d\u00e9bit admissible et l\u2019\u00e9nergie consomm\u00e9e pour chaque type d\u2019appareil. Il indique les lois de la comminution pour chaque type de broyeur ou concasseur ce qui permet de pr\u00e9voir si l\u2019appareil donnera les r\u00e9sultats escompt\u00e9s : distribution des tailles du produit trait\u00e9, m\u00e9canisme du broyage, \u00e9nerg\u00e9tique de [&hellip;]<\/p>\n","protected":false},"featured_media":29765,"template":"","meta":{"_acf_changed":false,"_links_to":"","_links_to_target":""},"product_brand":[],"product_cat":[663,675,691],"product_tag":[31,196,269,18,19,218,219,20,296,248,197,198,199,21,200,22,250,201,203,204,63,25,205,172,26,206,207,27,99,208,209,212,38,192,145,28,29,213,214,295,261,262],"class_list":{"0":"post-573","1":"product","2":"type-product","3":"status-publish","4":"has-post-thumbnail","6":"product_cat-gnie-des-procds-12506436","7":"product_cat-nouveauts-12519446","8":"product_cat-srie-equipements-industriels-pour-le-gnie-des-procds-408089489","9":"product_tag-ebook","10":"product_tag-ebooks","11":"product_tag-edition-francaise","12":"product_tag-edition-scientifique","13":"product_tag-editions-francaise","14":"product_tag-editions-ouvrage","15":"product_tag-editions-ouvrages","16":"product_tag-editions-technique","17":"product_tag-energie","18":"product_tag-industriel","19":"product_tag-iste","20":"product_tag-iste-edition","21":"product_tag-iste-editions","22":"product_tag-iste-group","23":"product_tag-isteedition","24":"product_tag-istegroup","25":"product_tag-jean-paul-duroudier","26":"product_tag-kindle","27":"product_tag-liseuse","28":"product_tag-livre","29":"product_tag-livre-electronique","30":"product_tag-livre-numerique","31":"product_tag-livre-science","32":"product_tag-livre-scientifique","33":"product_tag-livre-scientifique-francais","34":"product_tag-livre-scientique","35":"product_tag-livre-technique","36":"product_tag-livre-technique-francais","37":"product_tag-livres-numeriques","38":"product_tag-livres-scientifique","39":"product_tag-livres-scientifiques","40":"product_tag-ouvrage","41":"product_tag-ouvrage-numerique","42":"product_tag-ouvrage-science","43":"product_tag-ouvrage-scientifique","44":"product_tag-ouvrage-scientifique-francais","45":"product_tag-ouvrage-technique","46":"product_tag-ouvrages-scientifiques","47":"product_tag-ouvrages-techniques","48":"product_tag-reduction-de-taille-des-solides-divises","49":"product_tag-solides-divises","50":"product_tag-technologies","52":"first","53":"instock","54":"shipping-taxable","55":"purchasable","56":"product-type-variable"},"acf":[],"yoast_head":"<!-- This site is optimized with the Yoast SEO plugin v27.2 - https:\/\/yoast.com\/product\/yoast-seo-wordpress\/ -->\n<title>R\u00e9duction de taille des solides divis\u00e9s - ISTE Group<\/title>\n<meta name=\"description\" content=\"R\u00e9duction de taille des solides divis\u00e9s\u00a0propose de conna\u00eetre le d\u00e9bit admissible et l\u2019\u00e9nergie consomm\u00e9e pour chaque type d\u2019appareil. Il indique les lois de la comminution pour chaque type de broyeur ou concasseur ce qui permet de pr\u00e9voir si l\u2019appareil donnera les r\u00e9sultats escompt\u00e9s.\" \/>\n<meta name=\"robots\" content=\"index, follow, max-snippet:-1, max-image-preview:large, max-video-preview:-1\" \/>\n<link rel=\"canonical\" href=\"https:\/\/www.istegroup.com\/en\/produit\/reduction-de-taille-des-solides-divises\/\" \/>\n<meta property=\"og:locale\" content=\"en_US\" \/>\n<meta property=\"og:type\" content=\"article\" \/>\n<meta property=\"og:title\" content=\"R\u00e9duction de taille des solides divis\u00e9s - ISTE Group\" \/>\n<meta property=\"og:description\" content=\"R\u00e9duction de taille des solides divis\u00e9s\u00a0propose de conna\u00eetre le d\u00e9bit admissible et l\u2019\u00e9nergie consomm\u00e9e pour chaque type d\u2019appareil. Il indique les lois de la comminution pour chaque type de broyeur ou concasseur ce qui permet de pr\u00e9voir si l\u2019appareil donnera les r\u00e9sultats escompt\u00e9s.\" \/>\n<meta property=\"og:url\" content=\"https:\/\/www.istegroup.com\/en\/produit\/reduction-de-taille-des-solides-divises\/\" \/>\n<meta property=\"og:site_name\" content=\"ISTE Group\" \/>\n<meta property=\"article:modified_time\" content=\"2024-01-03T13:40:57+00:00\" \/>\n<meta property=\"og:image\" content=\"https:\/\/www.istegroup.com\/wp-content\/uploads\/2020\/05\/R\u00e9duction-de-taille-des-solides-divis\u00e9s.jpg\" \/>\n\t<meta property=\"og:image:width\" content=\"300\" \/>\n\t<meta property=\"og:image:height\" content=\"451\" \/>\n\t<meta property=\"og:image:type\" content=\"image\/jpeg\" \/>\n<meta name=\"twitter:card\" content=\"summary_large_image\" \/>\n<meta name=\"twitter:label1\" content=\"Est. reading time\" \/>\n\t<meta name=\"twitter:data1\" content=\"1 minute\" \/>\n<script type=\"application\/ld+json\" class=\"yoast-schema-graph\">{\"@context\":\"https:\/\/schema.org\",\"@graph\":[{\"@type\":\"WebPage\",\"@id\":\"https:\/\/www.istegroup.com\/en\/produit\/reduction-de-taille-des-solides-divises\/\",\"url\":\"https:\/\/www.istegroup.com\/en\/produit\/reduction-de-taille-des-solides-divises\/\",\"name\":\"R\u00e9duction de taille des solides divis\u00e9s - ISTE Group\",\"isPartOf\":{\"@id\":\"https:\/\/www.istegroup.com\/#website\"},\"primaryImageOfPage\":{\"@id\":\"https:\/\/www.istegroup.com\/en\/produit\/reduction-de-taille-des-solides-divises\/#primaryimage\"},\"image\":{\"@id\":\"https:\/\/www.istegroup.com\/en\/produit\/reduction-de-taille-des-solides-divises\/#primaryimage\"},\"thumbnailUrl\":\"https:\/\/www.istegroup.com\/wp-content\/uploads\/2020\/05\/R\u00e9duction-de-taille-des-solides-divis\u00e9s.jpg\",\"datePublished\":\"2017-03-15T14:04:58+00:00\",\"dateModified\":\"2024-01-03T13:40:57+00:00\",\"description\":\"R\u00e9duction de taille des solides divis\u00e9s\u00a0propose de conna\u00eetre le d\u00e9bit admissible et l\u2019\u00e9nergie consomm\u00e9e pour chaque type d\u2019appareil. Il indique les lois de la comminution pour chaque type de broyeur ou concasseur ce qui permet de pr\u00e9voir si l\u2019appareil donnera les r\u00e9sultats escompt\u00e9s.\",\"breadcrumb\":{\"@id\":\"https:\/\/www.istegroup.com\/en\/produit\/reduction-de-taille-des-solides-divises\/#breadcrumb\"},\"inLanguage\":\"en-US\",\"potentialAction\":[{\"@type\":\"ReadAction\",\"target\":[\"https:\/\/www.istegroup.com\/en\/produit\/reduction-de-taille-des-solides-divises\/\"]}]},{\"@type\":\"ImageObject\",\"inLanguage\":\"en-US\",\"@id\":\"https:\/\/www.istegroup.com\/en\/produit\/reduction-de-taille-des-solides-divises\/#primaryimage\",\"url\":\"https:\/\/www.istegroup.com\/wp-content\/uploads\/2020\/05\/R\u00e9duction-de-taille-des-solides-divis\u00e9s.jpg\",\"contentUrl\":\"https:\/\/www.istegroup.com\/wp-content\/uploads\/2020\/05\/R\u00e9duction-de-taille-des-solides-divis\u00e9s.jpg\",\"width\":300,\"height\":451,\"caption\":\"R\u00e9duction de taille des solides divis\u00e9s\"},{\"@type\":\"BreadcrumbList\",\"@id\":\"https:\/\/www.istegroup.com\/en\/produit\/reduction-de-taille-des-solides-divises\/#breadcrumb\",\"itemListElement\":[{\"@type\":\"ListItem\",\"position\":1,\"name\":\"Home\",\"item\":\"https:\/\/www.istegroup.com\/\"},{\"@type\":\"ListItem\",\"position\":2,\"name\":\"Shop\",\"item\":\"https:\/\/www.istegroup.com\/fr\/nouveautes\/\"},{\"@type\":\"ListItem\",\"position\":3,\"name\":\"R\u00e9duction de taille des solides divis\u00e9s\"}]},{\"@type\":\"WebSite\",\"@id\":\"https:\/\/www.istegroup.com\/#website\",\"url\":\"https:\/\/www.istegroup.com\/\",\"name\":\"ISTE Group\",\"description\":\"Publishing Knowledge\",\"potentialAction\":[{\"@type\":\"SearchAction\",\"target\":{\"@type\":\"EntryPoint\",\"urlTemplate\":\"https:\/\/www.istegroup.com\/?s={search_term_string}\"},\"query-input\":{\"@type\":\"PropertyValueSpecification\",\"valueRequired\":true,\"valueName\":\"search_term_string\"}}],\"inLanguage\":\"en-US\"}]}<\/script>\n<!-- \/ Yoast SEO plugin. -->","yoast_head_json":{"title":"R\u00e9duction de taille des solides divis\u00e9s - ISTE Group","description":"R\u00e9duction de taille des solides divis\u00e9s\u00a0propose de conna\u00eetre le d\u00e9bit admissible et l\u2019\u00e9nergie consomm\u00e9e pour chaque type d\u2019appareil. Il indique les lois de la comminution pour chaque type de broyeur ou concasseur ce qui permet de pr\u00e9voir si l\u2019appareil donnera les r\u00e9sultats escompt\u00e9s.","robots":{"index":"index","follow":"follow","max-snippet":"max-snippet:-1","max-image-preview":"max-image-preview:large","max-video-preview":"max-video-preview:-1"},"canonical":"https:\/\/www.istegroup.com\/en\/produit\/reduction-de-taille-des-solides-divises\/","og_locale":"en_US","og_type":"article","og_title":"R\u00e9duction de taille des solides divis\u00e9s - ISTE Group","og_description":"R\u00e9duction de taille des solides divis\u00e9s\u00a0propose de conna\u00eetre le d\u00e9bit admissible et l\u2019\u00e9nergie consomm\u00e9e pour chaque type d\u2019appareil. Il indique les lois de la comminution pour chaque type de broyeur ou concasseur ce qui permet de pr\u00e9voir si l\u2019appareil donnera les r\u00e9sultats escompt\u00e9s.","og_url":"https:\/\/www.istegroup.com\/en\/produit\/reduction-de-taille-des-solides-divises\/","og_site_name":"ISTE Group","article_modified_time":"2024-01-03T13:40:57+00:00","og_image":[{"width":300,"height":451,"url":"https:\/\/www.istegroup.com\/wp-content\/uploads\/2020\/05\/R\u00e9duction-de-taille-des-solides-divis\u00e9s.jpg","type":"image\/jpeg"}],"twitter_card":"summary_large_image","twitter_misc":{"Est. reading time":"1 minute"},"schema":{"@context":"https:\/\/schema.org","@graph":[{"@type":"WebPage","@id":"https:\/\/www.istegroup.com\/en\/produit\/reduction-de-taille-des-solides-divises\/","url":"https:\/\/www.istegroup.com\/en\/produit\/reduction-de-taille-des-solides-divises\/","name":"R\u00e9duction de taille des solides divis\u00e9s - ISTE Group","isPartOf":{"@id":"https:\/\/www.istegroup.com\/#website"},"primaryImageOfPage":{"@id":"https:\/\/www.istegroup.com\/en\/produit\/reduction-de-taille-des-solides-divises\/#primaryimage"},"image":{"@id":"https:\/\/www.istegroup.com\/en\/produit\/reduction-de-taille-des-solides-divises\/#primaryimage"},"thumbnailUrl":"https:\/\/www.istegroup.com\/wp-content\/uploads\/2020\/05\/R\u00e9duction-de-taille-des-solides-divis\u00e9s.jpg","datePublished":"2017-03-15T14:04:58+00:00","dateModified":"2024-01-03T13:40:57+00:00","description":"R\u00e9duction de taille des solides divis\u00e9s\u00a0propose de conna\u00eetre le d\u00e9bit admissible et l\u2019\u00e9nergie consomm\u00e9e pour chaque type d\u2019appareil. Il indique les lois de la comminution pour chaque type de broyeur ou concasseur ce qui permet de pr\u00e9voir si l\u2019appareil donnera les r\u00e9sultats escompt\u00e9s.","breadcrumb":{"@id":"https:\/\/www.istegroup.com\/en\/produit\/reduction-de-taille-des-solides-divises\/#breadcrumb"},"inLanguage":"en-US","potentialAction":[{"@type":"ReadAction","target":["https:\/\/www.istegroup.com\/en\/produit\/reduction-de-taille-des-solides-divises\/"]}]},{"@type":"ImageObject","inLanguage":"en-US","@id":"https:\/\/www.istegroup.com\/en\/produit\/reduction-de-taille-des-solides-divises\/#primaryimage","url":"https:\/\/www.istegroup.com\/wp-content\/uploads\/2020\/05\/R\u00e9duction-de-taille-des-solides-divis\u00e9s.jpg","contentUrl":"https:\/\/www.istegroup.com\/wp-content\/uploads\/2020\/05\/R\u00e9duction-de-taille-des-solides-divis\u00e9s.jpg","width":300,"height":451,"caption":"R\u00e9duction de taille des solides divis\u00e9s"},{"@type":"BreadcrumbList","@id":"https:\/\/www.istegroup.com\/en\/produit\/reduction-de-taille-des-solides-divises\/#breadcrumb","itemListElement":[{"@type":"ListItem","position":1,"name":"Home","item":"https:\/\/www.istegroup.com\/"},{"@type":"ListItem","position":2,"name":"Shop","item":"https:\/\/www.istegroup.com\/fr\/nouveautes\/"},{"@type":"ListItem","position":3,"name":"R\u00e9duction de taille des solides divis\u00e9s"}]},{"@type":"WebSite","@id":"https:\/\/www.istegroup.com\/#website","url":"https:\/\/www.istegroup.com\/","name":"ISTE Group","description":"Publishing Knowledge","potentialAction":[{"@type":"SearchAction","target":{"@type":"EntryPoint","urlTemplate":"https:\/\/www.istegroup.com\/?s={search_term_string}"},"query-input":{"@type":"PropertyValueSpecification","valueRequired":true,"valueName":"search_term_string"}}],"inLanguage":"en-US"}]}},"_links":{"self":[{"href":"https:\/\/www.istegroup.com\/en\/wp-json\/wp\/v2\/product\/573","targetHints":{"allow":["GET"]}}],"collection":[{"href":"https:\/\/www.istegroup.com\/en\/wp-json\/wp\/v2\/product"}],"about":[{"href":"https:\/\/www.istegroup.com\/en\/wp-json\/wp\/v2\/types\/product"}],"wp:featuredmedia":[{"embeddable":true,"href":"https:\/\/www.istegroup.com\/en\/wp-json\/wp\/v2\/media\/29765"}],"wp:attachment":[{"href":"https:\/\/www.istegroup.com\/en\/wp-json\/wp\/v2\/media?parent=573"}],"wp:term":[{"taxonomy":"product_brand","embeddable":true,"href":"https:\/\/www.istegroup.com\/en\/wp-json\/wp\/v2\/product_brand?post=573"},{"taxonomy":"product_cat","embeddable":true,"href":"https:\/\/www.istegroup.com\/en\/wp-json\/wp\/v2\/product_cat?post=573"},{"taxonomy":"product_tag","embeddable":true,"href":"https:\/\/www.istegroup.com\/en\/wp-json\/wp\/v2\/product_tag?post=573"}],"curies":[{"name":"wp","href":"https:\/\/api.w.org\/{rel}","templated":true}]}}