{"id":571,"date":"2017-07-28T15:04:53","date_gmt":"2017-07-28T13:04:53","guid":{"rendered":"https:\/\/iste.yhello.co\/product\/recommandations-pour-le-dimensionnement-des-pieux-sous-chargements-cycliques\/"},"modified":"2024-01-03T13:40:38","modified_gmt":"2024-01-03T13:40:38","slug":"recommandations-pour-le-dimensionnement-des-pieux-sous-chargements-cycliques","status":"publish","type":"product","link":"https:\/\/www.istegroup.com\/en\/produit\/recommandations-pour-le-dimensionnement-des-pieux-sous-chargements-cycliques\/","title":{"rendered":"Recommandations pour le dimensionnement des pieux sous chargements cycliques"},"content":{"rendered":"<p>Les d\u00e9veloppements r\u00e9cents dans les domaines de l\u2019\u00e9nergie, du transport et du g\u00e9nie industriel conduisent \u00e0 concevoir de nouveaux types de structures ou d\u2019infrastructures soumises \u00e0 des sollicitations variables, pour lesquelles les m\u00e9thodes usuelles de dimensionnement des fondations sur pieux sont insuffisantes.<\/p>\n<p><em>Recommandations pour le dimensionnement des pieux sous\u00a0<\/em><em>chargements cycliques<\/em>\u00a0propose un ensemble de recommandations techniques qui visent \u00e0 combler partiellement cette lacune, en offrant une approche m\u00e9thodologique et des m\u00e9thodes de calcul pour prendre en compte les effets de charges cycliques dans le dimensionnement des fondations sur pieux.<\/p>\n<p>Cet ouvrage s\u2019appuie \u00e0 la fois sur des exp\u00e9rimentations en laboratoire et en vraie grandeur, et sur des mod\u00e9lisations conduites dans le cadre du projet national SOLCYP. Ce projet de recherche collaborative a permis une avanc\u00e9e fondamentale non seulement dans la compr\u00e9hension des ph\u00e9nom\u00e8nes mais \u00e9galement dans le d\u00e9veloppement de m\u00e9thodes de calculs pratiques utilisables par l\u2019ing\u00e9nierie.<\/p>\n","protected":false},"excerpt":{"rendered":"<p>Les d\u00e9veloppements r\u00e9cents dans les domaines de l\u2019\u00e9nergie, du transport et du g\u00e9nie industriel conduisent \u00e0 concevoir de nouveaux types de structures ou d\u2019infrastructures soumises \u00e0 des sollicitations variables, pour lesquelles les m\u00e9thodes usuelles de dimensionnement des fondations sur pieux sont insuffisantes. Recommandations pour le dimensionnement des pieux sous\u00a0chargements cycliques\u00a0propose un ensemble de recommandations techniques [&hellip;]<\/p>\n","protected":false},"featured_media":572,"template":"","meta":{"_acf_changed":false,"_links_to":"","_links_to_target":""},"product_brand":[],"product_cat":[662,675],"product_tag":[513,514,515,516,517,518,519,31,196,197,198,199,21,200,22,520,201,521,203,204,63,25,172,209,522,523,212,38,192,145,28,524,525,526,527],"class_list":{"0":"post-571","1":"product","2":"type-product","3":"status-publish","4":"has-post-thumbnail","6":"product_cat-gnie-civil-et-gomcanique-12506424","7":"product_cat-nouveauts-12519446","8":"product_tag-alain-pecker","9":"product_tag-alain-puech","10":"product_tag-chargements-cycliques","11":"product_tag-chargements-cycliques-lateraux","12":"product_tag-comportement-des-pieux","13":"product_tag-dimensionnement-des-pieux","14":"product_tag-dimensionnement-solcyp","15":"product_tag-ebook","16":"product_tag-ebooks","17":"product_tag-iste","18":"product_tag-iste-edition","19":"product_tag-iste-editions","20":"product_tag-iste-group","21":"product_tag-isteedition","22":"product_tag-istegroup","23":"product_tag-jacques-garnier","24":"product_tag-kindle","25":"product_tag-le-projet-solcyp","26":"product_tag-liseuse","27":"product_tag-livre","28":"product_tag-livre-electronique","29":"product_tag-livre-numerique","30":"product_tag-livre-scientifique","31":"product_tag-livres-scientifiques","32":"product_tag-loi-de-miner-aux-sols","33":"product_tag-lois-dendommagement-aux-sols","34":"product_tag-ouvrage","35":"product_tag-ouvrage-numerique","36":"product_tag-ouvrage-science","37":"product_tag-ouvrage-scientifique","38":"product_tag-ouvrage-scientifique-francais","39":"product_tag-projet-national-solcyp","40":"product_tag-recommandations-pour-le-dimensionnement-des-pieux-sous-chargements-cyclique","41":"product_tag-solcyp","42":"product_tag-types-de-pieux","44":"first","45":"instock","46":"shipping-taxable","47":"purchasable","48":"product-type-variable"},"acf":[],"yoast_head":"<!-- This site is optimized with the Yoast SEO plugin v27.2 - https:\/\/yoast.com\/product\/yoast-seo-wordpress\/ -->\n<title>Recommandations pour le dimensionnement des pieux sous chargements cycliques - ISTE Group<\/title>\n<meta name=\"description\" content=\"Recommandations pour le dimensionnement des pieux sous\u00a0chargements cycliques\u00a0propose un ensemble de recommandations techniques qui visent \u00e0 combler partiellement cette lacune, en offrant une approche m\u00e9thodologique et des m\u00e9thodes de calcul pour prendre en compte les effets de charges cycliques dans le dimensionnement des fondations sur pieux.\" \/>\n<meta name=\"robots\" content=\"index, follow, max-snippet:-1, max-image-preview:large, max-video-preview:-1\" \/>\n<link rel=\"canonical\" href=\"https:\/\/www.istegroup.com\/fr\/produit\/recommandations-pour-le-dimensionnement-des-pieux-sous-chargements-cycliques\/\" \/>\n<meta property=\"og:locale\" content=\"en_US\" \/>\n<meta property=\"og:type\" content=\"article\" \/>\n<meta property=\"og:title\" content=\"Recommandations pour le dimensionnement des pieux sous chargements cycliques - ISTE Group\" \/>\n<meta property=\"og:description\" content=\"Recommandations pour le dimensionnement des pieux sous\u00a0chargements cycliques\u00a0propose un ensemble de recommandations techniques qui visent \u00e0 combler partiellement cette lacune, en offrant une approche m\u00e9thodologique et des m\u00e9thodes de calcul pour prendre en compte les effets de charges cycliques dans le dimensionnement des fondations sur pieux.\" \/>\n<meta property=\"og:url\" content=\"https:\/\/www.istegroup.com\/fr\/produit\/recommandations-pour-le-dimensionnement-des-pieux-sous-chargements-cycliques\/\" \/>\n<meta property=\"og:site_name\" content=\"ISTE Group\" \/>\n<meta property=\"article:modified_time\" content=\"2024-01-03T13:40:38+00:00\" \/>\n<meta property=\"og:image\" content=\"https:\/\/www.istegroup.com\/wp-content\/uploads\/2017\/07\/18396423953_8521473425-1.jpg\" \/>\n\t<meta property=\"og:image:width\" content=\"1276\" \/>\n\t<meta property=\"og:image:height\" content=\"1920\" \/>\n\t<meta property=\"og:image:type\" content=\"image\/jpeg\" \/>\n<meta name=\"twitter:card\" content=\"summary_large_image\" \/>\n<meta name=\"twitter:label1\" content=\"Est. reading time\" \/>\n\t<meta name=\"twitter:data1\" content=\"1 minute\" \/>\n<script type=\"application\/ld+json\" class=\"yoast-schema-graph\">{\"@context\":\"https:\/\/schema.org\",\"@graph\":[{\"@type\":\"WebPage\",\"@id\":\"https:\/\/www.istegroup.com\/fr\/produit\/recommandations-pour-le-dimensionnement-des-pieux-sous-chargements-cycliques\/\",\"url\":\"https:\/\/www.istegroup.com\/fr\/produit\/recommandations-pour-le-dimensionnement-des-pieux-sous-chargements-cycliques\/\",\"name\":\"Recommandations pour le dimensionnement des pieux sous chargements cycliques - ISTE Group\",\"isPartOf\":{\"@id\":\"https:\/\/www.istegroup.com\/#website\"},\"primaryImageOfPage\":{\"@id\":\"https:\/\/www.istegroup.com\/fr\/produit\/recommandations-pour-le-dimensionnement-des-pieux-sous-chargements-cycliques\/#primaryimage\"},\"image\":{\"@id\":\"https:\/\/www.istegroup.com\/fr\/produit\/recommandations-pour-le-dimensionnement-des-pieux-sous-chargements-cycliques\/#primaryimage\"},\"thumbnailUrl\":\"https:\/\/www.istegroup.com\/wp-content\/uploads\/2017\/07\/18396423953_8521473425-1.jpg\",\"datePublished\":\"2017-07-28T13:04:53+00:00\",\"dateModified\":\"2024-01-03T13:40:38+00:00\",\"description\":\"Recommandations pour le dimensionnement des pieux sous\u00a0chargements cycliques\u00a0propose un ensemble de recommandations techniques qui visent \u00e0 combler partiellement cette lacune, en offrant une approche m\u00e9thodologique et des m\u00e9thodes de calcul pour prendre en compte les effets de charges cycliques dans le dimensionnement des fondations sur pieux.\",\"breadcrumb\":{\"@id\":\"https:\/\/www.istegroup.com\/fr\/produit\/recommandations-pour-le-dimensionnement-des-pieux-sous-chargements-cycliques\/#breadcrumb\"},\"inLanguage\":\"en-US\",\"potentialAction\":[{\"@type\":\"ReadAction\",\"target\":[\"https:\/\/www.istegroup.com\/fr\/produit\/recommandations-pour-le-dimensionnement-des-pieux-sous-chargements-cycliques\/\"]}]},{\"@type\":\"ImageObject\",\"inLanguage\":\"en-US\",\"@id\":\"https:\/\/www.istegroup.com\/fr\/produit\/recommandations-pour-le-dimensionnement-des-pieux-sous-chargements-cycliques\/#primaryimage\",\"url\":\"https:\/\/www.istegroup.com\/wp-content\/uploads\/2017\/07\/18396423953_8521473425-1.jpg\",\"contentUrl\":\"https:\/\/www.istegroup.com\/wp-content\/uploads\/2017\/07\/18396423953_8521473425-1.jpg\",\"width\":1276,\"height\":1920,\"caption\":\"Projet national SOLCYP\"},{\"@type\":\"BreadcrumbList\",\"@id\":\"https:\/\/www.istegroup.com\/fr\/produit\/recommandations-pour-le-dimensionnement-des-pieux-sous-chargements-cycliques\/#breadcrumb\",\"itemListElement\":[{\"@type\":\"ListItem\",\"position\":1,\"name\":\"Home\",\"item\":\"https:\/\/www.istegroup.com\/\"},{\"@type\":\"ListItem\",\"position\":2,\"name\":\"Shop\",\"item\":\"https:\/\/www.istegroup.com\/fr\/nouveautes\/\"},{\"@type\":\"ListItem\",\"position\":3,\"name\":\"Recommandations pour le dimensionnement des pieux sous chargements cycliques\"}]},{\"@type\":\"WebSite\",\"@id\":\"https:\/\/www.istegroup.com\/#website\",\"url\":\"https:\/\/www.istegroup.com\/\",\"name\":\"ISTE Group\",\"description\":\"Publishing Knowledge\",\"potentialAction\":[{\"@type\":\"SearchAction\",\"target\":{\"@type\":\"EntryPoint\",\"urlTemplate\":\"https:\/\/www.istegroup.com\/?s={search_term_string}\"},\"query-input\":{\"@type\":\"PropertyValueSpecification\",\"valueRequired\":true,\"valueName\":\"search_term_string\"}}],\"inLanguage\":\"en-US\"}]}<\/script>\n<!-- \/ Yoast SEO plugin. -->","yoast_head_json":{"title":"Recommandations pour le dimensionnement des pieux sous chargements cycliques - ISTE Group","description":"Recommandations pour le dimensionnement des pieux sous\u00a0chargements cycliques\u00a0propose un ensemble de recommandations techniques qui visent \u00e0 combler partiellement cette lacune, en offrant une approche m\u00e9thodologique et des m\u00e9thodes de calcul pour prendre en compte les effets de charges cycliques dans le dimensionnement des fondations sur pieux.","robots":{"index":"index","follow":"follow","max-snippet":"max-snippet:-1","max-image-preview":"max-image-preview:large","max-video-preview":"max-video-preview:-1"},"canonical":"https:\/\/www.istegroup.com\/fr\/produit\/recommandations-pour-le-dimensionnement-des-pieux-sous-chargements-cycliques\/","og_locale":"en_US","og_type":"article","og_title":"Recommandations pour le dimensionnement des pieux sous chargements cycliques - ISTE Group","og_description":"Recommandations pour le dimensionnement des pieux sous\u00a0chargements cycliques\u00a0propose un ensemble de recommandations techniques qui visent \u00e0 combler partiellement cette lacune, en offrant une approche m\u00e9thodologique et des m\u00e9thodes de calcul pour prendre en compte les effets de charges cycliques dans le dimensionnement des fondations sur pieux.","og_url":"https:\/\/www.istegroup.com\/fr\/produit\/recommandations-pour-le-dimensionnement-des-pieux-sous-chargements-cycliques\/","og_site_name":"ISTE Group","article_modified_time":"2024-01-03T13:40:38+00:00","og_image":[{"width":1276,"height":1920,"url":"https:\/\/www.istegroup.com\/wp-content\/uploads\/2017\/07\/18396423953_8521473425-1.jpg","type":"image\/jpeg"}],"twitter_card":"summary_large_image","twitter_misc":{"Est. reading time":"1 minute"},"schema":{"@context":"https:\/\/schema.org","@graph":[{"@type":"WebPage","@id":"https:\/\/www.istegroup.com\/fr\/produit\/recommandations-pour-le-dimensionnement-des-pieux-sous-chargements-cycliques\/","url":"https:\/\/www.istegroup.com\/fr\/produit\/recommandations-pour-le-dimensionnement-des-pieux-sous-chargements-cycliques\/","name":"Recommandations pour le dimensionnement des pieux sous chargements cycliques - ISTE Group","isPartOf":{"@id":"https:\/\/www.istegroup.com\/#website"},"primaryImageOfPage":{"@id":"https:\/\/www.istegroup.com\/fr\/produit\/recommandations-pour-le-dimensionnement-des-pieux-sous-chargements-cycliques\/#primaryimage"},"image":{"@id":"https:\/\/www.istegroup.com\/fr\/produit\/recommandations-pour-le-dimensionnement-des-pieux-sous-chargements-cycliques\/#primaryimage"},"thumbnailUrl":"https:\/\/www.istegroup.com\/wp-content\/uploads\/2017\/07\/18396423953_8521473425-1.jpg","datePublished":"2017-07-28T13:04:53+00:00","dateModified":"2024-01-03T13:40:38+00:00","description":"Recommandations pour le dimensionnement des pieux sous\u00a0chargements cycliques\u00a0propose un ensemble de recommandations techniques qui visent \u00e0 combler partiellement cette lacune, en offrant une approche m\u00e9thodologique et des m\u00e9thodes de calcul pour prendre en compte les effets de charges cycliques dans le dimensionnement des fondations sur pieux.","breadcrumb":{"@id":"https:\/\/www.istegroup.com\/fr\/produit\/recommandations-pour-le-dimensionnement-des-pieux-sous-chargements-cycliques\/#breadcrumb"},"inLanguage":"en-US","potentialAction":[{"@type":"ReadAction","target":["https:\/\/www.istegroup.com\/fr\/produit\/recommandations-pour-le-dimensionnement-des-pieux-sous-chargements-cycliques\/"]}]},{"@type":"ImageObject","inLanguage":"en-US","@id":"https:\/\/www.istegroup.com\/fr\/produit\/recommandations-pour-le-dimensionnement-des-pieux-sous-chargements-cycliques\/#primaryimage","url":"https:\/\/www.istegroup.com\/wp-content\/uploads\/2017\/07\/18396423953_8521473425-1.jpg","contentUrl":"https:\/\/www.istegroup.com\/wp-content\/uploads\/2017\/07\/18396423953_8521473425-1.jpg","width":1276,"height":1920,"caption":"Projet national SOLCYP"},{"@type":"BreadcrumbList","@id":"https:\/\/www.istegroup.com\/fr\/produit\/recommandations-pour-le-dimensionnement-des-pieux-sous-chargements-cycliques\/#breadcrumb","itemListElement":[{"@type":"ListItem","position":1,"name":"Home","item":"https:\/\/www.istegroup.com\/"},{"@type":"ListItem","position":2,"name":"Shop","item":"https:\/\/www.istegroup.com\/fr\/nouveautes\/"},{"@type":"ListItem","position":3,"name":"Recommandations pour le dimensionnement des pieux sous chargements cycliques"}]},{"@type":"WebSite","@id":"https:\/\/www.istegroup.com\/#website","url":"https:\/\/www.istegroup.com\/","name":"ISTE Group","description":"Publishing Knowledge","potentialAction":[{"@type":"SearchAction","target":{"@type":"EntryPoint","urlTemplate":"https:\/\/www.istegroup.com\/?s={search_term_string}"},"query-input":{"@type":"PropertyValueSpecification","valueRequired":true,"valueName":"search_term_string"}}],"inLanguage":"en-US"}]}},"_links":{"self":[{"href":"https:\/\/www.istegroup.com\/en\/wp-json\/wp\/v2\/product\/571","targetHints":{"allow":["GET"]}}],"collection":[{"href":"https:\/\/www.istegroup.com\/en\/wp-json\/wp\/v2\/product"}],"about":[{"href":"https:\/\/www.istegroup.com\/en\/wp-json\/wp\/v2\/types\/product"}],"wp:featuredmedia":[{"embeddable":true,"href":"https:\/\/www.istegroup.com\/en\/wp-json\/wp\/v2\/media\/572"}],"wp:attachment":[{"href":"https:\/\/www.istegroup.com\/en\/wp-json\/wp\/v2\/media?parent=571"}],"wp:term":[{"taxonomy":"product_brand","embeddable":true,"href":"https:\/\/www.istegroup.com\/en\/wp-json\/wp\/v2\/product_brand?post=571"},{"taxonomy":"product_cat","embeddable":true,"href":"https:\/\/www.istegroup.com\/en\/wp-json\/wp\/v2\/product_cat?post=571"},{"taxonomy":"product_tag","embeddable":true,"href":"https:\/\/www.istegroup.com\/en\/wp-json\/wp\/v2\/product_tag?post=571"}],"curies":[{"name":"wp","href":"https:\/\/api.w.org\/{rel}","templated":true}]}}