{"id":569,"date":"2017-07-28T15:04:49","date_gmt":"2017-07-28T13:04:49","guid":{"rendered":"https:\/\/iste.yhello.co\/product\/recherches-en-design\/"},"modified":"2024-01-03T13:40:37","modified_gmt":"2024-01-03T13:40:37","slug":"recherches-en-design","status":"publish","type":"product","link":"https:\/\/www.istegroup.com\/en\/produit\/recherches-en-design\/","title":{"rendered":"Recherches en design"},"content":{"rendered":"<p>La conception est la partie du cycle de vie de l\u2019artefact o\u00f9 il sort de son substrat d\u2019\u00e9mergence, la pens\u00e9e humaine, pour \u00eatre converti en diverses concr\u00e9tisations partageables et communicables qui sont pr\u00e9alables \u00e0 sa r\u00e9alisation.<\/p>\n<p>De fait, les individus qui participent \u00e0 la conception \u00e9changent exclusivement de l\u2019information, sous forme de repr\u00e9sentations, dans l\u2019optique de communiquer entre eux pour une meilleure r\u00e9alisation d\u2019un projet d\u00e9pourvu \u00e0 ce stade de la moindre existence physique. Le design est ici \u00e9troitement tiss\u00e9 avec l\u2019information et la communication dont il rel\u00e8ve de fa\u00e7on d\u00e9cisive.<\/p>\n<p>Partager une m\u00eame vision du projet, qu\u2019il soit architectural, m\u00e9canique ou informatique, est fondamental. Quelle conceptualisation, quelle consignation de propri\u00e9t\u00e9s, dans quelles formes de repr\u00e9sentation ; et pour quelle pertinence, quels points de vue, quelle \u00e9criture, quelles interpr\u00e9tations et quels construits de sens ?<\/p>\n","protected":false},"excerpt":{"rendered":"<p>Version papier \u00e9puis\u00e9e<\/p>\n","protected":false},"featured_media":570,"template":"","meta":{"_acf_changed":false,"_links_to":"","_links_to_target":""},"product_brand":[],"product_cat":[684],"product_tag":[1325,1326,943,947,31,196,2213,1687,2208,2209,197,198,199,21,200,22,201,203,204,63,25,172,209,1008,212,38,192,145,28,2210,2211,2212,1332,1386],"class_list":{"0":"post-569","1":"product","2":"type-product","3":"status-publish","4":"has-post-thumbnail","6":"product_cat-sciences-socit-et-nouvelles-technologies-188422468","7":"product_tag-apprentissage","8":"product_tag-cognition","9":"product_tag-conception","10":"product_tag-design","11":"product_tag-ebook","12":"product_tag-ebooks","13":"product_tag-ecriture-et-representations","14":"product_tag-fouille-de-donnees","15":"product_tag-hafida-boulekbache-mazouz","16":"product_tag-interfaces-et-interactivite","17":"product_tag-iste","18":"product_tag-iste-edition","19":"product_tag-iste-editions","20":"product_tag-iste-group","21":"product_tag-isteedition","22":"product_tag-istegroup","23":"product_tag-kindle","24":"product_tag-liseuse","25":"product_tag-livre","26":"product_tag-livre-electronique","27":"product_tag-livre-numerique","28":"product_tag-livre-scientifique","29":"product_tag-livres-scientifiques","30":"product_tag-management","31":"product_tag-ouvrage","32":"product_tag-ouvrage-numerique","33":"product_tag-ouvrage-science","34":"product_tag-ouvrage-scientifique","35":"product_tag-ouvrage-scientifique-francais","36":"product_tag-processus-de-conception","37":"product_tag-recherches-en-design","38":"product_tag-representation-des-connaissances","39":"product_tag-simulationjeuxserieux","40":"product_tag-sylvie-leleu-merviel","42":"first","43":"instock","44":"shipping-taxable","45":"purchasable","46":"product-type-variable"},"acf":[],"yoast_head":"<!-- This site is optimized with the Yoast SEO plugin v27.2 - https:\/\/yoast.com\/product\/yoast-seo-wordpress\/ -->\n<title>Recherches en design - ISTE Group<\/title>\n<meta name=\"robots\" content=\"index, follow, max-snippet:-1, max-image-preview:large, max-video-preview:-1\" \/>\n<link rel=\"canonical\" href=\"https:\/\/www.istegroup.com\/fr\/produit\/recherches-en-design\/\" \/>\n<meta property=\"og:locale\" content=\"en_US\" \/>\n<meta property=\"og:type\" content=\"article\" \/>\n<meta property=\"og:title\" content=\"Recherches en design - ISTE Group\" \/>\n<meta property=\"og:description\" content=\"Version papier \u00e9puis\u00e9e\" \/>\n<meta property=\"og:url\" content=\"https:\/\/www.istegroup.com\/fr\/produit\/recherches-en-design\/\" \/>\n<meta property=\"og:site_name\" content=\"ISTE Group\" \/>\n<meta property=\"article:modified_time\" content=\"2024-01-03T13:40:37+00:00\" \/>\n<meta property=\"og:image\" content=\"https:\/\/www.istegroup.com\/wp-content\/uploads\/2017\/07\/414138037_171464430-1.jpg\" \/>\n\t<meta property=\"og:image:width\" content=\"300\" \/>\n\t<meta property=\"og:image:height\" content=\"451\" \/>\n\t<meta property=\"og:image:type\" content=\"image\/jpeg\" \/>\n<meta name=\"twitter:card\" content=\"summary_large_image\" \/>\n<meta name=\"twitter:label1\" content=\"Est. reading time\" \/>\n\t<meta name=\"twitter:data1\" content=\"1 minute\" \/>\n<script type=\"application\/ld+json\" class=\"yoast-schema-graph\">{\"@context\":\"https:\/\/schema.org\",\"@graph\":[{\"@type\":\"WebPage\",\"@id\":\"https:\/\/www.istegroup.com\/fr\/produit\/recherches-en-design\/\",\"url\":\"https:\/\/www.istegroup.com\/fr\/produit\/recherches-en-design\/\",\"name\":\"Recherches en design - ISTE Group\",\"isPartOf\":{\"@id\":\"https:\/\/www.istegroup.com\/#website\"},\"primaryImageOfPage\":{\"@id\":\"https:\/\/www.istegroup.com\/fr\/produit\/recherches-en-design\/#primaryimage\"},\"image\":{\"@id\":\"https:\/\/www.istegroup.com\/fr\/produit\/recherches-en-design\/#primaryimage\"},\"thumbnailUrl\":\"https:\/\/www.istegroup.com\/wp-content\/uploads\/2017\/07\/414138037_171464430-1.jpg\",\"datePublished\":\"2017-07-28T13:04:49+00:00\",\"dateModified\":\"2024-01-03T13:40:37+00:00\",\"breadcrumb\":{\"@id\":\"https:\/\/www.istegroup.com\/fr\/produit\/recherches-en-design\/#breadcrumb\"},\"inLanguage\":\"en-US\",\"potentialAction\":[{\"@type\":\"ReadAction\",\"target\":[\"https:\/\/www.istegroup.com\/fr\/produit\/recherches-en-design\/\"]}]},{\"@type\":\"ImageObject\",\"inLanguage\":\"en-US\",\"@id\":\"https:\/\/www.istegroup.com\/fr\/produit\/recherches-en-design\/#primaryimage\",\"url\":\"https:\/\/www.istegroup.com\/wp-content\/uploads\/2017\/07\/414138037_171464430-1.jpg\",\"contentUrl\":\"https:\/\/www.istegroup.com\/wp-content\/uploads\/2017\/07\/414138037_171464430-1.jpg\",\"width\":300,\"height\":451,\"caption\":\"Processus de conception, \u00e9criture et repr\u00e9sentations\"},{\"@type\":\"BreadcrumbList\",\"@id\":\"https:\/\/www.istegroup.com\/fr\/produit\/recherches-en-design\/#breadcrumb\",\"itemListElement\":[{\"@type\":\"ListItem\",\"position\":1,\"name\":\"Home\",\"item\":\"https:\/\/www.istegroup.com\/\"},{\"@type\":\"ListItem\",\"position\":2,\"name\":\"Shop\",\"item\":\"https:\/\/www.istegroup.com\/fr\/nouveautes\/\"},{\"@type\":\"ListItem\",\"position\":3,\"name\":\"Recherches en design\"}]},{\"@type\":\"WebSite\",\"@id\":\"https:\/\/www.istegroup.com\/#website\",\"url\":\"https:\/\/www.istegroup.com\/\",\"name\":\"ISTE Group\",\"description\":\"Publishing Knowledge\",\"potentialAction\":[{\"@type\":\"SearchAction\",\"target\":{\"@type\":\"EntryPoint\",\"urlTemplate\":\"https:\/\/www.istegroup.com\/?s={search_term_string}\"},\"query-input\":{\"@type\":\"PropertyValueSpecification\",\"valueRequired\":true,\"valueName\":\"search_term_string\"}}],\"inLanguage\":\"en-US\"}]}<\/script>\n<!-- \/ Yoast SEO plugin. -->","yoast_head_json":{"title":"Recherches en design - ISTE Group","robots":{"index":"index","follow":"follow","max-snippet":"max-snippet:-1","max-image-preview":"max-image-preview:large","max-video-preview":"max-video-preview:-1"},"canonical":"https:\/\/www.istegroup.com\/fr\/produit\/recherches-en-design\/","og_locale":"en_US","og_type":"article","og_title":"Recherches en design - ISTE Group","og_description":"Version papier \u00e9puis\u00e9e","og_url":"https:\/\/www.istegroup.com\/fr\/produit\/recherches-en-design\/","og_site_name":"ISTE Group","article_modified_time":"2024-01-03T13:40:37+00:00","og_image":[{"width":300,"height":451,"url":"https:\/\/www.istegroup.com\/wp-content\/uploads\/2017\/07\/414138037_171464430-1.jpg","type":"image\/jpeg"}],"twitter_card":"summary_large_image","twitter_misc":{"Est. reading time":"1 minute"},"schema":{"@context":"https:\/\/schema.org","@graph":[{"@type":"WebPage","@id":"https:\/\/www.istegroup.com\/fr\/produit\/recherches-en-design\/","url":"https:\/\/www.istegroup.com\/fr\/produit\/recherches-en-design\/","name":"Recherches en design - ISTE Group","isPartOf":{"@id":"https:\/\/www.istegroup.com\/#website"},"primaryImageOfPage":{"@id":"https:\/\/www.istegroup.com\/fr\/produit\/recherches-en-design\/#primaryimage"},"image":{"@id":"https:\/\/www.istegroup.com\/fr\/produit\/recherches-en-design\/#primaryimage"},"thumbnailUrl":"https:\/\/www.istegroup.com\/wp-content\/uploads\/2017\/07\/414138037_171464430-1.jpg","datePublished":"2017-07-28T13:04:49+00:00","dateModified":"2024-01-03T13:40:37+00:00","breadcrumb":{"@id":"https:\/\/www.istegroup.com\/fr\/produit\/recherches-en-design\/#breadcrumb"},"inLanguage":"en-US","potentialAction":[{"@type":"ReadAction","target":["https:\/\/www.istegroup.com\/fr\/produit\/recherches-en-design\/"]}]},{"@type":"ImageObject","inLanguage":"en-US","@id":"https:\/\/www.istegroup.com\/fr\/produit\/recherches-en-design\/#primaryimage","url":"https:\/\/www.istegroup.com\/wp-content\/uploads\/2017\/07\/414138037_171464430-1.jpg","contentUrl":"https:\/\/www.istegroup.com\/wp-content\/uploads\/2017\/07\/414138037_171464430-1.jpg","width":300,"height":451,"caption":"Processus de conception, \u00e9criture et repr\u00e9sentations"},{"@type":"BreadcrumbList","@id":"https:\/\/www.istegroup.com\/fr\/produit\/recherches-en-design\/#breadcrumb","itemListElement":[{"@type":"ListItem","position":1,"name":"Home","item":"https:\/\/www.istegroup.com\/"},{"@type":"ListItem","position":2,"name":"Shop","item":"https:\/\/www.istegroup.com\/fr\/nouveautes\/"},{"@type":"ListItem","position":3,"name":"Recherches en design"}]},{"@type":"WebSite","@id":"https:\/\/www.istegroup.com\/#website","url":"https:\/\/www.istegroup.com\/","name":"ISTE Group","description":"Publishing Knowledge","potentialAction":[{"@type":"SearchAction","target":{"@type":"EntryPoint","urlTemplate":"https:\/\/www.istegroup.com\/?s={search_term_string}"},"query-input":{"@type":"PropertyValueSpecification","valueRequired":true,"valueName":"search_term_string"}}],"inLanguage":"en-US"}]}},"_links":{"self":[{"href":"https:\/\/www.istegroup.com\/en\/wp-json\/wp\/v2\/product\/569","targetHints":{"allow":["GET"]}}],"collection":[{"href":"https:\/\/www.istegroup.com\/en\/wp-json\/wp\/v2\/product"}],"about":[{"href":"https:\/\/www.istegroup.com\/en\/wp-json\/wp\/v2\/types\/product"}],"wp:featuredmedia":[{"embeddable":true,"href":"https:\/\/www.istegroup.com\/en\/wp-json\/wp\/v2\/media\/570"}],"wp:attachment":[{"href":"https:\/\/www.istegroup.com\/en\/wp-json\/wp\/v2\/media?parent=569"}],"wp:term":[{"taxonomy":"product_brand","embeddable":true,"href":"https:\/\/www.istegroup.com\/en\/wp-json\/wp\/v2\/product_brand?post=569"},{"taxonomy":"product_cat","embeddable":true,"href":"https:\/\/www.istegroup.com\/en\/wp-json\/wp\/v2\/product_cat?post=569"},{"taxonomy":"product_tag","embeddable":true,"href":"https:\/\/www.istegroup.com\/en\/wp-json\/wp\/v2\/product_tag?post=569"}],"curies":[{"name":"wp","href":"https:\/\/api.w.org\/{rel}","templated":true}]}}