{"id":567,"date":"2017-07-28T15:04:45","date_gmt":"2017-07-28T13:04:45","guid":{"rendered":"https:\/\/iste.yhello.co\/product\/recherche-dinformation-geographique-dans-des-corpus-textuels\/"},"modified":"2024-01-03T13:40:37","modified_gmt":"2024-01-03T13:40:37","slug":"recherche-dinformation-geographique-dans-des-corpus-textuels","status":"publish","type":"product","link":"https:\/\/www.istegroup.com\/en\/produit\/recherche-dinformation-geographique-dans-des-corpus-textuels\/","title":{"rendered":"Recherche d&#8217;information g\u00e9ographique dans des corpus textuels"},"content":{"rendered":"<p>Favoris\u00e9s par la mont\u00e9e en puissance d\u2019Internet et les possibilit\u00e9s nouvelles de diffusion de donn\u00e9es, le nombre et le volume des corpus num\u00e9riques sont toujours plus importants et la recherche d\u2019information parmi de telles collections de documents est une t\u00e2che d\u00e9licate.<\/p>\n<p>Cet ouvrage traite du domaine de l\u2019extraction et de la recherche d\u2019information dans des documents textuels en distinguant les dimensions spatiale, temporelle et th\u00e9matique de l\u2019information.<\/p>\n<p>Il comporte deux ensembles bien distincts de propositions, l\u2019un sur l\u2019indexation et la recherche d\u2019information spatiale et temporelle dans les corpus de documents textuels, l\u2019autre sur la recherche d\u2019information g\u00e9ographique avec pour objectif la combinaison de crit\u00e8res de recherche spatiaux, temporels et th\u00e9matiques. Les propositions visent la g\u00e9n\u00e9ralisation d\u2019index spatiaux et temporels et la recherche d\u2019information multicrit\u00e8re.<\/p>\n<p>Ce livre pr\u00e9sente \u00e9galement plusieurs perspectives de recherche : l\u2019exploitation d\u2019une ontologie de domaine, la mod\u00e9lisation des empreintes spatiales issues de l\u2019interpr\u00e9tation de relations spatiales, l\u2019analyse des relations entre les caract\u00e9ristiques ayant contribu\u00e9 \u00e0 la s\u00e9lection d\u2019un document dans un processus de recherche d\u2019information g\u00e9ographique.<\/p>\n","protected":false},"excerpt":{"rendered":"<p>Favoris\u00e9s par la mont\u00e9e en puissance d\u2019Internet et les possibilit\u00e9s nouvelles de diffusion de donn\u00e9es, le nombre et le volume des corpus num\u00e9riques sont toujours plus importants et la recherche d\u2019information parmi de telles collections de documents est une t\u00e2che d\u00e9licate. Cet ouvrage traite du domaine de l\u2019extraction et de la recherche d\u2019information dans des [&hellip;]<\/p>\n","protected":false},"featured_media":568,"template":"","meta":{"_acf_changed":false,"_links_to":"","_links_to_target":""},"product_brand":[],"product_cat":[707],"product_tag":[2014,2196,2197,2198,31,196,270,2199,2200,2201,197,198,199,21,200,22,201,203,204,63,25,172,209,2202,2203,2204,2205,212,38,192,145,28,2206,2207],"class_list":{"0":"post-567","1":"product","2":"type-product","3":"status-publish","4":"has-post-thumbnail","6":"product_cat-systmes-dinformation-web-et-socit-12506570","7":"product_tag-cartographie","8":"product_tag-christian-sallaberry","9":"product_tag-configuration-spatiale","10":"product_tag-corpus-textuels","11":"product_tag-ebook","12":"product_tag-ebooks","13":"product_tag-geographiques","14":"product_tag-geotraitement","15":"product_tag-geovisualisation","16":"product_tag-information-geographique","17":"product_tag-iste","18":"product_tag-iste-edition","19":"product_tag-iste-editions","20":"product_tag-iste-group","21":"product_tag-isteedition","22":"product_tag-istegroup","23":"product_tag-kindle","24":"product_tag-liseuse","25":"product_tag-livre","26":"product_tag-livre-electronique","27":"product_tag-livre-numerique","28":"product_tag-livre-scientifique","29":"product_tag-livres-scientifiques","30":"product_tag-mapping","31":"product_tag-modelisation-spatio-temporelle","32":"product_tag-ontologie","33":"product_tag-open-geodata","34":"product_tag-ouvrage","35":"product_tag-ouvrage-numerique","36":"product_tag-ouvrage-science","37":"product_tag-ouvrage-scientifique","38":"product_tag-ouvrage-scientifique-francais","39":"product_tag-recherche-dinformation-geographique-dans-des-corpus-textuels","40":"product_tag-recherche-dinformation-geographique-dans-les-corpus-textuels","42":"first","43":"instock","44":"shipping-taxable","45":"purchasable","46":"product-type-variable"},"acf":[],"yoast_head":"<!-- This site is optimized with the Yoast SEO plugin v27.2 - https:\/\/yoast.com\/product\/yoast-seo-wordpress\/ -->\n<title>Recherche d&#039;information g\u00e9ographique dans des corpus textuels - ISTE Group<\/title>\n<meta name=\"description\" content=\"Cet ouvrage traite du domaine de l\u2019extraction et de la recherche d&#039;information dans des documents textuels en distinguant les dimensions spatiale, temporelle et th\u00e9matique de l\u2019information.\" \/>\n<meta name=\"robots\" content=\"index, follow, max-snippet:-1, max-image-preview:large, max-video-preview:-1\" \/>\n<link rel=\"canonical\" href=\"https:\/\/www.istegroup.com\/en\/produit\/recherche-dinformation-geographique-dans-des-corpus-textuels\/\" \/>\n<meta property=\"og:locale\" content=\"en_US\" \/>\n<meta property=\"og:type\" content=\"article\" \/>\n<meta property=\"og:title\" content=\"Recherche d&#039;information g\u00e9ographique dans des corpus textuels - ISTE Group\" \/>\n<meta property=\"og:description\" content=\"Cet ouvrage traite du domaine de l\u2019extraction et de la recherche d&#039;information dans des documents textuels en distinguant les dimensions spatiale, temporelle et th\u00e9matique de l\u2019information.\" \/>\n<meta property=\"og:url\" content=\"https:\/\/www.istegroup.com\/en\/produit\/recherche-dinformation-geographique-dans-des-corpus-textuels\/\" \/>\n<meta property=\"og:site_name\" content=\"ISTE Group\" \/>\n<meta property=\"article:modified_time\" content=\"2024-01-03T13:40:37+00:00\" \/>\n<meta property=\"og:image\" content=\"https:\/\/www.istegroup.com\/wp-content\/uploads\/2017\/07\/414227893_201036657-1.jpg\" \/>\n\t<meta property=\"og:image:width\" content=\"300\" \/>\n\t<meta property=\"og:image:height\" content=\"450\" \/>\n\t<meta property=\"og:image:type\" content=\"image\/jpeg\" \/>\n<meta name=\"twitter:card\" content=\"summary_large_image\" \/>\n<meta name=\"twitter:label1\" content=\"Est. reading time\" \/>\n\t<meta name=\"twitter:data1\" content=\"1 minute\" \/>\n<script type=\"application\/ld+json\" class=\"yoast-schema-graph\">{\"@context\":\"https:\/\/schema.org\",\"@graph\":[{\"@type\":\"WebPage\",\"@id\":\"https:\/\/www.istegroup.com\/en\/produit\/recherche-dinformation-geographique-dans-des-corpus-textuels\/\",\"url\":\"https:\/\/www.istegroup.com\/en\/produit\/recherche-dinformation-geographique-dans-des-corpus-textuels\/\",\"name\":\"Recherche d'information g\u00e9ographique dans des corpus textuels - ISTE Group\",\"isPartOf\":{\"@id\":\"https:\/\/www.istegroup.com\/#website\"},\"primaryImageOfPage\":{\"@id\":\"https:\/\/www.istegroup.com\/en\/produit\/recherche-dinformation-geographique-dans-des-corpus-textuels\/#primaryimage\"},\"image\":{\"@id\":\"https:\/\/www.istegroup.com\/en\/produit\/recherche-dinformation-geographique-dans-des-corpus-textuels\/#primaryimage\"},\"thumbnailUrl\":\"https:\/\/www.istegroup.com\/wp-content\/uploads\/2017\/07\/414227893_201036657-1.jpg\",\"datePublished\":\"2017-07-28T13:04:45+00:00\",\"dateModified\":\"2024-01-03T13:40:37+00:00\",\"description\":\"Cet ouvrage traite du domaine de l\u2019extraction et de la recherche d'information dans des documents textuels en distinguant les dimensions spatiale, temporelle et th\u00e9matique de l\u2019information.\",\"breadcrumb\":{\"@id\":\"https:\/\/www.istegroup.com\/en\/produit\/recherche-dinformation-geographique-dans-des-corpus-textuels\/#breadcrumb\"},\"inLanguage\":\"en-US\",\"potentialAction\":[{\"@type\":\"ReadAction\",\"target\":[\"https:\/\/www.istegroup.com\/en\/produit\/recherche-dinformation-geographique-dans-des-corpus-textuels\/\"]}]},{\"@type\":\"ImageObject\",\"inLanguage\":\"en-US\",\"@id\":\"https:\/\/www.istegroup.com\/en\/produit\/recherche-dinformation-geographique-dans-des-corpus-textuels\/#primaryimage\",\"url\":\"https:\/\/www.istegroup.com\/wp-content\/uploads\/2017\/07\/414227893_201036657-1.jpg\",\"contentUrl\":\"https:\/\/www.istegroup.com\/wp-content\/uploads\/2017\/07\/414227893_201036657-1.jpg\",\"width\":300,\"height\":450,\"caption\":\"Recherche d\u2019information g\u00e9ographique dans des corpus textuels\"},{\"@type\":\"BreadcrumbList\",\"@id\":\"https:\/\/www.istegroup.com\/en\/produit\/recherche-dinformation-geographique-dans-des-corpus-textuels\/#breadcrumb\",\"itemListElement\":[{\"@type\":\"ListItem\",\"position\":1,\"name\":\"Home\",\"item\":\"https:\/\/www.istegroup.com\/\"},{\"@type\":\"ListItem\",\"position\":2,\"name\":\"Shop\",\"item\":\"https:\/\/www.istegroup.com\/fr\/nouveautes\/\"},{\"@type\":\"ListItem\",\"position\":3,\"name\":\"Recherche d&#8217;information g\u00e9ographique dans des corpus textuels\"}]},{\"@type\":\"WebSite\",\"@id\":\"https:\/\/www.istegroup.com\/#website\",\"url\":\"https:\/\/www.istegroup.com\/\",\"name\":\"ISTE Group\",\"description\":\"Publishing Knowledge\",\"potentialAction\":[{\"@type\":\"SearchAction\",\"target\":{\"@type\":\"EntryPoint\",\"urlTemplate\":\"https:\/\/www.istegroup.com\/?s={search_term_string}\"},\"query-input\":{\"@type\":\"PropertyValueSpecification\",\"valueRequired\":true,\"valueName\":\"search_term_string\"}}],\"inLanguage\":\"en-US\"}]}<\/script>\n<!-- \/ Yoast SEO plugin. -->","yoast_head_json":{"title":"Recherche d'information g\u00e9ographique dans des corpus textuels - ISTE Group","description":"Cet ouvrage traite du domaine de l\u2019extraction et de la recherche d'information dans des documents textuels en distinguant les dimensions spatiale, temporelle et th\u00e9matique de l\u2019information.","robots":{"index":"index","follow":"follow","max-snippet":"max-snippet:-1","max-image-preview":"max-image-preview:large","max-video-preview":"max-video-preview:-1"},"canonical":"https:\/\/www.istegroup.com\/en\/produit\/recherche-dinformation-geographique-dans-des-corpus-textuels\/","og_locale":"en_US","og_type":"article","og_title":"Recherche d'information g\u00e9ographique dans des corpus textuels - ISTE Group","og_description":"Cet ouvrage traite du domaine de l\u2019extraction et de la recherche d'information dans des documents textuels en distinguant les dimensions spatiale, temporelle et th\u00e9matique de l\u2019information.","og_url":"https:\/\/www.istegroup.com\/en\/produit\/recherche-dinformation-geographique-dans-des-corpus-textuels\/","og_site_name":"ISTE Group","article_modified_time":"2024-01-03T13:40:37+00:00","og_image":[{"width":300,"height":450,"url":"https:\/\/www.istegroup.com\/wp-content\/uploads\/2017\/07\/414227893_201036657-1.jpg","type":"image\/jpeg"}],"twitter_card":"summary_large_image","twitter_misc":{"Est. reading time":"1 minute"},"schema":{"@context":"https:\/\/schema.org","@graph":[{"@type":"WebPage","@id":"https:\/\/www.istegroup.com\/en\/produit\/recherche-dinformation-geographique-dans-des-corpus-textuels\/","url":"https:\/\/www.istegroup.com\/en\/produit\/recherche-dinformation-geographique-dans-des-corpus-textuels\/","name":"Recherche d'information g\u00e9ographique dans des corpus textuels - ISTE Group","isPartOf":{"@id":"https:\/\/www.istegroup.com\/#website"},"primaryImageOfPage":{"@id":"https:\/\/www.istegroup.com\/en\/produit\/recherche-dinformation-geographique-dans-des-corpus-textuels\/#primaryimage"},"image":{"@id":"https:\/\/www.istegroup.com\/en\/produit\/recherche-dinformation-geographique-dans-des-corpus-textuels\/#primaryimage"},"thumbnailUrl":"https:\/\/www.istegroup.com\/wp-content\/uploads\/2017\/07\/414227893_201036657-1.jpg","datePublished":"2017-07-28T13:04:45+00:00","dateModified":"2024-01-03T13:40:37+00:00","description":"Cet ouvrage traite du domaine de l\u2019extraction et de la recherche d'information dans des documents textuels en distinguant les dimensions spatiale, temporelle et th\u00e9matique de l\u2019information.","breadcrumb":{"@id":"https:\/\/www.istegroup.com\/en\/produit\/recherche-dinformation-geographique-dans-des-corpus-textuels\/#breadcrumb"},"inLanguage":"en-US","potentialAction":[{"@type":"ReadAction","target":["https:\/\/www.istegroup.com\/en\/produit\/recherche-dinformation-geographique-dans-des-corpus-textuels\/"]}]},{"@type":"ImageObject","inLanguage":"en-US","@id":"https:\/\/www.istegroup.com\/en\/produit\/recherche-dinformation-geographique-dans-des-corpus-textuels\/#primaryimage","url":"https:\/\/www.istegroup.com\/wp-content\/uploads\/2017\/07\/414227893_201036657-1.jpg","contentUrl":"https:\/\/www.istegroup.com\/wp-content\/uploads\/2017\/07\/414227893_201036657-1.jpg","width":300,"height":450,"caption":"Recherche d\u2019information g\u00e9ographique dans des corpus textuels"},{"@type":"BreadcrumbList","@id":"https:\/\/www.istegroup.com\/en\/produit\/recherche-dinformation-geographique-dans-des-corpus-textuels\/#breadcrumb","itemListElement":[{"@type":"ListItem","position":1,"name":"Home","item":"https:\/\/www.istegroup.com\/"},{"@type":"ListItem","position":2,"name":"Shop","item":"https:\/\/www.istegroup.com\/fr\/nouveautes\/"},{"@type":"ListItem","position":3,"name":"Recherche d&#8217;information g\u00e9ographique dans des corpus textuels"}]},{"@type":"WebSite","@id":"https:\/\/www.istegroup.com\/#website","url":"https:\/\/www.istegroup.com\/","name":"ISTE Group","description":"Publishing Knowledge","potentialAction":[{"@type":"SearchAction","target":{"@type":"EntryPoint","urlTemplate":"https:\/\/www.istegroup.com\/?s={search_term_string}"},"query-input":{"@type":"PropertyValueSpecification","valueRequired":true,"valueName":"search_term_string"}}],"inLanguage":"en-US"}]}},"_links":{"self":[{"href":"https:\/\/www.istegroup.com\/en\/wp-json\/wp\/v2\/product\/567","targetHints":{"allow":["GET"]}}],"collection":[{"href":"https:\/\/www.istegroup.com\/en\/wp-json\/wp\/v2\/product"}],"about":[{"href":"https:\/\/www.istegroup.com\/en\/wp-json\/wp\/v2\/types\/product"}],"wp:featuredmedia":[{"embeddable":true,"href":"https:\/\/www.istegroup.com\/en\/wp-json\/wp\/v2\/media\/568"}],"wp:attachment":[{"href":"https:\/\/www.istegroup.com\/en\/wp-json\/wp\/v2\/media?parent=567"}],"wp:term":[{"taxonomy":"product_brand","embeddable":true,"href":"https:\/\/www.istegroup.com\/en\/wp-json\/wp\/v2\/product_brand?post=567"},{"taxonomy":"product_cat","embeddable":true,"href":"https:\/\/www.istegroup.com\/en\/wp-json\/wp\/v2\/product_cat?post=567"},{"taxonomy":"product_tag","embeddable":true,"href":"https:\/\/www.istegroup.com\/en\/wp-json\/wp\/v2\/product_tag?post=567"}],"curies":[{"name":"wp","href":"https:\/\/api.w.org\/{rel}","templated":true}]}}