{"id":56596,"date":"2024-05-07T10:34:07","date_gmt":"2024-05-07T09:34:07","guid":{"rendered":"https:\/\/www.istegroup.com\/?post_type=product&#038;p=56596"},"modified":"2025-03-14T10:09:56","modified_gmt":"2025-03-14T10:09:56","slug":"numerisation-et-mediation-du-patrimoine-pour-leducation","status":"publish","type":"product","link":"https:\/\/www.istegroup.com\/en\/produit\/numerisation-et-mediation-du-patrimoine-pour-leducation\/","title":{"rendered":"Num\u00e9risation et m\u00e9diation du patrimoine pour l&#8217;\u00e9ducation"},"content":{"rendered":"<p class=\"qtranxs-available-languages-message qtranxs-available-languages-message-en\">Sorry, this entry is only available in <a href=\"https:\/\/www.istegroup.com\/fr\/wp-json\/wp\/v2\/product\/56596\" class=\"qtranxs-available-language-link qtranxs-available-language-link-fr\" title=\"FR\">FR<\/a>.<\/p>","protected":false},"excerpt":{"rendered":"<p>Sorry, this entry is only available in FR.<\/p>\n","protected":false},"featured_media":56605,"template":"","meta":{"_acf_changed":false,"_links_to":"","_links_to_target":""},"product_brand":[],"product_cat":[3262,707],"product_tag":[],"class_list":{"0":"post-56596","1":"product","2":"type-product","3":"status-publish","4":"has-post-thumbnail","6":"product_cat-non-classe","7":"product_cat-systmes-dinformation-web-et-socit-12506570","9":"first","10":"instock","11":"shipping-taxable","12":"purchasable","13":"product-type-variable"},"acf":[],"yoast_head":"<!-- This site is optimized with the Yoast SEO plugin v27.2 - https:\/\/yoast.com\/product\/yoast-seo-wordpress\/ -->\n<title>Num\u00e9risation et m\u00e9diation du patrimoine pour l&#039;\u00e9ducation - ISTE Group<\/title>\n<meta name=\"description\" content=\"Num\u00e9risation et m\u00e9diation du patrimoine pour l\u2019\u00e9ducation se focalise plus particuli\u00e8rement sur des pratiques de m\u00e9diation dans le champ du patrimoine et de la place qu\u2019il occupe \u00e0 l\u2019\u00e9cole ou dans des aires d\u2019apprentissages en France et au Canada.\" \/>\n<meta name=\"robots\" content=\"index, follow, max-snippet:-1, max-image-preview:large, max-video-preview:-1\" \/>\n<link rel=\"canonical\" href=\"https:\/\/www.istegroup.com\/produit\/numerisation-et-mediation-du-patrimoine-pour-leducation\/\" \/>\n<meta property=\"og:locale\" content=\"en_US\" \/>\n<meta property=\"og:type\" content=\"article\" \/>\n<meta property=\"og:title\" content=\"Num\u00e9risation et m\u00e9diation du patrimoine pour l&#039;\u00e9ducation - ISTE Group\" \/>\n<meta property=\"og:description\" content=\"Num\u00e9risation et m\u00e9diation du patrimoine pour l\u2019\u00e9ducation se focalise plus particuli\u00e8rement sur des pratiques de m\u00e9diation dans le champ du patrimoine et de la place qu\u2019il occupe \u00e0 l\u2019\u00e9cole ou dans des aires d\u2019apprentissages en France et au Canada.\" \/>\n<meta property=\"og:url\" content=\"https:\/\/www.istegroup.com\/produit\/numerisation-et-mediation-du-patrimoine-pour-leducation\/\" \/>\n<meta property=\"og:site_name\" content=\"ISTE Group\" \/>\n<meta property=\"article:modified_time\" content=\"2025-03-14T10:09:56+00:00\" \/>\n<meta property=\"og:image\" content=\"https:\/\/www.istegroup.com\/wp-content\/uploads\/2024\/05\/Numerisation-et-mediation-du-patrimoine-pour-leducation.png\" \/>\n\t<meta property=\"og:image:width\" content=\"596\" \/>\n\t<meta property=\"og:image:height\" content=\"898\" \/>\n\t<meta property=\"og:image:type\" content=\"image\/png\" \/>\n<meta name=\"twitter:card\" content=\"summary_large_image\" \/>\n<meta name=\"twitter:label1\" content=\"Est. reading time\" \/>\n\t<meta name=\"twitter:data1\" content=\"2 minutes\" \/>\n<script type=\"application\/ld+json\" class=\"yoast-schema-graph\">{\"@context\":\"https:\/\/schema.org\",\"@graph\":[{\"@type\":\"WebPage\",\"@id\":\"https:\/\/www.istegroup.com\/produit\/numerisation-et-mediation-du-patrimoine-pour-leducation\/\",\"url\":\"https:\/\/www.istegroup.com\/produit\/numerisation-et-mediation-du-patrimoine-pour-leducation\/\",\"name\":\"Num\u00e9risation et m\u00e9diation du patrimoine pour l'\u00e9ducation - ISTE Group\",\"isPartOf\":{\"@id\":\"https:\/\/www.istegroup.com\/#website\"},\"primaryImageOfPage\":{\"@id\":\"https:\/\/www.istegroup.com\/produit\/numerisation-et-mediation-du-patrimoine-pour-leducation\/#primaryimage\"},\"image\":{\"@id\":\"https:\/\/www.istegroup.com\/produit\/numerisation-et-mediation-du-patrimoine-pour-leducation\/#primaryimage\"},\"thumbnailUrl\":\"https:\/\/www.istegroup.com\/wp-content\/uploads\/2024\/05\/Numerisation-et-mediation-du-patrimoine-pour-leducation.png\",\"datePublished\":\"2024-05-07T09:34:07+00:00\",\"dateModified\":\"2025-03-14T10:09:56+00:00\",\"description\":\"Num\u00e9risation et m\u00e9diation du patrimoine pour l\u2019\u00e9ducation se focalise plus particuli\u00e8rement sur des pratiques de m\u00e9diation dans le champ du patrimoine et de la place qu\u2019il occupe \u00e0 l\u2019\u00e9cole ou dans des aires d\u2019apprentissages en France et au Canada.\",\"breadcrumb\":{\"@id\":\"https:\/\/www.istegroup.com\/produit\/numerisation-et-mediation-du-patrimoine-pour-leducation\/#breadcrumb\"},\"inLanguage\":\"en-US\",\"potentialAction\":[{\"@type\":\"ReadAction\",\"target\":[\"https:\/\/www.istegroup.com\/produit\/numerisation-et-mediation-du-patrimoine-pour-leducation\/\"]}]},{\"@type\":\"ImageObject\",\"inLanguage\":\"en-US\",\"@id\":\"https:\/\/www.istegroup.com\/produit\/numerisation-et-mediation-du-patrimoine-pour-leducation\/#primaryimage\",\"url\":\"https:\/\/www.istegroup.com\/wp-content\/uploads\/2024\/05\/Numerisation-et-mediation-du-patrimoine-pour-leducation.png\",\"contentUrl\":\"https:\/\/www.istegroup.com\/wp-content\/uploads\/2024\/05\/Numerisation-et-mediation-du-patrimoine-pour-leducation.png\",\"width\":596,\"height\":898,\"caption\":\"Livre scientifique - Num\u00e9risation et m\u00e9diation du patrimoine pour l'\u00e9ducation\"},{\"@type\":\"BreadcrumbList\",\"@id\":\"https:\/\/www.istegroup.com\/produit\/numerisation-et-mediation-du-patrimoine-pour-leducation\/#breadcrumb\",\"itemListElement\":[{\"@type\":\"ListItem\",\"position\":1,\"name\":\"Home\",\"item\":\"https:\/\/www.istegroup.com\/\"},{\"@type\":\"ListItem\",\"position\":2,\"name\":\"Shop\",\"item\":\"https:\/\/www.istegroup.com\/fr\/nouveautes\/\"},{\"@type\":\"ListItem\",\"position\":3,\"name\":\"Num\u00e9risation et m\u00e9diation du patrimoine pour l&rsquo;\u00e9ducation\"}]},{\"@type\":\"WebSite\",\"@id\":\"https:\/\/www.istegroup.com\/#website\",\"url\":\"https:\/\/www.istegroup.com\/\",\"name\":\"ISTE Group\",\"description\":\"Publishing Knowledge\",\"potentialAction\":[{\"@type\":\"SearchAction\",\"target\":{\"@type\":\"EntryPoint\",\"urlTemplate\":\"https:\/\/www.istegroup.com\/?s={search_term_string}\"},\"query-input\":{\"@type\":\"PropertyValueSpecification\",\"valueRequired\":true,\"valueName\":\"search_term_string\"}}],\"inLanguage\":\"en-US\"}]}<\/script>\n<!-- \/ Yoast SEO plugin. -->","yoast_head_json":{"title":"Num\u00e9risation et m\u00e9diation du patrimoine pour l'\u00e9ducation - ISTE Group","description":"Num\u00e9risation et m\u00e9diation du patrimoine pour l\u2019\u00e9ducation se focalise plus particuli\u00e8rement sur des pratiques de m\u00e9diation dans le champ du patrimoine et de la place qu\u2019il occupe \u00e0 l\u2019\u00e9cole ou dans des aires d\u2019apprentissages en France et au Canada.","robots":{"index":"index","follow":"follow","max-snippet":"max-snippet:-1","max-image-preview":"max-image-preview:large","max-video-preview":"max-video-preview:-1"},"canonical":"https:\/\/www.istegroup.com\/produit\/numerisation-et-mediation-du-patrimoine-pour-leducation\/","og_locale":"en_US","og_type":"article","og_title":"Num\u00e9risation et m\u00e9diation du patrimoine pour l'\u00e9ducation - ISTE Group","og_description":"Num\u00e9risation et m\u00e9diation du patrimoine pour l\u2019\u00e9ducation se focalise plus particuli\u00e8rement sur des pratiques de m\u00e9diation dans le champ du patrimoine et de la place qu\u2019il occupe \u00e0 l\u2019\u00e9cole ou dans des aires d\u2019apprentissages en France et au Canada.","og_url":"https:\/\/www.istegroup.com\/produit\/numerisation-et-mediation-du-patrimoine-pour-leducation\/","og_site_name":"ISTE Group","article_modified_time":"2025-03-14T10:09:56+00:00","og_image":[{"width":596,"height":898,"url":"https:\/\/www.istegroup.com\/wp-content\/uploads\/2024\/05\/Numerisation-et-mediation-du-patrimoine-pour-leducation.png","type":"image\/png"}],"twitter_card":"summary_large_image","twitter_misc":{"Est. reading time":"2 minutes"},"schema":{"@context":"https:\/\/schema.org","@graph":[{"@type":"WebPage","@id":"https:\/\/www.istegroup.com\/produit\/numerisation-et-mediation-du-patrimoine-pour-leducation\/","url":"https:\/\/www.istegroup.com\/produit\/numerisation-et-mediation-du-patrimoine-pour-leducation\/","name":"Num\u00e9risation et m\u00e9diation du patrimoine pour l'\u00e9ducation - ISTE Group","isPartOf":{"@id":"https:\/\/www.istegroup.com\/#website"},"primaryImageOfPage":{"@id":"https:\/\/www.istegroup.com\/produit\/numerisation-et-mediation-du-patrimoine-pour-leducation\/#primaryimage"},"image":{"@id":"https:\/\/www.istegroup.com\/produit\/numerisation-et-mediation-du-patrimoine-pour-leducation\/#primaryimage"},"thumbnailUrl":"https:\/\/www.istegroup.com\/wp-content\/uploads\/2024\/05\/Numerisation-et-mediation-du-patrimoine-pour-leducation.png","datePublished":"2024-05-07T09:34:07+00:00","dateModified":"2025-03-14T10:09:56+00:00","description":"Num\u00e9risation et m\u00e9diation du patrimoine pour l\u2019\u00e9ducation se focalise plus particuli\u00e8rement sur des pratiques de m\u00e9diation dans le champ du patrimoine et de la place qu\u2019il occupe \u00e0 l\u2019\u00e9cole ou dans des aires d\u2019apprentissages en France et au Canada.","breadcrumb":{"@id":"https:\/\/www.istegroup.com\/produit\/numerisation-et-mediation-du-patrimoine-pour-leducation\/#breadcrumb"},"inLanguage":"en-US","potentialAction":[{"@type":"ReadAction","target":["https:\/\/www.istegroup.com\/produit\/numerisation-et-mediation-du-patrimoine-pour-leducation\/"]}]},{"@type":"ImageObject","inLanguage":"en-US","@id":"https:\/\/www.istegroup.com\/produit\/numerisation-et-mediation-du-patrimoine-pour-leducation\/#primaryimage","url":"https:\/\/www.istegroup.com\/wp-content\/uploads\/2024\/05\/Numerisation-et-mediation-du-patrimoine-pour-leducation.png","contentUrl":"https:\/\/www.istegroup.com\/wp-content\/uploads\/2024\/05\/Numerisation-et-mediation-du-patrimoine-pour-leducation.png","width":596,"height":898,"caption":"Livre scientifique - Num\u00e9risation et m\u00e9diation du patrimoine pour l'\u00e9ducation"},{"@type":"BreadcrumbList","@id":"https:\/\/www.istegroup.com\/produit\/numerisation-et-mediation-du-patrimoine-pour-leducation\/#breadcrumb","itemListElement":[{"@type":"ListItem","position":1,"name":"Home","item":"https:\/\/www.istegroup.com\/"},{"@type":"ListItem","position":2,"name":"Shop","item":"https:\/\/www.istegroup.com\/fr\/nouveautes\/"},{"@type":"ListItem","position":3,"name":"Num\u00e9risation et m\u00e9diation du patrimoine pour l&rsquo;\u00e9ducation"}]},{"@type":"WebSite","@id":"https:\/\/www.istegroup.com\/#website","url":"https:\/\/www.istegroup.com\/","name":"ISTE Group","description":"Publishing Knowledge","potentialAction":[{"@type":"SearchAction","target":{"@type":"EntryPoint","urlTemplate":"https:\/\/www.istegroup.com\/?s={search_term_string}"},"query-input":{"@type":"PropertyValueSpecification","valueRequired":true,"valueName":"search_term_string"}}],"inLanguage":"en-US"}]}},"_links":{"self":[{"href":"https:\/\/www.istegroup.com\/en\/wp-json\/wp\/v2\/product\/56596","targetHints":{"allow":["GET"]}}],"collection":[{"href":"https:\/\/www.istegroup.com\/en\/wp-json\/wp\/v2\/product"}],"about":[{"href":"https:\/\/www.istegroup.com\/en\/wp-json\/wp\/v2\/types\/product"}],"wp:featuredmedia":[{"embeddable":true,"href":"https:\/\/www.istegroup.com\/en\/wp-json\/wp\/v2\/media\/56605"}],"wp:attachment":[{"href":"https:\/\/www.istegroup.com\/en\/wp-json\/wp\/v2\/media?parent=56596"}],"wp:term":[{"taxonomy":"product_brand","embeddable":true,"href":"https:\/\/www.istegroup.com\/en\/wp-json\/wp\/v2\/product_brand?post=56596"},{"taxonomy":"product_cat","embeddable":true,"href":"https:\/\/www.istegroup.com\/en\/wp-json\/wp\/v2\/product_cat?post=56596"},{"taxonomy":"product_tag","embeddable":true,"href":"https:\/\/www.istegroup.com\/en\/wp-json\/wp\/v2\/product_tag?post=56596"}],"curies":[{"name":"wp","href":"https:\/\/api.w.org\/{rel}","templated":true}]}}