{"id":56588,"date":"2024-05-07T10:21:20","date_gmt":"2024-05-07T09:21:20","guid":{"rendered":"https:\/\/www.istegroup.com\/?post_type=product&#038;p=56588"},"modified":"2025-03-14T10:08:26","modified_gmt":"2025-03-14T10:08:26","slug":"rheologie-comportement-physique-et-mecanique-de-materiaux-3","status":"publish","type":"product","link":"https:\/\/www.istegroup.com\/en\/produit\/rheologie-comportement-physique-et-mecanique-de-materiaux-3\/","title":{"rendered":"Rh\u00e9ologie, comportement physique et m\u00e9canique de mat\u00e9riaux 3"},"content":{"rendered":"<p>Cet ouvrage, illustr\u00e9 de nombreux cas concrets et exercices corrig\u00e9s, \u00e9tudie les mat\u00e9riaux m\u00e9talliques et composites et leurs propri\u00e9t\u00e9s m\u00e9caniques en raideur et r\u00e9sistance.<\/p>\n<p>Il pr\u00e9sente les concepts de rigidit\u00e9, r\u00e9sistance, \u00e9nergie \u00e9lastique, contrainte et d\u00e9formation g\u00e9n\u00e9ralis\u00e9es ainsi que les principaux crit\u00e8res servant au dimensionnement de mat\u00e9riaux isotropes et anisotropes. Il traite de la m\u00e9canique \u00e9lastique de pi\u00e8ces et structures \u00e0 l\u2019aide de diverses techniques (m\u00e9thode des forces, coefficients d\u2019influence de Maxwell, travaux de Castigliano et Menabrea, int\u00e9grales de Mohr, m\u00e9thode des d\u00e9placements) ainsi que de la conception et de l\u2019emploi de matrices de raideur. Il compare les comportements entre actions statiques et dynamiques aux chocs et \u00e9tudie les limites \u00e9lastiques des charni\u00e8res plastiques, leurs influences et les cisaillements aux efforts tranchants.<\/p>\n<p>Cet ouvrage s\u2019adresse aux formations techniques ou technologiques, aux chercheurs investis dans le domaine de la m\u00e9canique des milieux d\u00e9formables ainsi qu\u2019aux bureaux d\u2019\u00e9tudes et secteurs de fabrication d\u2019industriels.<\/p>\n","protected":false},"excerpt":{"rendered":"<p>Cet ouvrage, illustr\u00e9 de nombreux cas concrets et exercices corrig\u00e9s, \u00e9tudie les mat\u00e9riaux m\u00e9talliques et composites et leurs propri\u00e9t\u00e9s m\u00e9caniques en raideur et r\u00e9sistance. Il pr\u00e9sente les concepts de rigidit\u00e9, r\u00e9sistance, \u00e9nergie \u00e9lastique, contrainte et d\u00e9formation g\u00e9n\u00e9ralis\u00e9es ainsi que les principaux crit\u00e8res servant au dimensionnement de mat\u00e9riaux isotropes et anisotropes. Il traite de la m\u00e9canique [&hellip;]<\/p>\n","protected":false},"featured_media":56595,"template":"","meta":{"_acf_changed":false,"_links_to":"","_links_to_target":""},"product_brand":[],"product_cat":[664],"product_tag":[],"class_list":{"0":"post-56588","1":"product","2":"type-product","3":"status-publish","4":"has-post-thumbnail","6":"product_cat-gnie-mcanique-et-mcanique-des-solides-12506462","8":"first","9":"instock","10":"shipping-taxable","11":"purchasable","12":"product-type-variable"},"acf":[],"yoast_head":"<!-- This site is optimized with the Yoast SEO plugin v27.2 - https:\/\/yoast.com\/product\/yoast-seo-wordpress\/ -->\n<title>Rh\u00e9ologie, comportement physique et m\u00e9canique de mat\u00e9riaux 3 - ISTE Group<\/title>\n<meta name=\"description\" content=\"Cet ouvrage, illustr\u00e9 de nombreux cas concrets et exercices corrig\u00e9s, \u00e9tudie les mat\u00e9riaux m\u00e9talliques et composites et leurs propri\u00e9t\u00e9s m\u00e9caniques en raideur et r\u00e9sistance.\" \/>\n<meta name=\"robots\" content=\"index, follow, max-snippet:-1, max-image-preview:large, max-video-preview:-1\" \/>\n<link rel=\"canonical\" href=\"https:\/\/www.istegroup.com\/produit\/rheologie-comportement-physique-et-mecanique-de-materiaux-3\/\" \/>\n<meta property=\"og:locale\" content=\"en_US\" \/>\n<meta property=\"og:type\" content=\"article\" \/>\n<meta property=\"og:title\" content=\"Rh\u00e9ologie, comportement physique et m\u00e9canique de mat\u00e9riaux 3 - ISTE Group\" \/>\n<meta property=\"og:description\" content=\"Cet ouvrage, illustr\u00e9 de nombreux cas concrets et exercices corrig\u00e9s, \u00e9tudie les mat\u00e9riaux m\u00e9talliques et composites et leurs propri\u00e9t\u00e9s m\u00e9caniques en raideur et r\u00e9sistance.\" \/>\n<meta property=\"og:url\" content=\"https:\/\/www.istegroup.com\/produit\/rheologie-comportement-physique-et-mecanique-de-materiaux-3\/\" \/>\n<meta property=\"og:site_name\" content=\"ISTE Group\" \/>\n<meta property=\"article:modified_time\" content=\"2025-03-14T10:08:26+00:00\" \/>\n<meta property=\"og:image\" content=\"https:\/\/www.istegroup.com\/wp-content\/uploads\/2024\/05\/Rheologie-comportement-physique-et-mecanique-de-materiaux-3.png\" \/>\n\t<meta property=\"og:image:width\" content=\"597\" \/>\n\t<meta property=\"og:image:height\" content=\"899\" \/>\n\t<meta property=\"og:image:type\" content=\"image\/png\" \/>\n<meta name=\"twitter:card\" content=\"summary_large_image\" \/>\n<meta name=\"twitter:label1\" content=\"Est. reading time\" \/>\n\t<meta name=\"twitter:data1\" content=\"1 minute\" \/>\n<script type=\"application\/ld+json\" class=\"yoast-schema-graph\">{\"@context\":\"https:\/\/schema.org\",\"@graph\":[{\"@type\":\"WebPage\",\"@id\":\"https:\/\/www.istegroup.com\/produit\/rheologie-comportement-physique-et-mecanique-de-materiaux-3\/\",\"url\":\"https:\/\/www.istegroup.com\/produit\/rheologie-comportement-physique-et-mecanique-de-materiaux-3\/\",\"name\":\"Rh\u00e9ologie, comportement physique et m\u00e9canique de mat\u00e9riaux 3 - ISTE Group\",\"isPartOf\":{\"@id\":\"https:\/\/www.istegroup.com\/#website\"},\"primaryImageOfPage\":{\"@id\":\"https:\/\/www.istegroup.com\/produit\/rheologie-comportement-physique-et-mecanique-de-materiaux-3\/#primaryimage\"},\"image\":{\"@id\":\"https:\/\/www.istegroup.com\/produit\/rheologie-comportement-physique-et-mecanique-de-materiaux-3\/#primaryimage\"},\"thumbnailUrl\":\"https:\/\/www.istegroup.com\/wp-content\/uploads\/2024\/05\/Rheologie-comportement-physique-et-mecanique-de-materiaux-3.png\",\"datePublished\":\"2024-05-07T09:21:20+00:00\",\"dateModified\":\"2025-03-14T10:08:26+00:00\",\"description\":\"Cet ouvrage, illustr\u00e9 de nombreux cas concrets et exercices corrig\u00e9s, \u00e9tudie les mat\u00e9riaux m\u00e9talliques et composites et leurs propri\u00e9t\u00e9s m\u00e9caniques en raideur et r\u00e9sistance.\",\"breadcrumb\":{\"@id\":\"https:\/\/www.istegroup.com\/produit\/rheologie-comportement-physique-et-mecanique-de-materiaux-3\/#breadcrumb\"},\"inLanguage\":\"en-US\",\"potentialAction\":[{\"@type\":\"ReadAction\",\"target\":[\"https:\/\/www.istegroup.com\/produit\/rheologie-comportement-physique-et-mecanique-de-materiaux-3\/\"]}]},{\"@type\":\"ImageObject\",\"inLanguage\":\"en-US\",\"@id\":\"https:\/\/www.istegroup.com\/produit\/rheologie-comportement-physique-et-mecanique-de-materiaux-3\/#primaryimage\",\"url\":\"https:\/\/www.istegroup.com\/wp-content\/uploads\/2024\/05\/Rheologie-comportement-physique-et-mecanique-de-materiaux-3.png\",\"contentUrl\":\"https:\/\/www.istegroup.com\/wp-content\/uploads\/2024\/05\/Rheologie-comportement-physique-et-mecanique-de-materiaux-3.png\",\"width\":597,\"height\":899,\"caption\":\"Livre scientifique - Rh\u00e9ologie, comportement physique et m\u00e9canique de mat\u00e9riaux 3\"},{\"@type\":\"BreadcrumbList\",\"@id\":\"https:\/\/www.istegroup.com\/produit\/rheologie-comportement-physique-et-mecanique-de-materiaux-3\/#breadcrumb\",\"itemListElement\":[{\"@type\":\"ListItem\",\"position\":1,\"name\":\"Home\",\"item\":\"https:\/\/www.istegroup.com\/\"},{\"@type\":\"ListItem\",\"position\":2,\"name\":\"Shop\",\"item\":\"https:\/\/www.istegroup.com\/fr\/nouveautes\/\"},{\"@type\":\"ListItem\",\"position\":3,\"name\":\"Rh\u00e9ologie, comportement physique et m\u00e9canique de mat\u00e9riaux 3\"}]},{\"@type\":\"WebSite\",\"@id\":\"https:\/\/www.istegroup.com\/#website\",\"url\":\"https:\/\/www.istegroup.com\/\",\"name\":\"ISTE Group\",\"description\":\"Publishing Knowledge\",\"potentialAction\":[{\"@type\":\"SearchAction\",\"target\":{\"@type\":\"EntryPoint\",\"urlTemplate\":\"https:\/\/www.istegroup.com\/?s={search_term_string}\"},\"query-input\":{\"@type\":\"PropertyValueSpecification\",\"valueRequired\":true,\"valueName\":\"search_term_string\"}}],\"inLanguage\":\"en-US\"}]}<\/script>\n<!-- \/ Yoast SEO plugin. -->","yoast_head_json":{"title":"Rh\u00e9ologie, comportement physique et m\u00e9canique de mat\u00e9riaux 3 - ISTE Group","description":"Cet ouvrage, illustr\u00e9 de nombreux cas concrets et exercices corrig\u00e9s, \u00e9tudie les mat\u00e9riaux m\u00e9talliques et composites et leurs propri\u00e9t\u00e9s m\u00e9caniques en raideur et r\u00e9sistance.","robots":{"index":"index","follow":"follow","max-snippet":"max-snippet:-1","max-image-preview":"max-image-preview:large","max-video-preview":"max-video-preview:-1"},"canonical":"https:\/\/www.istegroup.com\/produit\/rheologie-comportement-physique-et-mecanique-de-materiaux-3\/","og_locale":"en_US","og_type":"article","og_title":"Rh\u00e9ologie, comportement physique et m\u00e9canique de mat\u00e9riaux 3 - ISTE Group","og_description":"Cet ouvrage, illustr\u00e9 de nombreux cas concrets et exercices corrig\u00e9s, \u00e9tudie les mat\u00e9riaux m\u00e9talliques et composites et leurs propri\u00e9t\u00e9s m\u00e9caniques en raideur et r\u00e9sistance.","og_url":"https:\/\/www.istegroup.com\/produit\/rheologie-comportement-physique-et-mecanique-de-materiaux-3\/","og_site_name":"ISTE Group","article_modified_time":"2025-03-14T10:08:26+00:00","og_image":[{"width":597,"height":899,"url":"https:\/\/www.istegroup.com\/wp-content\/uploads\/2024\/05\/Rheologie-comportement-physique-et-mecanique-de-materiaux-3.png","type":"image\/png"}],"twitter_card":"summary_large_image","twitter_misc":{"Est. reading time":"1 minute"},"schema":{"@context":"https:\/\/schema.org","@graph":[{"@type":"WebPage","@id":"https:\/\/www.istegroup.com\/produit\/rheologie-comportement-physique-et-mecanique-de-materiaux-3\/","url":"https:\/\/www.istegroup.com\/produit\/rheologie-comportement-physique-et-mecanique-de-materiaux-3\/","name":"Rh\u00e9ologie, comportement physique et m\u00e9canique de mat\u00e9riaux 3 - ISTE Group","isPartOf":{"@id":"https:\/\/www.istegroup.com\/#website"},"primaryImageOfPage":{"@id":"https:\/\/www.istegroup.com\/produit\/rheologie-comportement-physique-et-mecanique-de-materiaux-3\/#primaryimage"},"image":{"@id":"https:\/\/www.istegroup.com\/produit\/rheologie-comportement-physique-et-mecanique-de-materiaux-3\/#primaryimage"},"thumbnailUrl":"https:\/\/www.istegroup.com\/wp-content\/uploads\/2024\/05\/Rheologie-comportement-physique-et-mecanique-de-materiaux-3.png","datePublished":"2024-05-07T09:21:20+00:00","dateModified":"2025-03-14T10:08:26+00:00","description":"Cet ouvrage, illustr\u00e9 de nombreux cas concrets et exercices corrig\u00e9s, \u00e9tudie les mat\u00e9riaux m\u00e9talliques et composites et leurs propri\u00e9t\u00e9s m\u00e9caniques en raideur et r\u00e9sistance.","breadcrumb":{"@id":"https:\/\/www.istegroup.com\/produit\/rheologie-comportement-physique-et-mecanique-de-materiaux-3\/#breadcrumb"},"inLanguage":"en-US","potentialAction":[{"@type":"ReadAction","target":["https:\/\/www.istegroup.com\/produit\/rheologie-comportement-physique-et-mecanique-de-materiaux-3\/"]}]},{"@type":"ImageObject","inLanguage":"en-US","@id":"https:\/\/www.istegroup.com\/produit\/rheologie-comportement-physique-et-mecanique-de-materiaux-3\/#primaryimage","url":"https:\/\/www.istegroup.com\/wp-content\/uploads\/2024\/05\/Rheologie-comportement-physique-et-mecanique-de-materiaux-3.png","contentUrl":"https:\/\/www.istegroup.com\/wp-content\/uploads\/2024\/05\/Rheologie-comportement-physique-et-mecanique-de-materiaux-3.png","width":597,"height":899,"caption":"Livre scientifique - Rh\u00e9ologie, comportement physique et m\u00e9canique de mat\u00e9riaux 3"},{"@type":"BreadcrumbList","@id":"https:\/\/www.istegroup.com\/produit\/rheologie-comportement-physique-et-mecanique-de-materiaux-3\/#breadcrumb","itemListElement":[{"@type":"ListItem","position":1,"name":"Home","item":"https:\/\/www.istegroup.com\/"},{"@type":"ListItem","position":2,"name":"Shop","item":"https:\/\/www.istegroup.com\/fr\/nouveautes\/"},{"@type":"ListItem","position":3,"name":"Rh\u00e9ologie, comportement physique et m\u00e9canique de mat\u00e9riaux 3"}]},{"@type":"WebSite","@id":"https:\/\/www.istegroup.com\/#website","url":"https:\/\/www.istegroup.com\/","name":"ISTE Group","description":"Publishing Knowledge","potentialAction":[{"@type":"SearchAction","target":{"@type":"EntryPoint","urlTemplate":"https:\/\/www.istegroup.com\/?s={search_term_string}"},"query-input":{"@type":"PropertyValueSpecification","valueRequired":true,"valueName":"search_term_string"}}],"inLanguage":"en-US"}]}},"_links":{"self":[{"href":"https:\/\/www.istegroup.com\/en\/wp-json\/wp\/v2\/product\/56588","targetHints":{"allow":["GET"]}}],"collection":[{"href":"https:\/\/www.istegroup.com\/en\/wp-json\/wp\/v2\/product"}],"about":[{"href":"https:\/\/www.istegroup.com\/en\/wp-json\/wp\/v2\/types\/product"}],"wp:featuredmedia":[{"embeddable":true,"href":"https:\/\/www.istegroup.com\/en\/wp-json\/wp\/v2\/media\/56595"}],"wp:attachment":[{"href":"https:\/\/www.istegroup.com\/en\/wp-json\/wp\/v2\/media?parent=56588"}],"wp:term":[{"taxonomy":"product_brand","embeddable":true,"href":"https:\/\/www.istegroup.com\/en\/wp-json\/wp\/v2\/product_brand?post=56588"},{"taxonomy":"product_cat","embeddable":true,"href":"https:\/\/www.istegroup.com\/en\/wp-json\/wp\/v2\/product_cat?post=56588"},{"taxonomy":"product_tag","embeddable":true,"href":"https:\/\/www.istegroup.com\/en\/wp-json\/wp\/v2\/product_tag?post=56588"}],"curies":[{"name":"wp","href":"https:\/\/api.w.org\/{rel}","templated":true}]}}