{"id":56570,"date":"2024-05-07T09:55:30","date_gmt":"2024-05-07T08:55:30","guid":{"rendered":"https:\/\/www.istegroup.com\/?post_type=product&#038;p=56570"},"modified":"2025-03-14T10:07:06","modified_gmt":"2025-03-14T10:07:06","slug":"tourismophobie","status":"publish","type":"product","link":"https:\/\/www.istegroup.com\/en\/produit\/tourismophobie\/","title":{"rendered":"Tourismophobie"},"content":{"rendered":"<p class=\"qtranxs-available-languages-message qtranxs-available-languages-message-en\">Sorry, this entry is only available in <a href=\"https:\/\/www.istegroup.com\/fr\/wp-json\/wp\/v2\/product\/56570\" class=\"qtranxs-available-language-link qtranxs-available-language-link-fr\" title=\"FR\">FR<\/a>.<\/p>","protected":false},"excerpt":{"rendered":"<p>Sorry, this entry is only available in FR.<\/p>\n","protected":false},"featured_media":56577,"template":"","meta":{"_acf_changed":false,"_links_to":"","_links_to_target":""},"product_brand":[],"product_cat":[684],"product_tag":[],"class_list":{"0":"post-56570","1":"product","2":"type-product","3":"status-publish","4":"has-post-thumbnail","6":"product_cat-sciences-socit-et-nouvelles-technologies-188422468","8":"first","9":"instock","10":"shipping-taxable","11":"purchasable","12":"product-type-variable"},"acf":[],"yoast_head":"<!-- This site is optimized with the Yoast SEO plugin v27.2 - https:\/\/yoast.com\/product\/yoast-seo-wordpress\/ -->\n<title>Tourismophobie - ISTE Group<\/title>\n<meta name=\"description\" content=\"Tourismophobie \u00e9tudie la persistance de la r\u00e9pulsion \u00e0 leur endroit alors que leur nombre est de nos jours infiniment plus \u00e9lev\u00e9, qu\u2019ils ne sont socialement plus les m\u00eames et que les pratiques ont radicalement chang\u00e9.\" \/>\n<meta name=\"robots\" content=\"index, follow, max-snippet:-1, max-image-preview:large, max-video-preview:-1\" \/>\n<link rel=\"canonical\" href=\"https:\/\/www.istegroup.com\/produit\/tourismophobie\/\" \/>\n<meta property=\"og:locale\" content=\"en_US\" \/>\n<meta property=\"og:type\" content=\"article\" \/>\n<meta property=\"og:title\" content=\"Tourismophobie - ISTE Group\" \/>\n<meta property=\"og:description\" content=\"Tourismophobie \u00e9tudie la persistance de la r\u00e9pulsion \u00e0 leur endroit alors que leur nombre est de nos jours infiniment plus \u00e9lev\u00e9, qu\u2019ils ne sont socialement plus les m\u00eames et que les pratiques ont radicalement chang\u00e9.\" \/>\n<meta property=\"og:url\" content=\"https:\/\/www.istegroup.com\/produit\/tourismophobie\/\" \/>\n<meta property=\"og:site_name\" content=\"ISTE Group\" \/>\n<meta property=\"article:modified_time\" content=\"2025-03-14T10:07:06+00:00\" \/>\n<meta property=\"og:image\" content=\"https:\/\/www.istegroup.com\/wp-content\/uploads\/2024\/05\/Tourismophobie.png\" \/>\n\t<meta property=\"og:image:width\" content=\"598\" \/>\n\t<meta property=\"og:image:height\" content=\"901\" \/>\n\t<meta property=\"og:image:type\" content=\"image\/png\" \/>\n<meta name=\"twitter:card\" content=\"summary_large_image\" \/>\n<meta name=\"twitter:label1\" content=\"Est. reading time\" \/>\n\t<meta name=\"twitter:data1\" content=\"1 minute\" \/>\n<script type=\"application\/ld+json\" class=\"yoast-schema-graph\">{\"@context\":\"https:\/\/schema.org\",\"@graph\":[{\"@type\":\"WebPage\",\"@id\":\"https:\/\/www.istegroup.com\/produit\/tourismophobie\/\",\"url\":\"https:\/\/www.istegroup.com\/produit\/tourismophobie\/\",\"name\":\"Tourismophobie - ISTE Group\",\"isPartOf\":{\"@id\":\"https:\/\/www.istegroup.com\/#website\"},\"primaryImageOfPage\":{\"@id\":\"https:\/\/www.istegroup.com\/produit\/tourismophobie\/#primaryimage\"},\"image\":{\"@id\":\"https:\/\/www.istegroup.com\/produit\/tourismophobie\/#primaryimage\"},\"thumbnailUrl\":\"https:\/\/www.istegroup.com\/wp-content\/uploads\/2024\/05\/Tourismophobie.png\",\"datePublished\":\"2024-05-07T08:55:30+00:00\",\"dateModified\":\"2025-03-14T10:07:06+00:00\",\"description\":\"Tourismophobie \u00e9tudie la persistance de la r\u00e9pulsion \u00e0 leur endroit alors que leur nombre est de nos jours infiniment plus \u00e9lev\u00e9, qu\u2019ils ne sont socialement plus les m\u00eames et que les pratiques ont radicalement chang\u00e9.\",\"breadcrumb\":{\"@id\":\"https:\/\/www.istegroup.com\/produit\/tourismophobie\/#breadcrumb\"},\"inLanguage\":\"en-US\",\"potentialAction\":[{\"@type\":\"ReadAction\",\"target\":[\"https:\/\/www.istegroup.com\/produit\/tourismophobie\/\"]}]},{\"@type\":\"ImageObject\",\"inLanguage\":\"en-US\",\"@id\":\"https:\/\/www.istegroup.com\/produit\/tourismophobie\/#primaryimage\",\"url\":\"https:\/\/www.istegroup.com\/wp-content\/uploads\/2024\/05\/Tourismophobie.png\",\"contentUrl\":\"https:\/\/www.istegroup.com\/wp-content\/uploads\/2024\/05\/Tourismophobie.png\",\"width\":598,\"height\":901,\"caption\":\"Livre scientifique - Tourismophobie\"},{\"@type\":\"BreadcrumbList\",\"@id\":\"https:\/\/www.istegroup.com\/produit\/tourismophobie\/#breadcrumb\",\"itemListElement\":[{\"@type\":\"ListItem\",\"position\":1,\"name\":\"Home\",\"item\":\"https:\/\/www.istegroup.com\/\"},{\"@type\":\"ListItem\",\"position\":2,\"name\":\"Shop\",\"item\":\"https:\/\/www.istegroup.com\/fr\/nouveautes\/\"},{\"@type\":\"ListItem\",\"position\":3,\"name\":\"Tourismophobie\"}]},{\"@type\":\"WebSite\",\"@id\":\"https:\/\/www.istegroup.com\/#website\",\"url\":\"https:\/\/www.istegroup.com\/\",\"name\":\"ISTE Group\",\"description\":\"Publishing Knowledge\",\"potentialAction\":[{\"@type\":\"SearchAction\",\"target\":{\"@type\":\"EntryPoint\",\"urlTemplate\":\"https:\/\/www.istegroup.com\/?s={search_term_string}\"},\"query-input\":{\"@type\":\"PropertyValueSpecification\",\"valueRequired\":true,\"valueName\":\"search_term_string\"}}],\"inLanguage\":\"en-US\"}]}<\/script>\n<!-- \/ Yoast SEO plugin. -->","yoast_head_json":{"title":"Tourismophobie - ISTE Group","description":"Tourismophobie \u00e9tudie la persistance de la r\u00e9pulsion \u00e0 leur endroit alors que leur nombre est de nos jours infiniment plus \u00e9lev\u00e9, qu\u2019ils ne sont socialement plus les m\u00eames et que les pratiques ont radicalement chang\u00e9.","robots":{"index":"index","follow":"follow","max-snippet":"max-snippet:-1","max-image-preview":"max-image-preview:large","max-video-preview":"max-video-preview:-1"},"canonical":"https:\/\/www.istegroup.com\/produit\/tourismophobie\/","og_locale":"en_US","og_type":"article","og_title":"Tourismophobie - ISTE Group","og_description":"Tourismophobie \u00e9tudie la persistance de la r\u00e9pulsion \u00e0 leur endroit alors que leur nombre est de nos jours infiniment plus \u00e9lev\u00e9, qu\u2019ils ne sont socialement plus les m\u00eames et que les pratiques ont radicalement chang\u00e9.","og_url":"https:\/\/www.istegroup.com\/produit\/tourismophobie\/","og_site_name":"ISTE Group","article_modified_time":"2025-03-14T10:07:06+00:00","og_image":[{"width":598,"height":901,"url":"https:\/\/www.istegroup.com\/wp-content\/uploads\/2024\/05\/Tourismophobie.png","type":"image\/png"}],"twitter_card":"summary_large_image","twitter_misc":{"Est. reading time":"1 minute"},"schema":{"@context":"https:\/\/schema.org","@graph":[{"@type":"WebPage","@id":"https:\/\/www.istegroup.com\/produit\/tourismophobie\/","url":"https:\/\/www.istegroup.com\/produit\/tourismophobie\/","name":"Tourismophobie - ISTE Group","isPartOf":{"@id":"https:\/\/www.istegroup.com\/#website"},"primaryImageOfPage":{"@id":"https:\/\/www.istegroup.com\/produit\/tourismophobie\/#primaryimage"},"image":{"@id":"https:\/\/www.istegroup.com\/produit\/tourismophobie\/#primaryimage"},"thumbnailUrl":"https:\/\/www.istegroup.com\/wp-content\/uploads\/2024\/05\/Tourismophobie.png","datePublished":"2024-05-07T08:55:30+00:00","dateModified":"2025-03-14T10:07:06+00:00","description":"Tourismophobie \u00e9tudie la persistance de la r\u00e9pulsion \u00e0 leur endroit alors que leur nombre est de nos jours infiniment plus \u00e9lev\u00e9, qu\u2019ils ne sont socialement plus les m\u00eames et que les pratiques ont radicalement chang\u00e9.","breadcrumb":{"@id":"https:\/\/www.istegroup.com\/produit\/tourismophobie\/#breadcrumb"},"inLanguage":"en-US","potentialAction":[{"@type":"ReadAction","target":["https:\/\/www.istegroup.com\/produit\/tourismophobie\/"]}]},{"@type":"ImageObject","inLanguage":"en-US","@id":"https:\/\/www.istegroup.com\/produit\/tourismophobie\/#primaryimage","url":"https:\/\/www.istegroup.com\/wp-content\/uploads\/2024\/05\/Tourismophobie.png","contentUrl":"https:\/\/www.istegroup.com\/wp-content\/uploads\/2024\/05\/Tourismophobie.png","width":598,"height":901,"caption":"Livre scientifique - Tourismophobie"},{"@type":"BreadcrumbList","@id":"https:\/\/www.istegroup.com\/produit\/tourismophobie\/#breadcrumb","itemListElement":[{"@type":"ListItem","position":1,"name":"Home","item":"https:\/\/www.istegroup.com\/"},{"@type":"ListItem","position":2,"name":"Shop","item":"https:\/\/www.istegroup.com\/fr\/nouveautes\/"},{"@type":"ListItem","position":3,"name":"Tourismophobie"}]},{"@type":"WebSite","@id":"https:\/\/www.istegroup.com\/#website","url":"https:\/\/www.istegroup.com\/","name":"ISTE Group","description":"Publishing Knowledge","potentialAction":[{"@type":"SearchAction","target":{"@type":"EntryPoint","urlTemplate":"https:\/\/www.istegroup.com\/?s={search_term_string}"},"query-input":{"@type":"PropertyValueSpecification","valueRequired":true,"valueName":"search_term_string"}}],"inLanguage":"en-US"}]}},"_links":{"self":[{"href":"https:\/\/www.istegroup.com\/en\/wp-json\/wp\/v2\/product\/56570","targetHints":{"allow":["GET"]}}],"collection":[{"href":"https:\/\/www.istegroup.com\/en\/wp-json\/wp\/v2\/product"}],"about":[{"href":"https:\/\/www.istegroup.com\/en\/wp-json\/wp\/v2\/types\/product"}],"wp:featuredmedia":[{"embeddable":true,"href":"https:\/\/www.istegroup.com\/en\/wp-json\/wp\/v2\/media\/56577"}],"wp:attachment":[{"href":"https:\/\/www.istegroup.com\/en\/wp-json\/wp\/v2\/media?parent=56570"}],"wp:term":[{"taxonomy":"product_brand","embeddable":true,"href":"https:\/\/www.istegroup.com\/en\/wp-json\/wp\/v2\/product_brand?post=56570"},{"taxonomy":"product_cat","embeddable":true,"href":"https:\/\/www.istegroup.com\/en\/wp-json\/wp\/v2\/product_cat?post=56570"},{"taxonomy":"product_tag","embeddable":true,"href":"https:\/\/www.istegroup.com\/en\/wp-json\/wp\/v2\/product_tag?post=56570"}],"curies":[{"name":"wp","href":"https:\/\/api.w.org\/{rel}","templated":true}]}}