{"id":563,"date":"2017-07-28T15:04:38","date_gmt":"2017-07-28T13:04:38","guid":{"rendered":"https:\/\/iste.yhello.co\/product\/prototypage-rapide-de-logiciel-pour-les-systemes-avioniques\/"},"modified":"2024-01-03T13:40:36","modified_gmt":"2024-01-03T13:40:36","slug":"prototypage-rapide-de-logiciel-pour-les-systemes-avioniques","status":"publish","type":"product","link":"https:\/\/www.istegroup.com\/en\/produit\/prototypage-rapide-de-logiciel-pour-les-systemes-avioniques\/","title":{"rendered":"Prototypage rapide de logiciel pour les syst\u00e8mes avioniques"},"content":{"rendered":"<p>Cet ouvrage propose une m\u00e9thodologie qui permet de prototyper rapidement un syst\u00e8me avionique, en consid\u00e9rant d\u00e8s le d\u00e9part les aspects de certification de la solution produite. Cette m\u00e9thode tire parti des approches de conception orient\u00e9e mod\u00e8le ainsi que de l\u2019utilisation des m\u00e9thodes formelles pour la validation de ces syst\u00e8mes. De plus, l\u2019utilisation d\u2019outils de g\u00e9n\u00e9ration automatique de code logiciel \u00e0 partir de mod\u00e8les permet de r\u00e9duire la phase de d\u00e9veloppement mais aussi de tests de la solution finale.<\/p>\n<p>Ce titre offre un panorama des approches orient\u00e9es mod\u00e8les telles qu\u2019elles sont utilis\u00e9es dans le domaine a\u00e9ronautique. Il introduit ensuite une m\u00e9thodologie originale et adapt\u00e9e au domaine des syst\u00e8mes embarqu\u00e9s dans l\u2019a\u00e9ronautique. Enfin, il illustre l\u2019utilisation de cette m\u00e9thode \u00e0 travers un cas d\u2019\u00e9tude pour la conception, la mise en \u0153uvre et le test d\u2019un routeur a\u00e9ronautique nouvelle g\u00e9n\u00e9ration.<\/p>\n","protected":false},"excerpt":{"rendered":"<p>Cet ouvrage propose une m\u00e9thodologie qui permet de prototyper rapidement un syst\u00e8me avionique, en consid\u00e9rant d\u00e8s le d\u00e9part les aspects de certification de la solution produite. Cette m\u00e9thode tire parti des approches de conception orient\u00e9e mod\u00e8le ainsi que de l\u2019utilisation des m\u00e9thodes formelles pour la validation de ces syst\u00e8mes. De plus, l\u2019utilisation d\u2019outils de g\u00e9n\u00e9ration [&hellip;]<\/p>\n","protected":false},"featured_media":564,"template":"","meta":{"_acf_changed":false,"_links_to":"","_links_to_target":""},"product_brand":[],"product_cat":[667],"product_tag":[2173,2174,31,196,197,198,199,21,200,22,201,203,204,63,25,172,209,2175,212,38,192,145,28,2176,2177,2178,805,253],"class_list":{"0":"post-563","1":"product","2":"type-product","3":"status-publish","4":"has-post-thumbnail","6":"product_cat-informatique-12506482","7":"product_tag-antoine-varet","8":"product_tag-approches-orientees-modele-pour-la-certification-de-systemes-complexes","9":"product_tag-ebook","10":"product_tag-ebooks","11":"product_tag-iste","12":"product_tag-iste-edition","13":"product_tag-iste-editions","14":"product_tag-iste-group","15":"product_tag-isteedition","16":"product_tag-istegroup","17":"product_tag-kindle","18":"product_tag-liseuse","19":"product_tag-livre","20":"product_tag-livre-electronique","21":"product_tag-livre-numerique","22":"product_tag-livre-scientifique","23":"product_tag-livres-scientifiques","24":"product_tag-nicolas-larrieu","25":"product_tag-ouvrage","26":"product_tag-ouvrage-numerique","27":"product_tag-ouvrage-science","28":"product_tag-ouvrage-scientifique","29":"product_tag-ouvrage-scientifique-francais","30":"product_tag-prototypage-rapide","31":"product_tag-prototypage-rapide-de-logiciel-pour-les-systemes-avioniques","32":"product_tag-systemes-avioniques","33":"product_tag-systemes-complexes","34":"product_tag-technologie","36":"first","37":"instock","38":"shipping-taxable","39":"purchasable","40":"product-type-variable"},"acf":[],"yoast_head":"<!-- This site is optimized with the Yoast SEO plugin v27.2 - https:\/\/yoast.com\/product\/yoast-seo-wordpress\/ -->\n<title>Prototypage rapide de logiciel pour les syst\u00e8mes avioniques - ISTE Group<\/title>\n<meta name=\"description\" content=\"Prototypage rapide de logiciel pour les syst\u00e8mes avioniques propose une m\u00e9thodologie qui permet de prototyper rapidement un syst\u00e8me avionique, en consid\u00e9rant d\u00e8s le d\u00e9part les aspects de certification de la solution produite.\" \/>\n<meta name=\"robots\" content=\"index, follow, max-snippet:-1, max-image-preview:large, max-video-preview:-1\" \/>\n<link rel=\"canonical\" href=\"https:\/\/www.istegroup.com\/fr\/produit\/prototypage-rapide-de-logiciel-pour-les-systemes-avioniques\/\" \/>\n<meta property=\"og:locale\" content=\"en_US\" \/>\n<meta property=\"og:type\" content=\"article\" \/>\n<meta property=\"og:title\" content=\"Prototypage rapide de logiciel pour les syst\u00e8mes avioniques - ISTE Group\" \/>\n<meta property=\"og:description\" content=\"Prototypage rapide de logiciel pour les syst\u00e8mes avioniques propose une m\u00e9thodologie qui permet de prototyper rapidement un syst\u00e8me avionique, en consid\u00e9rant d\u00e8s le d\u00e9part les aspects de certification de la solution produite.\" \/>\n<meta property=\"og:url\" content=\"https:\/\/www.istegroup.com\/fr\/produit\/prototypage-rapide-de-logiciel-pour-les-systemes-avioniques\/\" \/>\n<meta property=\"og:site_name\" content=\"ISTE Group\" \/>\n<meta property=\"article:modified_time\" content=\"2024-01-03T13:40:36+00:00\" \/>\n<meta property=\"og:image\" content=\"https:\/\/www.istegroup.com\/wp-content\/uploads\/2017\/07\/695170097_267536153-1.jpg\" \/>\n\t<meta property=\"og:image:width\" content=\"300\" \/>\n\t<meta property=\"og:image:height\" content=\"452\" \/>\n\t<meta property=\"og:image:type\" content=\"image\/jpeg\" \/>\n<meta name=\"twitter:card\" content=\"summary_large_image\" \/>\n<meta name=\"twitter:label1\" content=\"Est. reading time\" \/>\n\t<meta name=\"twitter:data1\" content=\"1 minute\" \/>\n<script type=\"application\/ld+json\" class=\"yoast-schema-graph\">{\"@context\":\"https:\/\/schema.org\",\"@graph\":[{\"@type\":\"WebPage\",\"@id\":\"https:\/\/www.istegroup.com\/fr\/produit\/prototypage-rapide-de-logiciel-pour-les-systemes-avioniques\/\",\"url\":\"https:\/\/www.istegroup.com\/fr\/produit\/prototypage-rapide-de-logiciel-pour-les-systemes-avioniques\/\",\"name\":\"Prototypage rapide de logiciel pour les syst\u00e8mes avioniques - ISTE Group\",\"isPartOf\":{\"@id\":\"https:\/\/www.istegroup.com\/#website\"},\"primaryImageOfPage\":{\"@id\":\"https:\/\/www.istegroup.com\/fr\/produit\/prototypage-rapide-de-logiciel-pour-les-systemes-avioniques\/#primaryimage\"},\"image\":{\"@id\":\"https:\/\/www.istegroup.com\/fr\/produit\/prototypage-rapide-de-logiciel-pour-les-systemes-avioniques\/#primaryimage\"},\"thumbnailUrl\":\"https:\/\/www.istegroup.com\/wp-content\/uploads\/2017\/07\/695170097_267536153-1.jpg\",\"datePublished\":\"2017-07-28T13:04:38+00:00\",\"dateModified\":\"2024-01-03T13:40:36+00:00\",\"description\":\"Prototypage rapide de logiciel pour les syst\u00e8mes avioniques propose une m\u00e9thodologie qui permet de prototyper rapidement un syst\u00e8me avionique, en consid\u00e9rant d\u00e8s le d\u00e9part les aspects de certification de la solution produite.\",\"breadcrumb\":{\"@id\":\"https:\/\/www.istegroup.com\/fr\/produit\/prototypage-rapide-de-logiciel-pour-les-systemes-avioniques\/#breadcrumb\"},\"inLanguage\":\"en-US\",\"potentialAction\":[{\"@type\":\"ReadAction\",\"target\":[\"https:\/\/www.istegroup.com\/fr\/produit\/prototypage-rapide-de-logiciel-pour-les-systemes-avioniques\/\"]}]},{\"@type\":\"ImageObject\",\"inLanguage\":\"en-US\",\"@id\":\"https:\/\/www.istegroup.com\/fr\/produit\/prototypage-rapide-de-logiciel-pour-les-systemes-avioniques\/#primaryimage\",\"url\":\"https:\/\/www.istegroup.com\/wp-content\/uploads\/2017\/07\/695170097_267536153-1.jpg\",\"contentUrl\":\"https:\/\/www.istegroup.com\/wp-content\/uploads\/2017\/07\/695170097_267536153-1.jpg\",\"width\":300,\"height\":452,\"caption\":\"Approches orient\u00e9es mod\u00e8le pour la certification de syst\u00e8mes complexes\"},{\"@type\":\"BreadcrumbList\",\"@id\":\"https:\/\/www.istegroup.com\/fr\/produit\/prototypage-rapide-de-logiciel-pour-les-systemes-avioniques\/#breadcrumb\",\"itemListElement\":[{\"@type\":\"ListItem\",\"position\":1,\"name\":\"Home\",\"item\":\"https:\/\/www.istegroup.com\/\"},{\"@type\":\"ListItem\",\"position\":2,\"name\":\"Shop\",\"item\":\"https:\/\/www.istegroup.com\/fr\/nouveautes\/\"},{\"@type\":\"ListItem\",\"position\":3,\"name\":\"Prototypage rapide de logiciel pour les syst\u00e8mes avioniques\"}]},{\"@type\":\"WebSite\",\"@id\":\"https:\/\/www.istegroup.com\/#website\",\"url\":\"https:\/\/www.istegroup.com\/\",\"name\":\"ISTE Group\",\"description\":\"Publishing Knowledge\",\"potentialAction\":[{\"@type\":\"SearchAction\",\"target\":{\"@type\":\"EntryPoint\",\"urlTemplate\":\"https:\/\/www.istegroup.com\/?s={search_term_string}\"},\"query-input\":{\"@type\":\"PropertyValueSpecification\",\"valueRequired\":true,\"valueName\":\"search_term_string\"}}],\"inLanguage\":\"en-US\"}]}<\/script>\n<!-- \/ Yoast SEO plugin. -->","yoast_head_json":{"title":"Prototypage rapide de logiciel pour les syst\u00e8mes avioniques - ISTE Group","description":"Prototypage rapide de logiciel pour les syst\u00e8mes avioniques propose une m\u00e9thodologie qui permet de prototyper rapidement un syst\u00e8me avionique, en consid\u00e9rant d\u00e8s le d\u00e9part les aspects de certification de la solution produite.","robots":{"index":"index","follow":"follow","max-snippet":"max-snippet:-1","max-image-preview":"max-image-preview:large","max-video-preview":"max-video-preview:-1"},"canonical":"https:\/\/www.istegroup.com\/fr\/produit\/prototypage-rapide-de-logiciel-pour-les-systemes-avioniques\/","og_locale":"en_US","og_type":"article","og_title":"Prototypage rapide de logiciel pour les syst\u00e8mes avioniques - ISTE Group","og_description":"Prototypage rapide de logiciel pour les syst\u00e8mes avioniques propose une m\u00e9thodologie qui permet de prototyper rapidement un syst\u00e8me avionique, en consid\u00e9rant d\u00e8s le d\u00e9part les aspects de certification de la solution produite.","og_url":"https:\/\/www.istegroup.com\/fr\/produit\/prototypage-rapide-de-logiciel-pour-les-systemes-avioniques\/","og_site_name":"ISTE Group","article_modified_time":"2024-01-03T13:40:36+00:00","og_image":[{"width":300,"height":452,"url":"https:\/\/www.istegroup.com\/wp-content\/uploads\/2017\/07\/695170097_267536153-1.jpg","type":"image\/jpeg"}],"twitter_card":"summary_large_image","twitter_misc":{"Est. reading time":"1 minute"},"schema":{"@context":"https:\/\/schema.org","@graph":[{"@type":"WebPage","@id":"https:\/\/www.istegroup.com\/fr\/produit\/prototypage-rapide-de-logiciel-pour-les-systemes-avioniques\/","url":"https:\/\/www.istegroup.com\/fr\/produit\/prototypage-rapide-de-logiciel-pour-les-systemes-avioniques\/","name":"Prototypage rapide de logiciel pour les syst\u00e8mes avioniques - ISTE Group","isPartOf":{"@id":"https:\/\/www.istegroup.com\/#website"},"primaryImageOfPage":{"@id":"https:\/\/www.istegroup.com\/fr\/produit\/prototypage-rapide-de-logiciel-pour-les-systemes-avioniques\/#primaryimage"},"image":{"@id":"https:\/\/www.istegroup.com\/fr\/produit\/prototypage-rapide-de-logiciel-pour-les-systemes-avioniques\/#primaryimage"},"thumbnailUrl":"https:\/\/www.istegroup.com\/wp-content\/uploads\/2017\/07\/695170097_267536153-1.jpg","datePublished":"2017-07-28T13:04:38+00:00","dateModified":"2024-01-03T13:40:36+00:00","description":"Prototypage rapide de logiciel pour les syst\u00e8mes avioniques propose une m\u00e9thodologie qui permet de prototyper rapidement un syst\u00e8me avionique, en consid\u00e9rant d\u00e8s le d\u00e9part les aspects de certification de la solution produite.","breadcrumb":{"@id":"https:\/\/www.istegroup.com\/fr\/produit\/prototypage-rapide-de-logiciel-pour-les-systemes-avioniques\/#breadcrumb"},"inLanguage":"en-US","potentialAction":[{"@type":"ReadAction","target":["https:\/\/www.istegroup.com\/fr\/produit\/prototypage-rapide-de-logiciel-pour-les-systemes-avioniques\/"]}]},{"@type":"ImageObject","inLanguage":"en-US","@id":"https:\/\/www.istegroup.com\/fr\/produit\/prototypage-rapide-de-logiciel-pour-les-systemes-avioniques\/#primaryimage","url":"https:\/\/www.istegroup.com\/wp-content\/uploads\/2017\/07\/695170097_267536153-1.jpg","contentUrl":"https:\/\/www.istegroup.com\/wp-content\/uploads\/2017\/07\/695170097_267536153-1.jpg","width":300,"height":452,"caption":"Approches orient\u00e9es mod\u00e8le pour la certification de syst\u00e8mes complexes"},{"@type":"BreadcrumbList","@id":"https:\/\/www.istegroup.com\/fr\/produit\/prototypage-rapide-de-logiciel-pour-les-systemes-avioniques\/#breadcrumb","itemListElement":[{"@type":"ListItem","position":1,"name":"Home","item":"https:\/\/www.istegroup.com\/"},{"@type":"ListItem","position":2,"name":"Shop","item":"https:\/\/www.istegroup.com\/fr\/nouveautes\/"},{"@type":"ListItem","position":3,"name":"Prototypage rapide de logiciel pour les syst\u00e8mes avioniques"}]},{"@type":"WebSite","@id":"https:\/\/www.istegroup.com\/#website","url":"https:\/\/www.istegroup.com\/","name":"ISTE Group","description":"Publishing Knowledge","potentialAction":[{"@type":"SearchAction","target":{"@type":"EntryPoint","urlTemplate":"https:\/\/www.istegroup.com\/?s={search_term_string}"},"query-input":{"@type":"PropertyValueSpecification","valueRequired":true,"valueName":"search_term_string"}}],"inLanguage":"en-US"}]}},"_links":{"self":[{"href":"https:\/\/www.istegroup.com\/en\/wp-json\/wp\/v2\/product\/563","targetHints":{"allow":["GET"]}}],"collection":[{"href":"https:\/\/www.istegroup.com\/en\/wp-json\/wp\/v2\/product"}],"about":[{"href":"https:\/\/www.istegroup.com\/en\/wp-json\/wp\/v2\/types\/product"}],"wp:featuredmedia":[{"embeddable":true,"href":"https:\/\/www.istegroup.com\/en\/wp-json\/wp\/v2\/media\/564"}],"wp:attachment":[{"href":"https:\/\/www.istegroup.com\/en\/wp-json\/wp\/v2\/media?parent=563"}],"wp:term":[{"taxonomy":"product_brand","embeddable":true,"href":"https:\/\/www.istegroup.com\/en\/wp-json\/wp\/v2\/product_brand?post=563"},{"taxonomy":"product_cat","embeddable":true,"href":"https:\/\/www.istegroup.com\/en\/wp-json\/wp\/v2\/product_cat?post=563"},{"taxonomy":"product_tag","embeddable":true,"href":"https:\/\/www.istegroup.com\/en\/wp-json\/wp\/v2\/product_tag?post=563"}],"curies":[{"name":"wp","href":"https:\/\/api.w.org\/{rel}","templated":true}]}}