{"id":56147,"date":"2024-03-20T14:35:28","date_gmt":"2024-03-20T14:35:28","guid":{"rendered":"https:\/\/www.istegroup.com\/?post_type=product&#038;p=56147"},"modified":"2024-06-12T10:29:45","modified_gmt":"2024-06-12T09:29:45","slug":"simulation-a-evenements-discrets","status":"publish","type":"product","link":"https:\/\/www.istegroup.com\/en\/produit\/simulation-a-evenements-discrets\/","title":{"rendered":"Simulation \u00e0 \u00e9v\u00e8nements discrets"},"content":{"rendered":"<p class=\"qtranxs-available-languages-message qtranxs-available-languages-message-en\">Sorry, this entry is only available in <a href=\"https:\/\/www.istegroup.com\/fr\/wp-json\/wp\/v2\/product\/56147\" class=\"qtranxs-available-language-link qtranxs-available-language-link-fr\" title=\"FR\">FR<\/a>.<\/p>","protected":false},"excerpt":{"rendered":"<p>Sorry, this entry is only available in FR.<\/p>\n","protected":false},"featured_media":56156,"template":"","meta":{"_acf_changed":false,"_links_to":"","_links_to_target":""},"product_brand":[],"product_cat":[667],"product_tag":[],"class_list":{"0":"post-56147","1":"product","2":"type-product","3":"status-publish","4":"has-post-thumbnail","6":"product_cat-informatique-12506482","8":"first","9":"instock","10":"shipping-taxable","11":"purchasable","12":"product-type-variable"},"acf":[],"yoast_head":"<!-- This site is optimized with the Yoast SEO plugin v27.2 - https:\/\/yoast.com\/product\/yoast-seo-wordpress\/ -->\n<title>Simulation \u00e0 \u00e9v\u00e8nements discrets - ISTE Group<\/title>\n<meta name=\"description\" content=\"Simulation \u00e0 \u00e9v\u00e8nements discrets pr\u00e9sente les notions cl\u00e9s li\u00e9es \u00e0 tout projet de simulation \u00e0 \u00e9v\u00e8nements discrets en abordant les techniques d\u2019analyse de donn\u00e9es et de r\u00e9sultats les plus fr\u00e9quemment utilis\u00e9es, les aspects m\u00e9thodologiques et pratiques utiles \u00e0 sa mise en oeuvre ainsi qu\u2019une introduction \u00e0 l\u2019utilisation de l\u2019outil de simulation \u00e0 \u00e9v\u00e8nements discrets \u00ab Arena \u00bb.\" \/>\n<meta name=\"robots\" content=\"index, follow, max-snippet:-1, max-image-preview:large, max-video-preview:-1\" \/>\n<link rel=\"canonical\" href=\"https:\/\/www.istegroup.com\/en\/produit\/simulation-a-evenements-discrets\/\" \/>\n<meta property=\"og:locale\" content=\"en_US\" \/>\n<meta property=\"og:type\" content=\"article\" \/>\n<meta property=\"og:title\" content=\"Simulation \u00e0 \u00e9v\u00e8nements discrets - ISTE Group\" \/>\n<meta property=\"og:description\" content=\"Simulation \u00e0 \u00e9v\u00e8nements discrets pr\u00e9sente les notions cl\u00e9s li\u00e9es \u00e0 tout projet de simulation \u00e0 \u00e9v\u00e8nements discrets en abordant les techniques d\u2019analyse de donn\u00e9es et de r\u00e9sultats les plus fr\u00e9quemment utilis\u00e9es, les aspects m\u00e9thodologiques et pratiques utiles \u00e0 sa mise en oeuvre ainsi qu\u2019une introduction \u00e0 l\u2019utilisation de l\u2019outil de simulation \u00e0 \u00e9v\u00e8nements discrets \u00ab Arena \u00bb.\" \/>\n<meta property=\"og:url\" content=\"https:\/\/www.istegroup.com\/en\/produit\/simulation-a-evenements-discrets\/\" \/>\n<meta property=\"og:site_name\" content=\"ISTE Group\" \/>\n<meta property=\"article:modified_time\" content=\"2024-06-12T09:29:45+00:00\" \/>\n<meta property=\"og:image\" content=\"https:\/\/www.istegroup.com\/wp-content\/uploads\/2024\/03\/Simulation-a-evenements-discrets.png\" \/>\n\t<meta property=\"og:image:width\" content=\"601\" \/>\n\t<meta property=\"og:image:height\" content=\"903\" \/>\n\t<meta property=\"og:image:type\" content=\"image\/png\" \/>\n<meta name=\"twitter:card\" content=\"summary_large_image\" \/>\n<meta name=\"twitter:label1\" content=\"Est. reading time\" \/>\n\t<meta name=\"twitter:data1\" content=\"1 minute\" \/>\n<script type=\"application\/ld+json\" class=\"yoast-schema-graph\">{\"@context\":\"https:\/\/schema.org\",\"@graph\":[{\"@type\":\"WebPage\",\"@id\":\"https:\/\/www.istegroup.com\/en\/produit\/simulation-a-evenements-discrets\/\",\"url\":\"https:\/\/www.istegroup.com\/en\/produit\/simulation-a-evenements-discrets\/\",\"name\":\"Simulation \u00e0 \u00e9v\u00e8nements discrets - ISTE Group\",\"isPartOf\":{\"@id\":\"https:\/\/www.istegroup.com\/#website\"},\"primaryImageOfPage\":{\"@id\":\"https:\/\/www.istegroup.com\/en\/produit\/simulation-a-evenements-discrets\/#primaryimage\"},\"image\":{\"@id\":\"https:\/\/www.istegroup.com\/en\/produit\/simulation-a-evenements-discrets\/#primaryimage\"},\"thumbnailUrl\":\"https:\/\/www.istegroup.com\/wp-content\/uploads\/2024\/03\/Simulation-a-evenements-discrets.png\",\"datePublished\":\"2024-03-20T14:35:28+00:00\",\"dateModified\":\"2024-06-12T09:29:45+00:00\",\"description\":\"Simulation \u00e0 \u00e9v\u00e8nements discrets pr\u00e9sente les notions cl\u00e9s li\u00e9es \u00e0 tout projet de simulation \u00e0 \u00e9v\u00e8nements discrets en abordant les techniques d\u2019analyse de donn\u00e9es et de r\u00e9sultats les plus fr\u00e9quemment utilis\u00e9es, les aspects m\u00e9thodologiques et pratiques utiles \u00e0 sa mise en oeuvre ainsi qu\u2019une introduction \u00e0 l\u2019utilisation de l\u2019outil de simulation \u00e0 \u00e9v\u00e8nements discrets \u00ab Arena \u00bb.\",\"breadcrumb\":{\"@id\":\"https:\/\/www.istegroup.com\/en\/produit\/simulation-a-evenements-discrets\/#breadcrumb\"},\"inLanguage\":\"en-US\",\"potentialAction\":[{\"@type\":\"ReadAction\",\"target\":[\"https:\/\/www.istegroup.com\/en\/produit\/simulation-a-evenements-discrets\/\"]}]},{\"@type\":\"ImageObject\",\"inLanguage\":\"en-US\",\"@id\":\"https:\/\/www.istegroup.com\/en\/produit\/simulation-a-evenements-discrets\/#primaryimage\",\"url\":\"https:\/\/www.istegroup.com\/wp-content\/uploads\/2024\/03\/Simulation-a-evenements-discrets.png\",\"contentUrl\":\"https:\/\/www.istegroup.com\/wp-content\/uploads\/2024\/03\/Simulation-a-evenements-discrets.png\",\"width\":601,\"height\":903,\"caption\":\"Livre scientifique - Simulation \u00e0 \u00e9v\u00e8nements discrets\"},{\"@type\":\"BreadcrumbList\",\"@id\":\"https:\/\/www.istegroup.com\/en\/produit\/simulation-a-evenements-discrets\/#breadcrumb\",\"itemListElement\":[{\"@type\":\"ListItem\",\"position\":1,\"name\":\"Home\",\"item\":\"https:\/\/www.istegroup.com\/\"},{\"@type\":\"ListItem\",\"position\":2,\"name\":\"Shop\",\"item\":\"https:\/\/www.istegroup.com\/fr\/nouveautes\/\"},{\"@type\":\"ListItem\",\"position\":3,\"name\":\"Simulation \u00e0 \u00e9v\u00e8nements discrets\"}]},{\"@type\":\"WebSite\",\"@id\":\"https:\/\/www.istegroup.com\/#website\",\"url\":\"https:\/\/www.istegroup.com\/\",\"name\":\"ISTE Group\",\"description\":\"Publishing Knowledge\",\"potentialAction\":[{\"@type\":\"SearchAction\",\"target\":{\"@type\":\"EntryPoint\",\"urlTemplate\":\"https:\/\/www.istegroup.com\/?s={search_term_string}\"},\"query-input\":{\"@type\":\"PropertyValueSpecification\",\"valueRequired\":true,\"valueName\":\"search_term_string\"}}],\"inLanguage\":\"en-US\"}]}<\/script>\n<!-- \/ Yoast SEO plugin. -->","yoast_head_json":{"title":"Simulation \u00e0 \u00e9v\u00e8nements discrets - ISTE Group","description":"Simulation \u00e0 \u00e9v\u00e8nements discrets pr\u00e9sente les notions cl\u00e9s li\u00e9es \u00e0 tout projet de simulation \u00e0 \u00e9v\u00e8nements discrets en abordant les techniques d\u2019analyse de donn\u00e9es et de r\u00e9sultats les plus fr\u00e9quemment utilis\u00e9es, les aspects m\u00e9thodologiques et pratiques utiles \u00e0 sa mise en oeuvre ainsi qu\u2019une introduction \u00e0 l\u2019utilisation de l\u2019outil de simulation \u00e0 \u00e9v\u00e8nements discrets \u00ab Arena \u00bb.","robots":{"index":"index","follow":"follow","max-snippet":"max-snippet:-1","max-image-preview":"max-image-preview:large","max-video-preview":"max-video-preview:-1"},"canonical":"https:\/\/www.istegroup.com\/en\/produit\/simulation-a-evenements-discrets\/","og_locale":"en_US","og_type":"article","og_title":"Simulation \u00e0 \u00e9v\u00e8nements discrets - ISTE Group","og_description":"Simulation \u00e0 \u00e9v\u00e8nements discrets pr\u00e9sente les notions cl\u00e9s li\u00e9es \u00e0 tout projet de simulation \u00e0 \u00e9v\u00e8nements discrets en abordant les techniques d\u2019analyse de donn\u00e9es et de r\u00e9sultats les plus fr\u00e9quemment utilis\u00e9es, les aspects m\u00e9thodologiques et pratiques utiles \u00e0 sa mise en oeuvre ainsi qu\u2019une introduction \u00e0 l\u2019utilisation de l\u2019outil de simulation \u00e0 \u00e9v\u00e8nements discrets \u00ab Arena \u00bb.","og_url":"https:\/\/www.istegroup.com\/en\/produit\/simulation-a-evenements-discrets\/","og_site_name":"ISTE Group","article_modified_time":"2024-06-12T09:29:45+00:00","og_image":[{"width":601,"height":903,"url":"https:\/\/www.istegroup.com\/wp-content\/uploads\/2024\/03\/Simulation-a-evenements-discrets.png","type":"image\/png"}],"twitter_card":"summary_large_image","twitter_misc":{"Est. reading time":"1 minute"},"schema":{"@context":"https:\/\/schema.org","@graph":[{"@type":"WebPage","@id":"https:\/\/www.istegroup.com\/en\/produit\/simulation-a-evenements-discrets\/","url":"https:\/\/www.istegroup.com\/en\/produit\/simulation-a-evenements-discrets\/","name":"Simulation \u00e0 \u00e9v\u00e8nements discrets - ISTE Group","isPartOf":{"@id":"https:\/\/www.istegroup.com\/#website"},"primaryImageOfPage":{"@id":"https:\/\/www.istegroup.com\/en\/produit\/simulation-a-evenements-discrets\/#primaryimage"},"image":{"@id":"https:\/\/www.istegroup.com\/en\/produit\/simulation-a-evenements-discrets\/#primaryimage"},"thumbnailUrl":"https:\/\/www.istegroup.com\/wp-content\/uploads\/2024\/03\/Simulation-a-evenements-discrets.png","datePublished":"2024-03-20T14:35:28+00:00","dateModified":"2024-06-12T09:29:45+00:00","description":"Simulation \u00e0 \u00e9v\u00e8nements discrets pr\u00e9sente les notions cl\u00e9s li\u00e9es \u00e0 tout projet de simulation \u00e0 \u00e9v\u00e8nements discrets en abordant les techniques d\u2019analyse de donn\u00e9es et de r\u00e9sultats les plus fr\u00e9quemment utilis\u00e9es, les aspects m\u00e9thodologiques et pratiques utiles \u00e0 sa mise en oeuvre ainsi qu\u2019une introduction \u00e0 l\u2019utilisation de l\u2019outil de simulation \u00e0 \u00e9v\u00e8nements discrets \u00ab Arena \u00bb.","breadcrumb":{"@id":"https:\/\/www.istegroup.com\/en\/produit\/simulation-a-evenements-discrets\/#breadcrumb"},"inLanguage":"en-US","potentialAction":[{"@type":"ReadAction","target":["https:\/\/www.istegroup.com\/en\/produit\/simulation-a-evenements-discrets\/"]}]},{"@type":"ImageObject","inLanguage":"en-US","@id":"https:\/\/www.istegroup.com\/en\/produit\/simulation-a-evenements-discrets\/#primaryimage","url":"https:\/\/www.istegroup.com\/wp-content\/uploads\/2024\/03\/Simulation-a-evenements-discrets.png","contentUrl":"https:\/\/www.istegroup.com\/wp-content\/uploads\/2024\/03\/Simulation-a-evenements-discrets.png","width":601,"height":903,"caption":"Livre scientifique - Simulation \u00e0 \u00e9v\u00e8nements discrets"},{"@type":"BreadcrumbList","@id":"https:\/\/www.istegroup.com\/en\/produit\/simulation-a-evenements-discrets\/#breadcrumb","itemListElement":[{"@type":"ListItem","position":1,"name":"Home","item":"https:\/\/www.istegroup.com\/"},{"@type":"ListItem","position":2,"name":"Shop","item":"https:\/\/www.istegroup.com\/fr\/nouveautes\/"},{"@type":"ListItem","position":3,"name":"Simulation \u00e0 \u00e9v\u00e8nements discrets"}]},{"@type":"WebSite","@id":"https:\/\/www.istegroup.com\/#website","url":"https:\/\/www.istegroup.com\/","name":"ISTE Group","description":"Publishing Knowledge","potentialAction":[{"@type":"SearchAction","target":{"@type":"EntryPoint","urlTemplate":"https:\/\/www.istegroup.com\/?s={search_term_string}"},"query-input":{"@type":"PropertyValueSpecification","valueRequired":true,"valueName":"search_term_string"}}],"inLanguage":"en-US"}]}},"_links":{"self":[{"href":"https:\/\/www.istegroup.com\/en\/wp-json\/wp\/v2\/product\/56147","targetHints":{"allow":["GET"]}}],"collection":[{"href":"https:\/\/www.istegroup.com\/en\/wp-json\/wp\/v2\/product"}],"about":[{"href":"https:\/\/www.istegroup.com\/en\/wp-json\/wp\/v2\/types\/product"}],"wp:featuredmedia":[{"embeddable":true,"href":"https:\/\/www.istegroup.com\/en\/wp-json\/wp\/v2\/media\/56156"}],"wp:attachment":[{"href":"https:\/\/www.istegroup.com\/en\/wp-json\/wp\/v2\/media?parent=56147"}],"wp:term":[{"taxonomy":"product_brand","embeddable":true,"href":"https:\/\/www.istegroup.com\/en\/wp-json\/wp\/v2\/product_brand?post=56147"},{"taxonomy":"product_cat","embeddable":true,"href":"https:\/\/www.istegroup.com\/en\/wp-json\/wp\/v2\/product_cat?post=56147"},{"taxonomy":"product_tag","embeddable":true,"href":"https:\/\/www.istegroup.com\/en\/wp-json\/wp\/v2\/product_tag?post=56147"}],"curies":[{"name":"wp","href":"https:\/\/api.w.org\/{rel}","templated":true}]}}