{"id":55667,"date":"2024-02-13T11:27:34","date_gmt":"2024-02-13T11:27:34","guid":{"rendered":"https:\/\/www.istegroup.com\/?post_type=product&#038;p=55667"},"modified":"2025-01-03T11:02:22","modified_gmt":"2025-01-03T11:02:22","slug":"cloud-et-edge-networking","status":"publish","type":"product","link":"https:\/\/www.istegroup.com\/en\/produit\/cloud-et-edge-networking\/","title":{"rendered":"Cloud et Edge Networking"},"content":{"rendered":"<p class=\"qtranxs-available-languages-message qtranxs-available-languages-message-en\">Sorry, this entry is only available in <a href=\"https:\/\/www.istegroup.com\/fr\/wp-json\/wp\/v2\/product\/55667\" class=\"qtranxs-available-language-link qtranxs-available-language-link-fr\" title=\"FR\">FR<\/a>.<\/p>","protected":false},"excerpt":{"rendered":"<p>Sorry, this entry is only available in FR.<\/p>\n","protected":false},"featured_media":55683,"template":"","meta":{"_acf_changed":false,"_links_to":"","_links_to_target":""},"product_brand":[],"product_cat":[4289],"product_tag":[],"class_list":{"0":"post-55667","1":"product","2":"type-product","3":"status-publish","4":"has-post-thumbnail","6":"product_cat-sciences","8":"first","9":"instock","10":"shipping-taxable","11":"purchasable","12":"product-type-variable"},"acf":[],"yoast_head":"<!-- This site is optimized with the Yoast SEO plugin v27.2 - https:\/\/yoast.com\/product\/yoast-seo-wordpress\/ -->\n<title>Cloud et Edge Networking - ISTE Group<\/title>\n<meta name=\"description\" content=\"Le monde des r\u00e9seaux est en pleine mutation, la technologie physique est progressivement remplac\u00e9e par une solution logicielle. Cloud et Edge Networking introduit cette nouvelle g\u00e9n\u00e9ration de r\u00e9seaux qui s\u2019appuient sur le Cloud.\" \/>\n<meta name=\"robots\" content=\"index, follow, max-snippet:-1, max-image-preview:large, max-video-preview:-1\" \/>\n<link rel=\"canonical\" href=\"https:\/\/www.istegroup.com\/en\/produit\/cloud-et-edge-networking\/\" \/>\n<meta property=\"og:locale\" content=\"en_US\" \/>\n<meta property=\"og:type\" content=\"article\" \/>\n<meta property=\"og:title\" content=\"Cloud et Edge Networking - ISTE Group\" \/>\n<meta property=\"og:description\" content=\"Le monde des r\u00e9seaux est en pleine mutation, la technologie physique est progressivement remplac\u00e9e par une solution logicielle. Cloud et Edge Networking introduit cette nouvelle g\u00e9n\u00e9ration de r\u00e9seaux qui s\u2019appuient sur le Cloud.\" \/>\n<meta property=\"og:url\" content=\"https:\/\/www.istegroup.com\/en\/produit\/cloud-et-edge-networking\/\" \/>\n<meta property=\"og:site_name\" content=\"ISTE Group\" \/>\n<meta property=\"article:modified_time\" content=\"2025-01-03T11:02:22+00:00\" \/>\n<meta property=\"og:image\" content=\"https:\/\/www.istegroup.com\/wp-content\/uploads\/2023\/02\/Cloud-et-Edge-Networking.jpeg\" \/>\n\t<meta property=\"og:image:width\" content=\"300\" \/>\n\t<meta property=\"og:image:height\" content=\"450\" \/>\n\t<meta property=\"og:image:type\" content=\"image\/jpeg\" \/>\n<meta name=\"twitter:card\" content=\"summary_large_image\" \/>\n<meta name=\"twitter:label1\" content=\"Est. reading time\" \/>\n\t<meta name=\"twitter:data1\" content=\"1 minute\" \/>\n<script type=\"application\/ld+json\" class=\"yoast-schema-graph\">{\"@context\":\"https:\/\/schema.org\",\"@graph\":[{\"@type\":\"WebPage\",\"@id\":\"https:\/\/www.istegroup.com\/en\/produit\/cloud-et-edge-networking\/\",\"url\":\"https:\/\/www.istegroup.com\/en\/produit\/cloud-et-edge-networking\/\",\"name\":\"Cloud et Edge Networking - ISTE Group\",\"isPartOf\":{\"@id\":\"https:\/\/www.istegroup.com\/#website\"},\"primaryImageOfPage\":{\"@id\":\"https:\/\/www.istegroup.com\/en\/produit\/cloud-et-edge-networking\/#primaryimage\"},\"image\":{\"@id\":\"https:\/\/www.istegroup.com\/en\/produit\/cloud-et-edge-networking\/#primaryimage\"},\"thumbnailUrl\":\"https:\/\/www.istegroup.com\/wp-content\/uploads\/2023\/02\/Cloud-et-Edge-Networking.jpeg\",\"datePublished\":\"2024-02-13T11:27:34+00:00\",\"dateModified\":\"2025-01-03T11:02:22+00:00\",\"description\":\"Le monde des r\u00e9seaux est en pleine mutation, la technologie physique est progressivement remplac\u00e9e par une solution logicielle. Cloud et Edge Networking introduit cette nouvelle g\u00e9n\u00e9ration de r\u00e9seaux qui s\u2019appuient sur le Cloud.\",\"breadcrumb\":{\"@id\":\"https:\/\/www.istegroup.com\/en\/produit\/cloud-et-edge-networking\/#breadcrumb\"},\"inLanguage\":\"en-US\",\"potentialAction\":[{\"@type\":\"ReadAction\",\"target\":[\"https:\/\/www.istegroup.com\/en\/produit\/cloud-et-edge-networking\/\"]}]},{\"@type\":\"ImageObject\",\"inLanguage\":\"en-US\",\"@id\":\"https:\/\/www.istegroup.com\/en\/produit\/cloud-et-edge-networking\/#primaryimage\",\"url\":\"https:\/\/www.istegroup.com\/wp-content\/uploads\/2023\/02\/Cloud-et-Edge-Networking.jpeg\",\"contentUrl\":\"https:\/\/www.istegroup.com\/wp-content\/uploads\/2023\/02\/Cloud-et-Edge-Networking.jpeg\",\"width\":300,\"height\":450,\"caption\":\"Livre scientifique - Cloud et Edge Networking\"},{\"@type\":\"BreadcrumbList\",\"@id\":\"https:\/\/www.istegroup.com\/en\/produit\/cloud-et-edge-networking\/#breadcrumb\",\"itemListElement\":[{\"@type\":\"ListItem\",\"position\":1,\"name\":\"Home\",\"item\":\"https:\/\/www.istegroup.com\/\"},{\"@type\":\"ListItem\",\"position\":2,\"name\":\"Shop\",\"item\":\"https:\/\/www.istegroup.com\/fr\/nouveautes\/\"},{\"@type\":\"ListItem\",\"position\":3,\"name\":\"Cloud et Edge Networking\"}]},{\"@type\":\"WebSite\",\"@id\":\"https:\/\/www.istegroup.com\/#website\",\"url\":\"https:\/\/www.istegroup.com\/\",\"name\":\"ISTE Group\",\"description\":\"Publishing Knowledge\",\"potentialAction\":[{\"@type\":\"SearchAction\",\"target\":{\"@type\":\"EntryPoint\",\"urlTemplate\":\"https:\/\/www.istegroup.com\/?s={search_term_string}\"},\"query-input\":{\"@type\":\"PropertyValueSpecification\",\"valueRequired\":true,\"valueName\":\"search_term_string\"}}],\"inLanguage\":\"en-US\"}]}<\/script>\n<!-- \/ Yoast SEO plugin. -->","yoast_head_json":{"title":"Cloud et Edge Networking - ISTE Group","description":"Le monde des r\u00e9seaux est en pleine mutation, la technologie physique est progressivement remplac\u00e9e par une solution logicielle. Cloud et Edge Networking introduit cette nouvelle g\u00e9n\u00e9ration de r\u00e9seaux qui s\u2019appuient sur le Cloud.","robots":{"index":"index","follow":"follow","max-snippet":"max-snippet:-1","max-image-preview":"max-image-preview:large","max-video-preview":"max-video-preview:-1"},"canonical":"https:\/\/www.istegroup.com\/en\/produit\/cloud-et-edge-networking\/","og_locale":"en_US","og_type":"article","og_title":"Cloud et Edge Networking - ISTE Group","og_description":"Le monde des r\u00e9seaux est en pleine mutation, la technologie physique est progressivement remplac\u00e9e par une solution logicielle. Cloud et Edge Networking introduit cette nouvelle g\u00e9n\u00e9ration de r\u00e9seaux qui s\u2019appuient sur le Cloud.","og_url":"https:\/\/www.istegroup.com\/en\/produit\/cloud-et-edge-networking\/","og_site_name":"ISTE Group","article_modified_time":"2025-01-03T11:02:22+00:00","og_image":[{"width":300,"height":450,"url":"https:\/\/www.istegroup.com\/wp-content\/uploads\/2023\/02\/Cloud-et-Edge-Networking.jpeg","type":"image\/jpeg"}],"twitter_card":"summary_large_image","twitter_misc":{"Est. reading time":"1 minute"},"schema":{"@context":"https:\/\/schema.org","@graph":[{"@type":"WebPage","@id":"https:\/\/www.istegroup.com\/en\/produit\/cloud-et-edge-networking\/","url":"https:\/\/www.istegroup.com\/en\/produit\/cloud-et-edge-networking\/","name":"Cloud et Edge Networking - ISTE Group","isPartOf":{"@id":"https:\/\/www.istegroup.com\/#website"},"primaryImageOfPage":{"@id":"https:\/\/www.istegroup.com\/en\/produit\/cloud-et-edge-networking\/#primaryimage"},"image":{"@id":"https:\/\/www.istegroup.com\/en\/produit\/cloud-et-edge-networking\/#primaryimage"},"thumbnailUrl":"https:\/\/www.istegroup.com\/wp-content\/uploads\/2023\/02\/Cloud-et-Edge-Networking.jpeg","datePublished":"2024-02-13T11:27:34+00:00","dateModified":"2025-01-03T11:02:22+00:00","description":"Le monde des r\u00e9seaux est en pleine mutation, la technologie physique est progressivement remplac\u00e9e par une solution logicielle. Cloud et Edge Networking introduit cette nouvelle g\u00e9n\u00e9ration de r\u00e9seaux qui s\u2019appuient sur le Cloud.","breadcrumb":{"@id":"https:\/\/www.istegroup.com\/en\/produit\/cloud-et-edge-networking\/#breadcrumb"},"inLanguage":"en-US","potentialAction":[{"@type":"ReadAction","target":["https:\/\/www.istegroup.com\/en\/produit\/cloud-et-edge-networking\/"]}]},{"@type":"ImageObject","inLanguage":"en-US","@id":"https:\/\/www.istegroup.com\/en\/produit\/cloud-et-edge-networking\/#primaryimage","url":"https:\/\/www.istegroup.com\/wp-content\/uploads\/2023\/02\/Cloud-et-Edge-Networking.jpeg","contentUrl":"https:\/\/www.istegroup.com\/wp-content\/uploads\/2023\/02\/Cloud-et-Edge-Networking.jpeg","width":300,"height":450,"caption":"Livre scientifique - Cloud et Edge Networking"},{"@type":"BreadcrumbList","@id":"https:\/\/www.istegroup.com\/en\/produit\/cloud-et-edge-networking\/#breadcrumb","itemListElement":[{"@type":"ListItem","position":1,"name":"Home","item":"https:\/\/www.istegroup.com\/"},{"@type":"ListItem","position":2,"name":"Shop","item":"https:\/\/www.istegroup.com\/fr\/nouveautes\/"},{"@type":"ListItem","position":3,"name":"Cloud et Edge Networking"}]},{"@type":"WebSite","@id":"https:\/\/www.istegroup.com\/#website","url":"https:\/\/www.istegroup.com\/","name":"ISTE Group","description":"Publishing Knowledge","potentialAction":[{"@type":"SearchAction","target":{"@type":"EntryPoint","urlTemplate":"https:\/\/www.istegroup.com\/?s={search_term_string}"},"query-input":{"@type":"PropertyValueSpecification","valueRequired":true,"valueName":"search_term_string"}}],"inLanguage":"en-US"}]}},"_links":{"self":[{"href":"https:\/\/www.istegroup.com\/en\/wp-json\/wp\/v2\/product\/55667","targetHints":{"allow":["GET"]}}],"collection":[{"href":"https:\/\/www.istegroup.com\/en\/wp-json\/wp\/v2\/product"}],"about":[{"href":"https:\/\/www.istegroup.com\/en\/wp-json\/wp\/v2\/types\/product"}],"wp:featuredmedia":[{"embeddable":true,"href":"https:\/\/www.istegroup.com\/en\/wp-json\/wp\/v2\/media\/55683"}],"wp:attachment":[{"href":"https:\/\/www.istegroup.com\/en\/wp-json\/wp\/v2\/media?parent=55667"}],"wp:term":[{"taxonomy":"product_brand","embeddable":true,"href":"https:\/\/www.istegroup.com\/en\/wp-json\/wp\/v2\/product_brand?post=55667"},{"taxonomy":"product_cat","embeddable":true,"href":"https:\/\/www.istegroup.com\/en\/wp-json\/wp\/v2\/product_cat?post=55667"},{"taxonomy":"product_tag","embeddable":true,"href":"https:\/\/www.istegroup.com\/en\/wp-json\/wp\/v2\/product_tag?post=55667"}],"curies":[{"name":"wp","href":"https:\/\/api.w.org\/{rel}","templated":true}]}}