{"id":55634,"date":"2024-02-20T15:45:13","date_gmt":"2024-02-20T15:45:13","guid":{"rendered":"https:\/\/www.istegroup.com\/?post_type=product&#038;p=55634"},"modified":"2025-07-24T09:41:44","modified_gmt":"2025-07-24T08:41:44","slug":"expertes-experts-en-sante-dans-les-medias","status":"publish","type":"product","link":"https:\/\/www.istegroup.com\/en\/produit\/expertes-experts-en-sante-dans-les-medias\/","title":{"rendered":"Expertes, experts en sant\u00e9 dans les m\u00e9dias"},"content":{"rendered":"<p class=\"qtranxs-available-languages-message qtranxs-available-languages-message-en\">Sorry, this entry is only available in <a href=\"https:\/\/www.istegroup.com\/fr\/wp-json\/wp\/v2\/product\/55634\" class=\"qtranxs-available-language-link qtranxs-available-language-link-fr\" title=\"FR\">FR<\/a>.<\/p>","protected":false},"excerpt":{"rendered":"<p>Sorry, this entry is only available in FR.<\/p>\n","protected":false},"featured_media":55645,"template":"","meta":{"_acf_changed":false,"_links_to":"","_links_to_target":""},"product_brand":[],"product_cat":[668],"product_tag":[],"class_list":{"0":"post-55634","1":"product","2":"type-product","3":"status-publish","4":"has-post-thumbnail","6":"product_cat-ingnierie-de-la-sant-et-socit-188418884","8":"first","9":"instock","10":"shipping-taxable","11":"purchasable","12":"product-type-variable"},"acf":[],"yoast_head":"<!-- This site is optimized with the Yoast SEO plugin v27.2 - https:\/\/yoast.com\/product\/yoast-seo-wordpress\/ -->\n<title>Expertes, experts en sant\u00e9 dans les m\u00e9dias - ISTE Group<\/title>\n<meta name=\"description\" content=\"Expertes, experts en sant\u00e9 dans les m\u00e9dias \u00e9tudie la place de l\u2019expert en sant\u00e9 dans les m\u00e9dias afin de d\u00e9finir la complexit\u00e9 de son r\u00f4le, de s\u2019interroger sur sa l\u00e9gitimit\u00e9 et de mieux comprendre les controverses qu\u2019il suscite.\" \/>\n<meta name=\"robots\" content=\"index, follow, max-snippet:-1, max-image-preview:large, max-video-preview:-1\" \/>\n<link rel=\"canonical\" href=\"https:\/\/www.istegroup.com\/produit\/expertes-experts-en-sante-dans-les-medias\/\" \/>\n<meta property=\"og:locale\" content=\"en_US\" \/>\n<meta property=\"og:type\" content=\"article\" \/>\n<meta property=\"og:title\" content=\"Expertes, experts en sant\u00e9 dans les m\u00e9dias - ISTE Group\" \/>\n<meta property=\"og:description\" content=\"Expertes, experts en sant\u00e9 dans les m\u00e9dias \u00e9tudie la place de l\u2019expert en sant\u00e9 dans les m\u00e9dias afin de d\u00e9finir la complexit\u00e9 de son r\u00f4le, de s\u2019interroger sur sa l\u00e9gitimit\u00e9 et de mieux comprendre les controverses qu\u2019il suscite.\" \/>\n<meta property=\"og:url\" content=\"https:\/\/www.istegroup.com\/produit\/expertes-experts-en-sante-dans-les-medias\/\" \/>\n<meta property=\"og:site_name\" content=\"ISTE Group\" \/>\n<meta property=\"article:modified_time\" content=\"2025-07-24T08:41:44+00:00\" \/>\n<meta property=\"og:image\" content=\"https:\/\/www.istegroup.com\/wp-content\/uploads\/2024\/02\/Expertes-experts-en-sante-dans-les-medias.png\" \/>\n\t<meta property=\"og:image:width\" content=\"600\" \/>\n\t<meta property=\"og:image:height\" content=\"901\" \/>\n\t<meta property=\"og:image:type\" content=\"image\/png\" \/>\n<meta name=\"twitter:card\" content=\"summary_large_image\" \/>\n<meta name=\"twitter:label1\" content=\"Est. reading time\" \/>\n\t<meta name=\"twitter:data1\" content=\"1 minute\" \/>\n<script type=\"application\/ld+json\" class=\"yoast-schema-graph\">{\"@context\":\"https:\/\/schema.org\",\"@graph\":[{\"@type\":\"WebPage\",\"@id\":\"https:\/\/www.istegroup.com\/produit\/expertes-experts-en-sante-dans-les-medias\/\",\"url\":\"https:\/\/www.istegroup.com\/produit\/expertes-experts-en-sante-dans-les-medias\/\",\"name\":\"Expertes, experts en sant\u00e9 dans les m\u00e9dias - ISTE Group\",\"isPartOf\":{\"@id\":\"https:\/\/www.istegroup.com\/#website\"},\"primaryImageOfPage\":{\"@id\":\"https:\/\/www.istegroup.com\/produit\/expertes-experts-en-sante-dans-les-medias\/#primaryimage\"},\"image\":{\"@id\":\"https:\/\/www.istegroup.com\/produit\/expertes-experts-en-sante-dans-les-medias\/#primaryimage\"},\"thumbnailUrl\":\"https:\/\/www.istegroup.com\/wp-content\/uploads\/2024\/02\/Expertes-experts-en-sante-dans-les-medias.png\",\"datePublished\":\"2024-02-20T15:45:13+00:00\",\"dateModified\":\"2025-07-24T08:41:44+00:00\",\"description\":\"Expertes, experts en sant\u00e9 dans les m\u00e9dias \u00e9tudie la place de l\u2019expert en sant\u00e9 dans les m\u00e9dias afin de d\u00e9finir la complexit\u00e9 de son r\u00f4le, de s\u2019interroger sur sa l\u00e9gitimit\u00e9 et de mieux comprendre les controverses qu\u2019il suscite.\",\"breadcrumb\":{\"@id\":\"https:\/\/www.istegroup.com\/produit\/expertes-experts-en-sante-dans-les-medias\/#breadcrumb\"},\"inLanguage\":\"en-US\",\"potentialAction\":[{\"@type\":\"ReadAction\",\"target\":[\"https:\/\/www.istegroup.com\/produit\/expertes-experts-en-sante-dans-les-medias\/\"]}]},{\"@type\":\"ImageObject\",\"inLanguage\":\"en-US\",\"@id\":\"https:\/\/www.istegroup.com\/produit\/expertes-experts-en-sante-dans-les-medias\/#primaryimage\",\"url\":\"https:\/\/www.istegroup.com\/wp-content\/uploads\/2024\/02\/Expertes-experts-en-sante-dans-les-medias.png\",\"contentUrl\":\"https:\/\/www.istegroup.com\/wp-content\/uploads\/2024\/02\/Expertes-experts-en-sante-dans-les-medias.png\",\"width\":600,\"height\":901,\"caption\":\"Livre scientifique - Expertes, experts en sant\u00e9 dans les m\u00e9dias\"},{\"@type\":\"BreadcrumbList\",\"@id\":\"https:\/\/www.istegroup.com\/produit\/expertes-experts-en-sante-dans-les-medias\/#breadcrumb\",\"itemListElement\":[{\"@type\":\"ListItem\",\"position\":1,\"name\":\"Home\",\"item\":\"https:\/\/www.istegroup.com\/\"},{\"@type\":\"ListItem\",\"position\":2,\"name\":\"Shop\",\"item\":\"https:\/\/www.istegroup.com\/fr\/nouveautes\/\"},{\"@type\":\"ListItem\",\"position\":3,\"name\":\"Expertes, experts en sant\u00e9 dans les m\u00e9dias\"}]},{\"@type\":\"WebSite\",\"@id\":\"https:\/\/www.istegroup.com\/#website\",\"url\":\"https:\/\/www.istegroup.com\/\",\"name\":\"ISTE Group\",\"description\":\"Publishing Knowledge\",\"potentialAction\":[{\"@type\":\"SearchAction\",\"target\":{\"@type\":\"EntryPoint\",\"urlTemplate\":\"https:\/\/www.istegroup.com\/?s={search_term_string}\"},\"query-input\":{\"@type\":\"PropertyValueSpecification\",\"valueRequired\":true,\"valueName\":\"search_term_string\"}}],\"inLanguage\":\"en-US\"}]}<\/script>\n<!-- \/ Yoast SEO plugin. -->","yoast_head_json":{"title":"Expertes, experts en sant\u00e9 dans les m\u00e9dias - ISTE Group","description":"Expertes, experts en sant\u00e9 dans les m\u00e9dias \u00e9tudie la place de l\u2019expert en sant\u00e9 dans les m\u00e9dias afin de d\u00e9finir la complexit\u00e9 de son r\u00f4le, de s\u2019interroger sur sa l\u00e9gitimit\u00e9 et de mieux comprendre les controverses qu\u2019il suscite.","robots":{"index":"index","follow":"follow","max-snippet":"max-snippet:-1","max-image-preview":"max-image-preview:large","max-video-preview":"max-video-preview:-1"},"canonical":"https:\/\/www.istegroup.com\/produit\/expertes-experts-en-sante-dans-les-medias\/","og_locale":"en_US","og_type":"article","og_title":"Expertes, experts en sant\u00e9 dans les m\u00e9dias - ISTE Group","og_description":"Expertes, experts en sant\u00e9 dans les m\u00e9dias \u00e9tudie la place de l\u2019expert en sant\u00e9 dans les m\u00e9dias afin de d\u00e9finir la complexit\u00e9 de son r\u00f4le, de s\u2019interroger sur sa l\u00e9gitimit\u00e9 et de mieux comprendre les controverses qu\u2019il suscite.","og_url":"https:\/\/www.istegroup.com\/produit\/expertes-experts-en-sante-dans-les-medias\/","og_site_name":"ISTE Group","article_modified_time":"2025-07-24T08:41:44+00:00","og_image":[{"width":600,"height":901,"url":"https:\/\/www.istegroup.com\/wp-content\/uploads\/2024\/02\/Expertes-experts-en-sante-dans-les-medias.png","type":"image\/png"}],"twitter_card":"summary_large_image","twitter_misc":{"Est. reading time":"1 minute"},"schema":{"@context":"https:\/\/schema.org","@graph":[{"@type":"WebPage","@id":"https:\/\/www.istegroup.com\/produit\/expertes-experts-en-sante-dans-les-medias\/","url":"https:\/\/www.istegroup.com\/produit\/expertes-experts-en-sante-dans-les-medias\/","name":"Expertes, experts en sant\u00e9 dans les m\u00e9dias - ISTE Group","isPartOf":{"@id":"https:\/\/www.istegroup.com\/#website"},"primaryImageOfPage":{"@id":"https:\/\/www.istegroup.com\/produit\/expertes-experts-en-sante-dans-les-medias\/#primaryimage"},"image":{"@id":"https:\/\/www.istegroup.com\/produit\/expertes-experts-en-sante-dans-les-medias\/#primaryimage"},"thumbnailUrl":"https:\/\/www.istegroup.com\/wp-content\/uploads\/2024\/02\/Expertes-experts-en-sante-dans-les-medias.png","datePublished":"2024-02-20T15:45:13+00:00","dateModified":"2025-07-24T08:41:44+00:00","description":"Expertes, experts en sant\u00e9 dans les m\u00e9dias \u00e9tudie la place de l\u2019expert en sant\u00e9 dans les m\u00e9dias afin de d\u00e9finir la complexit\u00e9 de son r\u00f4le, de s\u2019interroger sur sa l\u00e9gitimit\u00e9 et de mieux comprendre les controverses qu\u2019il suscite.","breadcrumb":{"@id":"https:\/\/www.istegroup.com\/produit\/expertes-experts-en-sante-dans-les-medias\/#breadcrumb"},"inLanguage":"en-US","potentialAction":[{"@type":"ReadAction","target":["https:\/\/www.istegroup.com\/produit\/expertes-experts-en-sante-dans-les-medias\/"]}]},{"@type":"ImageObject","inLanguage":"en-US","@id":"https:\/\/www.istegroup.com\/produit\/expertes-experts-en-sante-dans-les-medias\/#primaryimage","url":"https:\/\/www.istegroup.com\/wp-content\/uploads\/2024\/02\/Expertes-experts-en-sante-dans-les-medias.png","contentUrl":"https:\/\/www.istegroup.com\/wp-content\/uploads\/2024\/02\/Expertes-experts-en-sante-dans-les-medias.png","width":600,"height":901,"caption":"Livre scientifique - Expertes, experts en sant\u00e9 dans les m\u00e9dias"},{"@type":"BreadcrumbList","@id":"https:\/\/www.istegroup.com\/produit\/expertes-experts-en-sante-dans-les-medias\/#breadcrumb","itemListElement":[{"@type":"ListItem","position":1,"name":"Home","item":"https:\/\/www.istegroup.com\/"},{"@type":"ListItem","position":2,"name":"Shop","item":"https:\/\/www.istegroup.com\/fr\/nouveautes\/"},{"@type":"ListItem","position":3,"name":"Expertes, experts en sant\u00e9 dans les m\u00e9dias"}]},{"@type":"WebSite","@id":"https:\/\/www.istegroup.com\/#website","url":"https:\/\/www.istegroup.com\/","name":"ISTE Group","description":"Publishing Knowledge","potentialAction":[{"@type":"SearchAction","target":{"@type":"EntryPoint","urlTemplate":"https:\/\/www.istegroup.com\/?s={search_term_string}"},"query-input":{"@type":"PropertyValueSpecification","valueRequired":true,"valueName":"search_term_string"}}],"inLanguage":"en-US"}]}},"_links":{"self":[{"href":"https:\/\/www.istegroup.com\/en\/wp-json\/wp\/v2\/product\/55634","targetHints":{"allow":["GET"]}}],"collection":[{"href":"https:\/\/www.istegroup.com\/en\/wp-json\/wp\/v2\/product"}],"about":[{"href":"https:\/\/www.istegroup.com\/en\/wp-json\/wp\/v2\/types\/product"}],"wp:featuredmedia":[{"embeddable":true,"href":"https:\/\/www.istegroup.com\/en\/wp-json\/wp\/v2\/media\/55645"}],"wp:attachment":[{"href":"https:\/\/www.istegroup.com\/en\/wp-json\/wp\/v2\/media?parent=55634"}],"wp:term":[{"taxonomy":"product_brand","embeddable":true,"href":"https:\/\/www.istegroup.com\/en\/wp-json\/wp\/v2\/product_brand?post=55634"},{"taxonomy":"product_cat","embeddable":true,"href":"https:\/\/www.istegroup.com\/en\/wp-json\/wp\/v2\/product_cat?post=55634"},{"taxonomy":"product_tag","embeddable":true,"href":"https:\/\/www.istegroup.com\/en\/wp-json\/wp\/v2\/product_tag?post=55634"}],"curies":[{"name":"wp","href":"https:\/\/api.w.org\/{rel}","templated":true}]}}