{"id":55617,"date":"2024-02-20T15:26:50","date_gmt":"2024-02-20T15:26:50","guid":{"rendered":"https:\/\/www.istegroup.com\/?post_type=product&#038;p=55617"},"modified":"2024-09-04T13:10:23","modified_gmt":"2024-09-04T12:10:23","slug":"reseaux-denergie-et-batiments-intelligents-pour-la-transition-energetique-et-societale","status":"publish","type":"product","link":"https:\/\/www.istegroup.com\/en\/produit\/reseaux-denergie-et-batiments-intelligents-pour-la-transition-energetique-et-societale\/","title":{"rendered":"R\u00e9seaux d\u2019\u00e9nergie et b\u00e2timents intelligents pour la transition \u00e9nerg\u00e9tique et soci\u00e9tale"},"content":{"rendered":"<p>La Terre conna\u00eet une grave crise \u00e9cologique induite par une consommation \u00e9nerg\u00e9tique et mat\u00e9rielle effr\u00e9n\u00e9e des soci\u00e9t\u00e9s humaines, impactant le climat et la biodiversit\u00e9 de fa\u00e7on irr\u00e9versible.<\/p>\n<p>Cet ouvrage pr\u00e9sente des approches interdisciplinaires pour amener les b\u00e2timents, les r\u00e9seaux d\u2019\u00e9nergie \u00e9lectrique, leurs usagers \u00e0 contribuer \u00e0 la transition \u00e9nerg\u00e9tique et soci\u00e9tale. Il questionne les techniques, les usages et les imaginaires dans la mise en oeuvre des <em>smart buildings<\/em> et des <em>smart grids<\/em>. Les pr\u00e9visions de production et de consommation, la mod\u00e9lisation de l\u2019implication des acteurs et l\u2019autoconsommation au sein d\u2019une communaut\u00e9 \u00e9nerg\u00e9tique renouvelable exploitant la technologie blockchain sont des exemples d\u00e9velopp\u00e9s en vue de favoriser l\u2019\u00e9mergence des <em>smart grids<\/em>. Les potentialit\u00e9s des <em>smart buildings<\/em>, prenant en compte le confort des usagers tout en augmentant leur efficacit\u00e9 \u00e9nerg\u00e9tique, sont identifi\u00e9es. Des d\u00e9monstrateurs \u00e0 \u00e9chelle r\u00e9elle permettent de tester les solutions propos\u00e9es et l\u2019appropriation par les usagers des possibilit\u00e9s de flexibilit\u00e9 \u00e9lectrique.<\/p>\n","protected":false},"excerpt":{"rendered":"<p>La Terre conna\u00eet une grave crise \u00e9cologique induite par une consommation \u00e9nerg\u00e9tique et mat\u00e9rielle effr\u00e9n\u00e9e des soci\u00e9t\u00e9s humaines, impactant le climat et la biodiversit\u00e9 de fa\u00e7on irr\u00e9versible. Cet ouvrage pr\u00e9sente des approches interdisciplinaires pour amener les b\u00e2timents, les r\u00e9seaux d\u2019\u00e9nergie \u00e9lectrique, leurs usagers \u00e0 contribuer \u00e0 la transition \u00e9nerg\u00e9tique et soci\u00e9tale. Il questionne les techniques, [&hellip;]<\/p>\n","protected":false},"featured_media":55633,"template":"","meta":{"_acf_changed":false,"_links_to":"","_links_to_target":""},"product_brand":[],"product_cat":[660],"product_tag":[],"class_list":{"0":"post-55617","1":"product","2":"type-product","3":"status-publish","4":"has-post-thumbnail","6":"product_cat-energie-12506414","8":"first","9":"instock","10":"shipping-taxable","11":"purchasable","12":"product-type-variable"},"acf":[],"yoast_head":"<!-- This site is optimized with the Yoast SEO plugin v27.2 - https:\/\/yoast.com\/product\/yoast-seo-wordpress\/ -->\n<title>R\u00e9seaux d\u2019\u00e9nergie et b\u00e2timents intelligents pour la transition \u00e9nerg\u00e9tique et soci\u00e9tale - ISTE Group<\/title>\n<meta name=\"description\" content=\"Cet ouvrage pr\u00e9sente des approches interdisciplinaires pour amener les b\u00e2timents, les r\u00e9seaux d\u2019\u00e9nergie \u00e9lectrique, leurs usagers \u00e0 contribuer \u00e0 la transition \u00e9nerg\u00e9tique et soci\u00e9tale.\" \/>\n<meta name=\"robots\" content=\"index, follow, max-snippet:-1, max-image-preview:large, max-video-preview:-1\" \/>\n<link rel=\"canonical\" href=\"https:\/\/www.istegroup.com\/en\/produit\/reseaux-denergie-et-batiments-intelligents-pour-la-transition-energetique-et-societale\/\" \/>\n<meta property=\"og:locale\" content=\"en_US\" \/>\n<meta property=\"og:type\" content=\"article\" \/>\n<meta property=\"og:title\" content=\"R\u00e9seaux d\u2019\u00e9nergie et b\u00e2timents intelligents pour la transition \u00e9nerg\u00e9tique et soci\u00e9tale - ISTE Group\" \/>\n<meta property=\"og:description\" content=\"Cet ouvrage pr\u00e9sente des approches interdisciplinaires pour amener les b\u00e2timents, les r\u00e9seaux d\u2019\u00e9nergie \u00e9lectrique, leurs usagers \u00e0 contribuer \u00e0 la transition \u00e9nerg\u00e9tique et soci\u00e9tale.\" \/>\n<meta property=\"og:url\" content=\"https:\/\/www.istegroup.com\/en\/produit\/reseaux-denergie-et-batiments-intelligents-pour-la-transition-energetique-et-societale\/\" \/>\n<meta property=\"og:site_name\" content=\"ISTE Group\" \/>\n<meta property=\"article:modified_time\" content=\"2024-09-04T12:10:23+00:00\" \/>\n<meta property=\"og:image\" content=\"https:\/\/www.istegroup.com\/wp-content\/uploads\/2024\/02\/Reseaux-denerrgie-et-batiments-intelligents-pour-la-transition-energetique-et-societale.png\" \/>\n\t<meta property=\"og:image:width\" content=\"598\" \/>\n\t<meta property=\"og:image:height\" content=\"901\" \/>\n\t<meta property=\"og:image:type\" content=\"image\/png\" \/>\n<meta name=\"twitter:card\" content=\"summary_large_image\" \/>\n<meta name=\"twitter:label1\" content=\"Est. reading time\" \/>\n\t<meta name=\"twitter:data1\" content=\"1 minute\" \/>\n<script type=\"application\/ld+json\" class=\"yoast-schema-graph\">{\"@context\":\"https:\/\/schema.org\",\"@graph\":[{\"@type\":\"WebPage\",\"@id\":\"https:\/\/www.istegroup.com\/en\/produit\/reseaux-denergie-et-batiments-intelligents-pour-la-transition-energetique-et-societale\/\",\"url\":\"https:\/\/www.istegroup.com\/en\/produit\/reseaux-denergie-et-batiments-intelligents-pour-la-transition-energetique-et-societale\/\",\"name\":\"R\u00e9seaux d\u2019\u00e9nergie et b\u00e2timents intelligents pour la transition \u00e9nerg\u00e9tique et soci\u00e9tale - ISTE Group\",\"isPartOf\":{\"@id\":\"https:\/\/www.istegroup.com\/#website\"},\"primaryImageOfPage\":{\"@id\":\"https:\/\/www.istegroup.com\/en\/produit\/reseaux-denergie-et-batiments-intelligents-pour-la-transition-energetique-et-societale\/#primaryimage\"},\"image\":{\"@id\":\"https:\/\/www.istegroup.com\/en\/produit\/reseaux-denergie-et-batiments-intelligents-pour-la-transition-energetique-et-societale\/#primaryimage\"},\"thumbnailUrl\":\"https:\/\/www.istegroup.com\/wp-content\/uploads\/2024\/02\/Reseaux-denerrgie-et-batiments-intelligents-pour-la-transition-energetique-et-societale.png\",\"datePublished\":\"2024-02-20T15:26:50+00:00\",\"dateModified\":\"2024-09-04T12:10:23+00:00\",\"description\":\"Cet ouvrage pr\u00e9sente des approches interdisciplinaires pour amener les b\u00e2timents, les r\u00e9seaux d\u2019\u00e9nergie \u00e9lectrique, leurs usagers \u00e0 contribuer \u00e0 la transition \u00e9nerg\u00e9tique et soci\u00e9tale.\",\"breadcrumb\":{\"@id\":\"https:\/\/www.istegroup.com\/en\/produit\/reseaux-denergie-et-batiments-intelligents-pour-la-transition-energetique-et-societale\/#breadcrumb\"},\"inLanguage\":\"en-US\",\"potentialAction\":[{\"@type\":\"ReadAction\",\"target\":[\"https:\/\/www.istegroup.com\/en\/produit\/reseaux-denergie-et-batiments-intelligents-pour-la-transition-energetique-et-societale\/\"]}]},{\"@type\":\"ImageObject\",\"inLanguage\":\"en-US\",\"@id\":\"https:\/\/www.istegroup.com\/en\/produit\/reseaux-denergie-et-batiments-intelligents-pour-la-transition-energetique-et-societale\/#primaryimage\",\"url\":\"https:\/\/www.istegroup.com\/wp-content\/uploads\/2024\/02\/Reseaux-denerrgie-et-batiments-intelligents-pour-la-transition-energetique-et-societale.png\",\"contentUrl\":\"https:\/\/www.istegroup.com\/wp-content\/uploads\/2024\/02\/Reseaux-denerrgie-et-batiments-intelligents-pour-la-transition-energetique-et-societale.png\",\"width\":598,\"height\":901,\"caption\":\"Livre scientifique - R\u00e9seaux d'\u00e9nerrgie et b\u00e2timents intelligents pour la transition \u00e9nerg\u00e9tique et soci\u00e9tale\"},{\"@type\":\"BreadcrumbList\",\"@id\":\"https:\/\/www.istegroup.com\/en\/produit\/reseaux-denergie-et-batiments-intelligents-pour-la-transition-energetique-et-societale\/#breadcrumb\",\"itemListElement\":[{\"@type\":\"ListItem\",\"position\":1,\"name\":\"Home\",\"item\":\"https:\/\/www.istegroup.com\/\"},{\"@type\":\"ListItem\",\"position\":2,\"name\":\"Shop\",\"item\":\"https:\/\/www.istegroup.com\/fr\/nouveautes\/\"},{\"@type\":\"ListItem\",\"position\":3,\"name\":\"R\u00e9seaux d\u2019\u00e9nergie et b\u00e2timents intelligents pour la transition \u00e9nerg\u00e9tique et soci\u00e9tale\"}]},{\"@type\":\"WebSite\",\"@id\":\"https:\/\/www.istegroup.com\/#website\",\"url\":\"https:\/\/www.istegroup.com\/\",\"name\":\"ISTE Group\",\"description\":\"Publishing Knowledge\",\"potentialAction\":[{\"@type\":\"SearchAction\",\"target\":{\"@type\":\"EntryPoint\",\"urlTemplate\":\"https:\/\/www.istegroup.com\/?s={search_term_string}\"},\"query-input\":{\"@type\":\"PropertyValueSpecification\",\"valueRequired\":true,\"valueName\":\"search_term_string\"}}],\"inLanguage\":\"en-US\"}]}<\/script>\n<!-- \/ Yoast SEO plugin. -->","yoast_head_json":{"title":"R\u00e9seaux d\u2019\u00e9nergie et b\u00e2timents intelligents pour la transition \u00e9nerg\u00e9tique et soci\u00e9tale - ISTE Group","description":"Cet ouvrage pr\u00e9sente des approches interdisciplinaires pour amener les b\u00e2timents, les r\u00e9seaux d\u2019\u00e9nergie \u00e9lectrique, leurs usagers \u00e0 contribuer \u00e0 la transition \u00e9nerg\u00e9tique et soci\u00e9tale.","robots":{"index":"index","follow":"follow","max-snippet":"max-snippet:-1","max-image-preview":"max-image-preview:large","max-video-preview":"max-video-preview:-1"},"canonical":"https:\/\/www.istegroup.com\/en\/produit\/reseaux-denergie-et-batiments-intelligents-pour-la-transition-energetique-et-societale\/","og_locale":"en_US","og_type":"article","og_title":"R\u00e9seaux d\u2019\u00e9nergie et b\u00e2timents intelligents pour la transition \u00e9nerg\u00e9tique et soci\u00e9tale - ISTE Group","og_description":"Cet ouvrage pr\u00e9sente des approches interdisciplinaires pour amener les b\u00e2timents, les r\u00e9seaux d\u2019\u00e9nergie \u00e9lectrique, leurs usagers \u00e0 contribuer \u00e0 la transition \u00e9nerg\u00e9tique et soci\u00e9tale.","og_url":"https:\/\/www.istegroup.com\/en\/produit\/reseaux-denergie-et-batiments-intelligents-pour-la-transition-energetique-et-societale\/","og_site_name":"ISTE Group","article_modified_time":"2024-09-04T12:10:23+00:00","og_image":[{"width":598,"height":901,"url":"https:\/\/www.istegroup.com\/wp-content\/uploads\/2024\/02\/Reseaux-denerrgie-et-batiments-intelligents-pour-la-transition-energetique-et-societale.png","type":"image\/png"}],"twitter_card":"summary_large_image","twitter_misc":{"Est. reading time":"1 minute"},"schema":{"@context":"https:\/\/schema.org","@graph":[{"@type":"WebPage","@id":"https:\/\/www.istegroup.com\/en\/produit\/reseaux-denergie-et-batiments-intelligents-pour-la-transition-energetique-et-societale\/","url":"https:\/\/www.istegroup.com\/en\/produit\/reseaux-denergie-et-batiments-intelligents-pour-la-transition-energetique-et-societale\/","name":"R\u00e9seaux d\u2019\u00e9nergie et b\u00e2timents intelligents pour la transition \u00e9nerg\u00e9tique et soci\u00e9tale - ISTE Group","isPartOf":{"@id":"https:\/\/www.istegroup.com\/#website"},"primaryImageOfPage":{"@id":"https:\/\/www.istegroup.com\/en\/produit\/reseaux-denergie-et-batiments-intelligents-pour-la-transition-energetique-et-societale\/#primaryimage"},"image":{"@id":"https:\/\/www.istegroup.com\/en\/produit\/reseaux-denergie-et-batiments-intelligents-pour-la-transition-energetique-et-societale\/#primaryimage"},"thumbnailUrl":"https:\/\/www.istegroup.com\/wp-content\/uploads\/2024\/02\/Reseaux-denerrgie-et-batiments-intelligents-pour-la-transition-energetique-et-societale.png","datePublished":"2024-02-20T15:26:50+00:00","dateModified":"2024-09-04T12:10:23+00:00","description":"Cet ouvrage pr\u00e9sente des approches interdisciplinaires pour amener les b\u00e2timents, les r\u00e9seaux d\u2019\u00e9nergie \u00e9lectrique, leurs usagers \u00e0 contribuer \u00e0 la transition \u00e9nerg\u00e9tique et soci\u00e9tale.","breadcrumb":{"@id":"https:\/\/www.istegroup.com\/en\/produit\/reseaux-denergie-et-batiments-intelligents-pour-la-transition-energetique-et-societale\/#breadcrumb"},"inLanguage":"en-US","potentialAction":[{"@type":"ReadAction","target":["https:\/\/www.istegroup.com\/en\/produit\/reseaux-denergie-et-batiments-intelligents-pour-la-transition-energetique-et-societale\/"]}]},{"@type":"ImageObject","inLanguage":"en-US","@id":"https:\/\/www.istegroup.com\/en\/produit\/reseaux-denergie-et-batiments-intelligents-pour-la-transition-energetique-et-societale\/#primaryimage","url":"https:\/\/www.istegroup.com\/wp-content\/uploads\/2024\/02\/Reseaux-denerrgie-et-batiments-intelligents-pour-la-transition-energetique-et-societale.png","contentUrl":"https:\/\/www.istegroup.com\/wp-content\/uploads\/2024\/02\/Reseaux-denerrgie-et-batiments-intelligents-pour-la-transition-energetique-et-societale.png","width":598,"height":901,"caption":"Livre scientifique - R\u00e9seaux d'\u00e9nerrgie et b\u00e2timents intelligents pour la transition \u00e9nerg\u00e9tique et soci\u00e9tale"},{"@type":"BreadcrumbList","@id":"https:\/\/www.istegroup.com\/en\/produit\/reseaux-denergie-et-batiments-intelligents-pour-la-transition-energetique-et-societale\/#breadcrumb","itemListElement":[{"@type":"ListItem","position":1,"name":"Home","item":"https:\/\/www.istegroup.com\/"},{"@type":"ListItem","position":2,"name":"Shop","item":"https:\/\/www.istegroup.com\/fr\/nouveautes\/"},{"@type":"ListItem","position":3,"name":"R\u00e9seaux d\u2019\u00e9nergie et b\u00e2timents intelligents pour la transition \u00e9nerg\u00e9tique et soci\u00e9tale"}]},{"@type":"WebSite","@id":"https:\/\/www.istegroup.com\/#website","url":"https:\/\/www.istegroup.com\/","name":"ISTE Group","description":"Publishing Knowledge","potentialAction":[{"@type":"SearchAction","target":{"@type":"EntryPoint","urlTemplate":"https:\/\/www.istegroup.com\/?s={search_term_string}"},"query-input":{"@type":"PropertyValueSpecification","valueRequired":true,"valueName":"search_term_string"}}],"inLanguage":"en-US"}]}},"_links":{"self":[{"href":"https:\/\/www.istegroup.com\/en\/wp-json\/wp\/v2\/product\/55617","targetHints":{"allow":["GET"]}}],"collection":[{"href":"https:\/\/www.istegroup.com\/en\/wp-json\/wp\/v2\/product"}],"about":[{"href":"https:\/\/www.istegroup.com\/en\/wp-json\/wp\/v2\/types\/product"}],"wp:featuredmedia":[{"embeddable":true,"href":"https:\/\/www.istegroup.com\/en\/wp-json\/wp\/v2\/media\/55633"}],"wp:attachment":[{"href":"https:\/\/www.istegroup.com\/en\/wp-json\/wp\/v2\/media?parent=55617"}],"wp:term":[{"taxonomy":"product_brand","embeddable":true,"href":"https:\/\/www.istegroup.com\/en\/wp-json\/wp\/v2\/product_brand?post=55617"},{"taxonomy":"product_cat","embeddable":true,"href":"https:\/\/www.istegroup.com\/en\/wp-json\/wp\/v2\/product_cat?post=55617"},{"taxonomy":"product_tag","embeddable":true,"href":"https:\/\/www.istegroup.com\/en\/wp-json\/wp\/v2\/product_tag?post=55617"}],"curies":[{"name":"wp","href":"https:\/\/api.w.org\/{rel}","templated":true}]}}