{"id":55589,"date":"2024-02-20T14:50:36","date_gmt":"2024-02-20T14:50:36","guid":{"rendered":"https:\/\/www.istegroup.com\/?post_type=product&#038;p=55589"},"modified":"2024-09-13T10:17:08","modified_gmt":"2024-09-13T09:17:08","slug":"mesure-des-proprietes-thermiques-des-materiaux-2","status":"publish","type":"product","link":"https:\/\/www.istegroup.com\/en\/produit\/mesure-des-proprietes-thermiques-des-materiaux-2\/","title":{"rendered":"Mesure des propri\u00e9t\u00e9s thermiques des mat\u00e9riaux"},"content":{"rendered":"<p class=\"qtranxs-available-languages-message qtranxs-available-languages-message-en\">Sorry, this entry is only available in <a href=\"https:\/\/www.istegroup.com\/fr\/wp-json\/wp\/v2\/product\/55589\" class=\"qtranxs-available-language-link qtranxs-available-language-link-fr\" title=\"FR\">FR<\/a>.<\/p>","protected":false},"excerpt":{"rendered":"<p>Sorry, this entry is only available in FR.<\/p>\n","protected":false},"featured_media":55595,"template":"","meta":{"_acf_changed":false,"_links_to":"","_links_to_target":""},"product_brand":[],"product_cat":[680],"product_tag":[3410,18,19,20,21,22,63,26,27,3409,38,145,28,2190,3408],"class_list":{"0":"post-55589","1":"product","2":"type-product","3":"status-publish","4":"has-post-thumbnail","6":"product_cat-science-des-matriaux-14420497","7":"product_tag-alain-degiovanni","8":"product_tag-edition-scientifique","9":"product_tag-editions-francaise","10":"product_tag-editions-technique","11":"product_tag-iste-group","12":"product_tag-istegroup","13":"product_tag-livre-electronique","14":"product_tag-livre-scientifique-francais","15":"product_tag-livre-technique-francais","16":"product_tag-mesure-des-proprietes-thermiques-des-materiaux","17":"product_tag-ouvrage-numerique","18":"product_tag-ouvrage-scientifique","19":"product_tag-ouvrage-scientifique-francais","20":"product_tag-science-des-materiaux","21":"product_tag-yves-jannot","23":"first","24":"instock","25":"shipping-taxable","26":"purchasable","27":"product-type-variable"},"acf":[],"yoast_head":"<!-- This site is optimized with the Yoast SEO plugin v27.2 - https:\/\/yoast.com\/product\/yoast-seo-wordpress\/ -->\n<title>Mesure des propri\u00e9t\u00e9s thermiques des mat\u00e9riaux - ISTE Group<\/title>\n<meta name=\"description\" content=\"Cet ouvrage est accessible \u00e0 tous ceux qui ont besoin de mesurer les propri\u00e9t\u00e9s thermiques d\u2019un mat\u00e9riau. L\u2019objectif est de leur permettre de choisir la m\u00e9thode de mesure la mieux adapt\u00e9e au mat\u00e9riau \u00e0 caract\u00e9riser et de leur transmettre toutes les informations permettant de la mettre en oeuvre avec le maximum de pr\u00e9cision.\" \/>\n<meta name=\"robots\" content=\"index, follow, max-snippet:-1, max-image-preview:large, max-video-preview:-1\" \/>\n<link rel=\"canonical\" href=\"https:\/\/www.istegroup.com\/fr\/produit\/mesure-des-proprietes-thermiques-des-materiaux-2\/\" \/>\n<meta property=\"og:locale\" content=\"en_US\" \/>\n<meta property=\"og:type\" content=\"article\" \/>\n<meta property=\"og:title\" content=\"Mesure des propri\u00e9t\u00e9s thermiques des mat\u00e9riaux - ISTE Group\" \/>\n<meta property=\"og:description\" content=\"Cet ouvrage est accessible \u00e0 tous ceux qui ont besoin de mesurer les propri\u00e9t\u00e9s thermiques d\u2019un mat\u00e9riau. L\u2019objectif est de leur permettre de choisir la m\u00e9thode de mesure la mieux adapt\u00e9e au mat\u00e9riau \u00e0 caract\u00e9riser et de leur transmettre toutes les informations permettant de la mettre en oeuvre avec le maximum de pr\u00e9cision.\" \/>\n<meta property=\"og:url\" content=\"https:\/\/www.istegroup.com\/fr\/produit\/mesure-des-proprietes-thermiques-des-materiaux-2\/\" \/>\n<meta property=\"og:site_name\" content=\"ISTE Group\" \/>\n<meta property=\"article:modified_time\" content=\"2024-09-13T09:17:08+00:00\" \/>\n<meta property=\"og:image\" content=\"https:\/\/www.istegroup.com\/wp-content\/uploads\/2024\/02\/Mesure-des-proprietes-thermiques-des-materiaux.png\" \/>\n\t<meta property=\"og:image:width\" content=\"599\" \/>\n\t<meta property=\"og:image:height\" content=\"903\" \/>\n\t<meta property=\"og:image:type\" content=\"image\/png\" \/>\n<meta name=\"twitter:card\" content=\"summary_large_image\" \/>\n<meta name=\"twitter:label1\" content=\"Est. reading time\" \/>\n\t<meta name=\"twitter:data1\" content=\"1 minute\" \/>\n<script type=\"application\/ld+json\" class=\"yoast-schema-graph\">{\"@context\":\"https:\/\/schema.org\",\"@graph\":[{\"@type\":\"WebPage\",\"@id\":\"https:\/\/www.istegroup.com\/fr\/produit\/mesure-des-proprietes-thermiques-des-materiaux-2\/\",\"url\":\"https:\/\/www.istegroup.com\/fr\/produit\/mesure-des-proprietes-thermiques-des-materiaux-2\/\",\"name\":\"Mesure des propri\u00e9t\u00e9s thermiques des mat\u00e9riaux - ISTE Group\",\"isPartOf\":{\"@id\":\"https:\/\/www.istegroup.com\/#website\"},\"primaryImageOfPage\":{\"@id\":\"https:\/\/www.istegroup.com\/fr\/produit\/mesure-des-proprietes-thermiques-des-materiaux-2\/#primaryimage\"},\"image\":{\"@id\":\"https:\/\/www.istegroup.com\/fr\/produit\/mesure-des-proprietes-thermiques-des-materiaux-2\/#primaryimage\"},\"thumbnailUrl\":\"https:\/\/www.istegroup.com\/wp-content\/uploads\/2024\/02\/Mesure-des-proprietes-thermiques-des-materiaux.png\",\"datePublished\":\"2024-02-20T14:50:36+00:00\",\"dateModified\":\"2024-09-13T09:17:08+00:00\",\"description\":\"Cet ouvrage est accessible \u00e0 tous ceux qui ont besoin de mesurer les propri\u00e9t\u00e9s thermiques d\u2019un mat\u00e9riau. L\u2019objectif est de leur permettre de choisir la m\u00e9thode de mesure la mieux adapt\u00e9e au mat\u00e9riau \u00e0 caract\u00e9riser et de leur transmettre toutes les informations permettant de la mettre en oeuvre avec le maximum de pr\u00e9cision.\",\"breadcrumb\":{\"@id\":\"https:\/\/www.istegroup.com\/fr\/produit\/mesure-des-proprietes-thermiques-des-materiaux-2\/#breadcrumb\"},\"inLanguage\":\"en-US\",\"potentialAction\":[{\"@type\":\"ReadAction\",\"target\":[\"https:\/\/www.istegroup.com\/fr\/produit\/mesure-des-proprietes-thermiques-des-materiaux-2\/\"]}]},{\"@type\":\"ImageObject\",\"inLanguage\":\"en-US\",\"@id\":\"https:\/\/www.istegroup.com\/fr\/produit\/mesure-des-proprietes-thermiques-des-materiaux-2\/#primaryimage\",\"url\":\"https:\/\/www.istegroup.com\/wp-content\/uploads\/2024\/02\/Mesure-des-proprietes-thermiques-des-materiaux.png\",\"contentUrl\":\"https:\/\/www.istegroup.com\/wp-content\/uploads\/2024\/02\/Mesure-des-proprietes-thermiques-des-materiaux.png\",\"width\":599,\"height\":903,\"caption\":\"Livre scientifique - Mesure des propri\u00e9t\u00e9s thermiques des mat\u00e9riaux\"},{\"@type\":\"BreadcrumbList\",\"@id\":\"https:\/\/www.istegroup.com\/fr\/produit\/mesure-des-proprietes-thermiques-des-materiaux-2\/#breadcrumb\",\"itemListElement\":[{\"@type\":\"ListItem\",\"position\":1,\"name\":\"Home\",\"item\":\"https:\/\/www.istegroup.com\/\"},{\"@type\":\"ListItem\",\"position\":2,\"name\":\"Shop\",\"item\":\"https:\/\/www.istegroup.com\/fr\/nouveautes\/\"},{\"@type\":\"ListItem\",\"position\":3,\"name\":\"Mesure des propri\u00e9t\u00e9s thermiques des mat\u00e9riaux\"}]},{\"@type\":\"WebSite\",\"@id\":\"https:\/\/www.istegroup.com\/#website\",\"url\":\"https:\/\/www.istegroup.com\/\",\"name\":\"ISTE Group\",\"description\":\"Publishing Knowledge\",\"potentialAction\":[{\"@type\":\"SearchAction\",\"target\":{\"@type\":\"EntryPoint\",\"urlTemplate\":\"https:\/\/www.istegroup.com\/?s={search_term_string}\"},\"query-input\":{\"@type\":\"PropertyValueSpecification\",\"valueRequired\":true,\"valueName\":\"search_term_string\"}}],\"inLanguage\":\"en-US\"}]}<\/script>\n<!-- \/ Yoast SEO plugin. -->","yoast_head_json":{"title":"Mesure des propri\u00e9t\u00e9s thermiques des mat\u00e9riaux - ISTE Group","description":"Cet ouvrage est accessible \u00e0 tous ceux qui ont besoin de mesurer les propri\u00e9t\u00e9s thermiques d\u2019un mat\u00e9riau. L\u2019objectif est de leur permettre de choisir la m\u00e9thode de mesure la mieux adapt\u00e9e au mat\u00e9riau \u00e0 caract\u00e9riser et de leur transmettre toutes les informations permettant de la mettre en oeuvre avec le maximum de pr\u00e9cision.","robots":{"index":"index","follow":"follow","max-snippet":"max-snippet:-1","max-image-preview":"max-image-preview:large","max-video-preview":"max-video-preview:-1"},"canonical":"https:\/\/www.istegroup.com\/fr\/produit\/mesure-des-proprietes-thermiques-des-materiaux-2\/","og_locale":"en_US","og_type":"article","og_title":"Mesure des propri\u00e9t\u00e9s thermiques des mat\u00e9riaux - ISTE Group","og_description":"Cet ouvrage est accessible \u00e0 tous ceux qui ont besoin de mesurer les propri\u00e9t\u00e9s thermiques d\u2019un mat\u00e9riau. L\u2019objectif est de leur permettre de choisir la m\u00e9thode de mesure la mieux adapt\u00e9e au mat\u00e9riau \u00e0 caract\u00e9riser et de leur transmettre toutes les informations permettant de la mettre en oeuvre avec le maximum de pr\u00e9cision.","og_url":"https:\/\/www.istegroup.com\/fr\/produit\/mesure-des-proprietes-thermiques-des-materiaux-2\/","og_site_name":"ISTE Group","article_modified_time":"2024-09-13T09:17:08+00:00","og_image":[{"width":599,"height":903,"url":"https:\/\/www.istegroup.com\/wp-content\/uploads\/2024\/02\/Mesure-des-proprietes-thermiques-des-materiaux.png","type":"image\/png"}],"twitter_card":"summary_large_image","twitter_misc":{"Est. reading time":"1 minute"},"schema":{"@context":"https:\/\/schema.org","@graph":[{"@type":"WebPage","@id":"https:\/\/www.istegroup.com\/fr\/produit\/mesure-des-proprietes-thermiques-des-materiaux-2\/","url":"https:\/\/www.istegroup.com\/fr\/produit\/mesure-des-proprietes-thermiques-des-materiaux-2\/","name":"Mesure des propri\u00e9t\u00e9s thermiques des mat\u00e9riaux - ISTE Group","isPartOf":{"@id":"https:\/\/www.istegroup.com\/#website"},"primaryImageOfPage":{"@id":"https:\/\/www.istegroup.com\/fr\/produit\/mesure-des-proprietes-thermiques-des-materiaux-2\/#primaryimage"},"image":{"@id":"https:\/\/www.istegroup.com\/fr\/produit\/mesure-des-proprietes-thermiques-des-materiaux-2\/#primaryimage"},"thumbnailUrl":"https:\/\/www.istegroup.com\/wp-content\/uploads\/2024\/02\/Mesure-des-proprietes-thermiques-des-materiaux.png","datePublished":"2024-02-20T14:50:36+00:00","dateModified":"2024-09-13T09:17:08+00:00","description":"Cet ouvrage est accessible \u00e0 tous ceux qui ont besoin de mesurer les propri\u00e9t\u00e9s thermiques d\u2019un mat\u00e9riau. L\u2019objectif est de leur permettre de choisir la m\u00e9thode de mesure la mieux adapt\u00e9e au mat\u00e9riau \u00e0 caract\u00e9riser et de leur transmettre toutes les informations permettant de la mettre en oeuvre avec le maximum de pr\u00e9cision.","breadcrumb":{"@id":"https:\/\/www.istegroup.com\/fr\/produit\/mesure-des-proprietes-thermiques-des-materiaux-2\/#breadcrumb"},"inLanguage":"en-US","potentialAction":[{"@type":"ReadAction","target":["https:\/\/www.istegroup.com\/fr\/produit\/mesure-des-proprietes-thermiques-des-materiaux-2\/"]}]},{"@type":"ImageObject","inLanguage":"en-US","@id":"https:\/\/www.istegroup.com\/fr\/produit\/mesure-des-proprietes-thermiques-des-materiaux-2\/#primaryimage","url":"https:\/\/www.istegroup.com\/wp-content\/uploads\/2024\/02\/Mesure-des-proprietes-thermiques-des-materiaux.png","contentUrl":"https:\/\/www.istegroup.com\/wp-content\/uploads\/2024\/02\/Mesure-des-proprietes-thermiques-des-materiaux.png","width":599,"height":903,"caption":"Livre scientifique - Mesure des propri\u00e9t\u00e9s thermiques des mat\u00e9riaux"},{"@type":"BreadcrumbList","@id":"https:\/\/www.istegroup.com\/fr\/produit\/mesure-des-proprietes-thermiques-des-materiaux-2\/#breadcrumb","itemListElement":[{"@type":"ListItem","position":1,"name":"Home","item":"https:\/\/www.istegroup.com\/"},{"@type":"ListItem","position":2,"name":"Shop","item":"https:\/\/www.istegroup.com\/fr\/nouveautes\/"},{"@type":"ListItem","position":3,"name":"Mesure des propri\u00e9t\u00e9s thermiques des mat\u00e9riaux"}]},{"@type":"WebSite","@id":"https:\/\/www.istegroup.com\/#website","url":"https:\/\/www.istegroup.com\/","name":"ISTE Group","description":"Publishing Knowledge","potentialAction":[{"@type":"SearchAction","target":{"@type":"EntryPoint","urlTemplate":"https:\/\/www.istegroup.com\/?s={search_term_string}"},"query-input":{"@type":"PropertyValueSpecification","valueRequired":true,"valueName":"search_term_string"}}],"inLanguage":"en-US"}]}},"_links":{"self":[{"href":"https:\/\/www.istegroup.com\/en\/wp-json\/wp\/v2\/product\/55589","targetHints":{"allow":["GET"]}}],"collection":[{"href":"https:\/\/www.istegroup.com\/en\/wp-json\/wp\/v2\/product"}],"about":[{"href":"https:\/\/www.istegroup.com\/en\/wp-json\/wp\/v2\/types\/product"}],"wp:featuredmedia":[{"embeddable":true,"href":"https:\/\/www.istegroup.com\/en\/wp-json\/wp\/v2\/media\/55595"}],"wp:attachment":[{"href":"https:\/\/www.istegroup.com\/en\/wp-json\/wp\/v2\/media?parent=55589"}],"wp:term":[{"taxonomy":"product_brand","embeddable":true,"href":"https:\/\/www.istegroup.com\/en\/wp-json\/wp\/v2\/product_brand?post=55589"},{"taxonomy":"product_cat","embeddable":true,"href":"https:\/\/www.istegroup.com\/en\/wp-json\/wp\/v2\/product_cat?post=55589"},{"taxonomy":"product_tag","embeddable":true,"href":"https:\/\/www.istegroup.com\/en\/wp-json\/wp\/v2\/product_tag?post=55589"}],"curies":[{"name":"wp","href":"https:\/\/api.w.org\/{rel}","templated":true}]}}