{"id":55317,"date":"2024-01-17T14:27:30","date_gmt":"2024-01-17T14:27:30","guid":{"rendered":"https:\/\/www.istegroup.com\/?post_type=product&#038;p=55317"},"modified":"2025-12-12T09:56:56","modified_gmt":"2025-12-12T09:56:56","slug":"transitions-en-tension","status":"publish","type":"product","link":"https:\/\/www.istegroup.com\/en\/produit\/transitions-en-tension\/","title":{"rendered":"Transitions en tension"},"content":{"rendered":"<p class=\"qtranxs-available-languages-message qtranxs-available-languages-message-en\">Sorry, this entry is only available in <a href=\"https:\/\/www.istegroup.com\/fr\/wp-json\/wp\/v2\/product\/55317\" class=\"qtranxs-available-language-link qtranxs-available-language-link-fr\" title=\"FR\">FR<\/a>.<\/p>","protected":false},"excerpt":{"rendered":"<p>Sorry, this entry is only available in FR.<\/p>\n","protected":false},"featured_media":55329,"template":"","meta":{"_acf_changed":false,"_links_to":"","_links_to_target":""},"product_brand":[],"product_cat":[684],"product_tag":[],"class_list":{"0":"post-55317","1":"product","2":"type-product","3":"status-publish","4":"has-post-thumbnail","6":"product_cat-sciences-socit-et-nouvelles-technologies-188422468","8":"first","9":"instock","10":"shipping-taxable","11":"purchasable","12":"product-type-variable"},"acf":[],"yoast_head":"<!-- This site is optimized with the Yoast SEO plugin v27.2 - https:\/\/yoast.com\/product\/yoast-seo-wordpress\/ -->\n<title>Transitions en tension - ISTE Group<\/title>\n<meta name=\"description\" content=\"Cet ouvrage examine les tensions et controverses qui entourent les transitions \u00e9nerg\u00e9tiques, \u00e9cologiques et sociales en utilisant des outils issus des sciences humaines et sociales, en particulier des sciences de l\u2019information et de la communication.\" \/>\n<meta name=\"robots\" content=\"index, follow, max-snippet:-1, max-image-preview:large, max-video-preview:-1\" \/>\n<link rel=\"canonical\" href=\"https:\/\/www.istegroup.com\/produit\/transitions-en-tension\/\" \/>\n<meta property=\"og:locale\" content=\"en_US\" \/>\n<meta property=\"og:type\" content=\"article\" \/>\n<meta property=\"og:title\" content=\"Transitions en tension - ISTE Group\" \/>\n<meta property=\"og:description\" content=\"Cet ouvrage examine les tensions et controverses qui entourent les transitions \u00e9nerg\u00e9tiques, \u00e9cologiques et sociales en utilisant des outils issus des sciences humaines et sociales, en particulier des sciences de l\u2019information et de la communication.\" \/>\n<meta property=\"og:url\" content=\"https:\/\/www.istegroup.com\/produit\/transitions-en-tension\/\" \/>\n<meta property=\"og:site_name\" content=\"ISTE Group\" \/>\n<meta property=\"article:modified_time\" content=\"2025-12-12T09:56:56+00:00\" \/>\n<meta property=\"og:image\" content=\"https:\/\/www.istegroup.com\/wp-content\/uploads\/2024\/01\/Transitions-en-tension.png\" \/>\n\t<meta property=\"og:image:width\" content=\"596\" \/>\n\t<meta property=\"og:image:height\" content=\"899\" \/>\n\t<meta property=\"og:image:type\" content=\"image\/png\" \/>\n<meta name=\"twitter:card\" content=\"summary_large_image\" \/>\n<meta name=\"twitter:label1\" content=\"Est. reading time\" \/>\n\t<meta name=\"twitter:data1\" content=\"2 minutes\" \/>\n<script type=\"application\/ld+json\" class=\"yoast-schema-graph\">{\"@context\":\"https:\/\/schema.org\",\"@graph\":[{\"@type\":\"WebPage\",\"@id\":\"https:\/\/www.istegroup.com\/produit\/transitions-en-tension\/\",\"url\":\"https:\/\/www.istegroup.com\/produit\/transitions-en-tension\/\",\"name\":\"Transitions en tension - ISTE Group\",\"isPartOf\":{\"@id\":\"https:\/\/www.istegroup.com\/#website\"},\"primaryImageOfPage\":{\"@id\":\"https:\/\/www.istegroup.com\/produit\/transitions-en-tension\/#primaryimage\"},\"image\":{\"@id\":\"https:\/\/www.istegroup.com\/produit\/transitions-en-tension\/#primaryimage\"},\"thumbnailUrl\":\"https:\/\/www.istegroup.com\/wp-content\/uploads\/2024\/01\/Transitions-en-tension.png\",\"datePublished\":\"2024-01-17T14:27:30+00:00\",\"dateModified\":\"2025-12-12T09:56:56+00:00\",\"description\":\"Cet ouvrage examine les tensions et controverses qui entourent les transitions \u00e9nerg\u00e9tiques, \u00e9cologiques et sociales en utilisant des outils issus des sciences humaines et sociales, en particulier des sciences de l\u2019information et de la communication.\",\"breadcrumb\":{\"@id\":\"https:\/\/www.istegroup.com\/produit\/transitions-en-tension\/#breadcrumb\"},\"inLanguage\":\"en-US\",\"potentialAction\":[{\"@type\":\"ReadAction\",\"target\":[\"https:\/\/www.istegroup.com\/produit\/transitions-en-tension\/\"]}]},{\"@type\":\"ImageObject\",\"inLanguage\":\"en-US\",\"@id\":\"https:\/\/www.istegroup.com\/produit\/transitions-en-tension\/#primaryimage\",\"url\":\"https:\/\/www.istegroup.com\/wp-content\/uploads\/2024\/01\/Transitions-en-tension.png\",\"contentUrl\":\"https:\/\/www.istegroup.com\/wp-content\/uploads\/2024\/01\/Transitions-en-tension.png\",\"width\":596,\"height\":899,\"caption\":\"Livre scientifique - Transitions en tension\"},{\"@type\":\"BreadcrumbList\",\"@id\":\"https:\/\/www.istegroup.com\/produit\/transitions-en-tension\/#breadcrumb\",\"itemListElement\":[{\"@type\":\"ListItem\",\"position\":1,\"name\":\"Home\",\"item\":\"https:\/\/www.istegroup.com\/\"},{\"@type\":\"ListItem\",\"position\":2,\"name\":\"Shop\",\"item\":\"https:\/\/www.istegroup.com\/fr\/nouveautes\/\"},{\"@type\":\"ListItem\",\"position\":3,\"name\":\"Transitions en tension\"}]},{\"@type\":\"WebSite\",\"@id\":\"https:\/\/www.istegroup.com\/#website\",\"url\":\"https:\/\/www.istegroup.com\/\",\"name\":\"ISTE Group\",\"description\":\"Publishing Knowledge\",\"potentialAction\":[{\"@type\":\"SearchAction\",\"target\":{\"@type\":\"EntryPoint\",\"urlTemplate\":\"https:\/\/www.istegroup.com\/?s={search_term_string}\"},\"query-input\":{\"@type\":\"PropertyValueSpecification\",\"valueRequired\":true,\"valueName\":\"search_term_string\"}}],\"inLanguage\":\"en-US\"}]}<\/script>\n<!-- \/ Yoast SEO plugin. -->","yoast_head_json":{"title":"Transitions en tension - ISTE Group","description":"Cet ouvrage examine les tensions et controverses qui entourent les transitions \u00e9nerg\u00e9tiques, \u00e9cologiques et sociales en utilisant des outils issus des sciences humaines et sociales, en particulier des sciences de l\u2019information et de la communication.","robots":{"index":"index","follow":"follow","max-snippet":"max-snippet:-1","max-image-preview":"max-image-preview:large","max-video-preview":"max-video-preview:-1"},"canonical":"https:\/\/www.istegroup.com\/produit\/transitions-en-tension\/","og_locale":"en_US","og_type":"article","og_title":"Transitions en tension - ISTE Group","og_description":"Cet ouvrage examine les tensions et controverses qui entourent les transitions \u00e9nerg\u00e9tiques, \u00e9cologiques et sociales en utilisant des outils issus des sciences humaines et sociales, en particulier des sciences de l\u2019information et de la communication.","og_url":"https:\/\/www.istegroup.com\/produit\/transitions-en-tension\/","og_site_name":"ISTE Group","article_modified_time":"2025-12-12T09:56:56+00:00","og_image":[{"width":596,"height":899,"url":"https:\/\/www.istegroup.com\/wp-content\/uploads\/2024\/01\/Transitions-en-tension.png","type":"image\/png"}],"twitter_card":"summary_large_image","twitter_misc":{"Est. reading time":"2 minutes"},"schema":{"@context":"https:\/\/schema.org","@graph":[{"@type":"WebPage","@id":"https:\/\/www.istegroup.com\/produit\/transitions-en-tension\/","url":"https:\/\/www.istegroup.com\/produit\/transitions-en-tension\/","name":"Transitions en tension - ISTE Group","isPartOf":{"@id":"https:\/\/www.istegroup.com\/#website"},"primaryImageOfPage":{"@id":"https:\/\/www.istegroup.com\/produit\/transitions-en-tension\/#primaryimage"},"image":{"@id":"https:\/\/www.istegroup.com\/produit\/transitions-en-tension\/#primaryimage"},"thumbnailUrl":"https:\/\/www.istegroup.com\/wp-content\/uploads\/2024\/01\/Transitions-en-tension.png","datePublished":"2024-01-17T14:27:30+00:00","dateModified":"2025-12-12T09:56:56+00:00","description":"Cet ouvrage examine les tensions et controverses qui entourent les transitions \u00e9nerg\u00e9tiques, \u00e9cologiques et sociales en utilisant des outils issus des sciences humaines et sociales, en particulier des sciences de l\u2019information et de la communication.","breadcrumb":{"@id":"https:\/\/www.istegroup.com\/produit\/transitions-en-tension\/#breadcrumb"},"inLanguage":"en-US","potentialAction":[{"@type":"ReadAction","target":["https:\/\/www.istegroup.com\/produit\/transitions-en-tension\/"]}]},{"@type":"ImageObject","inLanguage":"en-US","@id":"https:\/\/www.istegroup.com\/produit\/transitions-en-tension\/#primaryimage","url":"https:\/\/www.istegroup.com\/wp-content\/uploads\/2024\/01\/Transitions-en-tension.png","contentUrl":"https:\/\/www.istegroup.com\/wp-content\/uploads\/2024\/01\/Transitions-en-tension.png","width":596,"height":899,"caption":"Livre scientifique - Transitions en tension"},{"@type":"BreadcrumbList","@id":"https:\/\/www.istegroup.com\/produit\/transitions-en-tension\/#breadcrumb","itemListElement":[{"@type":"ListItem","position":1,"name":"Home","item":"https:\/\/www.istegroup.com\/"},{"@type":"ListItem","position":2,"name":"Shop","item":"https:\/\/www.istegroup.com\/fr\/nouveautes\/"},{"@type":"ListItem","position":3,"name":"Transitions en tension"}]},{"@type":"WebSite","@id":"https:\/\/www.istegroup.com\/#website","url":"https:\/\/www.istegroup.com\/","name":"ISTE Group","description":"Publishing Knowledge","potentialAction":[{"@type":"SearchAction","target":{"@type":"EntryPoint","urlTemplate":"https:\/\/www.istegroup.com\/?s={search_term_string}"},"query-input":{"@type":"PropertyValueSpecification","valueRequired":true,"valueName":"search_term_string"}}],"inLanguage":"en-US"}]}},"_links":{"self":[{"href":"https:\/\/www.istegroup.com\/en\/wp-json\/wp\/v2\/product\/55317","targetHints":{"allow":["GET"]}}],"collection":[{"href":"https:\/\/www.istegroup.com\/en\/wp-json\/wp\/v2\/product"}],"about":[{"href":"https:\/\/www.istegroup.com\/en\/wp-json\/wp\/v2\/types\/product"}],"wp:featuredmedia":[{"embeddable":true,"href":"https:\/\/www.istegroup.com\/en\/wp-json\/wp\/v2\/media\/55329"}],"wp:attachment":[{"href":"https:\/\/www.istegroup.com\/en\/wp-json\/wp\/v2\/media?parent=55317"}],"wp:term":[{"taxonomy":"product_brand","embeddable":true,"href":"https:\/\/www.istegroup.com\/en\/wp-json\/wp\/v2\/product_brand?post=55317"},{"taxonomy":"product_cat","embeddable":true,"href":"https:\/\/www.istegroup.com\/en\/wp-json\/wp\/v2\/product_cat?post=55317"},{"taxonomy":"product_tag","embeddable":true,"href":"https:\/\/www.istegroup.com\/en\/wp-json\/wp\/v2\/product_tag?post=55317"}],"curies":[{"name":"wp","href":"https:\/\/api.w.org\/{rel}","templated":true}]}}