{"id":553,"date":"2017-07-28T15:01:58","date_gmt":"2017-07-28T13:01:58","guid":{"rendered":"https:\/\/iste.yhello.co\/product\/physico-chimie-des-surfaces-et-acido-basicite\/"},"modified":"2024-01-03T13:40:35","modified_gmt":"2024-01-03T13:40:35","slug":"physico-chimie-des-surfaces-et-acido-basicite","status":"publish","type":"product","link":"https:\/\/www.istegroup.com\/en\/produit\/physico-chimie-des-surfaces-et-acido-basicite\/","title":{"rendered":"Physico-chimie des surfaces et acido-basicit\u00e9"},"content":{"rendered":"<p>L\u2019\u00e9tude de la mouillabilit\u00e9 des surfaces intervient notamment dans les applications des domaines technologiques comme les interfaces m\u00e9tal\/polym\u00e8re, la gestion de l\u2019eau dans les piles \u00e0 combustibles, les probl\u00e8mes de d\u00e9p\u00f4ts en micro\u00e9lectronique ainsi que les applications de l\u2019\u00e9lectromouillage.<\/p>\n<p>Apr\u00e8s avoir rappel\u00e9 les propri\u00e9t\u00e9s des surfaces id\u00e9ales et des surfaces avec d\u00e9fauts, cet ouvrage propose une analyse des diff\u00e9rentes composantes intervenant dans l\u2019expression de la tension interfaciale, essentiellement de type solide\u2010liquide ou liquide\u2010vapeur.<\/p>\n<p>Quelques m\u00e9thodes de mesure de mouillabilit\u00e9 sont ensuite pr\u00e9sent\u00e9es et illustr\u00e9es par des exemples conduisant \u00e0 la d\u00e9termination des diff\u00e9rentes composantes de l\u2019\u00e9nergie de surface du substrat.<\/p>\n<p>Une revue des diff\u00e9rentes m\u00e9thodes exp\u00e9rimentales permettant d\u2019atteindre plus sp\u00e9cifiquement les propri\u00e9t\u00e9s acide-base des surfaces est propos\u00e9e, en insistant sur les m\u00e9thodes les plus utilis\u00e9es dans le cas des surfaces planes. L\u2019\u00e9lectrocapillarit\u00e9 et ses diff\u00e9rentes applications sont ensuite d\u00e9velopp\u00e9es en d\u00e9tail, mettant ainsi en lumi\u00e8re l\u2019importance des charges \u00e9lectriques sur la tension interfaciale solide\u2010liquide.<\/p>\n","protected":false},"excerpt":{"rendered":"<p>L\u2019\u00e9tude de la mouillabilit\u00e9 des surfaces intervient notamment dans les applications des domaines technologiques comme les interfaces m\u00e9tal\/polym\u00e8re, la gestion de l\u2019eau dans les piles \u00e0 combustibles, les probl\u00e8mes de d\u00e9p\u00f4ts en micro\u00e9lectronique ainsi que les applications de l\u2019\u00e9lectromouillage. Apr\u00e8s avoir rappel\u00e9 les propri\u00e9t\u00e9s des surfaces id\u00e9ales et des surfaces avec d\u00e9fauts, cet ouvrage propose [&hellip;]<\/p>\n","protected":false},"featured_media":554,"template":"","meta":{"_acf_changed":false,"_links_to":"","_links_to_target":""},"product_brand":[],"product_cat":[680],"product_tag":[2121,111,2122,31,196,2130,2131,197,198,199,21,200,22,2123,201,203,204,63,25,172,209,2124,212,38,192,145,28,2125,2126,2127,2128,262,2129],"class_list":{"0":"post-553","1":"product","2":"type-product","3":"status-publish","4":"has-post-thumbnail","6":"product_cat-science-des-matriaux-14420497","7":"product_tag-acido-basicite","8":"product_tag-applications","9":"product_tag-composantes","10":"product_tag-ebook","11":"product_tag-ebooks","12":"product_tag-electrocapillarite","13":"product_tag-etude-de-mouillabilite","14":"product_tag-iste","15":"product_tag-iste-edition","16":"product_tag-iste-editions","17":"product_tag-iste-group","18":"product_tag-isteedition","19":"product_tag-istegroup","20":"product_tag-jean-charles-joud","21":"product_tag-kindle","22":"product_tag-liseuse","23":"product_tag-livre","24":"product_tag-livre-electronique","25":"product_tag-livre-numerique","26":"product_tag-livre-scientifique","27":"product_tag-livres-scientifiques","28":"product_tag-marie-genevieve-barthes-labrousse","29":"product_tag-ouvrage","30":"product_tag-ouvrage-numerique","31":"product_tag-ouvrage-science","32":"product_tag-ouvrage-scientifique","33":"product_tag-ouvrage-scientifique-francais","34":"product_tag-physico-chimie","35":"product_tag-physico-chimie-des-surfaces-et-acido-basicite","36":"product_tag-proprietes","37":"product_tag-surfaces","38":"product_tag-technologies","39":"product_tag-tension-interfaciale","41":"first","42":"instock","43":"shipping-taxable","44":"purchasable","45":"product-type-variable"},"acf":[],"yoast_head":"<!-- This site is optimized with the Yoast SEO plugin v27.2 - https:\/\/yoast.com\/product\/yoast-seo-wordpress\/ -->\n<title>Physico-chimie des surfaces et acido-basicit\u00e9 - ISTE Group<\/title>\n<meta name=\"description\" content=\"Physico-chimie des surfaces et acido-basicit\u00e9 propose une analyse des diff\u00e9rentes composantes intervenant dans l\u2019expression de la tension interfaciale, essentiellement de type solide\u2010liquide ou liquide\u2010vapeur.\" \/>\n<meta name=\"robots\" content=\"index, follow, max-snippet:-1, max-image-preview:large, max-video-preview:-1\" \/>\n<link rel=\"canonical\" href=\"https:\/\/www.istegroup.com\/fr\/produit\/physico-chimie-des-surfaces-et-acido-basicite\/\" \/>\n<meta property=\"og:locale\" content=\"en_US\" \/>\n<meta property=\"og:type\" content=\"article\" \/>\n<meta property=\"og:title\" content=\"Physico-chimie des surfaces et acido-basicit\u00e9 - ISTE Group\" \/>\n<meta property=\"og:description\" content=\"Physico-chimie des surfaces et acido-basicit\u00e9 propose une analyse des diff\u00e9rentes composantes intervenant dans l\u2019expression de la tension interfaciale, essentiellement de type solide\u2010liquide ou liquide\u2010vapeur.\" \/>\n<meta property=\"og:url\" content=\"https:\/\/www.istegroup.com\/fr\/produit\/physico-chimie-des-surfaces-et-acido-basicite\/\" \/>\n<meta property=\"og:site_name\" content=\"ISTE Group\" \/>\n<meta property=\"article:modified_time\" content=\"2024-01-03T13:40:35+00:00\" \/>\n<meta property=\"og:image\" content=\"https:\/\/www.istegroup.com\/wp-content\/uploads\/2017\/07\/3256538884_1245228164-1.jpg\" \/>\n\t<meta property=\"og:image:width\" content=\"300\" \/>\n\t<meta property=\"og:image:height\" content=\"452\" \/>\n\t<meta property=\"og:image:type\" content=\"image\/jpeg\" \/>\n<meta name=\"twitter:card\" content=\"summary_large_image\" \/>\n<meta name=\"twitter:label1\" content=\"Est. reading time\" \/>\n\t<meta name=\"twitter:data1\" content=\"1 minute\" \/>\n<script type=\"application\/ld+json\" class=\"yoast-schema-graph\">{\"@context\":\"https:\/\/schema.org\",\"@graph\":[{\"@type\":\"WebPage\",\"@id\":\"https:\/\/www.istegroup.com\/fr\/produit\/physico-chimie-des-surfaces-et-acido-basicite\/\",\"url\":\"https:\/\/www.istegroup.com\/fr\/produit\/physico-chimie-des-surfaces-et-acido-basicite\/\",\"name\":\"Physico-chimie des surfaces et acido-basicit\u00e9 - ISTE Group\",\"isPartOf\":{\"@id\":\"https:\/\/www.istegroup.com\/#website\"},\"primaryImageOfPage\":{\"@id\":\"https:\/\/www.istegroup.com\/fr\/produit\/physico-chimie-des-surfaces-et-acido-basicite\/#primaryimage\"},\"image\":{\"@id\":\"https:\/\/www.istegroup.com\/fr\/produit\/physico-chimie-des-surfaces-et-acido-basicite\/#primaryimage\"},\"thumbnailUrl\":\"https:\/\/www.istegroup.com\/wp-content\/uploads\/2017\/07\/3256538884_1245228164-1.jpg\",\"datePublished\":\"2017-07-28T13:01:58+00:00\",\"dateModified\":\"2024-01-03T13:40:35+00:00\",\"description\":\"Physico-chimie des surfaces et acido-basicit\u00e9 propose une analyse des diff\u00e9rentes composantes intervenant dans l\u2019expression de la tension interfaciale, essentiellement de type solide\u2010liquide ou liquide\u2010vapeur.\",\"breadcrumb\":{\"@id\":\"https:\/\/www.istegroup.com\/fr\/produit\/physico-chimie-des-surfaces-et-acido-basicite\/#breadcrumb\"},\"inLanguage\":\"en-US\",\"potentialAction\":[{\"@type\":\"ReadAction\",\"target\":[\"https:\/\/www.istegroup.com\/fr\/produit\/physico-chimie-des-surfaces-et-acido-basicite\/\"]}]},{\"@type\":\"ImageObject\",\"inLanguage\":\"en-US\",\"@id\":\"https:\/\/www.istegroup.com\/fr\/produit\/physico-chimie-des-surfaces-et-acido-basicite\/#primaryimage\",\"url\":\"https:\/\/www.istegroup.com\/wp-content\/uploads\/2017\/07\/3256538884_1245228164-1.jpg\",\"contentUrl\":\"https:\/\/www.istegroup.com\/wp-content\/uploads\/2017\/07\/3256538884_1245228164-1.jpg\",\"width\":300,\"height\":452,\"caption\":\"Physico-chimie des surfaces et acido-basicit\u00e9\"},{\"@type\":\"BreadcrumbList\",\"@id\":\"https:\/\/www.istegroup.com\/fr\/produit\/physico-chimie-des-surfaces-et-acido-basicite\/#breadcrumb\",\"itemListElement\":[{\"@type\":\"ListItem\",\"position\":1,\"name\":\"Home\",\"item\":\"https:\/\/www.istegroup.com\/\"},{\"@type\":\"ListItem\",\"position\":2,\"name\":\"Shop\",\"item\":\"https:\/\/www.istegroup.com\/fr\/nouveautes\/\"},{\"@type\":\"ListItem\",\"position\":3,\"name\":\"Physico-chimie des surfaces et acido-basicit\u00e9\"}]},{\"@type\":\"WebSite\",\"@id\":\"https:\/\/www.istegroup.com\/#website\",\"url\":\"https:\/\/www.istegroup.com\/\",\"name\":\"ISTE Group\",\"description\":\"Publishing Knowledge\",\"potentialAction\":[{\"@type\":\"SearchAction\",\"target\":{\"@type\":\"EntryPoint\",\"urlTemplate\":\"https:\/\/www.istegroup.com\/?s={search_term_string}\"},\"query-input\":{\"@type\":\"PropertyValueSpecification\",\"valueRequired\":true,\"valueName\":\"search_term_string\"}}],\"inLanguage\":\"en-US\"}]}<\/script>\n<!-- \/ Yoast SEO plugin. -->","yoast_head_json":{"title":"Physico-chimie des surfaces et acido-basicit\u00e9 - ISTE Group","description":"Physico-chimie des surfaces et acido-basicit\u00e9 propose une analyse des diff\u00e9rentes composantes intervenant dans l\u2019expression de la tension interfaciale, essentiellement de type solide\u2010liquide ou liquide\u2010vapeur.","robots":{"index":"index","follow":"follow","max-snippet":"max-snippet:-1","max-image-preview":"max-image-preview:large","max-video-preview":"max-video-preview:-1"},"canonical":"https:\/\/www.istegroup.com\/fr\/produit\/physico-chimie-des-surfaces-et-acido-basicite\/","og_locale":"en_US","og_type":"article","og_title":"Physico-chimie des surfaces et acido-basicit\u00e9 - ISTE Group","og_description":"Physico-chimie des surfaces et acido-basicit\u00e9 propose une analyse des diff\u00e9rentes composantes intervenant dans l\u2019expression de la tension interfaciale, essentiellement de type solide\u2010liquide ou liquide\u2010vapeur.","og_url":"https:\/\/www.istegroup.com\/fr\/produit\/physico-chimie-des-surfaces-et-acido-basicite\/","og_site_name":"ISTE Group","article_modified_time":"2024-01-03T13:40:35+00:00","og_image":[{"width":300,"height":452,"url":"https:\/\/www.istegroup.com\/wp-content\/uploads\/2017\/07\/3256538884_1245228164-1.jpg","type":"image\/jpeg"}],"twitter_card":"summary_large_image","twitter_misc":{"Est. reading time":"1 minute"},"schema":{"@context":"https:\/\/schema.org","@graph":[{"@type":"WebPage","@id":"https:\/\/www.istegroup.com\/fr\/produit\/physico-chimie-des-surfaces-et-acido-basicite\/","url":"https:\/\/www.istegroup.com\/fr\/produit\/physico-chimie-des-surfaces-et-acido-basicite\/","name":"Physico-chimie des surfaces et acido-basicit\u00e9 - ISTE Group","isPartOf":{"@id":"https:\/\/www.istegroup.com\/#website"},"primaryImageOfPage":{"@id":"https:\/\/www.istegroup.com\/fr\/produit\/physico-chimie-des-surfaces-et-acido-basicite\/#primaryimage"},"image":{"@id":"https:\/\/www.istegroup.com\/fr\/produit\/physico-chimie-des-surfaces-et-acido-basicite\/#primaryimage"},"thumbnailUrl":"https:\/\/www.istegroup.com\/wp-content\/uploads\/2017\/07\/3256538884_1245228164-1.jpg","datePublished":"2017-07-28T13:01:58+00:00","dateModified":"2024-01-03T13:40:35+00:00","description":"Physico-chimie des surfaces et acido-basicit\u00e9 propose une analyse des diff\u00e9rentes composantes intervenant dans l\u2019expression de la tension interfaciale, essentiellement de type solide\u2010liquide ou liquide\u2010vapeur.","breadcrumb":{"@id":"https:\/\/www.istegroup.com\/fr\/produit\/physico-chimie-des-surfaces-et-acido-basicite\/#breadcrumb"},"inLanguage":"en-US","potentialAction":[{"@type":"ReadAction","target":["https:\/\/www.istegroup.com\/fr\/produit\/physico-chimie-des-surfaces-et-acido-basicite\/"]}]},{"@type":"ImageObject","inLanguage":"en-US","@id":"https:\/\/www.istegroup.com\/fr\/produit\/physico-chimie-des-surfaces-et-acido-basicite\/#primaryimage","url":"https:\/\/www.istegroup.com\/wp-content\/uploads\/2017\/07\/3256538884_1245228164-1.jpg","contentUrl":"https:\/\/www.istegroup.com\/wp-content\/uploads\/2017\/07\/3256538884_1245228164-1.jpg","width":300,"height":452,"caption":"Physico-chimie des surfaces et acido-basicit\u00e9"},{"@type":"BreadcrumbList","@id":"https:\/\/www.istegroup.com\/fr\/produit\/physico-chimie-des-surfaces-et-acido-basicite\/#breadcrumb","itemListElement":[{"@type":"ListItem","position":1,"name":"Home","item":"https:\/\/www.istegroup.com\/"},{"@type":"ListItem","position":2,"name":"Shop","item":"https:\/\/www.istegroup.com\/fr\/nouveautes\/"},{"@type":"ListItem","position":3,"name":"Physico-chimie des surfaces et acido-basicit\u00e9"}]},{"@type":"WebSite","@id":"https:\/\/www.istegroup.com\/#website","url":"https:\/\/www.istegroup.com\/","name":"ISTE Group","description":"Publishing Knowledge","potentialAction":[{"@type":"SearchAction","target":{"@type":"EntryPoint","urlTemplate":"https:\/\/www.istegroup.com\/?s={search_term_string}"},"query-input":{"@type":"PropertyValueSpecification","valueRequired":true,"valueName":"search_term_string"}}],"inLanguage":"en-US"}]}},"_links":{"self":[{"href":"https:\/\/www.istegroup.com\/en\/wp-json\/wp\/v2\/product\/553","targetHints":{"allow":["GET"]}}],"collection":[{"href":"https:\/\/www.istegroup.com\/en\/wp-json\/wp\/v2\/product"}],"about":[{"href":"https:\/\/www.istegroup.com\/en\/wp-json\/wp\/v2\/types\/product"}],"wp:featuredmedia":[{"embeddable":true,"href":"https:\/\/www.istegroup.com\/en\/wp-json\/wp\/v2\/media\/554"}],"wp:attachment":[{"href":"https:\/\/www.istegroup.com\/en\/wp-json\/wp\/v2\/media?parent=553"}],"wp:term":[{"taxonomy":"product_brand","embeddable":true,"href":"https:\/\/www.istegroup.com\/en\/wp-json\/wp\/v2\/product_brand?post=553"},{"taxonomy":"product_cat","embeddable":true,"href":"https:\/\/www.istegroup.com\/en\/wp-json\/wp\/v2\/product_cat?post=553"},{"taxonomy":"product_tag","embeddable":true,"href":"https:\/\/www.istegroup.com\/en\/wp-json\/wp\/v2\/product_tag?post=553"}],"curies":[{"name":"wp","href":"https:\/\/api.w.org\/{rel}","templated":true}]}}