{"id":551,"date":"2017-07-28T15:01:54","date_gmt":"2017-07-28T13:01:54","guid":{"rendered":"https:\/\/iste.yhello.co\/product\/performance-de-la-supply-chain-et-modeles-devaluation\/"},"modified":"2024-01-03T13:40:35","modified_gmt":"2024-01-03T13:40:35","slug":"performance-de-la-supply-chain-et-modeles-devaluation","status":"publish","type":"product","link":"https:\/\/www.istegroup.com\/en\/produit\/performance-de-la-supply-chain-et-modeles-devaluation\/","title":{"rendered":"Performance de la Supply Chain et mod\u00e8les d&#8217;\u00e9valuation"},"content":{"rendered":"<p>Les mod\u00e8les d\u2019\u00e9valuation de la performance sont consid\u00e9r\u00e9s comme des outils de gestion permettant les changements strat\u00e9giques. Une de leurs caract\u00e9ristiques est de repr\u00e9senter plusieurs points de vue concernant l\u2019organisation de la cha\u00eene d\u2019approvisionnement (financi\u00e8re, strat\u00e9gie, op\u00e9rations, etc.) pour permettre une analyse dans le temps et l\u2019espace.<\/p>\n<p>Cet ouvrage pr\u00e9sente les diff\u00e9rents mod\u00e8les d\u2019\u00e9valuation de la performance de la Supply Chain globale. Il explique pourquoi il est n\u00e9cessaire d\u2019\u00e9valuer la contribution de la Supply Chain aux objectifs de cr\u00e9ation de valeur tout au long de la cha\u00eene logistique et pour r\u00e9pondre aux exigences des clients en termes de temps, de r\u00e9activit\u00e9 et de fiabilit\u00e9.<\/p>\n<p>Le livre permet de comprendre comment choisir un mod\u00e8le d\u2019\u00e9valuation en fonction de crit\u00e8res tels que les niveaux de maturit\u00e9 de l\u2019organisation, de prise de d\u00e9cision et de cr\u00e9ation de valeur souhait\u00e9e.<\/p>\n<p>Il permet enfin aux gestionnaires de comprendre comment mettre en oeuvre l\u2019\u00e9valuation de la performance de la Supply Chain gr\u00e2ce \u00e0 l\u2019illustration sur un cas d\u2019entreprise.<\/p>\n","protected":false},"excerpt":{"rendered":"<p>Les mod\u00e8les d\u2019\u00e9valuation de la performance sont consid\u00e9r\u00e9s comme des outils de gestion permettant les changements strat\u00e9giques. Une de leurs caract\u00e9ristiques est de repr\u00e9senter plusieurs points de vue concernant l\u2019organisation de la cha\u00eene d\u2019approvisionnement (financi\u00e8re, strat\u00e9gie, op\u00e9rations, etc.) pour permettre une analyse dans le temps et l\u2019espace. Cet ouvrage pr\u00e9sente les diff\u00e9rents mod\u00e8les d\u2019\u00e9valuation de [&hellip;]<\/p>\n","protected":false},"featured_media":552,"template":"","meta":{"_acf_changed":false,"_links_to":"","_links_to_target":""},"product_brand":[],"product_cat":[708],"product_tag":[2116,2117,31,196,197,198,199,21,200,22,201,203,204,63,25,172,209,2118,212,38,192,145,28,2119,2120],"class_list":{"0":"post-551","1":"product","2":"type-product","3":"status-publish","4":"has-post-thumbnail","6":"product_cat-systmes-et-gnie-industriel-11476925","7":"product_tag-chaine-logistique","8":"product_tag-dominique-estampe","9":"product_tag-ebook","10":"product_tag-ebooks","11":"product_tag-iste","12":"product_tag-iste-edition","13":"product_tag-iste-editions","14":"product_tag-iste-group","15":"product_tag-isteedition","16":"product_tag-istegroup","17":"product_tag-kindle","18":"product_tag-liseuse","19":"product_tag-livre","20":"product_tag-livre-electronique","21":"product_tag-livre-numerique","22":"product_tag-livre-scientifique","23":"product_tag-livres-scientifiques","24":"product_tag-modeles-devaluation","25":"product_tag-ouvrage","26":"product_tag-ouvrage-numerique","27":"product_tag-ouvrage-science","28":"product_tag-ouvrage-scientifique","29":"product_tag-ouvrage-scientifique-francais","30":"product_tag-performance-de-la-supply-chain-et-modeles-devaluation","31":"product_tag-supply-chain","33":"first","34":"instock","35":"shipping-taxable","36":"purchasable","37":"product-type-variable"},"acf":[],"yoast_head":"<!-- This site is optimized with the Yoast SEO plugin v27.2 - https:\/\/yoast.com\/product\/yoast-seo-wordpress\/ -->\n<title>Performance de la Supply Chain et mod\u00e8les d&#039;\u00e9valuation - ISTE Group<\/title>\n<meta name=\"description\" content=\"Cet ouvrage pr\u00e9sente les diff\u00e9rents mod\u00e8les d\u2019\u00e9valuation de la performance de la Supply Chain globale. Il explique pourquoi il est n\u00e9cessaire d\u2019\u00e9valuer la contribution de la Supply Chain aux objectifs de cr\u00e9ation de valeur tout au long de la cha\u00eene logistique et pour r\u00e9pondre aux exigences des clients en termes de temps, de r\u00e9activit\u00e9 et de fiabilit\u00e9.\" \/>\n<meta name=\"robots\" content=\"index, follow, max-snippet:-1, max-image-preview:large, max-video-preview:-1\" \/>\n<link rel=\"canonical\" href=\"https:\/\/www.istegroup.com\/fr\/produit\/performance-de-la-supply-chain-et-modeles-devaluation\/\" \/>\n<meta property=\"og:locale\" content=\"en_US\" \/>\n<meta property=\"og:type\" content=\"article\" \/>\n<meta property=\"og:title\" content=\"Performance de la Supply Chain et mod\u00e8les d&#039;\u00e9valuation - ISTE Group\" \/>\n<meta property=\"og:description\" content=\"Cet ouvrage pr\u00e9sente les diff\u00e9rents mod\u00e8les d\u2019\u00e9valuation de la performance de la Supply Chain globale. Il explique pourquoi il est n\u00e9cessaire d\u2019\u00e9valuer la contribution de la Supply Chain aux objectifs de cr\u00e9ation de valeur tout au long de la cha\u00eene logistique et pour r\u00e9pondre aux exigences des clients en termes de temps, de r\u00e9activit\u00e9 et de fiabilit\u00e9.\" \/>\n<meta property=\"og:url\" content=\"https:\/\/www.istegroup.com\/fr\/produit\/performance-de-la-supply-chain-et-modeles-devaluation\/\" \/>\n<meta property=\"og:site_name\" content=\"ISTE Group\" \/>\n<meta property=\"article:modified_time\" content=\"2024-01-03T13:40:35+00:00\" \/>\n<meta property=\"og:image\" content=\"https:\/\/www.istegroup.com\/wp-content\/uploads\/2017\/07\/1085619812_382414352-1.jpg\" \/>\n\t<meta property=\"og:image:width\" content=\"300\" \/>\n\t<meta property=\"og:image:height\" content=\"451\" \/>\n\t<meta property=\"og:image:type\" content=\"image\/jpeg\" \/>\n<meta name=\"twitter:card\" content=\"summary_large_image\" \/>\n<meta name=\"twitter:label1\" content=\"Est. reading time\" \/>\n\t<meta name=\"twitter:data1\" content=\"1 minute\" \/>\n<script type=\"application\/ld+json\" class=\"yoast-schema-graph\">{\"@context\":\"https:\/\/schema.org\",\"@graph\":[{\"@type\":\"WebPage\",\"@id\":\"https:\/\/www.istegroup.com\/fr\/produit\/performance-de-la-supply-chain-et-modeles-devaluation\/\",\"url\":\"https:\/\/www.istegroup.com\/fr\/produit\/performance-de-la-supply-chain-et-modeles-devaluation\/\",\"name\":\"Performance de la Supply Chain et mod\u00e8les d'\u00e9valuation - ISTE Group\",\"isPartOf\":{\"@id\":\"https:\/\/www.istegroup.com\/#website\"},\"primaryImageOfPage\":{\"@id\":\"https:\/\/www.istegroup.com\/fr\/produit\/performance-de-la-supply-chain-et-modeles-devaluation\/#primaryimage\"},\"image\":{\"@id\":\"https:\/\/www.istegroup.com\/fr\/produit\/performance-de-la-supply-chain-et-modeles-devaluation\/#primaryimage\"},\"thumbnailUrl\":\"https:\/\/www.istegroup.com\/wp-content\/uploads\/2017\/07\/1085619812_382414352-1.jpg\",\"datePublished\":\"2017-07-28T13:01:54+00:00\",\"dateModified\":\"2024-01-03T13:40:35+00:00\",\"description\":\"Cet ouvrage pr\u00e9sente les diff\u00e9rents mod\u00e8les d\u2019\u00e9valuation de la performance de la Supply Chain globale. Il explique pourquoi il est n\u00e9cessaire d\u2019\u00e9valuer la contribution de la Supply Chain aux objectifs de cr\u00e9ation de valeur tout au long de la cha\u00eene logistique et pour r\u00e9pondre aux exigences des clients en termes de temps, de r\u00e9activit\u00e9 et de fiabilit\u00e9.\",\"breadcrumb\":{\"@id\":\"https:\/\/www.istegroup.com\/fr\/produit\/performance-de-la-supply-chain-et-modeles-devaluation\/#breadcrumb\"},\"inLanguage\":\"en-US\",\"potentialAction\":[{\"@type\":\"ReadAction\",\"target\":[\"https:\/\/www.istegroup.com\/fr\/produit\/performance-de-la-supply-chain-et-modeles-devaluation\/\"]}]},{\"@type\":\"ImageObject\",\"inLanguage\":\"en-US\",\"@id\":\"https:\/\/www.istegroup.com\/fr\/produit\/performance-de-la-supply-chain-et-modeles-devaluation\/#primaryimage\",\"url\":\"https:\/\/www.istegroup.com\/wp-content\/uploads\/2017\/07\/1085619812_382414352-1.jpg\",\"contentUrl\":\"https:\/\/www.istegroup.com\/wp-content\/uploads\/2017\/07\/1085619812_382414352-1.jpg\",\"width\":300,\"height\":451,\"caption\":\"Performance de la Supply Chain et mod\u00e8les d\u2019\u00e9valuation\"},{\"@type\":\"BreadcrumbList\",\"@id\":\"https:\/\/www.istegroup.com\/fr\/produit\/performance-de-la-supply-chain-et-modeles-devaluation\/#breadcrumb\",\"itemListElement\":[{\"@type\":\"ListItem\",\"position\":1,\"name\":\"Home\",\"item\":\"https:\/\/www.istegroup.com\/\"},{\"@type\":\"ListItem\",\"position\":2,\"name\":\"Shop\",\"item\":\"https:\/\/www.istegroup.com\/fr\/nouveautes\/\"},{\"@type\":\"ListItem\",\"position\":3,\"name\":\"Performance de la Supply Chain et mod\u00e8les d&rsquo;\u00e9valuation\"}]},{\"@type\":\"WebSite\",\"@id\":\"https:\/\/www.istegroup.com\/#website\",\"url\":\"https:\/\/www.istegroup.com\/\",\"name\":\"ISTE Group\",\"description\":\"Publishing Knowledge\",\"potentialAction\":[{\"@type\":\"SearchAction\",\"target\":{\"@type\":\"EntryPoint\",\"urlTemplate\":\"https:\/\/www.istegroup.com\/?s={search_term_string}\"},\"query-input\":{\"@type\":\"PropertyValueSpecification\",\"valueRequired\":true,\"valueName\":\"search_term_string\"}}],\"inLanguage\":\"en-US\"}]}<\/script>\n<!-- \/ Yoast SEO plugin. -->","yoast_head_json":{"title":"Performance de la Supply Chain et mod\u00e8les d'\u00e9valuation - ISTE Group","description":"Cet ouvrage pr\u00e9sente les diff\u00e9rents mod\u00e8les d\u2019\u00e9valuation de la performance de la Supply Chain globale. Il explique pourquoi il est n\u00e9cessaire d\u2019\u00e9valuer la contribution de la Supply Chain aux objectifs de cr\u00e9ation de valeur tout au long de la cha\u00eene logistique et pour r\u00e9pondre aux exigences des clients en termes de temps, de r\u00e9activit\u00e9 et de fiabilit\u00e9.","robots":{"index":"index","follow":"follow","max-snippet":"max-snippet:-1","max-image-preview":"max-image-preview:large","max-video-preview":"max-video-preview:-1"},"canonical":"https:\/\/www.istegroup.com\/fr\/produit\/performance-de-la-supply-chain-et-modeles-devaluation\/","og_locale":"en_US","og_type":"article","og_title":"Performance de la Supply Chain et mod\u00e8les d'\u00e9valuation - ISTE Group","og_description":"Cet ouvrage pr\u00e9sente les diff\u00e9rents mod\u00e8les d\u2019\u00e9valuation de la performance de la Supply Chain globale. Il explique pourquoi il est n\u00e9cessaire d\u2019\u00e9valuer la contribution de la Supply Chain aux objectifs de cr\u00e9ation de valeur tout au long de la cha\u00eene logistique et pour r\u00e9pondre aux exigences des clients en termes de temps, de r\u00e9activit\u00e9 et de fiabilit\u00e9.","og_url":"https:\/\/www.istegroup.com\/fr\/produit\/performance-de-la-supply-chain-et-modeles-devaluation\/","og_site_name":"ISTE Group","article_modified_time":"2024-01-03T13:40:35+00:00","og_image":[{"width":300,"height":451,"url":"https:\/\/www.istegroup.com\/wp-content\/uploads\/2017\/07\/1085619812_382414352-1.jpg","type":"image\/jpeg"}],"twitter_card":"summary_large_image","twitter_misc":{"Est. reading time":"1 minute"},"schema":{"@context":"https:\/\/schema.org","@graph":[{"@type":"WebPage","@id":"https:\/\/www.istegroup.com\/fr\/produit\/performance-de-la-supply-chain-et-modeles-devaluation\/","url":"https:\/\/www.istegroup.com\/fr\/produit\/performance-de-la-supply-chain-et-modeles-devaluation\/","name":"Performance de la Supply Chain et mod\u00e8les d'\u00e9valuation - ISTE Group","isPartOf":{"@id":"https:\/\/www.istegroup.com\/#website"},"primaryImageOfPage":{"@id":"https:\/\/www.istegroup.com\/fr\/produit\/performance-de-la-supply-chain-et-modeles-devaluation\/#primaryimage"},"image":{"@id":"https:\/\/www.istegroup.com\/fr\/produit\/performance-de-la-supply-chain-et-modeles-devaluation\/#primaryimage"},"thumbnailUrl":"https:\/\/www.istegroup.com\/wp-content\/uploads\/2017\/07\/1085619812_382414352-1.jpg","datePublished":"2017-07-28T13:01:54+00:00","dateModified":"2024-01-03T13:40:35+00:00","description":"Cet ouvrage pr\u00e9sente les diff\u00e9rents mod\u00e8les d\u2019\u00e9valuation de la performance de la Supply Chain globale. Il explique pourquoi il est n\u00e9cessaire d\u2019\u00e9valuer la contribution de la Supply Chain aux objectifs de cr\u00e9ation de valeur tout au long de la cha\u00eene logistique et pour r\u00e9pondre aux exigences des clients en termes de temps, de r\u00e9activit\u00e9 et de fiabilit\u00e9.","breadcrumb":{"@id":"https:\/\/www.istegroup.com\/fr\/produit\/performance-de-la-supply-chain-et-modeles-devaluation\/#breadcrumb"},"inLanguage":"en-US","potentialAction":[{"@type":"ReadAction","target":["https:\/\/www.istegroup.com\/fr\/produit\/performance-de-la-supply-chain-et-modeles-devaluation\/"]}]},{"@type":"ImageObject","inLanguage":"en-US","@id":"https:\/\/www.istegroup.com\/fr\/produit\/performance-de-la-supply-chain-et-modeles-devaluation\/#primaryimage","url":"https:\/\/www.istegroup.com\/wp-content\/uploads\/2017\/07\/1085619812_382414352-1.jpg","contentUrl":"https:\/\/www.istegroup.com\/wp-content\/uploads\/2017\/07\/1085619812_382414352-1.jpg","width":300,"height":451,"caption":"Performance de la Supply Chain et mod\u00e8les d\u2019\u00e9valuation"},{"@type":"BreadcrumbList","@id":"https:\/\/www.istegroup.com\/fr\/produit\/performance-de-la-supply-chain-et-modeles-devaluation\/#breadcrumb","itemListElement":[{"@type":"ListItem","position":1,"name":"Home","item":"https:\/\/www.istegroup.com\/"},{"@type":"ListItem","position":2,"name":"Shop","item":"https:\/\/www.istegroup.com\/fr\/nouveautes\/"},{"@type":"ListItem","position":3,"name":"Performance de la Supply Chain et mod\u00e8les d&rsquo;\u00e9valuation"}]},{"@type":"WebSite","@id":"https:\/\/www.istegroup.com\/#website","url":"https:\/\/www.istegroup.com\/","name":"ISTE Group","description":"Publishing Knowledge","potentialAction":[{"@type":"SearchAction","target":{"@type":"EntryPoint","urlTemplate":"https:\/\/www.istegroup.com\/?s={search_term_string}"},"query-input":{"@type":"PropertyValueSpecification","valueRequired":true,"valueName":"search_term_string"}}],"inLanguage":"en-US"}]}},"_links":{"self":[{"href":"https:\/\/www.istegroup.com\/en\/wp-json\/wp\/v2\/product\/551","targetHints":{"allow":["GET"]}}],"collection":[{"href":"https:\/\/www.istegroup.com\/en\/wp-json\/wp\/v2\/product"}],"about":[{"href":"https:\/\/www.istegroup.com\/en\/wp-json\/wp\/v2\/types\/product"}],"wp:featuredmedia":[{"embeddable":true,"href":"https:\/\/www.istegroup.com\/en\/wp-json\/wp\/v2\/media\/552"}],"wp:attachment":[{"href":"https:\/\/www.istegroup.com\/en\/wp-json\/wp\/v2\/media?parent=551"}],"wp:term":[{"taxonomy":"product_brand","embeddable":true,"href":"https:\/\/www.istegroup.com\/en\/wp-json\/wp\/v2\/product_brand?post=551"},{"taxonomy":"product_cat","embeddable":true,"href":"https:\/\/www.istegroup.com\/en\/wp-json\/wp\/v2\/product_cat?post=551"},{"taxonomy":"product_tag","embeddable":true,"href":"https:\/\/www.istegroup.com\/en\/wp-json\/wp\/v2\/product_tag?post=551"}],"curies":[{"name":"wp","href":"https:\/\/api.w.org\/{rel}","templated":true}]}}